{"id":1187,"date":"2025-05-07T08:49:55","date_gmt":"2025-05-07T08:49:55","guid":{"rendered":"https:\/\/hoteltivoli.it\/?page_id=1187"},"modified":"2025-06-04T07:38:22","modified_gmt":"2025-06-04T07:38:22","slug":"guenstiges-hotel-scuola-grande-di-san-rocco-venedig","status":"publish","type":"page","link":"https:\/\/hoteltivoli.it\/de\/guenstiges-hotel-scuola-grande-di-san-rocco-venedig\/","title":{"rendered":"Wo findet man ein g\u00fcnstiges Hotel in der N\u00e4he der Scuola Grande di San Rocco in Venedig?"},"content":{"rendered":"\n<p>Wenn Sie ein komfortables Hotel suchen, um die <em><strong>Scuola Grande di San Rocco<\/strong><\/em> in Venedig zu besuchen, ist das Hotel Tivoli die ideale L\u00f6sung. Weniger als drei Gehminuten von diesem Meisterwerk der Renaissance entfernt, bietet das Hotel einen angenehmen Aufenthalt im Herzen des Stadtteils <strong><em>Dorsoduro<\/em><\/strong>, nur wenige Schritte von der <a href=\"https:\/\/hoteltivoli.it\/de\/nahe-basilika-dei-frari-venedig-uebernachten\/\" data-type=\"link\" data-id=\"https:\/\/hoteltivoli.it\/de\/nahe-basilika-dei-frari-venedig-uebernachten\/\">Basilika dei Frari<\/a> entfernt. Dank seiner strategischen Lage, famili\u00e4ren F\u00fchrung und entspannten Atmosph\u00e4re ist das Hotel Tivoli perfekt f\u00fcr alle, die die k\u00fcnstlerischen Sch\u00e4tze der Lagunenstadt stressfrei und zu Fu\u00df entdecken m\u00f6chten.<\/p>\n\n\n\n<h2 class=\"wp-block-heading\">Ein venezianisches Meisterwerk direkt beim Hotel<\/h2>\n\n\n\n<p>Die <em>Scuola Grande di San Rocco<\/em> wird wegen ihrer au\u00dfergew\u00f6hnlichen Gem\u00e4ldezyklen von Jacopo Tintoretto als \u201e<strong>Sixtinische Kapelle Venedigs<\/strong>\u201c bezeichnet. Das Geb\u00e4ude, das im 15. Jahrhundert Sitz einer Laienbruderschaft wurde, ist heute eines der faszinierendsten Kunstmuseen der Stadt. Im Inneren finden sich Dutzende Werke von <strong>Tintoretto<\/strong>, verteilt auf das Erdgeschoss, den Kapitelsaal und den Sala dell\u2019Albergo. Jeder Raum ist mit mehrfarbigem Marmor, Stuckarbeiten und geschnitztem Holz verziert \u2013 ein intensives Kunsterlebnis im sp\u00e4tvenezianischen Stil.<\/p>\n\n\n\n<p>Wer in weniger als drei Minuten Entfernung \u00fcbernachtet, kann die Scuola bequem und zu unterschiedlichen Tageszeiten besuchen, um die Details bei verschiedenen Lichtverh\u00e4ltnissen zu bewundern.<\/p>\n\n\n\n<h2 class=\"wp-block-heading\">Hotel Tivoli: die ideale Lage f\u00fcr Kunstliebhaber<\/h2>\n\n\n\n<p>Das Hotel Tivoli befindet sich in der <strong><em>Crosera San Pantalon<\/em><\/strong>, einer kleinen, ruhigen und typisch venezianischen Gasse, die <strong>San Rocco mit dem <em>Campo Santa Margherita<\/em><\/strong> verbindet. Von hier aus erreicht man nicht nur die <em>Scuola Grande di San Rocco<\/em>, sondern auch andere ber\u00fchmte Sehensw\u00fcrdigkeiten wie die Basilika dei Frari, die <em>Accademia-Galerien<\/em>, die <em><a href=\"https:\/\/hoteltivoli.it\/de\/guenstiges-hotel-in-der-naehe-der-rialtobruecke\/\" data-type=\"link\" data-id=\"https:\/\/hoteltivoli.it\/de\/guenstiges-hotel-in-der-naehe-der-rialtobruecke\/\">Rialtobr\u00fccke<\/a><\/em> und den <a href=\"https:\/\/hoteltivoli.it\/de\/guenstiges-hotel-in-der-nahe-von-markusplatz\/\" data-type=\"link\" data-id=\"https:\/\/hoteltivoli.it\/de\/guenstiges-hotel-in-der-nahe-von-markusplatz\/\">Markusplatz<\/a> bequem zu Fu\u00df. Die <strong><a href=\"https:\/\/actv.avmspa.it\/en\" data-type=\"link\" data-id=\"https:\/\/actv.avmspa.it\/en\" rel=\"nofollow noopener\" target=\"_blank\">Vaporetto-Haltestelle San Tom\u00e0<\/a><\/strong> ist nur vier Minuten entfernt \u2013 ideal f\u00fcr Ausfl\u00fcge zu den Inseln oder zum Lido.<\/p>\n\n\n\n<p>Der Bahnhof Santa Lucia und der <em>Piazzale Roma<\/em> sind in weniger als zehn Gehminuten erreichbar \u2013 auch mit Gep\u00e4ck sehr praktisch.<\/p>\n\n\n\n<h2 class=\"wp-block-heading\">Ruhe und Komfort im Herzen der Stadt<\/h2>\n\n\n\n<p>Obwohl sich das Hotel in einem der kulturell lebendigsten Viertel von Venedig befindet, wird es f\u00fcr seine <strong><a href=\"https:\/\/hoteltivoli.it\/de\/ein-ruhiges-hotel-im-zentrum-von-venedig\/\" data-type=\"link\" data-id=\"https:\/\/hoteltivoli.it\/de\/ein-ruhiges-hotel-im-zentrum-von-venedig\/\">Ruhe<\/a><\/strong> gesch\u00e4tzt. Die <a href=\"https:\/\/hoteltivoli.it\/de\/zimmer\/\" data-type=\"link\" data-id=\"https:\/\/hoteltivoli.it\/de\/zimmer\/\">Zimmer<\/a> blicken auf eine ruhige Seitenstra\u00dfe oder den Innenhof und sind mit allem ausgestattet, was Sie f\u00fcr einen <strong>angenehmen Aufenthalt<\/strong> brauchen: Klimaanlage, eigenes Bad, schnelles und kostenloses WLAN, Haartrockner, Safe (in einigen Zimmern) und TV. Einige Zimmer verf\u00fcgen auch \u00fcber eine Minibar.<\/p>\n\n\n\n<p>Viele G\u00e4ste loben die Sauberkeit, die ruhige Lage bei Nacht und die entspannte Atmosph\u00e4re \u2013 besonders wichtig nach einem Tag voller Besichtigungen.<\/p>\n\n\n\n<h2 class=\"wp-block-heading\">Fr\u00fchst\u00fcck inklusive \u2013 auch im Freien<\/h2>\n\n\n\n<p>Jeden Morgen wird im Hotel ein <strong>reichhaltiges <a href=\"https:\/\/hoteltivoli.it\/de\/venedig-guenstiges-hotel-draussen-fruehstuecken\/\" data-type=\"link\" data-id=\"https:\/\/hoteltivoli.it\/de\/venedig-guenstiges-hotel-draussen-fruehstuecken\/\">Fr\u00fchst\u00fcck<\/a><\/strong> serviert, das im Aufenthalt inbegriffen ist. Das Buffet bietet s\u00fc\u00dfe und herzhafte Optionen: frische Croissants, Brot, Kuchen, Marmeladen, M\u00fcsli, Joghurt, Aufschnitt, K\u00e4se, S\u00e4fte und hei\u00dfe Getr\u00e4nke, die auf Wunsch frisch zubereitet werden. In den w\u00e4rmeren Monaten kann das Fr\u00fchst\u00fcck auch im <strong><a href=\"https:\/\/hoteltivoli.it\/de\/guenstiges-hotel-mit-innenhof-in-venedig\/\" data-type=\"link\" data-id=\"https:\/\/hoteltivoli.it\/de\/guenstiges-hotel-mit-innenhof-in-venedig\/\">Innenhof<\/a><\/strong> eingenommen werden \u2013 ein gr\u00fcnes Pl\u00e4tzchen mit Tischen im Freien, ideal f\u00fcr einen ruhigen Tagesbeginn.<\/p>\n\n\n\n<p>Viele G\u00e4ste beschreiben dieses Fr\u00fchst\u00fcckserlebnis als einen der angenehmsten Momente ihres Aufenthalts.<\/p>\n\n\n\n<h2 class=\"wp-block-heading\">Authentische Gastfreundschaft mit famili\u00e4rer F\u00fchrung<\/h2>\n\n\n\n<p>Das Hotel Tivoli ist <strong>seit drei Generationen in <a href=\"https:\/\/hoteltivoli.it\/de\/venedig-guenstiges-familiengefuehrtes-hotel\/\" data-type=\"link\" data-id=\"https:\/\/hoteltivoli.it\/de\/venedig-guenstiges-familiengefuehrtes-hotel\/\">Familienbesitz<\/a><\/strong>. Dies zeigt sich in der pers\u00f6nlichen Betreuung, der Hilfsbereitschaft des Personals und der herzlichen Atmosph\u00e4re. Das Team spricht mehrere Sprachen, darunter Englisch, Franz\u00f6sisch und Spanisch, und gibt gern Tipps f\u00fcr individuelle Routen, Restaurants und versteckte Ecken der Stadt.<\/p>\n\n\n\n<p>Ob Alleinreisende, Paare oder Freunde \u2013 das Hotel bietet die perfekte Balance zwischen Einfachheit und Aufmerksamkeit.<\/p>\n\n\n\n<h2 class=\"wp-block-heading\">Venedig zu Fu\u00df entdecken \u2013 von San Rocco aus<\/h2>\n\n\n\n<p>Ein Aufenthalt in der N\u00e4he der <em>Scuola Grande di San Rocco<\/em> bietet nicht nur kulturellen Zugang, sondern auch N\u00e4he zum <strong>authentischen Venedig<\/strong>. In wenigen Minuten erreicht man den <strong><em>Campo Santa Margherita<\/em><\/strong>, einen beliebten Treffpunkt der Einheimischen, das Universit\u00e4tsviertel rund um <em>Ca\u2019 Foscari <\/em>sowie einige der besten <strong><em>Osterie<\/em><\/strong> der Stadt.<\/p>\n\n\n\n<p>Abseits der touristischen Massen, aber nah an allem, ist das Hotel Tivoli der perfekte Ausgangspunkt, um Venedig <strong>ohne \u00f6ffentliche Verkehrsmittel<\/strong> zu erkunden.<\/p>\n\n\n\n<p><strong><a href=\"https:\/\/hoteltivoli.it\/de\/\" data-type=\"link\" data-id=\"https:\/\/hoteltivoli.it\/de\/\">Buchen Sie Ihren Aufenthalt direkt \u00fcber die offizielle Website des Hotel Tivoli<\/a>, um den besten garantierten Preis zu erhalten und Venedigs Kunst ganz in Ruhe zu genie\u00dfen.<\/strong><\/p>\n","protected":false},"excerpt":{"rendered":"<p>Wenn Sie ein komfortables Hotel suchen, um die Scuola Grande di San Rocco in Venedig zu besuchen, ist das Hotel Tivoli die ideale L\u00f6sung. Weniger als drei Gehminuten von diesem Meisterwerk der Renaissance entfernt, bietet das Hotel einen angenehmen Aufenthalt im Herzen des Stadtteils Dorsoduro, nur wenige Schritte von der Basilika dei Frari entfernt. Dank [&hellip;]<\/p>\n","protected":false},"author":1,"featured_media":1183,"parent":0,"menu_order":0,"comment_status":"closed","ping_status":"closed","template":"","meta":{"_acf_changed":false,"footnotes":""},"class_list":["post-1187","page","type-page","status-publish","has-post-thumbnail","hentry"],"acf":[],"_links":{"self":[{"href":"https:\/\/hoteltivoli.it\/de\/wp-json\/wp\/v2\/pages\/1187","targetHints":{"allow":["GET"]}}],"collection":[{"href":"https:\/\/hoteltivoli.it\/de\/wp-json\/wp\/v2\/pages"}],"about":[{"href":"https:\/\/hoteltivoli.it\/de\/wp-json\/wp\/v2\/types\/page"}],"author":[{"embeddable":true,"href":"https:\/\/hoteltivoli.it\/de\/wp-json\/wp\/v2\/users\/1"}],"replies":[{"embeddable":true,"href":"https:\/\/hoteltivoli.it\/de\/wp-json\/wp\/v2\/comments?post=1187"}],"version-history":[{"count":9,"href":"https:\/\/hoteltivoli.it\/de\/wp-json\/wp\/v2\/pages\/1187\/revisions"}],"predecessor-version":[{"id":2012,"href":"https:\/\/hoteltivoli.it\/de\/wp-json\/wp\/v2\/pages\/1187\/revisions\/2012"}],"wp:featuredmedia":[{"embeddable":true,"href":"https:\/\/hoteltivoli.it\/de\/wp-json\/wp\/v2\/media\/1183"}],"wp:attachment":[{"href":"https:\/\/hoteltivoli.it\/de\/wp-json\/wp\/v2\/media?parent=1187"}],"curies":[{"name":"wp","href":"https:\/\/api.w.org\/{rel}","templated":true}]}}