{"id":1254,"date":"2025-05-07T10:23:56","date_gmt":"2025-05-07T10:23:56","guid":{"rendered":"https:\/\/hoteltivoli.it\/hotel-tranquillo-economico-nel-centro-di-venezia\/"},"modified":"2025-05-12T09:46:36","modified_gmt":"2025-05-12T09:46:36","slug":"ein-ruhiges-hotel-im-zentrum-von-venedig","status":"publish","type":"page","link":"https:\/\/hoteltivoli.it\/de\/ein-ruhiges-hotel-im-zentrum-von-venedig\/","title":{"rendered":"Wo findet man ein ruhiges Hotel im Zentrum von Venedig?"},"content":{"rendered":"\n<p>Ein ruhiges Hotel im Herzen von Venedig zu finden, scheint eine Herausforderung zu sein \u2013 doch das Hotel Tivoli ist eine erfreuliche Ausnahme. Im Stadtteil <em><strong>Dorsoduro<\/strong><\/em> gelegen, nur wenige Schritte von der <a href=\"https:\/\/hoteltivoli.it\/de\/gunstiges-hotel-basilika-dei-frari-in-venedig\/\" data-type=\"link\" data-id=\"https:\/\/hoteltivoli.it\/de\/gunstiges-hotel-basilika-dei-frari-in-venedig\/\">Basilika dei Frari<\/a> und der <em><a href=\"https:\/\/hoteltivoli.it\/de\/guenstiges-hotel-scuola-grande-di-san-rocco-venedig\/\" data-type=\"link\" data-id=\"https:\/\/hoteltivoli.it\/de\/guenstiges-hotel-scuola-grande-di-san-rocco-venedig\/\">Scuola Grande di San Rocco<\/a><\/em> entfernt, ist dieses familiengef\u00fchrte Zwei-Sterne-Hotel f\u00fcr seine zentrale Lage und gleichzeitig f\u00fcr seine ruhige und entspannte Atmosph\u00e4re bekannt. Ideal f\u00fcr alle, die nach einem Tag voller Spazierg\u00e4nge durch Gassen und entlang der Kan\u00e4le gut schlafen m\u00f6chten \u2013 das Tivoli ist die perfekte Wahl f\u00fcr alle, die Ruhe suchen, ohne auf Komfort zu verzichten.<\/p>\n\n\n\n<h2 class=\"wp-block-heading\">Ruhiges Hotel: eine Oase der Ruhe im Herzen der Stadt<\/h2>\n\n\n\n<p>Viele Besucher sind \u00fcberrascht, in so zentraler Lage ein so ruhiges Hotel zu finden. Das Hotel Tivoli liegt an einer <strong>wenig belebten Seitengasse<\/strong> und verf\u00fcgt \u00fcber einen <strong><a href=\"https:\/\/hoteltivoli.it\/de\/guenstiges-hotel-mit-innenhof-in-venedig\/\" data-type=\"link\" data-id=\"https:\/\/hoteltivoli.it\/de\/guenstiges-hotel-mit-innenhof-in-venedig\/\">Innenhof<\/a><\/strong>, in dem man fr\u00fchst\u00fccken, lesen oder sich einfach fernab des Touristentrubels entspannen kann. Diese Besonderheit macht das Hotel besonders attraktiv f\u00fcr Paare, Familien und ruhesuchende Reisende.<\/p>\n\n\n\n<p>Bewertungen aus aller Welt heben hervor, dass das Hotel trotz der N\u00e4he zu den beliebtesten Sehensw\u00fcrdigkeiten <strong>ruhige N\u00e4chte<\/strong> und einen ungest\u00f6rten Start in den Tag erm\u00f6glicht \u2013 nicht zuletzt dank der guten Schalld\u00e4mmung der Zimmer.<\/p>\n\n\n\n<h2 class=\"wp-block-heading\">Die Lage: zentral, aber fernab vom Trubel<\/h2>\n\n\n\n<p>Das Hotel Tivoli befindet sich in <strong>strategisch g\u00fcnstiger, aber abgeschiedener Lage<\/strong>, weniger als zehn Gehminuten vom Bahnhof Santa Lucia und vom <em>Piazzale Roma<\/em> entfernt, und nur wenige Minuten von den <strong><a href=\"https:\/\/actv.avmspa.it\/en\" data-type=\"link\" data-id=\"https:\/\/actv.avmspa.it\/en\" rel=\"nofollow noopener\" target=\"_blank\">Vaporetto<\/a>-Haltestellen<em> San Tom\u00e0<\/em> und <em>Riva di Biasio<\/em><\/strong>. In weniger als 15 Minuten zu Fu\u00df erreicht man die Rialtobr\u00fccke, den Campo Santa Margherita und die <em>Accademia-Galerien<\/em>. Auch der <a href=\"https:\/\/hoteltivoli.it\/de\/guenstiges-hotel-in-der-nahe-von-markusplatz\/\" data-type=\"link\" data-id=\"https:\/\/hoteltivoli.it\/de\/guenstiges-hotel-in-der-nahe-von-markusplatz\/\">Markusplatz<\/a> ist bequem zu erreichen \u2013 auf einem Spaziergang durch einige der sch\u00f6nsten Viertel Venedigs.<\/p>\n\n\n\n<p>Sobald man jedoch das Tivoli betritt, l\u00e4sst man den Trubel der Stadt hinter sich und taucht ein in einen <strong>ruhigen, gepflegten Ort<\/strong>, der mit Liebe zum Detail gef\u00fchrt wird.<\/p>\n\n\n\n<h2 class=\"wp-block-heading\">Ein ruhiges Hotel: einfache, komfortable und ruhige Zimmer<\/h2>\n\n\n\n<p>Die <strong>22 <a href=\"https:\/\/hoteltivoli.it\/de\/zimmer\/\" data-type=\"link\" data-id=\"https:\/\/hoteltivoli.it\/de\/zimmer\/\">Zimmer<\/a><\/strong> des Hotels sind funktional und schlicht eingerichtet und bieten alles, was man f\u00fcr einen angenehmen Aufenthalt ben\u00f6tigt: eigenes Bad, Klimaanlage, TV, kostenloses WLAN und \u2013 in einigen Zimmern \u2013 Safe und Minibar. Besonders ruhig sind die Zimmer mit Blick auf den Innenhof \u2013 ideal f\u00fcr G\u00e4ste mit leichtem Schlaf oder alle, die Privatsph\u00e4re sch\u00e4tzen.<\/p>\n\n\n\n<p>G\u00e4ste loben in ihren Bewertungen oft die <strong>makellose Sauberkeit<\/strong>, die Bequemlichkeit der Betten und vor allem die <strong>n\u00e4chtliche Ruhe<\/strong>, die in Venedig als echter Luxus gilt.<\/p>\n\n\n\n<h2 class=\"wp-block-heading\">Famili\u00e4re und diskrete Gastfreundschaft<\/h2>\n\n\n\n<p>Seit 1955 wird das Hotel Tivoli von derselben <a href=\"https:\/\/hoteltivoli.it\/de\/venedig-guenstiges-familiengefuehrtes-hotel\/\" data-type=\"link\" data-id=\"https:\/\/hoteltivoli.it\/de\/venedig-guenstiges-familiengefuehrtes-hotel\/\">Familie<\/a> gef\u00fchrt. Dies zeigt sich in der <strong>herzlichen, aber unaufdringlichen Atmosph\u00e4re<\/strong>. Das Team ist hilfsbereit, aufmerksam und gibt gerne praktische Tipps f\u00fcr Besichtigungen in Venedig \u2013 inklusive Empfehlungen f\u00fcr weniger touristische, authentische Orte.<\/p>\n\n\n\n<p>Die <strong>Freundlichkeit des Personals<\/strong> wird in vielen Bewertungen hervorgehoben: \u201ezuvorkommend, aber nie aufdringlich\u201c, \u201ediskret und immer hilfsbereit\u201c, \u201eehrliche, aufmerksame Gastfreundschaft\u201c.<\/p>\n\n\n\n<h2 class=\"wp-block-heading\">Entspannt fr\u00fchst\u00fccken \u2013 auch im Freien<\/h2>\n\n\n\n<p>Der Tag beginnt mit einem <strong><a href=\"https:\/\/hoteltivoli.it\/de\/venedig-guenstiges-hotel-draussen-fruehstuecken\/\" data-type=\"link\" data-id=\"https:\/\/hoteltivoli.it\/de\/venedig-guenstiges-hotel-draussen-fruehstuecken\/\">Fr\u00fchst\u00fccksbuffet<\/a><\/strong>, das entweder im Fr\u00fchst\u00fccksraum oder \u2013 bei sch\u00f6nem Wetter \u2013 <strong>im schattigen Innenhof<\/strong> serviert wird. Frische Croissants, Brot, Butter, Marmeladen, Kuchen, M\u00fcsli, Joghurt, S\u00e4fte, Aufschnitt, K\u00e4se und frisch zubereitete Hei\u00dfgetr\u00e4nke sorgen f\u00fcr einen angenehmen Start in den Tag.<\/p>\n\n\n\n<p>Das Fr\u00fchst\u00fcck im Freien, in einer ruhigen und gr\u00fcnen Umgebung, verst\u00e4rkt das Gef\u00fchl von <strong>Erholung und Wohlbefinden<\/strong>, das den gesamten Aufenthalt im Tivoli begleitet.<\/p>\n\n\n\n<h2 class=\"wp-block-heading\">F\u00fcr wen ist das Hotel Tivoli geeignet?<\/h2>\n\n\n\n<p>Dank seiner ruhigen Atmosph\u00e4re und seiner zentralen, aber abgeschiedenen Lage eignet sich das Hotel Tivoli besonders f\u00fcr:<\/p>\n\n\n\n<ul class=\"wp-block-list\">\n<li><strong><a href=\"https:\/\/hoteltivoli.it\/de\/guenstigeshotelromantische-auszeitvenedig\/\" data-type=\"link\" data-id=\"https:\/\/hoteltivoli.it\/de\/guenstigeshotelromantische-auszeitvenedig\/\">Paare<\/a>, die Privatsph\u00e4re suchen<\/strong><\/li>\n\n\n\n<li><strong>Alleinreisende, die Sicherheit und Ruhe sch\u00e4tzen<\/strong><\/li>\n\n\n\n<li><strong><a href=\"https:\/\/hoteltivoli.it\/de\/hotel-fur-familien-in-venedig\/\" data-type=\"link\" data-id=\"https:\/\/hoteltivoli.it\/de\/hotel-fur-familien-in-venedig\/\">Familien<\/a> mit kleinen Kindern<\/strong><\/li>\n\n\n\n<li><strong>L\u00e4rmempfindliche G\u00e4ste<\/strong><\/li>\n\n\n\n<li><strong>Reisende, die Venedig zu Fu\u00df erkunden und abends entspannen m\u00f6chten<\/strong><\/li>\n<\/ul>\n\n\n\n<p>Auch f\u00fcr l\u00e4ngere Aufenthalte ist das Hotel bestens geeignet \u2013 dank seiner gem\u00fctlichen Atmosph\u00e4re und dem pers\u00f6nlichen Service.<\/p>\n\n\n\n<h2 class=\"wp-block-heading\">Nah an allem, fern vom L\u00e4rm<\/h2>\n\n\n\n<p>Einer der gr\u00f6\u00dften Pluspunkte des Hotels Tivoli ist seine seltene Balance: <strong>Mitten im Herzen Venedigs<\/strong>, ganz nah an den wichtigsten Sehensw\u00fcrdigkeiten \u2013 und dennoch <strong>fernab von L\u00e4rm und Menschenmengen<\/strong>. Eine ideale L\u00f6sung f\u00fcr alle, die die Stadt in ihrem eigenen Tempo genie\u00dfen m\u00f6chten \u2013 ohne Hektik, ganz in ihre Sch\u00f6nheit eingetaucht, aber abgeschirmt vom rasenden Rhythmus.<\/p>\n\n\n\n<p><strong><a href=\"https:\/\/hoteltivoli.it\/de\/\" data-type=\"link\" data-id=\"https:\/\/hoteltivoli.it\/de\/\">Buchen Sie Ihren Aufenthalt direkt \u00fcber die offizielle Website des Hotel Tivoli<\/a>, um den besten garantierten Preis zu erhalten und das ruhigste und authentischste Venedig zu erleben.<\/strong><\/p>\n","protected":false},"excerpt":{"rendered":"<p>Ein ruhiges Hotel im Herzen von Venedig zu finden, scheint eine Herausforderung zu sein \u2013 doch das Hotel Tivoli ist eine erfreuliche Ausnahme. Im Stadtteil Dorsoduro gelegen, nur wenige Schritte von der Basilika dei Frari und der Scuola Grande di San Rocco entfernt, ist dieses familiengef\u00fchrte Zwei-Sterne-Hotel f\u00fcr seine zentrale Lage und gleichzeitig f\u00fcr seine [&hellip;]<\/p>\n","protected":false},"author":1,"featured_media":1249,"parent":0,"menu_order":0,"comment_status":"closed","ping_status":"closed","template":"","meta":{"_acf_changed":false,"footnotes":""},"class_list":["post-1254","page","type-page","status-publish","has-post-thumbnail","hentry"],"acf":[],"_links":{"self":[{"href":"https:\/\/hoteltivoli.it\/de\/wp-json\/wp\/v2\/pages\/1254","targetHints":{"allow":["GET"]}}],"collection":[{"href":"https:\/\/hoteltivoli.it\/de\/wp-json\/wp\/v2\/pages"}],"about":[{"href":"https:\/\/hoteltivoli.it\/de\/wp-json\/wp\/v2\/types\/page"}],"author":[{"embeddable":true,"href":"https:\/\/hoteltivoli.it\/de\/wp-json\/wp\/v2\/users\/1"}],"replies":[{"embeddable":true,"href":"https:\/\/hoteltivoli.it\/de\/wp-json\/wp\/v2\/comments?post=1254"}],"version-history":[{"count":4,"href":"https:\/\/hoteltivoli.it\/de\/wp-json\/wp\/v2\/pages\/1254\/revisions"}],"predecessor-version":[{"id":1689,"href":"https:\/\/hoteltivoli.it\/de\/wp-json\/wp\/v2\/pages\/1254\/revisions\/1689"}],"wp:featuredmedia":[{"embeddable":true,"href":"https:\/\/hoteltivoli.it\/de\/wp-json\/wp\/v2\/media\/1249"}],"wp:attachment":[{"href":"https:\/\/hoteltivoli.it\/de\/wp-json\/wp\/v2\/media?parent=1254"}],"curies":[{"name":"wp","href":"https:\/\/api.w.org\/{rel}","templated":true}]}}