{"id":1280,"date":"2025-05-07T12:07:43","date_gmt":"2025-05-07T12:07:43","guid":{"rendered":"https:\/\/hoteltivoli.it\/?page_id=1280"},"modified":"2025-05-12T10:41:17","modified_gmt":"2025-05-12T10:41:17","slug":"guenstiges-hotel-bahnhof-venezia-santa-lucia","status":"publish","type":"page","link":"https:\/\/hoteltivoli.it\/de\/guenstiges-hotel-bahnhof-venezia-santa-lucia\/","title":{"rendered":"Wo findet man ein g\u00fcnstiges Hotel in der N\u00e4he des Bahnhofs Venezia Santa Lucia in Venedig?"},"content":{"rendered":"\n<p>Wenn Sie mit dem Zug in Venedig ankommen und die Stadt zu Fu\u00df entdecken m\u00f6chten, ist es nicht einfach, ein Hotel in der N\u00e4he des Bahnhofs Venezia Santa Lucia zu finden, das gleichzeitig ruhig und zentral liegt. Das Hotel Tivoli ist eine <strong>strategisch g\u00fcnstige Wahl<\/strong>: Es befindet sich <strong>weniger als 10 Gehminuten<\/strong> vom Bahnhof entfernt, in einem <a href=\"https:\/\/hoteltivoli.it\/de\/ein-ruhiges-hotel-im-zentrum-von-venedig\/\" data-type=\"link\" data-id=\"https:\/\/hoteltivoli.it\/de\/ein-ruhiges-hotel-im-zentrum-von-venedig\/\">ruhigen<\/a> und zentralen Viertel im Sestiere <strong><em>Dorsoduro<\/em><\/strong>. Von hier aus erreichen Sie bequem alle wichtigen Sehensw\u00fcrdigkeiten der Stadt \u2013 ganz ohne \u00f6ffentliche Verkehrsmittel. Eine perfekte Kombination aus praktischer Lage und venezianischem Charme.<\/p>\n\n\n\n<h2 class=\"wp-block-heading\">Nur wenige Schritte vom Bahnhof Santa Lucia entfernt \u2013 ohne Trubel<\/h2>\n\n\n\n<p>Der Bahnhof Santa Lucia ist der wichtigste Ankunftspunkt f\u00fcr Bahnreisende in Venedig. Doch die unmittelbare Umgebung ist oft \u00fcberf\u00fcllt und hektisch. Das Hotel Tivoli liegt zwar in Gehweite, befindet sich aber <strong>in einer ruhigen Seitenstra\u00dfe<\/strong>, fernab des touristischen Trubels der Strada Nova oder der Lista di Spagna.<\/p>\n\n\n\n<p>Der Weg zum Hotel ist unkompliziert: weniger als zehn Minuten zu Fu\u00df und nur zwei kleine Br\u00fccken, auch mit Gep\u00e4ck problemlos machbar. Deshalb wird das Hotel besonders von Familien, Paaren und Alleinreisenden gesch\u00e4tzt, die <strong>Stress bei der An- und Abreise vermeiden<\/strong> und vom ersten Moment an die Sch\u00f6nheit Venedigs genie\u00dfen m\u00f6chten.<\/p>\n\n\n\n<h2 class=\"wp-block-heading\">Perfekt, um die Stadt zu Fu\u00df zu erkunden<\/h2>\n\n\n\n<p>Nach dem Einchecken k\u00f6nnen Sie direkt zu Fu\u00df auf Entdeckungstour gehen: die <strong>Rialtobr\u00fccke<\/strong> ist etwa 12 Minuten entfernt, der <strong><em>Campo Santa Margherita<\/em><\/strong> nur 5 Minuten, zur<strong> <a href=\"https:\/\/hoteltivoli.it\/de\/guenstiges-hotel-basilika-dei-frari-in-venedig\/\" data-type=\"link\" data-id=\"https:\/\/hoteltivoli.it\/de\/guenstiges-hotel-basilika-dei-frari-in-venedig\/\">Basilika dei Frari<\/a><\/strong> und <em><a href=\"https:\/\/hoteltivoli.it\/de\/guenstiges-hotel-scuola-grande-di-san-rocco-venedig\/\" data-type=\"link\" data-id=\"https:\/\/hoteltivoli.it\/de\/guenstiges-hotel-scuola-grande-di-san-rocco-venedig\/\">Scuola Grande di San Rocco<\/a><\/em> sind es weniger als 3 Minuten. Auch der <strong><a href=\"https:\/\/hoteltivoli.it\/de\/guenstiges-hotel-in-der-nahe-von-markusplatz\/\" data-type=\"link\" data-id=\"https:\/\/hoteltivoli.it\/de\/guenstiges-hotel-in-der-nahe-von-markusplatz\/\">Markusplatz<\/a><\/strong> ist \u00fcber einen etwa 20-min\u00fctigen Spaziergang durch einige der sch\u00f6nsten Gassen Venedigs erreichbar.<\/p>\n\n\n\n<p>Die Gegend ist zudem gut an den \u00f6ffentlichen Nahverkehr angebunden: die <a href=\"https:\/\/actv.avmspa.it\/en\" data-type=\"link\" data-id=\"https:\/\/actv.avmspa.it\/en\" rel=\"nofollow noopener\" target=\"_blank\"><em>Vaporetto<\/em><\/a>-Haltestelle <strong><em>San Tom\u00e0<\/em><\/strong> liegt nur 4 Gehminuten entfernt \u2013 ideal f\u00fcr Ausfl\u00fcge nach Murano, Burano oder zum Lido. Aber der wahre Vorteil des Hotels Tivoli ist, dass Sie <strong>keine Verkehrsmittel brauchen<\/strong>: Alles ist bequem zu Fu\u00df erreichbar, in Ihrem eigenen Tempo.<\/p>\n\n\n\n<h2 class=\"wp-block-heading\">Ein idealer Ausgangspunkt f\u00fcr jeden Reiseplan<\/h2>\n\n\n\n<p>Dank seiner Lage k\u00f6nnen Sie vom Hotel Tivoli aus sowohl <strong>die bekanntesten Sehensw\u00fcrdigkeiten als auch die authentischeren Viertel<\/strong> Venedigs bequem erreichen. Ob Museen, versteckte Kirchen oder einfach ein gem\u00fctlicher Spaziergang durch Gassen und entlang der Kan\u00e4le \u2013 Sie befinden sich im richtigen Viertel. In der N\u00e4he befinden sich zudem die Universit\u00e4t <em>Ca\u2019 Foscari<\/em> und das studentisch gepr\u00e4gte Viertel mit <strong>lokalen Restaurants und traditionellen Weinbars<\/strong> \u2013 lebendig, aber nicht \u00fcberf\u00fcllt.<\/p>\n\n\n\n<p>F\u00fcr Bahnreisende eignet sich das Hotel auch hervorragend als Ausgangspunkt f\u00fcr Tagesausfl\u00fcge: Padua, Vicenza, Verona oder Treviso sind alle in weniger als einer Stunde erreichbar.<\/p>\n\n\n\n<h2 class=\"wp-block-heading\">Ein ruhiges Hotel zum Abschalten<\/h2>\n\n\n\n<p>Nach einem ganzen Tag zu Fu\u00df durch Venedig ist Ruhe besonders wichtig. Trotz der N\u00e4he zum Bahnhof und zur Altstadt bietet das Hotel Tivoli <strong>ruhige, gut isolierte Zimmer<\/strong>. Das Geb\u00e4ude liegt an einer wenig belebten Gasse und verf\u00fcgt \u00fcber einen Innenhof, der erholsame N\u00e4chte garantiert.<\/p>\n\n\n\n<p>Die <strong><a href=\"https:\/\/hoteltivoli.it\/de\/zimmer\/\" data-type=\"link\" data-id=\"https:\/\/hoteltivoli.it\/de\/zimmer\/\">Zimmer<\/a><\/strong> sind einfach, aber funktional eingerichtet und verf\u00fcgen \u00fcber Klimaanlage, eigenes Bad, kostenloses WLAN, TV und \u2013 je nach Kategorie \u2013 Safe und Minibar. <strong>Sauberkeit und Komfort<\/strong> z\u00e4hlen laut G\u00e4stebewertungen zu den gr\u00f6\u00dften Pluspunkten.<\/p>\n\n\n\n<h2 class=\"wp-block-heading\">Fr\u00fchst\u00fcck inklusive \u2013 auch im Freien<\/h2>\n\n\n\n<p>Jeden Morgen wird im Hotel ein <strong>umfangreiches <a href=\"https:\/\/hoteltivoli.it\/de\/venedig-guenstiges-hotel-draussen-fruehstuecken\/\" data-type=\"link\" data-id=\"https:\/\/hoteltivoli.it\/de\/venedig-guenstiges-hotel-draussen-fruehstuecken\/\">Fr\u00fchst\u00fccksbuffet<\/a><\/strong> serviert, das im Preis inbegriffen ist. Angeboten werden frisches Brot, Croissants, Butter, Marmeladen, Joghurt, M\u00fcsli, S\u00e4fte, Aufschnitt, K\u00e4se und frisch zubereitete Hei\u00dfgetr\u00e4nke. Bei sch\u00f6nem Wetter kann das Fr\u00fchst\u00fcck auch <strong>im ruhigen <a href=\"https:\/\/hoteltivoli.it\/de\/guenstiges-hotel-mit-innenhof-in-venedig\/\" data-type=\"link\" data-id=\"https:\/\/hoteltivoli.it\/de\/guenstiges-hotel-mit-innenhof-in-venedig\/\">Innenhof<\/a><\/strong> genossen werden \u2013 ein gr\u00fcner Ort der Entspannung im Herzen der Stadt.<\/p>\n\n\n\n<p>So beginnt der Tag ganz entspannt, fernab der Menschenmengen und in genau dem richtigen Tempo, um Venedig zu entdecken.<\/p>\n\n\n\n<h2 class=\"wp-block-heading\">Famili\u00e4re Gastfreundschaft seit 1955<\/h2>\n\n\n\n<p>Seit \u00fcber 60 Jahren wird das Hotel Tivoli <strong>von derselben <a href=\"https:\/\/hoteltivoli.it\/de\/venedig-guenstiges-familiengefuehrtes-hotel\/\" data-type=\"link\" data-id=\"https:\/\/hoteltivoli.it\/de\/venedig-guenstiges-familiengefuehrtes-hotel\/\">Familie<\/a> gef\u00fchrt<\/strong>, die jeden Gast mit <strong>Herzlichkeit und Aufmerksamkeit<\/strong> empf\u00e4ngt. Das Personal spricht mehrere Sprachen (Englisch, Franz\u00f6sisch, Spanisch) und gibt gerne individuelle Tipps f\u00fcr Sehensw\u00fcrdigkeiten, Restaurants oder Spazierg\u00e4nge durch die Stadt.<\/p>\n\n\n\n<p>Viele Erstg\u00e4ste kommen wieder \u2013 nicht zuletzt wegen der <strong>ehrlichen und entspannten Atmosph\u00e4re<\/strong>, die das Tivoli von gr\u00f6\u00dferen, unpers\u00f6nlichen Hotels unterscheidet.<\/p>\n\n\n\n<h2 class=\"wp-block-heading\">Bahnhof Santa Lucia: die perfekte Balance zwischen Komfort und Authentizit\u00e4t<\/h2>\n\n\n\n<p>Wer sich f\u00fcr das Hotel Tivoli entscheidet, genie\u00dft eine Lage, die <strong>ideal f\u00fcr Bahnreisende<\/strong> ist \u2013 ohne auf das authentische Venedig verzichten zu m\u00fcssen. Kein Warten auf den Vaporetto, kein Stress beim Check-in: einfach zwei Br\u00fccken \u00fcberqueren \u2013 und Sie sind angekommen. Ein einfacher, ruhiger und gepflegter Ort als Ausgangspunkt f\u00fcr Ihre Stadterkundung.<\/p>\n\n\n\n<p><strong><a href=\"https:\/\/hoteltivoli.it\/de\/\" data-type=\"link\" data-id=\"https:\/\/hoteltivoli.it\/de\/\">Buchen Sie Ihren Aufenthalt direkt auf der offiziellen Website<\/a> des Hotel Tivoli und sichern Sie sich den besten garantierten Preis, um Venedig zu Fu\u00df zu entdecken.<\/strong><\/p>\n","protected":false},"excerpt":{"rendered":"<p>Wenn Sie mit dem Zug in Venedig ankommen und die Stadt zu Fu\u00df entdecken m\u00f6chten, ist es nicht einfach, ein Hotel in der N\u00e4he des Bahnhofs Venezia Santa Lucia zu finden, das gleichzeitig ruhig und zentral liegt. Das Hotel Tivoli ist eine strategisch g\u00fcnstige Wahl: Es befindet sich weniger als 10 Gehminuten vom Bahnhof entfernt, [&hellip;]<\/p>\n","protected":false},"author":1,"featured_media":1273,"parent":0,"menu_order":0,"comment_status":"closed","ping_status":"closed","template":"","meta":{"_acf_changed":false,"footnotes":""},"class_list":["post-1280","page","type-page","status-publish","has-post-thumbnail","hentry"],"acf":[],"_links":{"self":[{"href":"https:\/\/hoteltivoli.it\/de\/wp-json\/wp\/v2\/pages\/1280","targetHints":{"allow":["GET"]}}],"collection":[{"href":"https:\/\/hoteltivoli.it\/de\/wp-json\/wp\/v2\/pages"}],"about":[{"href":"https:\/\/hoteltivoli.it\/de\/wp-json\/wp\/v2\/types\/page"}],"author":[{"embeddable":true,"href":"https:\/\/hoteltivoli.it\/de\/wp-json\/wp\/v2\/users\/1"}],"replies":[{"embeddable":true,"href":"https:\/\/hoteltivoli.it\/de\/wp-json\/wp\/v2\/comments?post=1280"}],"version-history":[{"count":6,"href":"https:\/\/hoteltivoli.it\/de\/wp-json\/wp\/v2\/pages\/1280\/revisions"}],"predecessor-version":[{"id":1700,"href":"https:\/\/hoteltivoli.it\/de\/wp-json\/wp\/v2\/pages\/1280\/revisions\/1700"}],"wp:featuredmedia":[{"embeddable":true,"href":"https:\/\/hoteltivoli.it\/de\/wp-json\/wp\/v2\/media\/1273"}],"wp:attachment":[{"href":"https:\/\/hoteltivoli.it\/de\/wp-json\/wp\/v2\/media?parent=1280"}],"curies":[{"name":"wp","href":"https:\/\/api.w.org\/{rel}","templated":true}]}}