{"id":1381,"date":"2025-05-08T09:43:31","date_gmt":"2025-05-08T09:43:31","guid":{"rendered":"https:\/\/hoteltivoli.it\/?page_id=1381"},"modified":"2025-05-12T10:24:33","modified_gmt":"2025-05-12T10:24:33","slug":"guenstiges-hotel-mit-innenhof-in-venedig","status":"publish","type":"page","link":"https:\/\/hoteltivoli.it\/de\/guenstiges-hotel-mit-innenhof-in-venedig\/","title":{"rendered":"Wo findet man ein g\u00fcnstiges Hotel mit Innenhof in Venedig?"},"content":{"rendered":"\n<p>Wer Venedig besucht, sucht oft einen ruhigen R\u00fcckzugsort nach einem intensiven Tag voller Gassen, Museen und Br\u00fccken. In einer Stadt, die so lebendig und faszinierend ist, macht ein <strong><a href=\"https:\/\/hoteltivoli.it\/de\/ein-ruhiges-hotel-im-zentrum-von-venedig\/\" data-type=\"link\" data-id=\"https:\/\/hoteltivoli.it\/de\/ein-ruhiges-hotel-im-zentrum-von-venedig\/\">ruhiger<\/a> Innenhof<\/strong>, in dem man morgens fr\u00fchst\u00fccken oder abends entspannen kann, den Unterschied. Wenn Sie ein Hotel in Venedig mit diesen Eigenschaften suchen, ist das <strong>Hotel Tivoli<\/strong> die ideale Wahl: eine Oase der Ruhe im Herzen der Altstadt.<\/p>\n\n\n\n<h2 class=\"wp-block-heading\">Ein privater Innenhof im Herzen Venedigs<\/h2>\n\n\n\n<p>Das Hotel Tivoli befindet sich in <strong>strategisch g\u00fcnstiger Lage im Stadtteil <em>Dorsoduro<\/em><\/strong>, nur wenige Gehminuten vom Bahnhof Santa Lucia entfernt und nahe beim <em>Campo Santa Margherita<\/em>, der <a href=\"https:\/\/hoteltivoli.it\/de\/guenstiges-hotel-basilika-dei-frari-in-venedig\/\" data-type=\"link\" data-id=\"https:\/\/hoteltivoli.it\/de\/guenstiges-hotel-basilika-dei-frari-in-venedig\/\">Basilika dei Frari<\/a>, der <em><a href=\"https:\/\/hoteltivoli.it\/de\/guenstiges-hotel-scuola-grande-di-san-rocco-venedig\/\" data-type=\"link\" data-id=\"https:\/\/hoteltivoli.it\/de\/guenstiges-hotel-scuola-grande-di-san-rocco-venedig\/\">Scuola Grande di San Rocco<\/a><\/em> und der <em><a href=\"https:\/\/actv.avmspa.it\/en\" data-type=\"link\" data-id=\"https:\/\/actv.avmspa.it\/en\" rel=\"nofollow noopener\" target=\"_blank\">Vaporetto<\/a><\/em>-Haltestelle <em>San Tom\u00e0<\/em>. Trotz dieser zentralen Lage bietet das Hotel <strong>eine abgeschirmte und ruhige Atmosph\u00e4re<\/strong>, dank seines <strong>gr\u00fcnen und privaten Innenhofs<\/strong>, umgeben von den Mauern venezianischer Geb\u00e4ude.<\/p>\n\n\n\n<p>Hier k\u00f6nnen G\u00e4ste fr\u00fchst\u00fccken, ein Buch lesen, am Laptop arbeiten oder einfach entspannen \u2013 umgeben von Stille und nat\u00fcrlichem Licht. Ein echter Luxus in einer Stadt, in der Au\u00dfenbereiche oft Mangelware sind.<\/p>\n\n\n\n<h2 class=\"wp-block-heading\">Fr\u00fchst\u00fcck im Freien, zwischen Pflanzen und Ruhe<\/h2>\n\n\n\n<p>Der Innenhof des Hotel Tivoli dient nicht nur der Dekoration: <strong>in der warmen Jahreszeit<\/strong> wird hier auch das <strong>im Aufenthalt inbegriffene <a href=\"https:\/\/hoteltivoli.it\/de\/venedig-guenstiges-hotel-draussen-fruehstuecken\/\" data-type=\"link\" data-id=\"https:\/\/hoteltivoli.it\/de\/venedig-guenstiges-hotel-draussen-fruehstuecken\/\">Fr\u00fchst\u00fccksbuffet<\/a><\/strong> serviert. Die Tische stehen zwischen Sonnenschirmen und Blumenk\u00fcbeln und schaffen eine einladende und ungezwungene Atmosph\u00e4re. Leichter Schatten und Vogelgezwitscher begleiten den Start in den Tag.<\/p>\n\n\n\n<p>Das Buffet bietet t\u00e4glich eine Auswahl an s\u00fc\u00dfen und herzhaften Speisen: Croissants, Brot, Kuchen, Marmeladen, Joghurt, M\u00fcsli, Aufschnitt, K\u00e4se, S\u00e4fte und frisch zubereitete Hei\u00dfgetr\u00e4nke.<\/p>\n\n\n\n<p>Viele G\u00e4ste beschreiben diesen Moment als <strong>einen der angenehmsten und entspannendsten des Aufenthalts<\/strong>, der schnell zum morgendlichen Ritual wird.<\/p>\n\n\n\n<h2 class=\"wp-block-heading\">Famili\u00e4re und herzliche Atmosph\u00e4re<\/h2>\n\n\n\n<p>Neben dem Innenhof ist das Hotel Tivoli auch f\u00fcr seine <strong>famili\u00e4re <a href=\"https:\/\/hoteltivoli.it\/de\/venedig-guenstiges-familiengefuehrtes-hotel\/\" data-type=\"link\" data-id=\"https:\/\/hoteltivoli.it\/de\/venedig-guenstiges-familiengefuehrtes-hotel\/\">Gastfreundschaft<\/a><\/strong> bekannt. Seit 1955 hei\u00dft dieselbe Familie G\u00e4ste aus Italien und aller Welt willkommen. Die Atmosph\u00e4re im Hotel ist einfach, aber authentisch \u2013 perfekt f\u00fcr alle, die <strong>ein ungezwungenes und ruhiges Umfeld<\/strong> suchen, fernab vom Trubel gro\u00dfer Hotels.<\/p>\n\n\n\n<p>Das Personal steht jederzeit bereit, um Tipps zu Spazierg\u00e4ngen, typischen Restaurants, Veranstaltungen und versteckten Ecken Venedigs zu geben. Die Ortskenntnis und Aufmerksamkeit spiegeln sich in vielen Details wider: makellose Sauberkeit, ruhige Zimmer und individuelle Betreuung.<\/p>\n\n\n\n<h2 class=\"wp-block-heading\">Ruhige Zimmer mit Blick auf den Innenhof<\/h2>\n\n\n\n<p>Einige Zimmer im Hotel Tivoli <strong>blicken direkt auf den Innenhof<\/strong>. Das bedeutet <strong>absolute Nachtruhe<\/strong>, angenehmere Temperaturen im Sommer und ein sch\u00f6ner Anblick am Morgen. Auch die anderen Zimmer profitieren von der abgeschirmten Lage in einer ruhigen Seitengasse mit wenig Fu\u00dfverkehr.<\/p>\n\n\n\n<p>Die <a href=\"https:\/\/hoteltivoli.it\/de\/zimmer\/\" data-type=\"link\" data-id=\"https:\/\/hoteltivoli.it\/de\/zimmer\/\">Zimmer<\/a> sind einfach und funktional eingerichtet und verf\u00fcgen \u00fcber ein eigenes Bad, Klimaanlage, Fernseher, kostenloses WLAN sowie \u2013 je nach Kategorie \u2013 Safe und Minibar. Die <strong>Schlafqualit\u00e4t<\/strong> wird in den Bewertungen besonders hervorgehoben.<\/p>\n\n\n\n<h2 class=\"wp-block-heading\">Ideal f\u00fcr alle, die zentral wohnen und Ruhe suchen<\/h2>\n\n\n\n<p>Der besondere Vorteil des Hotel Tivoli liegt darin, <strong>Ruhe und Entspannung zu bieten, ohne auf zentrale Lage zu verzichten<\/strong>. In wenigen Gehminuten erreichen Sie:<\/p>\n\n\n\n<ul class=\"wp-block-list\">\n<li>die Basilika dei Frari<\/li>\n\n\n\n<li>die Scuola Grande di San Rocco<\/li>\n\n\n\n<li>den Campo Santa Margherita<\/li>\n\n\n\n<li>die Rialtobr\u00fccke<\/li>\n\n\n\n<li>die Accademia-Galerien<\/li>\n\n\n\n<li>die Haltestelle San Tom\u00e0 f\u00fcr Verbindungen \u00fcber den Canal Grande<\/li>\n<\/ul>\n\n\n\n<p>Das Hotel eignet sich hervorragend f\u00fcr:<\/p>\n\n\n\n<ul class=\"wp-block-list\">\n<li><strong><a href=\"https:\/\/hoteltivoli.it\/de\/guenstigeshotelromantische-auszeitvenedig\/\" data-type=\"link\" data-id=\"https:\/\/hoteltivoli.it\/de\/guenstigeshotelromantische-auszeitvenedig\/\">Paare<\/a><\/strong>, die einen ruhigen und romantischen R\u00fcckzugsort suchen<\/li>\n\n\n\n<li><strong><a href=\"https:\/\/hoteltivoli.it\/de\/hotel-fur-familien-in-venedig\/\" data-type=\"link\" data-id=\"https:\/\/hoteltivoli.it\/de\/hotel-fur-familien-in-venedig\/\">Familien<\/a> mit kleinen Kindern<\/strong>, die einen sicheren Au\u00dfenbereich sch\u00e4tzen<\/li>\n\n\n\n<li><strong>Alleinreisende<\/strong>, die Gr\u00fcn und Stille genie\u00dfen<\/li>\n\n\n\n<li><strong>Senioren<\/strong>, die Komfort und einfache Wege bevorzugen<\/li>\n\n\n\n<li><strong>Remote-Worker<\/strong>, die einen ruhigen Ort zum Lesen oder Arbeiten im Freien m\u00f6chten<\/li>\n<\/ul>\n\n\n\n<h2 class=\"wp-block-heading\">Venedig in aller Ruhe erleben<\/h2>\n\n\n\n<p>Wer ein Hotel mit Innenhof w\u00e4hlt, sucht <strong>nicht nur einen Schlafplatz<\/strong>, sondern <strong>einen Raum zum Durchatmen, Innehalten, Entschleunigen<\/strong>. Im Hotel Tivoli scheint die Zeit langsamer zu vergehen: Jeder Moment im Innenhof ist eine Gelegenheit, die Stille zu genie\u00dfen, den Himmel zu beobachten, mit anderen G\u00e4sten ins Gespr\u00e4ch zu kommen oder einfach einmal nichts zu tun.<\/p>\n\n\n\n<p>In einer Stadt, die oft \u00fcberf\u00fcllt ist, ist der Zugang zu einem privaten Erholungsraum <strong>ein echter Mehrwert<\/strong>, der das Reiseerlebnis besonders macht.<\/p>\n\n\n\n<p><strong><a href=\"https:\/\/hoteltivoli.it\/de\/\" data-type=\"link\" data-id=\"https:\/\/hoteltivoli.it\/de\/\">Buchen Sie Ihren Aufenthalt direkt \u00fcber die offizielle Website des Hotel Tivoli<\/a> und entdecken Sie den Mehrwert eines Innenhofs mitten in Venedig \u2013 zentral gelegen und doch fernab vom Trubel. scopri quanto \u00e8 prezioso un cortile interno a Venezia, nel cuore della citt\u00e0 ma lontano da tutto il resto.<\/strong><\/p>\n","protected":false},"excerpt":{"rendered":"<p>Wer Venedig besucht, sucht oft einen ruhigen R\u00fcckzugsort nach einem intensiven Tag voller Gassen, Museen und Br\u00fccken. In einer Stadt, die so lebendig und faszinierend ist, macht ein ruhiger Innenhof, in dem man morgens fr\u00fchst\u00fccken oder abends entspannen kann, den Unterschied. Wenn Sie ein Hotel in Venedig mit diesen Eigenschaften suchen, ist das Hotel Tivoli [&hellip;]<\/p>\n","protected":false},"author":1,"featured_media":1418,"parent":0,"menu_order":0,"comment_status":"closed","ping_status":"closed","template":"","meta":{"_acf_changed":false,"footnotes":""},"class_list":["post-1381","page","type-page","status-publish","has-post-thumbnail","hentry"],"acf":[],"_links":{"self":[{"href":"https:\/\/hoteltivoli.it\/de\/wp-json\/wp\/v2\/pages\/1381","targetHints":{"allow":["GET"]}}],"collection":[{"href":"https:\/\/hoteltivoli.it\/de\/wp-json\/wp\/v2\/pages"}],"about":[{"href":"https:\/\/hoteltivoli.it\/de\/wp-json\/wp\/v2\/types\/page"}],"author":[{"embeddable":true,"href":"https:\/\/hoteltivoli.it\/de\/wp-json\/wp\/v2\/users\/1"}],"replies":[{"embeddable":true,"href":"https:\/\/hoteltivoli.it\/de\/wp-json\/wp\/v2\/comments?post=1381"}],"version-history":[{"count":6,"href":"https:\/\/hoteltivoli.it\/de\/wp-json\/wp\/v2\/pages\/1381\/revisions"}],"predecessor-version":[{"id":1722,"href":"https:\/\/hoteltivoli.it\/de\/wp-json\/wp\/v2\/pages\/1381\/revisions\/1722"}],"wp:featuredmedia":[{"embeddable":true,"href":"https:\/\/hoteltivoli.it\/de\/wp-json\/wp\/v2\/media\/1418"}],"wp:attachment":[{"href":"https:\/\/hoteltivoli.it\/de\/wp-json\/wp\/v2\/media?parent=1381"}],"curies":[{"name":"wp","href":"https:\/\/api.w.org\/{rel}","templated":true}]}}