{"id":1434,"date":"2025-05-08T12:32:09","date_gmt":"2025-05-08T12:32:09","guid":{"rendered":"https:\/\/hoteltivoli.it\/hotel-economico-famiglie-con-bambini-venezia\/"},"modified":"2025-05-12T10:40:26","modified_gmt":"2025-05-12T10:40:26","slug":"hotel-fuer-familien-in-venedig","status":"publish","type":"page","link":"https:\/\/hoteltivoli.it\/de\/hotel-fuer-familien-in-venedig\/","title":{"rendered":"Welches Hotel ist gut f\u00fcr Familien in Venedig?"},"content":{"rendered":"\n<p>Venedig ist auch f\u00fcr Familien mit Kindern eine magische Stadt: Br\u00fccken, Kan\u00e4le, Boote und Pal\u00e4ste faszinieren die Kleinen genauso wie die Gro\u00dfen. Um einen Familienurlaub jedoch wirklich genie\u00dfen zu k\u00f6nnen, ist es wichtig, ein Hotel zu w\u00e4hlen, das <strong>einladend, sicher und gut gelegen<\/strong> ist. Wenn Sie sich fragen, <strong>welches Hotel in Venedig gut f\u00fcr Familien mit Kindern ist<\/strong>, dann ist das <strong>Hotel Tivoli<\/strong> eine ideale Wahl. Es liegt im historischen Zentrum, aber <a href=\"https:\/\/hoteltivoli.it\/de\/ein-ruhiges-hotel-im-zentrum-von-venedig\/\" data-type=\"link\" data-id=\"https:\/\/hoteltivoli.it\/de\/ein-ruhiges-hotel-im-zentrum-von-venedig\/\">abseits des Trubels<\/a>, bietet eine entspannte Atmosph\u00e4re und viele praktische Annehmlichkeiten \u2013 perfekt f\u00fcr Eltern, die Venedig unbeschwert erleben m\u00f6chten.<\/p>\n\n\n\n<h2 class=\"wp-block-heading\">Zentrale Lage \u2013 ideal zu Fu\u00df erreichbar<\/h2>\n\n\n\n<p>Wer mit Kindern reist, m\u00f6chte in der Regel <strong>komplizierte Wege vermeiden<\/strong>. Das Hotel Tivoli liegt im Stadtteil <strong><em>Dorsoduro<\/em><\/strong>, weniger als 10 Gehminuten vom Bahnhof Santa Lucia und vom Piazzale Roma entfernt \u2013 mit <strong>nur zwei kleinen Br\u00fccken auf dem Weg<\/strong>. Das macht die Anreise auch mit Kinderwagen oder Gep\u00e4ck einfach \u2013 ganz ohne Vaporetto oder lange Strecken.<\/p>\n\n\n\n<p>Zudem eignet sich die Lage hervorragend, um die Stadt zu Fu\u00df zu erkunden: In wenigen Minuten erreicht man den <em>Campo Santa Margherita<\/em>, die <a href=\"https:\/\/hoteltivoli.it\/de\/guenstiges-hotel-basilika-dei-frari-in-venedig\/\" data-type=\"link\" data-id=\"https:\/\/hoteltivoli.it\/de\/guenstiges-hotel-basilika-dei-frari-in-venedig\/\">Basilika dei Frari<\/a>, die <em><a href=\"https:\/\/hoteltivoli.it\/de\/guenstiges-hotel-scuola-grande-di-san-rocco-venedig\/\" data-type=\"link\" data-id=\"https:\/\/hoteltivoli.it\/de\/guenstiges-hotel-scuola-grande-di-san-rocco-venedig\/\">Scuola Grande di San Rocco<\/a><\/em> oder die Rialtobr\u00fccke.<\/p>\n\n\n\n<h2 class=\"wp-block-heading\">Ein sicherer, ruhiger Innenhof<\/h2>\n\n\n\n<p>Ein gro\u00dfer Pluspunkt des Hotels Tivoli ist sein <strong><a href=\"https:\/\/hoteltivoli.it\/de\/guenstiges-hotel-mit-innenhof-in-venedig\/\" data-type=\"link\" data-id=\"https:\/\/hoteltivoli.it\/de\/guenstiges-hotel-mit-innenhof-in-venedig\/\">Innenhof<\/a><\/strong> \u2013 ein gesch\u00fctzter und sicherer Bereich, in dem Kinder sich frei bewegen, spielen und entspannen k\u00f6nnen. In Venedig sind Au\u00dfenbereiche in Hotels selten \u2013 vor allem solche, die <strong>familienfreundlich<\/strong> sind.<\/p>\n\n\n\n<p>W\u00e4hrend die Eltern fr\u00fchst\u00fccken oder eine Pause genie\u00dfen, k\u00f6nnen die Kinder im Hof bleiben \u2013 <strong>sicher beaufsichtigt<\/strong> und fern vom st\u00e4dtischen Verkehr.<\/p>\n\n\n\n<h2 class=\"wp-block-heading\">Einfache, funktionale Familienzimmer<\/h2>\n\n\n\n<p>Die <a href=\"https:\/\/hoteltivoli.it\/de\/zimmer\/\" data-type=\"link\" data-id=\"https:\/\/hoteltivoli.it\/de\/zimmer\/\">Zimmer<\/a> im Hotel Tivoli sind einfach, aber mit allem ausgestattet, was Familien f\u00fcr einen <strong>angenehmen Aufenthalt<\/strong> ben\u00f6tigen. Es gibt <strong>Dreibett- und Vierbettzimmer<\/strong>, ideal f\u00fcr Eltern mit ein oder zwei Kindern. Jedes Zimmer verf\u00fcgt \u00fcber ein eigenes Bad, Klimaanlage, kostenloses WLAN, TV, F\u00f6hn und \u2013 je nach Kategorie \u2013 Safe und Minik\u00fchlschrank.<\/p>\n\n\n\n<p>Die <strong>gr\u00fcndliche Reinigung<\/strong> und der aufmerksame Service sorgen f\u00fcr eine Umgebung, in der sich Kinder und Eltern gleicherma\u00dfen wohlf\u00fchlen.<\/p>\n\n\n\n<h2 class=\"wp-block-heading\">Inklusive Fr\u00fchst\u00fcck \u2013 abwechslungsreich und kindgerecht<\/h2>\n\n\n\n<p>Das Hotel Tivoli serviert jeden Morgen ein <strong><a href=\"https:\/\/hoteltivoli.it\/de\/venedig-guenstiges-hotel-draussen-fruehstuecken\/\" data-type=\"link\" data-id=\"https:\/\/hoteltivoli.it\/de\/venedig-guenstiges-hotel-draussen-fruehstuecken\/\">Fr\u00fchst\u00fccksbuffet<\/a><\/strong>, das im Aufenthalt inbegriffen ist \u2013 entweder im Fr\u00fchst\u00fccksraum oder bei gutem Wetter im Innenhof. Das Buffet bietet:<\/p>\n\n\n\n<ul class=\"wp-block-list\">\n<li>frisches Brot und Croissants<\/li>\n\n\n\n<li>Marmelade, Honig und Butter<\/li>\n\n\n\n<li>Joghurt, M\u00fcsli und Milch<\/li>\n\n\n\n<li>hausgemachte Kuchen<\/li>\n\n\n\n<li>Obst, S\u00e4fte und Hei\u00dfgetr\u00e4nke<\/li>\n\n\n\n<li>Aufschnitt und K\u00e4se<\/li>\n<\/ul>\n\n\n\n<p>Eine ausgewogene Auswahl, bei der auch Kinder problemlos f\u00fcndig werden \u2013 f\u00fcr einen <strong>energievollen Start in den Tag<\/strong>.<\/p>\n\n\n\n<h2 class=\"wp-block-heading\">Ruhige, entspannte Atmosph\u00e4re \u2013 perfekt f\u00fcr Familien<\/h2>\n\n\n\n<p>Das Hotel Tivoli \u00fcberzeugt durch seine <strong><a href=\"https:\/\/hoteltivoli.it\/de\/venedig-guenstiges-familiengefuehrtes-hotel\/\" data-type=\"link\" data-id=\"https:\/\/hoteltivoli.it\/de\/venedig-guenstiges-familiengefuehrtes-hotel\/\">famili\u00e4re<\/a> Leitung<\/strong> und seine entspannte Atmosph\u00e4re. Es gibt keinen Trubel, keinen L\u00e4rm \u2013 nur ein hilfsbereites Team, das gerne bei der Planung von Ausfl\u00fcgen, Restaurants oder Aktivit\u00e4ten f\u00fcr Kinder unterst\u00fctzt.<\/p>\n\n\n\n<p>Dank der Lage in einer ruhigen Seitengasse ist das Hotel zudem <strong>sicher und ruhig<\/strong>, was besonders wichtig f\u00fcr einen erholsamen Schlaf ist \u2013 sowohl f\u00fcr Kinder als auch f\u00fcr Eltern.<\/p>\n\n\n\n<h2 class=\"wp-block-heading\">Alles in der N\u00e4he \u2013 ohne Stress<\/h2>\n\n\n\n<p>Vom Hotel Tivoli aus erreicht man viele familienfreundliche Sehensw\u00fcrdigkeiten <strong>problemlos zu Fu\u00df<\/strong>:<\/p>\n\n\n\n<ul class=\"wp-block-list\">\n<li><strong>Campo Santa Margherita<\/strong>, mit viel Platz zum Herumlaufen<\/li>\n\n\n\n<li><strong>Scuola Grande di San Rocco<\/strong>, deren gro\u00dfe Bilder auch Kinder beeindrucken<\/li>\n\n\n\n<li><strong><a href=\"https:\/\/hoteltivoli.it\/de\/guenstiges-hotel-in-der-naehe-der-rialtobruecke\/\" data-type=\"link\" data-id=\"https:\/\/hoteltivoli.it\/de\/guenstiges-hotel-in-der-naehe-der-rialtobruecke\/\">Rialtobr\u00fccke<\/a><\/strong>, ideal f\u00fcr einen Spaziergang<\/li>\n\n\n\n<li><strong>Canal Grande<\/strong>, nahe der Vaporetto-Haltestelle San Tom\u00e0<\/li>\n\n\n\n<li><strong>Murano und Burano<\/strong>, perfekte Ziele f\u00fcr einen Tagesausflug<\/li>\n<\/ul>\n\n\n\n<p>Das Personal gibt gerne Tipps zu kinderfreundlichen Museen oder Restaurants mit kurzer Wartezeit.<\/p>\n\n\n\n<h2 class=\"wp-block-heading\">Warum Familien das Hotel Tivoli w\u00e4hlen<\/h2>\n\n\n\n<p>Familien, die im Hotel Tivoli \u00fcbernachtet haben, loben besonders:<\/p>\n\n\n\n<ul class=\"wp-block-list\">\n<li>die <strong>g\u00fcnstige Lage<\/strong><\/li>\n\n\n\n<li>die M\u00f6glichkeit, <strong>tags\u00fcber ins Hotel zur\u00fcckzukehren<\/strong>, um sich auszuruhen<\/li>\n\n\n\n<li>den <strong>Innenhof als sicheren Freiraum<\/strong><\/li>\n\n\n\n<li>die <strong>Freundlichkeit des Personals<\/strong><\/li>\n\n\n\n<li>die <strong>Flexibilit\u00e4t bei Familienw\u00fcnschen<\/strong><\/li>\n<\/ul>\n\n\n\n<p>Dazu kommt ein <strong>hervorragendes Preis-Leistungs-Verh\u00e4ltnis<\/strong>, das das Tivoli zu einer <strong>cleveren Wahl f\u00fcr den Familienurlaub in Venedig<\/strong> macht.<\/p>\n\n\n\n<p><strong><a href=\"https:\/\/hoteltivoli.it\/de\/\" data-type=\"link\" data-id=\"https:\/\/hoteltivoli.it\/de\/\">Buchen Sie Ihren Familienaufenthalt direkt auf der offiziellen Website des Hotel Tivoli<\/a> <\/strong>und erleben Sie, wie angenehm und unkompliziert Venedig mit Kindern sein kann \u2013 in sicherer, zentraler und entspannter Umgebung.el comfort di un ambiente sicuro e centrale.<\/p>\n","protected":false},"excerpt":{"rendered":"<p>Venedig ist auch f\u00fcr Familien mit Kindern eine magische Stadt: Br\u00fccken, Kan\u00e4le, Boote und Pal\u00e4ste faszinieren die Kleinen genauso wie die Gro\u00dfen. Um einen Familienurlaub jedoch wirklich genie\u00dfen zu k\u00f6nnen, ist es wichtig, ein Hotel zu w\u00e4hlen, das einladend, sicher und gut gelegen ist. Wenn Sie sich fragen, welches Hotel in Venedig gut f\u00fcr Familien [&hellip;]<\/p>\n","protected":false},"author":1,"featured_media":1429,"parent":0,"menu_order":0,"comment_status":"closed","ping_status":"closed","template":"","meta":{"_acf_changed":false,"footnotes":""},"class_list":["post-1434","page","type-page","status-publish","has-post-thumbnail","hentry"],"acf":[],"_links":{"self":[{"href":"https:\/\/hoteltivoli.it\/de\/wp-json\/wp\/v2\/pages\/1434","targetHints":{"allow":["GET"]}}],"collection":[{"href":"https:\/\/hoteltivoli.it\/de\/wp-json\/wp\/v2\/pages"}],"about":[{"href":"https:\/\/hoteltivoli.it\/de\/wp-json\/wp\/v2\/types\/page"}],"author":[{"embeddable":true,"href":"https:\/\/hoteltivoli.it\/de\/wp-json\/wp\/v2\/users\/1"}],"replies":[{"embeddable":true,"href":"https:\/\/hoteltivoli.it\/de\/wp-json\/wp\/v2\/comments?post=1434"}],"version-history":[{"count":5,"href":"https:\/\/hoteltivoli.it\/de\/wp-json\/wp\/v2\/pages\/1434\/revisions"}],"predecessor-version":[{"id":1728,"href":"https:\/\/hoteltivoli.it\/de\/wp-json\/wp\/v2\/pages\/1434\/revisions\/1728"}],"wp:featuredmedia":[{"embeddable":true,"href":"https:\/\/hoteltivoli.it\/de\/wp-json\/wp\/v2\/media\/1429"}],"wp:attachment":[{"href":"https:\/\/hoteltivoli.it\/de\/wp-json\/wp\/v2\/media?parent=1434"}],"curies":[{"name":"wp","href":"https:\/\/api.w.org\/{rel}","templated":true}]}}