{"id":1567,"date":"2025-05-09T10:15:05","date_gmt":"2025-05-09T10:15:05","guid":{"rendered":"https:\/\/hoteltivoli.it\/?page_id=1567"},"modified":"2025-06-04T08:15:58","modified_gmt":"2025-06-04T08:15:58","slug":"hotel-preis-leistungs-verhaeltnis-venedig","status":"publish","type":"page","link":"https:\/\/hoteltivoli.it\/de\/hotel-preis-leistungs-verhaeltnis-venedig\/","title":{"rendered":"Wo finde ich ein g\u00fcnstiges Hotel mit gutem Preis-Leistungs-Verh\u00e4ltnis in Venedig?"},"content":{"rendered":"\n<p>Venedig ist eine der faszinierendsten St\u00e4dte der Welt, wird aber oft als teures Reiseziel wahrgenommen, das f\u00fcr preisbewusste Reisende schwer zug\u00e4nglich ist. In Wirklichkeit gibt es Unterk\u00fcnfte, die eine perfekte Kombination aus <strong>Komfort, zentraler Lage und mit gutem Preis-Leistungs-Verh\u00e4ltnis<\/strong> bieten. Wenn du dich fragst, wo man in Venedig in einem g\u00fcnstigen Hotel mit einem ausgezeichneten Preis-Leistungs-Verh\u00e4ltnis \u00fcbernachten kann, ist das <strong>Hotel Tivoli<\/strong> die ideale Antwort. Es liegt im Herzen des Stadtteils Dorsoduro und bietet eine einfache, gepflegte Gastfreundschaft, durchdachte Dienstleistungen und eine strategische Lage, die es dir erm\u00f6glicht, Venedig bequem zu Fu\u00df zu erkunden.<\/p>\n\n\n\n<h2 class=\"wp-block-heading\">Ein g\u00fcnstiges Hotel mit allem, was du brauchst<\/h2>\n\n\n\n<p>Das Hotel Tivoli zeigt, dass man kein Verm\u00f6gen ausgeben muss, um eine <strong>saubere, funktionale und einladende Unterkunft<\/strong> zu finden. Die <a href=\"https:\/\/hoteltivoli.it\/de\/zimmer\/\" data-type=\"link\" data-id=\"https:\/\/hoteltivoli.it\/de\/zimmer\/\">Zimmer<\/a> sind einfach und praktisch eingerichtet, mit einem schlichten und n\u00fctzlichen Stil. Jedes Zimmer verf\u00fcgt \u00fcber ein eigenes Bad, Klimaanlage, kostenloses WLAN, Fernseher und in einigen Zimmerkategorien auch \u00fcber einen Safe und eine Minibar.<\/p>\n\n\n\n<p>Ob du allein, zu zweit oder mit Freunden reist, du findest hier eine <strong>komfortable und ruhige Unterkunft<\/strong> in einer informellen und gepflegten Umgebung. Viele G\u00e4ste sch\u00e4tzen besonders die <strong>Ruhe des Geb\u00e4udes<\/strong> und die <strong>gute Schlafqualit\u00e4t<\/strong>, beg\u00fcnstigt durch die abgeschiedene Lage abseits der \u00fcberf\u00fcllten Touristenrouten.<\/p>\n\n\n\n<h2 class=\"wp-block-heading\">Fr\u00fchst\u00fcck inklusive: ein echter Mehrwert<\/h2>\n\n\n\n<p>Eines der Elemente, die das Preis-Leistungs-Verh\u00e4ltnis des Hotels Tivoli verbessern, ist das <strong>im Preis inbegriffene <a href=\"https:\/\/hoteltivoli.it\/de\/venedig-guenstiges-hotel-draussen-fruehstuecken\/\" data-type=\"link\" data-id=\"https:\/\/hoteltivoli.it\/de\/venedig-guenstiges-hotel-draussen-fruehstuecken\/\">Fr\u00fchst\u00fccksbuffet<\/a><\/strong>, ein seltener Vorteil bei vielen Unterk\u00fcnften im historischen Zentrum von Venedig. Jeden Morgen wird eine Auswahl an s\u00fc\u00dfen und herzhaften Produkten serviert: Croissants, frisches Brot, Butter, Marmeladen, hausgemachte Kuchen, Joghurt, M\u00fcsli, Fruchts\u00e4fte, Wurst und K\u00e4se sowie Kaffee, Tee und Cappuccino, frisch zubereitet.<\/p>\n\n\n\n<p>In der warmen Jahreszeit kann das Fr\u00fchst\u00fcck im <strong><a href=\"https:\/\/hoteltivoli.it\/de\/guenstiges-hotel-mit-innenhof-in-venedig\/\" data-type=\"link\" data-id=\"https:\/\/hoteltivoli.it\/de\/guenstiges-hotel-mit-innenhof-in-venedig\/\">Innenhof<\/a><\/strong> des Hotels eingenommen werden, einem ruhigen und gr\u00fcnen Ort, der den Start in den Tag noch angenehmer macht.<\/p>\n\n\n\n<h2 class=\"wp-block-heading\">Zentrale Lage, ideal zum Spazierengehen<\/h2>\n\n\n\n<p>Das Hotel Tivoli befindet sich in der <strong>Crosera San Pantalon<\/strong>, nur wenige Gehminuten vom Bahnhof Santa Lucia und vom Piazzale Roma entfernt. Diese Lage ist ideal f\u00fcr Reisende, die mit dem Zug oder Bus ankommen, aber auch f\u00fcr alle, die die Stadt <strong>ohne \u00f6ffentliche Verkehrsmittel<\/strong> erkunden m\u00f6chten. In unmittelbarer N\u00e4he befinden sich:<\/p>\n\n\n\n<ul class=\"wp-block-list\">\n<li>die <a href=\"https:\/\/hoteltivoli.it\/de\/guenstiges-hotel-basilika-dei-frari-in-venedig\/\" data-type=\"link\" data-id=\"https:\/\/hoteltivoli.it\/de\/guenstiges-hotel-basilika-dei-frari-in-venedig\/\">Basilika dei Frari<\/a><\/li>\n\n\n\n<li>die <em><a href=\"https:\/\/hoteltivoli.it\/de\/guenstiges-hotel-scuola-grande-di-san-rocco-venedig\/\" data-type=\"link\" data-id=\"https:\/\/hoteltivoli.it\/de\/guenstiges-hotel-scuola-grande-di-san-rocco-venedig\/\">Scuola Grande di San Rocco<\/a><\/em><\/li>\n\n\n\n<li>der Campo Santa Margherita<\/li>\n\n\n\n<li>die <a href=\"https:\/\/hoteltivoli.it\/de\/guenstiges-hotel-in-der-naehe-der-rialtobruecke\/\" data-type=\"link\" data-id=\"https:\/\/hoteltivoli.it\/de\/guenstiges-hotel-in-der-naehe-der-rialtobruecke\/\">Rialtobr\u00fccke<\/a><\/li>\n\n\n\n<li>die Accademia-Galerien<\/li>\n\n\n\n<li>die <em><a href=\"https:\/\/actv.avmspa.it\/en\" data-type=\"link\" data-id=\"https:\/\/actv.avmspa.it\/en\" rel=\"nofollow noopener\" target=\"_blank\">Vaporetto<\/a><\/em>-Haltestelle San Tom\u00e0<\/li>\n<\/ul>\n\n\n\n<p>Auch der Markusplatz ist in etwa 20 Minuten zu Fu\u00df erreichbar, \u00fcber einige der charmantesten und authentischsten Viertel der Stadt.<\/p>\n\n\n\n<h2 class=\"wp-block-heading\">Famili\u00e4re und diskrete Gastfreundschaft<\/h2>\n\n\n\n<p>Das Hotel Tivoli wird seit \u00fcber sechzig Jahren von derselben Familie gef\u00fchrt. Dies garantiert einen <strong>aufmerksamen und pers\u00f6nlichen Service<\/strong>, mit Mitarbeitenden, die stets bereit sind, Restaurants, weniger touristische Routen, kulturelle Veranstaltungen oder Ausfl\u00fcge zu den Inseln zu empfehlen.<\/p>\n\n\n\n<p>Die Atmosph\u00e4re ist <strong>freundlich und respektvoll<\/strong>, perfekt f\u00fcr alle, die nach einem Tag voller Erkundungen durch Gassen und Pl\u00e4tze einen ruhigen und verl\u00e4sslichen Ausgangspunkt suchen.<\/p>\n\n\n\n<h2 class=\"wp-block-heading\">Ideal f\u00fcr alle Arten von Reisenden<\/h2>\n\n\n\n<p>Das ausgezeichnete Preis-Leistungs-Verh\u00e4ltnis des Hotels Tivoli macht es zur idealen Wahl f\u00fcr ein vielf\u00e4ltiges Publikum:<\/p>\n\n\n\n<ul class=\"wp-block-list\">\n<li><strong>Junge Paare<\/strong>, die einen <a href=\"https:\/\/hoteltivoli.it\/de\/guenstigeshotelromantische-auszeitvenedig\/\" data-type=\"link\" data-id=\"https:\/\/hoteltivoli.it\/de\/guenstigeshotelromantische-auszeitvenedig\/\">romantischen<\/a> Kurzurlaub planen, ohne zu viel auszugeben<\/li>\n\n\n\n<li><strong><a href=\"https:\/\/hoteltivoli.it\/de\/hotel-fur-familien-in-venedig\/\" data-type=\"link\" data-id=\"https:\/\/hoteltivoli.it\/de\/hotel-fur-familien-in-venedig\/\">Familien<\/a><\/strong>, die Komfort und Praktikabilit\u00e4t im Stadtzentrum suchen<\/li>\n\n\n\n<li><strong>Alleinreisende<\/strong>, die Sicherheit und Ruhe zu sch\u00e4tzen wissen<\/li>\n\n\n\n<li><strong>Freundesgruppen<\/strong>, die sich frei in der Stadt bewegen wollen<\/li>\n\n\n\n<li><strong>Studierende oder Berufst\u00e4tige<\/strong>, die an Tagungen, Veranstaltungen oder Pr\u00fcfungen teilnehmen<\/li>\n<\/ul>\n\n\n\n<p>Dank seiner Lage und seinen ehrlichen Preisen ist das Tivoli eine <strong>kluge Wahl, um Venedig authentisch und nachhaltig zu erleben<\/strong>.<\/p>\n\n\n\n<h2 class=\"wp-block-heading\">Keine \u00dcberraschungen, nur Transparenz<\/h2>\n\n\n\n<p>Im Gegensatz zu vielen Unterk\u00fcnften, die niedrige Grundpreise anbieten und dann Zusatzkosten f\u00fcr Fr\u00fchst\u00fcck, WLAN oder Reinigung erheben, bietet das Hotel Tivoli <strong>klare Preise und alles inklusive<\/strong>. Wer direkt \u00fcber die offizielle Website bucht, hat immer die <strong>Garantie f\u00fcr den besten Preis<\/strong>, ohne Provisionen oder zus\u00e4tzliche Geb\u00fchren.<\/p>\n\n\n\n<p><strong><a href=\"https:\/\/hoteltivoli.it\/de\/\" data-type=\"link\" data-id=\"https:\/\/hoteltivoli.it\/de\/\">Buche jetzt deinen Aufenthalt direkt \u00fcber die offizielle Website<\/a> des Hotel Tivoli und entdecke Venedig mit dem besten Preis-Leistungs-Verh\u00e4ltnis: zentral, authentisch, einladend und erschwinglich.<\/strong><\/p>\n","protected":false},"excerpt":{"rendered":"<p>Venedig ist eine der faszinierendsten St\u00e4dte der Welt, wird aber oft als teures Reiseziel wahrgenommen, das f\u00fcr preisbewusste Reisende schwer zug\u00e4nglich ist. In Wirklichkeit gibt es Unterk\u00fcnfte, die eine perfekte Kombination aus Komfort, zentraler Lage und mit gutem Preis-Leistungs-Verh\u00e4ltnis bieten. Wenn du dich fragst, wo man in Venedig in einem g\u00fcnstigen Hotel mit einem ausgezeichneten [&hellip;]<\/p>\n","protected":false},"author":1,"featured_media":1563,"parent":0,"menu_order":0,"comment_status":"closed","ping_status":"closed","template":"","meta":{"_acf_changed":false,"footnotes":""},"class_list":["post-1567","page","type-page","status-publish","has-post-thumbnail","hentry"],"acf":[],"_links":{"self":[{"href":"https:\/\/hoteltivoli.it\/de\/wp-json\/wp\/v2\/pages\/1567","targetHints":{"allow":["GET"]}}],"collection":[{"href":"https:\/\/hoteltivoli.it\/de\/wp-json\/wp\/v2\/pages"}],"about":[{"href":"https:\/\/hoteltivoli.it\/de\/wp-json\/wp\/v2\/types\/page"}],"author":[{"embeddable":true,"href":"https:\/\/hoteltivoli.it\/de\/wp-json\/wp\/v2\/users\/1"}],"replies":[{"embeddable":true,"href":"https:\/\/hoteltivoli.it\/de\/wp-json\/wp\/v2\/comments?post=1567"}],"version-history":[{"count":6,"href":"https:\/\/hoteltivoli.it\/de\/wp-json\/wp\/v2\/pages\/1567\/revisions"}],"predecessor-version":[{"id":2031,"href":"https:\/\/hoteltivoli.it\/de\/wp-json\/wp\/v2\/pages\/1567\/revisions\/2031"}],"wp:featuredmedia":[{"embeddable":true,"href":"https:\/\/hoteltivoli.it\/de\/wp-json\/wp\/v2\/media\/1563"}],"wp:attachment":[{"href":"https:\/\/hoteltivoli.it\/de\/wp-json\/wp\/v2\/media?parent=1567"}],"curies":[{"name":"wp","href":"https:\/\/api.w.org\/{rel}","templated":true}]}}