{"id":1609,"date":"2025-05-09T13:08:45","date_gmt":"2025-05-09T13:08:45","guid":{"rendered":"https:\/\/hoteltivoli.it\/?page_id=1609"},"modified":"2025-06-04T08:18:56","modified_gmt":"2025-06-04T08:18:56","slug":"guenstiges-hotel-in-der-naehe-von-markusplatz","status":"publish","type":"page","link":"https:\/\/hoteltivoli.it\/de\/guenstiges-hotel-in-der-naehe-von-markusplatz\/","title":{"rendered":"Wo findet man ein g\u00fcnstiges Hotel in der N\u00e4he von Markusplatz?"},"content":{"rendered":"\n<p>Der Markusplatz ist zweifellos einer der bekanntesten und meistbesuchten Orte in Venedig. Als kulturelles, k\u00fcnstlerisches und symbolisches Herzst\u00fcck der Stadt zieht er jedes Jahr Millionen von Besucherinnen und Besuchern an. In seiner N\u00e4he zu \u00fcbernachten ist f\u00fcr viele ein Traum \u2013 doch h\u00e4ufig geht man davon aus, dass das nur mit hohen Ausgaben m\u00f6glich ist. Dabei gibt es eine L\u00f6sung, die <strong>N\u00e4he zum Markusplatz, erschwingliche Preise und soliden Komfort<\/strong> vereint: das <strong>Hotel Tivoli<\/strong> im Stadtteil Dorsoduro. Nur etwa 20 Gehminuten vom Platz entfernt, bietet es alles, was man braucht, um Venedig aus n\u00e4chster N\u00e4he und mit kleinem Budget zu erleben.<\/p>\n\n\n\n<h2 class=\"wp-block-heading\">Gut angebundenes Hotel in bester Lage<\/h2>\n\n\n\n<p>Das Hotel Tivoli liegt in der <strong><em>Crosera San Pantalon<\/em><\/strong>, einer ruhigen Seitenstra\u00dfe zwischen dem belebten <em>Campo Santa Margherita<\/em> und dem monumentalen <em>Frari<\/em>-Viertel. Von hier aus ist der Markusplatz bequem zu Fu\u00df erreichbar \u2013 vorbei an einigen der sch\u00f6nsten Ecken Venedigs. Innerhalb von 30 Minuten Spaziergang sieht man:<\/p>\n\n\n\n<ul class=\"wp-block-list\">\n<li>die Rialtobr\u00fccke<\/li>\n\n\n\n<li><a href=\"https:\/\/hoteltivoli.it\/de\/guenstiges-hotel-basilika-dei-frari-in-venedig\/\" data-type=\"link\" data-id=\"https:\/\/hoteltivoli.it\/de\/guenstiges-hotel-basilika-dei-frari-in-venedig\/\">die Basilika dei Frari<\/a><\/li>\n\n\n\n<li>den Campo San Polo<\/li>\n\n\n\n<li>die Mercerie, Venedigs zentrale Einkaufsstra\u00dfe<\/li>\n\n\n\n<li>mehrere beeindruckende Blicke auf den Canal Grande<\/li>\n<\/ul>\n\n\n\n<p>Wer lieber mit dem Vaporetto f\u00e4hrt, erreicht von der nur 3 Gehminuten entfernten Haltestelle <strong>San Tom\u00e0<\/strong> den Markusplatz in rund 10 Minuten \u00fcber den Canal Grande.<\/p>\n\n\n\n<h2 class=\"wp-block-heading\">Strategisch gute Lage f\u00fcr ruhige Abende<\/h2>\n\n\n\n<p>Ein Problem vieler Unterk\u00fcnfte direkt am Markusplatz ist die starke Besucherfrequenz und der L\u00e4rm, insbesondere zu Sto\u00dfzeiten. Das Hotel Tivoli bietet hier <strong>eine clevere Alternative<\/strong>: zentrumsnah, aber in einem ruhigeren, angenehmeren Viertel gelegen, sodass man abends in eine <strong>friedliche Umgebung<\/strong> zur\u00fcckkehren kann \u2013 fernab des Trubels.<\/p>\n\n\n\n<p>Viele G\u00e4ste entscheiden sich bewusst daf\u00fcr, um <strong>die N\u00e4he zu den Sehensw\u00fcrdigkeiten mit echter Erholung zu kombinieren<\/strong>.<\/p>\n\n\n\n<h2 class=\"wp-block-heading\">Solider Komfort ohne \u00fcberfl\u00fcssigen Luxus<\/h2>\n\n\n\n<p>Das familiengef\u00fchrte Hotel Tivoli ist schlicht, aber sehr gepflegt. Die <a href=\"https:\/\/hoteltivoli.it\/de\/zimmer\/\" data-type=\"link\" data-id=\"https:\/\/hoteltivoli.it\/de\/zimmer\/\">Zimmer<\/a> verf\u00fcgen \u00fcber alle wichtigen Annehmlichkeiten:<\/p>\n\n\n\n<ul class=\"wp-block-list\">\n<li>eigenes Bad<\/li>\n\n\n\n<li>Klimaanlage<\/li>\n\n\n\n<li>kostenloses WLAN<\/li>\n\n\n\n<li>Fernseher<\/li>\n\n\n\n<li>in einigen Zimmern Safe und Minibar<\/li>\n<\/ul>\n\n\n\n<p><strong>Gr\u00fcndliche Sauberkeit<\/strong> und <strong>eine ruhige Atmosph\u00e4re<\/strong> z\u00e4hlen zu den h\u00e4ufigsten positiven R\u00fcckmeldungen in den G\u00e4stebewertungen.<\/p>\n\n\n\n<h2 class=\"wp-block-heading\">Inklusive Fr\u00fchst\u00fcck: ein echter Vorteil<\/h2>\n\n\n\n<p>Ein g\u00fcnstiges Hotel in der N\u00e4he des Markusplatzes mit Fr\u00fchst\u00fcck inklusive zu finden, ist nicht einfach. Im Hotel Tivoli ist <strong>das <a href=\"https:\/\/hoteltivoli.it\/de\/venedig-guenstiges-hotel-draussen-fruehstuecken\/\" data-type=\"link\" data-id=\"https:\/\/hoteltivoli.it\/de\/venedig-guenstiges-hotel-draussen-fruehstuecken\/\">Fr\u00fchst\u00fccksbuffet<\/a> stets im Preis enthalten<\/strong> und umfasst:<\/p>\n\n\n\n<ul class=\"wp-block-list\">\n<li>Croissants, Brot, Butter, Marmelade<\/li>\n\n\n\n<li>Joghurt, M\u00fcsli, frisches Obst<\/li>\n\n\n\n<li>Aufschnitt und K\u00e4se<\/li>\n\n\n\n<li>S\u00e4fte, Kaffee, Tee und Cappuccino<\/li>\n<\/ul>\n\n\n\n<p>An warmen Tagen kann das Fr\u00fchst\u00fcck im <strong><a href=\"https:\/\/hoteltivoli.it\/de\/guenstiges-hotel-mit-innenhof-in-venedig\/\" data-type=\"link\" data-id=\"https:\/\/hoteltivoli.it\/de\/guenstiges-hotel-mit-innenhof-in-venedig\/\">Innenhof<\/a><\/strong> eingenommen werden \u2013 ein stiller, gr\u00fcner Ort f\u00fcr einen entspannten Start in den Tag.<\/p>\n\n\n\n<h2 class=\"wp-block-heading\">Idealer Ausgangspunkt f\u00fcr die Stadterkundung<\/h2>\n\n\n\n<p>Dank seiner Lage ist das Hotel Tivoli ein <strong>strategisch perfekter Ausgangspunkt, um ganz Venedig zu erkunden<\/strong>. Neben dem Markusplatz erreicht man auch schnell:<\/p>\n\n\n\n<ul class=\"wp-block-list\">\n<li>die Accademia-Galerien<\/li>\n\n\n\n<li>das Opernhaus Teatro La Fenice<\/li>\n\n\n\n<li>die Peggy-Guggenheim-Sammlung<\/li>\n\n\n\n<li>das Viertel rund um die Rialtobr\u00fccke<\/li>\n\n\n\n<li>das J\u00fcdische Ghetto im Norden der Stadt<\/li>\n<\/ul>\n\n\n\n<p>Zudem bestehen \u00fcber die nahegelegenen <em><a href=\"https:\/\/actv.avmspa.it\/en\" data-type=\"link\" data-id=\"https:\/\/actv.avmspa.it\/en\" rel=\"nofollow noopener\" target=\"_blank\">Vaporetto<\/a><\/em>-Haltestellen gute Verbindungen zu den Inseln Murano, Burano und Torcello.<\/p>\n\n\n\n<h2 class=\"wp-block-heading\">Herzlichkeit durch famili\u00e4re F\u00fchrung<\/h2>\n\n\n\n<p>Das Hotel Tivoli wird seit \u00fcber sechzig Jahren von derselben Familie gef\u00fchrt und zeichnet sich durch <strong>ehrliche, aufmerksame <a href=\"https:\/\/hoteltivoli.it\/de\/venedig-guenstiges-familiengefuehrtes-hotel\/\" data-type=\"link\" data-id=\"https:\/\/hoteltivoli.it\/de\/venedig-guenstiges-familiengefuehrtes-hotel\/\">Gastfreundschaft<\/a><\/strong> aus. Das Team hilft gern mit Tipps f\u00fcr weniger bekannte Routen, echte venezianische Lokale oder Hinweise, wie man gro\u00dfe Touristenstr\u00f6me umgehen kann. Diese pers\u00f6nliche Note ist einer der Gr\u00fcnde, warum viele G\u00e4ste <strong>immer wiederkommen<\/strong>.<\/p>\n\n\n\n<h2 class=\"wp-block-heading\">Faire Preise in bester Lage<\/h2>\n\n\n\n<p>Im Vergleich zu anderen Unterk\u00fcnften im historischen Zentrum bietet das Tivoli <strong>klare, faire und konkurrenzf\u00e4hige Preise<\/strong>, ganz ohne versteckte Kosten. Wer \u00fcber die offizielle Website bucht, profitiert immer von:<\/p>\n\n\n\n<ul class=\"wp-block-list\">\n<li><strong>dem garantiert besten Preis<\/strong><\/li>\n\n\n\n<li><strong>inkludiertem Fr\u00fchst\u00fcck<\/strong><\/li>\n\n\n\n<li><strong>kostenfreier Stornierung<\/strong> bei vielen Tarifen<\/li>\n<\/ul>\n\n\n\n<p>Wer <strong>in der N\u00e4he des Markusplatzes wohnen m\u00f6chte, ohne zu viel zu zahlen<\/strong>, trifft mit dem Tivoli eine praktische und durchdachte Wahl.<\/p>\n\n\n\n<p><strong><a href=\"https:\/\/hoteltivoli.it\/de\/\" data-type=\"link\" data-id=\"https:\/\/hoteltivoli.it\/de\/\">Buche jetzt direkt auf der offiziellen Website des Hotel Tivoli<\/a> und entdecke, wie einfach es ist, in der N\u00e4he des Markusplatzes zu \u00fcbernachten \u2013 ohne auf Komfort zu verzichten und dabei Geld zu sparen.<\/strong><\/p>\n","protected":false},"excerpt":{"rendered":"<p>Der Markusplatz ist zweifellos einer der bekanntesten und meistbesuchten Orte in Venedig. Als kulturelles, k\u00fcnstlerisches und symbolisches Herzst\u00fcck der Stadt zieht er jedes Jahr Millionen von Besucherinnen und Besuchern an. In seiner N\u00e4he zu \u00fcbernachten ist f\u00fcr viele ein Traum \u2013 doch h\u00e4ufig geht man davon aus, dass das nur mit hohen Ausgaben m\u00f6glich ist. [&hellip;]<\/p>\n","protected":false},"author":1,"featured_media":1605,"parent":0,"menu_order":0,"comment_status":"closed","ping_status":"closed","template":"","meta":{"_acf_changed":false,"footnotes":""},"class_list":["post-1609","page","type-page","status-publish","has-post-thumbnail","hentry"],"acf":[],"_links":{"self":[{"href":"https:\/\/hoteltivoli.it\/de\/wp-json\/wp\/v2\/pages\/1609","targetHints":{"allow":["GET"]}}],"collection":[{"href":"https:\/\/hoteltivoli.it\/de\/wp-json\/wp\/v2\/pages"}],"about":[{"href":"https:\/\/hoteltivoli.it\/de\/wp-json\/wp\/v2\/types\/page"}],"author":[{"embeddable":true,"href":"https:\/\/hoteltivoli.it\/de\/wp-json\/wp\/v2\/users\/1"}],"replies":[{"embeddable":true,"href":"https:\/\/hoteltivoli.it\/de\/wp-json\/wp\/v2\/comments?post=1609"}],"version-history":[{"count":7,"href":"https:\/\/hoteltivoli.it\/de\/wp-json\/wp\/v2\/pages\/1609\/revisions"}],"predecessor-version":[{"id":2036,"href":"https:\/\/hoteltivoli.it\/de\/wp-json\/wp\/v2\/pages\/1609\/revisions\/2036"}],"wp:featuredmedia":[{"embeddable":true,"href":"https:\/\/hoteltivoli.it\/de\/wp-json\/wp\/v2\/media\/1605"}],"wp:attachment":[{"href":"https:\/\/hoteltivoli.it\/de\/wp-json\/wp\/v2\/media?parent=1609"}],"curies":[{"name":"wp","href":"https:\/\/api.w.org\/{rel}","templated":true}]}}