{"id":1768,"date":"2025-05-12T12:46:08","date_gmt":"2025-05-12T12:46:08","guid":{"rendered":"https:\/\/hoteltivoli.it\/?page_id=1768"},"modified":"2025-07-10T10:12:38","modified_gmt":"2025-07-10T10:12:38","slug":"faq","status":"publish","type":"page","link":"https:\/\/hoteltivoli.it\/de\/faq\/","title":{"rendered":"FAQ"},"content":{"rendered":"\n<p>Planen Sie Ihren Aufenthalt im Hotel Tivoli und haben noch offene <strong>Fragen<\/strong>? In diesem Abschnitt beantworten wir die <strong>h\u00e4ufigsten Fragen<\/strong> unserer G\u00e4ste \u2013 von Check-in- und Check-out-Zeiten \u00fcber Gep\u00e4ckaufbewahrung bis hin zu Fr\u00fchst\u00fcck, Zimmerausstattung und Lage zu den wichtigsten <strong>Sehensw\u00fcrdigkeiten<\/strong> in Venedig. Unser Hotel befindet sich im charmanten Stadtteil Dorsoduro, nur wenige Gehminuten von der Basilika dei Frari, der Rialtobr\u00fccke und nicht weit vom <strong>Markusplatz<\/strong> und dem Bahnhof entfernt. Diese Seite soll Ihnen helfen, Ihren Aufenthalt bestm\u00f6glich zu planen, damit Sie Venedig vom ersten Moment an <strong>genie\u00dfen<\/strong> k\u00f6nnen. Sollten Sie weitere Fragen haben, steht Ihnen unser Team gerne zur <strong>Verf\u00fcgung<\/strong>.<\/p>\n\n\n\n<p><\/p>\n\n\n<div id=\"rank-math-faq\" class=\"rank-math-block\">\n<div class=\"rank-math-list \">\n<div id=\"faq-question-1747050006975\" class=\"rank-math-list-item\">\n<h3 class=\"rank-math-question \">Wo findet man ein g\u00fcnstiges Hotel in der N\u00e4he der Basilika dei Frari in Venedig?<\/h3>\n<div class=\"rank-math-answer \">\n<img loading=\"lazy\" decoding=\"async\" width=\"150\" height=\"150\" src=\"https:\/\/hoteltivoli.it\/wp-content\/uploads\/2025\/05\/Dormire-vicino-alla-Basilica-dei-Frari-150x150.webp\" class=\"alignright\" alt=\"Dormire vicino alla Basilica dei Frari\" \/>\n<p>Wenn Sie Venedig besuchen und in der N\u00e4he der Basilika dei Frari \u00fcbernachten m\u00f6chten, ist das Hotel Tivoli die ideale Wahl.<br \/><a href=\"https:\/\/hoteltivoli.it\/de\/guenstiges-hotel-basilika-dei-frari-in-venedig\/\" data-type=\"link\" data-id=\"https:\/\/hoteltivoli.it\/de\/guenstiges-hotel-basilika-dei-frari-in-venedig\/\">Lesen Sie f\u00fcr mehr Informationen<\/a>.<\/p>\n\n<\/div>\n<\/div>\n<div id=\"faq-question-1747050788100\" class=\"rank-math-list-item\">\n<h3 class=\"rank-math-question \"><br>Wo findet man ein g\u00fcnstiges Hotel in der N\u00e4he der Scuola Grande di San Rocco in Venedig?<\/h3>\n<div class=\"rank-math-answer \">\n<img loading=\"lazy\" decoding=\"async\" width=\"150\" height=\"150\" src=\"https:\/\/hoteltivoli.it\/wp-content\/uploads\/2025\/05\/Dormire-vicino-alla-Scuola-Grande-di-San-Rocco-150x150.webp\" class=\"alignright\" alt=\"Dormire vicino alla Scuola Grande di San Rocco\" \/>\n<p>Wenn Sie ein komfortables Hotel suchen, um die\u00a0<em><strong>Scuola Grande di San Rocco<\/strong><\/em>\u00a0in Venedig zu besuchen, ist das Hotel Tivoli die ideale L\u00f6sung.<br \/><a href=\"https:\/\/hoteltivoli.it\/de\/guenstiges-hotel-scuola-grande-di-san-rocco-venedig\/\" data-type=\"link\" data-id=\"https:\/\/hoteltivoli.it\/de\/guenstiges-hotel-scuola-grande-di-san-rocco-venedig\/\">Lesen Sie f\u00fcr mehr Informationen<\/a><a href=\"https:\/\/hoteltivoli.it\/it\/hotel-economico-scuola-grande-di-san-rocco-venezia\/\" data-type=\"link\" data-id=\"https:\/\/hoteltivoli.it\/it\/hotel-economico-scuola-grande-di-san-rocco-venezia\/\">.<\/a><\/p>\n\n<\/div>\n<\/div>\n<div id=\"faq-question-1747051142322\" class=\"rank-math-list-item\">\n<h3 class=\"rank-math-question \"><br>Wo findet man ein ruhiges Hotel im Zentrum von Venedig?<\/h3>\n<div class=\"rank-math-answer \">\n<img loading=\"lazy\" decoding=\"async\" width=\"150\" height=\"150\" src=\"https:\/\/hoteltivoli.it\/wp-content\/uploads\/2025\/05\/Hotel-tranquillo-nel-centro-di-Venezia-150x150.webp\" class=\"alignright\" alt=\"Hotel tranquillo nel centro di Venezia\" \/>\n<p>Ein ruhiges Hotel im Herzen von Venedig zu finden, scheint eine Herausforderung zu sein \u2013 doch das Hotel Tivoli ist eine erfreuliche Ausnahme.<br \/><a href=\"https:\/\/hoteltivoli.it\/de\/ein-ruhiges-hotel-im-zentrum-von-venedig\/\" data-type=\"link\" data-id=\"https:\/\/hoteltivoli.it\/de\/ein-ruhiges-hotel-im-zentrum-von-venedig\/\">Lesen Sie f\u00fcr mehr Informationen<\/a><a href=\"https:\/\/hoteltivoli.it\/it\/hotel-tranquillo-economico-nel-centro-di-venezia\/\" data-type=\"link\" data-id=\"https:\/\/hoteltivoli.it\/it\/hotel-tranquillo-economico-nel-centro-di-venezia\/\"><a href=\"https:\/\/hoteltivoli.it\/it\/hotel-economico-scuola-grande-di-san-rocco-venezia\/\" data-type=\"link\" data-id=\"https:\/\/hoteltivoli.it\/it\/hotel-economico-scuola-grande-di-san-rocco-venezia\/\">.<\/a><\/a><\/p>\n\n<\/div>\n<\/div>\n<div id=\"faq-question-1747051228960\" class=\"rank-math-list-item\">\n<h3 class=\"rank-math-question \"><br>Wo findet man ein g\u00fcnstiges Hotel in der N\u00e4he des Bahnhofs Venezia Santa Lucia in Venedig?<\/h3>\n<div class=\"rank-math-answer \">\n<img loading=\"lazy\" decoding=\"async\" width=\"150\" height=\"150\" src=\"https:\/\/hoteltivoli.it\/wp-content\/uploads\/2025\/05\/Dormire-vicino-la-stazione-di-Venezia-Santa-Lucia-1920x840-1-150x150.webp\" class=\"alignright\" alt=\"Hotel economico vicino la stazione di Santa Lucia\" \/>\n<p>Das Hotel Tivoli ist eine\u00a0<strong>strategisch g\u00fcnstige Wahl<\/strong>: Es befindet sich\u00a0<strong>weniger als 10 Gehminuten<\/strong>\u00a0vom Bahnhof entfernt, in einem\u00a0ruhigen\u00a0und zentralen Viertel im Sestiere\u00a0<strong><em>Dorsoduro<\/em><\/strong>.<br \/><a href=\"https:\/\/hoteltivoli.it\/de\/guenstiges-hotel-bahnhof-venezia-santa-lucia\/\" data-type=\"link\" data-id=\"https:\/\/hoteltivoli.it\/de\/guenstiges-hotel-bahnhof-venezia-santa-lucia\/\">Lesen Sie f\u00fcr mehr Informationen<\/a><a href=\"https:\/\/hoteltivoli.it\/it\/hotel-tranquillo-economico-nel-centro-di-venezia\/\" data-type=\"link\" data-id=\"https:\/\/hoteltivoli.it\/it\/hotel-tranquillo-economico-nel-centro-di-venezia\/\"><\/a><a href=\"https:\/\/hoteltivoli.it\/it\/hotel-economico-scuola-grande-di-san-rocco-venezia\/\" data-type=\"link\" data-id=\"https:\/\/hoteltivoli.it\/it\/hotel-economico-scuola-grande-di-san-rocco-venezia\/\">.<\/a><\/p>\n\n<\/div>\n<\/div>\n<div id=\"faq-question-1747051306484\" class=\"rank-math-list-item\">\n<h3 class=\"rank-math-question \"><br>Wo kann man in Venedig in einem g\u00fcnstigen Hotel drau\u00dfen fr\u00fchst\u00fccken?<\/h3>\n<div class=\"rank-math-answer \">\n<img loading=\"lazy\" decoding=\"async\" width=\"150\" height=\"150\" src=\"https:\/\/hoteltivoli.it\/wp-content\/uploads\/2025\/05\/Colazione-allaperto-in-hotel-economico-150x150.webp\" class=\"alignright\" alt=\"Colazione all&#039;aperto in hotel economico\" \/>\n<p>Viele Reisende suchen gezielt nach einem Hotel, in dem sie\u00a0<strong>drau\u00dfen fr\u00fchst\u00fccken<\/strong>\u00a0k\u00f6nnen \u2013 am liebsten in der\u00a0<a href=\"https:\/\/hoteltivoli.it\/de\/ein-ruhiges-hotel-im-zentrum-von-venedig\/\">ruhigen<\/a>\u00a0Atmosph\u00e4re eines venezianischen Innenhofs.\u00a0<strong>Das Hotel Tivoli<\/strong>\u00a0ist daf\u00fcr die perfekte Wahl. <br \/><a href=\"https:\/\/hoteltivoli.it\/de\/venedig-guenstiges-hotel-draussen-fruehstuecken\/\" data-type=\"link\" data-id=\"https:\/\/hoteltivoli.it\/de\/venedig-guenstiges-hotel-draussen-fruehstuecken\/\">Lesen Sie f\u00fcr mehr Informationen<\/a><a href=\"https:\/\/hoteltivoli.it\/it\/hotel-tranquillo-economico-nel-centro-di-venezia\/\" data-type=\"link\" data-id=\"https:\/\/hoteltivoli.it\/it\/hotel-tranquillo-economico-nel-centro-di-venezia\/\"><\/a><a href=\"https:\/\/hoteltivoli.it\/it\/hotel-economico-scuola-grande-di-san-rocco-venezia\/\" data-type=\"link\" data-id=\"https:\/\/hoteltivoli.it\/it\/hotel-economico-scuola-grande-di-san-rocco-venezia\/\">.<\/a><\/p>\n\n<\/div>\n<\/div>\n<div id=\"faq-question-1747051409957\" class=\"rank-math-list-item\">\n<h3 class=\"rank-math-question \"><br>Welches ist das g\u00fcnstige Hotel in Venedig, wenn man sich zu Fu\u00df fortbewegen m\u00f6chte?<\/h3>\n<div class=\"rank-math-answer \">\n<img loading=\"lazy\" decoding=\"async\" width=\"150\" height=\"150\" src=\"https:\/\/hoteltivoli.it\/wp-content\/uploads\/2025\/05\/1920x840-19-articolo-copia-150x150.jpg\" class=\"alignright\" alt=\"Hotel economico per muoversi a piedi\" \/>\n<p>Das\u00a0<strong>Hotel Tivoli<\/strong>, im Stadtteil\u00a0<em>Dorsoduro<\/em>\u00a0gelegen, ist eine der besten Optionen f\u00fcr alle, die sich ohne Vaporetto (au\u00dfer zu den Inseln) fortbewegen und das authentischste Venedig erleben m\u00f6chten.<br \/><a href=\"https:\/\/hoteltivoli.it\/de\/guenstiges-hotel-in-venedig-zu-fuss\/\" data-type=\"link\" data-id=\"https:\/\/hoteltivoli.it\/de\/guenstiges-hotel-in-venedig-zu-fuss\/\">Lesen Sie f\u00fcr mehr Informationen<\/a><a href=\"https:\/\/hoteltivoli.it\/it\/hotel-tranquillo-economico-nel-centro-di-venezia\/\" data-type=\"link\" data-id=\"https:\/\/hoteltivoli.it\/it\/hotel-tranquillo-economico-nel-centro-di-venezia\/\"><\/a><a href=\"https:\/\/hoteltivoli.it\/it\/hotel-economico-scuola-grande-di-san-rocco-venezia\/\" data-type=\"link\" data-id=\"https:\/\/hoteltivoli.it\/it\/hotel-economico-scuola-grande-di-san-rocco-venezia\/\">.<\/a><\/p>\n\n<\/div>\n<\/div>\n<div id=\"faq-question-1747051490304\" class=\"rank-math-list-item\">\n<h3 class=\"rank-math-question \"><br>Wo findet man ein g\u00fcnstiges Hotel mit Innenhof in Venedig?<\/h3>\n<div class=\"rank-math-answer \">\n<img loading=\"lazy\" decoding=\"async\" width=\"150\" height=\"150\" src=\"https:\/\/hoteltivoli.it\/wp-content\/uploads\/2025\/05\/Hotel-economico-con-cortile-interno-a-Venezia-150x150.webp\" class=\"alignright\" alt=\"Hotel economico con cortile interno a Venezia\" \/>\n<p>\u00a0In einer Stadt, die so lebendig und faszinierend ist, macht ein\u00a0<strong><a href=\"https:\/\/hoteltivoli.it\/de\/ein-ruhiges-hotel-im-zentrum-von-venedig\/\">ruhiger<\/a>\u00a0Innenhof<\/strong>, in dem man morgens fr\u00fchst\u00fccken oder abends entspannen kann, den Unterschied<br \/><a href=\"https:\/\/hoteltivoli.it\/de\/guenstiges-hotel-mit-innenhof-in-venedig\/\" data-type=\"link\" data-id=\"https:\/\/hoteltivoli.it\/de\/guenstiges-hotel-mit-innenhof-in-venedig\/\">Lesen Sie f\u00fcr mehr Informationen<\/a><a href=\"https:\/\/hoteltivoli.it\/it\/hotel-tranquillo-economico-nel-centro-di-venezia\/\" data-type=\"link\" data-id=\"https:\/\/hoteltivoli.it\/it\/hotel-tranquillo-economico-nel-centro-di-venezia\/\"><\/a><a href=\"https:\/\/hoteltivoli.it\/it\/hotel-economico-scuola-grande-di-san-rocco-venezia\/\" data-type=\"link\" data-id=\"https:\/\/hoteltivoli.it\/it\/hotel-economico-scuola-grande-di-san-rocco-venezia\/\">.<\/a><\/p>\n\n<\/div>\n<\/div>\n<div id=\"faq-question-1747051542167\" class=\"rank-math-list-item\">\n<h3 class=\"rank-math-question \"><br>Welches Hotel ist gut f\u00fcr Familien in Venedig?<\/h3>\n<div class=\"rank-math-answer \">\n<img loading=\"lazy\" decoding=\"async\" width=\"150\" height=\"150\" src=\"https:\/\/hoteltivoli.it\/wp-content\/uploads\/2025\/05\/Hotel-economico-per-famiglie-con-bambini-150x150.webp\" class=\"alignright\" alt=\"Hotel economico per famiglie con bambini\" \/>\n<p>\u00a0Wenn Sie sich fragen,\u00a0<strong>welches Hotel in Venedig gut f\u00fcr Familien mit Kindern ist<\/strong>, dann ist das\u00a0<strong>Hotel Tivoli<\/strong>\u00a0eine ideale Wahl.<br \/><a href=\"https:\/\/hoteltivoli.it\/de\/hotel-fuer-familien-in-venedig\/\" data-type=\"link\" data-id=\"https:\/\/hoteltivoli.it\/de\/hotel-fuer-familien-in-venedig\/\">Lesen Sie f\u00fcr mehr Informationen<\/a><a href=\"https:\/\/hoteltivoli.it\/it\/hotel-tranquillo-economico-nel-centro-di-venezia\/\" data-type=\"link\" data-id=\"https:\/\/hoteltivoli.it\/it\/hotel-tranquillo-economico-nel-centro-di-venezia\/\"><\/a><a href=\"https:\/\/hoteltivoli.it\/it\/hotel-economico-scuola-grande-di-san-rocco-venezia\/\" data-type=\"link\" data-id=\"https:\/\/hoteltivoli.it\/it\/hotel-economico-scuola-grande-di-san-rocco-venezia\/\">.<\/a><\/p>\n\n<\/div>\n<\/div>\n<div id=\"faq-question-1747051599177\" class=\"rank-math-list-item\">\n<h3 class=\"rank-math-question \"><br>Wo in Venedig \u00fcbernachten in einem g\u00fcnstigen Hotel f\u00fcr eine romantische Auszeit?<\/h3>\n<div class=\"rank-math-answer \">\n<img loading=\"lazy\" decoding=\"async\" width=\"150\" height=\"150\" src=\"https:\/\/hoteltivoli.it\/wp-content\/uploads\/2025\/05\/Hotel-economico-per-una-fuga-romantica-150x150.webp\" class=\"alignright\" alt=\"Hotel economico per una fuga romantica\" \/>\n<p>Wer jedoch ein\u00a0<strong>romantische Auszeit in Venedig<\/strong>\u00a0erleben m\u00f6chte, das authentisch, gem\u00fctlich und entspannt ist \u2013 ganz ohne steife F\u00f6rmlichkeiten \u2013, findet im\u00a0<strong>Hotel Tivoli<\/strong>\u00a0die perfekte Unterkunft.<br \/><a href=\"https:\/\/hoteltivoli.it\/de\/guenstiges-hotel-romantische-auszeit-venedig\/\" data-type=\"link\" data-id=\"https:\/\/hoteltivoli.it\/de\/guenstiges-hotel-romantische-auszeit-venedig\/\">Lesen Sie f\u00fcr mehr Informationen<\/a><a href=\"https:\/\/hoteltivoli.it\/it\/hotel-tranquillo-economico-nel-centro-di-venezia\/\" data-type=\"link\" data-id=\"https:\/\/hoteltivoli.it\/it\/hotel-tranquillo-economico-nel-centro-di-venezia\/\"><\/a><a href=\"https:\/\/hoteltivoli.it\/it\/hotel-economico-scuola-grande-di-san-rocco-venezia\/\" data-type=\"link\" data-id=\"https:\/\/hoteltivoli.it\/it\/hotel-economico-scuola-grande-di-san-rocco-venezia\/\">.<\/a><\/p>\n\n<\/div>\n<\/div>\n<div id=\"faq-question-1747051678520\" class=\"rank-math-list-item\">\n<h3 class=\"rank-math-question \"><br>Wo finde ich ein g\u00fcnstiges familiengef\u00fchrtes Hotel in Venedig?<\/h3>\n<div class=\"rank-math-answer \">\n<img loading=\"lazy\" decoding=\"async\" width=\"150\" height=\"150\" src=\"https:\/\/hoteltivoli.it\/wp-content\/uploads\/2025\/05\/Hotel-economico-a-gestione-familiare-150x150.webp\" class=\"alignright\" alt=\"Hotel economico a gestione familiare\" \/>\n<p>Ein familiengef\u00fchrtes Hotel in Venedig zu finden, das\u00a0<strong>zentral gelegen, freundlich, preiswert und<\/strong>\u00a0ist, mag auf den ersten Blick nicht einfach erscheinen. Doch das\u00a0<strong>Hotel Tivoli<\/strong>\u00a0im Stadtteil\u00a0<em>Dorsoduro<\/em>\u00a0vereint genau diese Eigenschaften.<br \/><a href=\"https:\/\/hoteltivoli.it\/de\/venedig-guenstiges-familiengefuehrtes-hotel\/\" data-type=\"link\" data-id=\"https:\/\/hoteltivoli.it\/de\/venedig-guenstiges-familiengefuehrtes-hotel\/\">Lesen Sie f\u00fcr mehr Informationen<\/a><a href=\"https:\/\/hoteltivoli.it\/it\/hotel-tranquillo-economico-nel-centro-di-venezia\/\" data-type=\"link\" data-id=\"https:\/\/hoteltivoli.it\/it\/hotel-tranquillo-economico-nel-centro-di-venezia\/\"><\/a><a href=\"https:\/\/hoteltivoli.it\/it\/hotel-economico-scuola-grande-di-san-rocco-venezia\/\" data-type=\"link\" data-id=\"https:\/\/hoteltivoli.it\/it\/hotel-economico-scuola-grande-di-san-rocco-venezia\/\">.<\/a><\/p>\n\n<\/div>\n<\/div>\n<div id=\"faq-question-1747051737578\" class=\"rank-math-list-item\">\n<h3 class=\"rank-math-question \"><br>Wo finde ich ein g\u00fcnstiges Hotel mit gutem Preis-Leistungs-Verh\u00e4ltnis in Venedig?<\/h3>\n<div class=\"rank-math-answer \">\n<img loading=\"lazy\" decoding=\"async\" width=\"150\" height=\"150\" src=\"https:\/\/hoteltivoli.it\/wp-content\/uploads\/2025\/05\/Hotel-economico-con-ottimo-rapporto-qualita-prezzo-150x150.webp\" class=\"alignright\" alt=\"Hotel economico con ottimo rapporto qualita\u0300-prezzo\" \/>\n<p>Wenn du dich fragst, wo man in Venedig in einem g\u00fcnstigen Hotel mit einem ausgezeichneten Preis-Leistungs-Verh\u00e4ltnis \u00fcbernachten kann, ist das\u00a0<strong>Hotel Tivoli<\/strong>\u00a0die ideale Antwort.<br \/><a href=\"https:\/\/hoteltivoli.it\/de\/hotel-preis-leistungs-verhaeltnis-venedig\/\" data-type=\"link\" data-id=\"https:\/\/hoteltivoli.it\/de\/hotel-preis-leistungs-verhaeltnis-venedig\/\">Lesen Sie f\u00fcr mehr Informationen<\/a><a href=\"https:\/\/hoteltivoli.it\/it\/hotel-tranquillo-economico-nel-centro-di-venezia\/\" data-type=\"link\" data-id=\"https:\/\/hoteltivoli.it\/it\/hotel-tranquillo-economico-nel-centro-di-venezia\/\"><\/a><a href=\"https:\/\/hoteltivoli.it\/it\/hotel-economico-scuola-grande-di-san-rocco-venezia\/\" data-type=\"link\" data-id=\"https:\/\/hoteltivoli.it\/it\/hotel-economico-scuola-grande-di-san-rocco-venezia\/\">.<\/a><\/p>\n\n<\/div>\n<\/div>\n<div id=\"faq-question-1747051797821\" class=\"rank-math-list-item\">\n<h3 class=\"rank-math-question \"><br>Wo findet man ein g\u00fcnstiges Hotel in der N\u00e4he von Markusplatz?<\/h3>\n<div class=\"rank-math-answer \">\n<img loading=\"lazy\" decoding=\"async\" width=\"150\" height=\"150\" src=\"https:\/\/hoteltivoli.it\/wp-content\/uploads\/2025\/05\/Hotel-economico-vicino-a-Piazza-San-Marco-150x150.webp\" class=\"alignright\" alt=\"Hotel economico vicino a Piazza San Marco\" \/>\n<p>Dabei gibt es eine L\u00f6sung, die\u00a0<strong>N\u00e4he zum Markusplatz, erschwingliche Preise und soliden Komfort<\/strong>\u00a0vereint: das\u00a0<strong>Hotel Tivoli<\/strong>\u00a0im Stadtteil Dorsoduro. <br \/><a href=\"https:\/\/hoteltivoli.it\/de\/guenstiges-hotel-in-der-naehe-von-markusplatz\/\" data-type=\"link\" data-id=\"https:\/\/hoteltivoli.it\/de\/guenstiges-hotel-in-der-naehe-von-markusplatz\/\">Lesen Sie f\u00fcr mehr Informationen<\/a><a href=\"https:\/\/hoteltivoli.it\/it\/hotel-tranquillo-economico-nel-centro-di-venezia\/\" data-type=\"link\" data-id=\"https:\/\/hoteltivoli.it\/it\/hotel-tranquillo-economico-nel-centro-di-venezia\/\"><\/a><a href=\"https:\/\/hoteltivoli.it\/it\/hotel-economico-scuola-grande-di-san-rocco-venezia\/\" data-type=\"link\" data-id=\"https:\/\/hoteltivoli.it\/it\/hotel-economico-scuola-grande-di-san-rocco-venezia\/\">.<\/a><\/p>\n\n<\/div>\n<\/div>\n<div id=\"faq-question-1747051847951\" class=\"rank-math-list-item\">\n<h3 class=\"rank-math-question \"><br>Wo findet man ein g\u00fcnstiges Hotel in der N\u00e4he der Rialtobr\u00fccke?<\/h3>\n<div class=\"rank-math-answer \">\n<img loading=\"lazy\" decoding=\"async\" width=\"150\" height=\"150\" src=\"https:\/\/hoteltivoli.it\/wp-content\/uploads\/2025\/05\/1920x840-21-articolo-150x150.jpg\" class=\"alignright\" alt=\"Hotel economico vicino al Ponte di Rialto\" \/>\n<p>In ihrer N\u00e4he zu \u00fcbernachten gilt oft als Luxus \u2013 doch es gibt eine Alternative, die\u00a0<strong>N\u00e4he zur Rialtobr\u00fccke, erschwingliche Preise und grundlegenden Komfort<\/strong>\u00a0bietet: das\u00a0<strong>Hotel Tivoli<\/strong>, im Herzen des Stadtteils Dorsoduro.<br \/><a href=\"https:\/\/hoteltivoli.it\/de\/guenstiges-hotel-in-der-naehe-der-rialtobruecke\/\" data-type=\"link\" data-id=\"https:\/\/hoteltivoli.it\/de\/guenstiges-hotel-in-der-naehe-der-rialtobruecke\/\">Lesen Sie f\u00fcr mehr Informationen<\/a><a href=\"https:\/\/hoteltivoli.it\/it\/hotel-economico-vicino-al-ponte-di-rialto\/\" data-type=\"link\" data-id=\"https:\/\/hoteltivoli.it\/it\/hotel-economico-vicino-al-ponte-di-rialto\/\"><\/a><a href=\"https:\/\/hoteltivoli.it\/it\/hotel-tranquillo-economico-nel-centro-di-venezia\/\" data-type=\"link\" data-id=\"https:\/\/hoteltivoli.it\/it\/hotel-tranquillo-economico-nel-centro-di-venezia\/\"><\/a><a href=\"https:\/\/hoteltivoli.it\/it\/hotel-economico-scuola-grande-di-san-rocco-venezia\/\" data-type=\"link\" data-id=\"https:\/\/hoteltivoli.it\/it\/hotel-economico-scuola-grande-di-san-rocco-venezia\/\">.<\/a><\/p>\n\n<\/div>\n<\/div>\n<div id=\"faq-question-1747388292923\" class=\"rank-math-list-item\">\n<h3 class=\"rank-math-question \">Wo findet man ein g\u00fcnstiges Hotel in der N\u00e4he des Campo Santa Margherita in Venedig?<\/h3>\n<div class=\"rank-math-answer \">\n<img loading=\"lazy\" decoding=\"async\" width=\"150\" height=\"150\" src=\"https:\/\/hoteltivoli.it\/wp-content\/uploads\/2025\/05\/Hotel-economico-vicino-a-Campo-Santa-Margherita-150x150.webp\" class=\"alignright\" alt=\"g\u00fcnstiges Hotel in der N\u00e4he des Campo Santa Margherita in Venedig\" \/>\n<p>Ein Aufenthalt in der N\u00e4he des Campo Santa Margherita ist ideal f\u00fcr alle, die Venedig auf authentische, zentrale und dabei erschwingliche Weise erleben m\u00f6chten. <br \/><a href=\"https:\/\/hoteltivoli.it\/de\/guenstiges-hotel-campo-santa-margherita-venedig\/\" data-type=\"link\" data-id=\"https:\/\/hoteltivoli.it\/de\/guenstiges-hotel-campo-santa-margherita-venedig\/\">Lesen Sie f\u00fcr mehr Informationen<\/a><a href=\"https:\/\/hoteltivoli.it\/it\/hotel-economico-vicino-al-ponte-di-rialto\/\" data-type=\"link\" data-id=\"https:\/\/hoteltivoli.it\/it\/hotel-economico-vicino-al-ponte-di-rialto\/\"><\/a><a href=\"https:\/\/hoteltivoli.it\/it\/hotel-tranquillo-economico-nel-centro-di-venezia\/\" data-type=\"link\" data-id=\"https:\/\/hoteltivoli.it\/it\/hotel-tranquillo-economico-nel-centro-di-venezia\/\"><\/a>.<\/p>\n\n<\/div>\n<\/div>\n<div id=\"faq-question-1747401502045\" class=\"rank-math-list-item\">\n<h3 class=\"rank-math-question \">Wo kann man in einem g\u00fcnstigen Hotel im Stadtteil Dorsoduro in Venedig \u00fcbernachten?<\/h3>\n<div class=\"rank-math-answer \">\n<img loading=\"lazy\" decoding=\"async\" width=\"150\" height=\"150\" src=\"https:\/\/hoteltivoli.it\/wp-content\/uploads\/2025\/05\/Hotel-economico-a-Dorsoduro-150x150.webp\" class=\"alignright\" alt=\"g\u00fcnstiges Hotel im Stadtteil Dorsoduro in Venedig \u00fcbernachten\" \/>\n<p>Venedig geh\u00f6rt zu den faszinierendsten St\u00e4dten der Welt \u2013 aber es ist nicht immer einfach, die passende Unterkunft zu finden. Wer ein authentisches, ruhiges und zugleich kunstreiches Viertel sucht, f\u00fcr den ist der\u00a0<strong>Stadtteil Dorsoduro<\/strong>\u00a0die perfekte Wahl. Und wenn Sie dabei noch Geld sparen m\u00f6chten, k\u00f6nnte ein\u00a0<strong>g\u00fcnstiges Hotel in Dorsoduro<\/strong>\u00a0wie das\u00a0<strong>Hotel Tivoli<\/strong>\u00a0genau das Richtige f\u00fcr Sie sein.<br \/><a href=\"https:\/\/hoteltivoli.it\/de\/guenstigen-hotel-dorsoduro-venedig-uebernachten\/\" data-type=\"link\" data-id=\"https:\/\/hoteltivoli.it\/de\/guenstigen-hotel-dorsoduro-venedig-uebernachten\/\">Lesen Sie f\u00fcr mehr Informationen<a href=\"https:\/\/hoteltivoli.it\/it\/hotel-economico-vicino-al-ponte-di-rialto\/\" data-type=\"link\" data-id=\"https:\/\/hoteltivoli.it\/it\/hotel-economico-vicino-al-ponte-di-rialto\/\"><\/a><a href=\"https:\/\/hoteltivoli.it\/it\/hotel-tranquillo-economico-nel-centro-di-venezia\/\" data-type=\"link\" data-id=\"https:\/\/hoteltivoli.it\/it\/hotel-tranquillo-economico-nel-centro-di-venezia\/\"><\/a>.<br \/><\/a><\/p>\n\n<\/div>\n<\/div>\n<\/div>\n<\/div>","protected":false},"excerpt":{"rendered":"<p>Planen Sie Ihren Aufenthalt im Hotel Tivoli und haben noch offene Fragen? In diesem Abschnitt beantworten wir die h\u00e4ufigsten Fragen unserer G\u00e4ste \u2013 von Check-in- und Check-out-Zeiten \u00fcber Gep\u00e4ckaufbewahrung bis hin zu Fr\u00fchst\u00fcck, Zimmerausstattung und Lage zu den wichtigsten Sehensw\u00fcrdigkeiten in Venedig. Unser Hotel befindet sich im charmanten Stadtteil Dorsoduro, nur wenige Gehminuten von der [&hellip;]<\/p>\n","protected":false},"author":1,"featured_media":0,"parent":0,"menu_order":0,"comment_status":"closed","ping_status":"closed","template":"","meta":{"_acf_changed":false,"footnotes":""},"class_list":["post-1768","page","type-page","status-publish","hentry"],"acf":[],"_links":{"self":[{"href":"https:\/\/hoteltivoli.it\/de\/wp-json\/wp\/v2\/pages\/1768","targetHints":{"allow":["GET"]}}],"collection":[{"href":"https:\/\/hoteltivoli.it\/de\/wp-json\/wp\/v2\/pages"}],"about":[{"href":"https:\/\/hoteltivoli.it\/de\/wp-json\/wp\/v2\/types\/page"}],"author":[{"embeddable":true,"href":"https:\/\/hoteltivoli.it\/de\/wp-json\/wp\/v2\/users\/1"}],"replies":[{"embeddable":true,"href":"https:\/\/hoteltivoli.it\/de\/wp-json\/wp\/v2\/comments?post=1768"}],"version-history":[{"count":34,"href":"https:\/\/hoteltivoli.it\/de\/wp-json\/wp\/v2\/pages\/1768\/revisions"}],"predecessor-version":[{"id":2060,"href":"https:\/\/hoteltivoli.it\/de\/wp-json\/wp\/v2\/pages\/1768\/revisions\/2060"}],"wp:attachment":[{"href":"https:\/\/hoteltivoli.it\/de\/wp-json\/wp\/v2\/media?parent=1768"}],"curies":[{"name":"wp","href":"https:\/\/api.w.org\/{rel}","templated":true}]}}