{"id":1896,"date":"2025-05-16T08:25:11","date_gmt":"2025-05-16T08:25:11","guid":{"rendered":"https:\/\/hoteltivoli.it\/hotel-economico-campo-santa-margherita-venezia\/"},"modified":"2025-05-16T09:26:03","modified_gmt":"2025-05-16T09:26:03","slug":"guenstiges-hotel-campo-santa-margherita-venedig","status":"publish","type":"page","link":"https:\/\/hoteltivoli.it\/de\/guenstiges-hotel-campo-santa-margherita-venedig\/","title":{"rendered":"Wo findet man ein g\u00fcnstiges Hotel in der N\u00e4he des Campo Santa Margherita in Venedig?"},"content":{"rendered":"\n<p>Ein Aufenthalt in der N\u00e4he des Campo Santa Margherita ist ideal f\u00fcr alle, die Venedig auf authentische, zentrale und dabei erschwingliche Weise erleben m\u00f6chten. Oft denkt man, dass eine Unterkunft im Herzen der Stadt automatisch teuer sein muss \u2013 das muss aber nicht immer so sein. Wer also ein <strong>preiswertes Hotel in der N\u00e4he von Campo Santa Margherita<\/strong> sucht, sollte sich das <strong>Hotel Tivoli<\/strong> unbedingt anschauen.<\/p>\n\n\n\n<h3 class=\"wp-block-heading\">Warum gerade der Campo Santa Margherita?<\/h3>\n\n\n\n<p>Der Campo Santa Margherita geh\u00f6rt zu den lebendigsten Pl\u00e4tzen Venedigs. Er liegt im Stadtteil Dorsoduro und ist besonders bei Einheimischen, Studenten und jungen Reisenden beliebt. Am Abend f\u00fcllt sich der Platz mit Leben: typische Bars, Caf\u00e9s, Gelaterias und kleine Buchhandlungen schaffen eine authentische und entspannte Atmosph\u00e4re.<\/p>\n\n\n\n<p>Wenn Sie in dieser Gegend \u00fcbernachten, k\u00f6nnen Sie:<\/p>\n\n\n\n<ul class=\"wp-block-list\">\n<li><strong>Wichtige Sehensw\u00fcrdigkeiten wie die <em><a href=\"https:\/\/hoteltivoli.it\/de\/guenstiges-hotel-scuola-grande-di-san-rocco-venedig\/\" data-type=\"link\" data-id=\"https:\/\/hoteltivoli.it\/de\/guenstiges-hotel-scuola-grande-di-san-rocco-venedig\/\">Scuola Grande di San Rocco<\/a><\/em><\/strong> oder die <strong><a href=\"https:\/\/hoteltivoli.it\/de\/guenstiges-hotel-basilika-dei-frari-in-venedig\/\" data-type=\"link\" data-id=\"https:\/\/hoteltivoli.it\/de\/guenstiges-hotel-basilika-dei-frari-in-venedig\/\">Basilika dei Frari<\/a><\/strong> bequem zu Fu\u00df erreichen<\/li>\n\n\n\n<li>Zwischen <strong><em><a href=\"https:\/\/hoteltivoli.it\/de\/guenstiges-hotel-bahnhof-venezia-santa-lucia\/\" data-type=\"link\" data-id=\"https:\/\/hoteltivoli.it\/de\/guenstiges-hotel-bahnhof-venezia-santa-lucia\/\">Piazzale Roma<\/a><\/em><\/strong> (Busbahnhof und Parkhaus) und dem charmanten <strong>Campo San Barnaba<\/strong> wohnen<\/li>\n\n\n\n<li>Den Alltag der Venezianer direkt miterleben, weit weg vom touristischen Trubel, aber trotzdem ganz zentral<\/li>\n<\/ul>\n\n\n\n<p>Kurz gesagt: Wer gerne durch die Gassen schlendert, die lokale Kultur aufsaugt und bei einem Glas Wein den Tag ausklingen lassen m\u00f6chte, ist hier genau richtig.<\/p>\n\n\n\n<h3 class=\"wp-block-heading\">Ein g\u00fcnstiges Hotel mitten in Venedig<\/h3>\n\n\n\n<p>Das <strong>Hotel Tivoli<\/strong> liegt strategisch ideal \u2013 <strong><a href=\"https:\/\/hoteltivoli.it\/de\/ein-ruhiges-hotel-im-zentrum-von-venedig\/\" data-type=\"link\" data-id=\"https:\/\/hoteltivoli.it\/de\/ein-ruhiges-hotel-im-zentrum-von-venedig\/\">ruhig<\/a>, aber zentral<\/strong> \u2013, zwischen dem Campo Santa Margherita und der Vaporetto-Haltestelle <strong>San Tom\u00e0<\/strong>. In nur 10 Gehminuten erreicht man den <strong>Bahnhof Santa Lucia<\/strong> oder den <strong>Piazzale Roma<\/strong>. Der <strong>Rialtobr\u00fccke<\/strong> ist in rund 15 Minuten zu Fu\u00df erreichbar, den <strong>Markusplatz<\/strong> erreicht man in etwa 20\u201325 Minuten zu Fu\u00df.<\/p>\n\n\n\n<p>Das bedeutet: Sie k\u00f6nnen <strong>ganz Venedig zu Fu\u00df erkunden<\/strong>, ohne st\u00e4ndig auf den Vaporetto angewiesen zu sein. Gerade f\u00fcr Reisende mit begrenztem Budget ist das ein gro\u00dfer Vorteil.<\/p>\n\n\n\n<h3 class=\"wp-block-heading\">Was das Hotel Tivoli bietet<\/h3>\n\n\n\n<p>Obwohl es als <strong>2-Sterne-Hotel<\/strong> klassifiziert ist, bietet das Hotel Tivoli eine durchweg positive Erfahrung f\u00fcr alle, die eine einfache, gepflegte und zentrale Unterkunft in Venedig suchen.<\/p>\n\n\n\n<p><strong>Was Sie erwartet bei Hotel Tivoli:<\/strong><\/p>\n\n\n\n<ul class=\"wp-block-list\">\n<li><strong>Saubere, klimatisierte <a href=\"https:\/\/hoteltivoli.it\/de\/zimmer\/\" data-type=\"link\" data-id=\"https:\/\/hoteltivoli.it\/de\/zimmer\/\">Zimmer<\/a><\/strong>, teilweise mit Blick auf einen h\u00fcbschen Innenhof<\/li>\n\n\n\n<li><strong>Kostenloses WLAN<\/strong> im gesamten Hotel<\/li>\n\n\n\n<li><strong>Fr\u00fchst\u00fcck inklusive<\/strong>, mit s\u00fc\u00dfen und herzhaften Speisen (Croissants, Kuchen, Brot, Aufschnitt, Joghurt, M\u00fcsli\u2026)<\/li>\n\n\n\n<li>Freundliches, hilfsbereites Personal an der Rezeption<\/li>\n\n\n\n<li>M\u00f6glichkeit, das <strong>Gep\u00e4ck nach dem Auschecken aufzubewahren<\/strong><\/li>\n\n\n\n<li>Wahl zwischen <strong>Zimmern mit eigenem oder Gemeinschaftsbad<\/strong>, je nach Budget und Komfortwunsch<\/li>\n<\/ul>\n\n\n\n<p>Wer ein zentrales, g\u00fcnstiges und unkompliziertes Hotel in Venedig sucht, ist hier genau richtig.<\/p>\n\n\n\n<h3 class=\"wp-block-heading\">Perfekt f\u00fcr preisbewusste Reisende<\/h3>\n\n\n\n<p>Die Gegend rund um Campo Santa Margherita ist ideal f\u00fcr <strong>junge <a href=\"https:\/\/hoteltivoli.it\/de\/guenstiges-hotel-romantische-auszeit-venedig\/\" data-type=\"link\" data-id=\"https:\/\/hoteltivoli.it\/de\/guenstiges-hotel-romantische-auszeit-venedig\/\">Paare<\/a><\/strong>, <strong>Freundesgruppen<\/strong> und auch <strong><a href=\"https:\/\/hoteltivoli.it\/de\/hotel-fuer-familien-in-venedig\/\" data-type=\"link\" data-id=\"https:\/\/hoteltivoli.it\/de\/hotel-fuer-familien-in-venedig\/\">Familien<\/a><\/strong> mit \u00e4lteren Kindern. Abends kann man hier gut und g\u00fcnstig essen, ein Glas Spritz trinken und anschlie\u00dfend in wenigen Minuten zum Hotel zur\u00fcckkehren.<\/p>\n\n\n\n<p>Viele G\u00e4ste w\u00e4hlen das Hotel Tivoli, weil sie:<\/p>\n\n\n\n<ul class=\"wp-block-list\">\n<li>Eine <strong>zentrale Lage<\/strong> bevorzugen, ohne mitten im Touristentrubel zu sein<\/li>\n\n\n\n<li><strong>Ruhig schlafen<\/strong> m\u00f6chten, aber trotzdem in einer lebendigen Gegend wohnen<\/li>\n\n\n\n<li><strong>Ein Hotel mit Fr\u00fchst\u00fcck inklusive<\/strong> suchen, das bezahlbar bleibt<\/li>\n\n\n\n<li><strong>Ganz Venedig zu Fu\u00df erkunden<\/strong> m\u00f6chten, ohne st\u00e4ndig ein Boot nehmen zu m\u00fcssen<\/li>\n<\/ul>\n\n\n\n<h3 class=\"wp-block-heading\">Sehensw\u00fcrdigkeiten in der N\u00e4he<\/h3>\n\n\n\n<p>Folgende Highlights erreichen Sie in <strong>weniger als 10 Gehminuten<\/strong>:<\/p>\n\n\n\n<ul class=\"wp-block-list\">\n<li><strong>Scuola Grande di San Rocco<\/strong> (3 Minuten)<\/li>\n\n\n\n<li><strong>Die<\/strong> <strong>Basilika dei Frari<\/strong> (5 Minuten)<\/li>\n\n\n\n<li><strong>Campo Santa Margherita<\/strong> (2 Minuten)<\/li>\n\n\n\n<li><strong>Ca\u2019 Rezzonico<\/strong> und das Ufer von <strong>Zattere<\/strong> (10 Minuten)<\/li>\n\n\n\n<li><strong>Bahnhof von Venedig Santa Lucia<\/strong> (10 Minuten)<\/li>\n\n\n\n<li><strong>Rialtobr\u00fccke<\/strong> (15 Minuten)<\/li>\n\n\n\n<li><strong><a href=\"https:\/\/hoteltivoli.it\/de\/guenstiges-hotel-in-der-naehe-von-markusplatz\/\" data-type=\"link\" data-id=\"https:\/\/hoteltivoli.it\/de\/guenstiges-hotel-in-der-naehe-von-markusplatz\/\">Markusplatz<\/a><\/strong> (25 Minuten, sch\u00f6ner Spaziergang durch Venedigs Gassen)<\/li>\n<\/ul>\n\n\n\n<p>Wenn Sie Inseln wie <strong>Murano<\/strong>, <strong>Burano<\/strong> oder <strong>Torcello<\/strong> besuchen m\u00f6chten, ist die Vaporetto-Haltestelle <strong>San Tom\u00e0<\/strong> nur wenige Schritte entfernt.<\/p>\n\n\n\n<h3 class=\"wp-block-heading\">Buchen Sie direkt auf unserer offiziellen Website<\/h3>\n\n\n\n<p>F\u00fcr die <strong>besten verf\u00fcgbaren Preise<\/strong>, die M\u00f6glichkeit, bestimmte Zimmer anzufragen, und um direkt mit unserem Team zu kommunizieren, <strong><a href=\"https:\/\/hoteltivoli.it\/de\/\" data-type=\"link\" data-id=\"https:\/\/hoteltivoli.it\/de\/\">buchen Sie jetzt \u00fcber die offizielle Website des Hotel Tivoli<\/a><\/strong>. Ihr Venedig-Abenteuer beginnt hier \u2013 unkompliziert, zentral und bezahlbar.<\/p>\n","protected":false},"excerpt":{"rendered":"<p>Ein Aufenthalt in der N\u00e4he des Campo Santa Margherita ist ideal f\u00fcr alle, die Venedig auf authentische, zentrale und dabei erschwingliche Weise erleben m\u00f6chten. Oft denkt man, dass eine Unterkunft im Herzen der Stadt automatisch teuer sein muss \u2013 das muss aber nicht immer so sein. Wer also ein preiswertes Hotel in der N\u00e4he von [&hellip;]<\/p>\n","protected":false},"author":1,"featured_media":1903,"parent":0,"menu_order":0,"comment_status":"closed","ping_status":"closed","template":"","meta":{"_acf_changed":false,"footnotes":""},"class_list":["post-1896","page","type-page","status-publish","has-post-thumbnail","hentry"],"acf":[],"_links":{"self":[{"href":"https:\/\/hoteltivoli.it\/de\/wp-json\/wp\/v2\/pages\/1896","targetHints":{"allow":["GET"]}}],"collection":[{"href":"https:\/\/hoteltivoli.it\/de\/wp-json\/wp\/v2\/pages"}],"about":[{"href":"https:\/\/hoteltivoli.it\/de\/wp-json\/wp\/v2\/types\/page"}],"author":[{"embeddable":true,"href":"https:\/\/hoteltivoli.it\/de\/wp-json\/wp\/v2\/users\/1"}],"replies":[{"embeddable":true,"href":"https:\/\/hoteltivoli.it\/de\/wp-json\/wp\/v2\/comments?post=1896"}],"version-history":[{"count":3,"href":"https:\/\/hoteltivoli.it\/de\/wp-json\/wp\/v2\/pages\/1896\/revisions"}],"predecessor-version":[{"id":1914,"href":"https:\/\/hoteltivoli.it\/de\/wp-json\/wp\/v2\/pages\/1896\/revisions\/1914"}],"wp:featuredmedia":[{"embeddable":true,"href":"https:\/\/hoteltivoli.it\/de\/wp-json\/wp\/v2\/media\/1903"}],"wp:attachment":[{"href":"https:\/\/hoteltivoli.it\/de\/wp-json\/wp\/v2\/media?parent=1896"}],"curies":[{"name":"wp","href":"https:\/\/api.w.org\/{rel}","templated":true}]}}