{"id":837,"date":"2024-03-20T16:40:21","date_gmt":"2024-03-20T16:40:21","guid":{"rendered":"https:\/\/staging.hoteltivoli.it\/about-us\/"},"modified":"2025-05-08T10:42:05","modified_gmt":"2025-05-08T10:42:05","slug":"uber-uns","status":"publish","type":"page","link":"https:\/\/hoteltivoli.it\/de\/uber-uns\/","title":{"rendered":"\u00dcber uns"},"content":{"rendered":"\n<div class=\"wp-block-columns is-layout-flex wp-container-core-columns-is-layout-9d6595d7 wp-block-columns-is-layout-flex\">\n<div class=\"wp-block-column is-layout-flow wp-block-column-is-layout-flow\" style=\"flex-basis:50%\">\n<figure class=\"wp-block-image size-large\"><img loading=\"lazy\" decoding=\"async\" width=\"1024\" height=\"569\" src=\"https:\/\/hoteltivoli.it\/wp-content\/uploads\/2024\/03\/Team_1-1024x569.jpg\" alt=\"\" class=\"wp-image-614\" srcset=\"https:\/\/hoteltivoli.it\/wp-content\/uploads\/2024\/03\/Team_1-1024x569.jpg 1024w, https:\/\/hoteltivoli.it\/wp-content\/uploads\/2024\/03\/Team_1-300x167.jpg 300w, https:\/\/hoteltivoli.it\/wp-content\/uploads\/2024\/03\/Team_1-768x427.jpg 768w, https:\/\/hoteltivoli.it\/wp-content\/uploads\/2024\/03\/Team_1-1536x853.jpg 1536w, https:\/\/hoteltivoli.it\/wp-content\/uploads\/2024\/03\/Team_1-2048x1138.jpg 2048w\" sizes=\"auto, (max-width: 1024px) 100vw, 1024px\" \/><\/figure>\n<\/div>\n\n\n\n<div class=\"wp-block-column is-layout-flow wp-block-column-is-layout-flow\" style=\"flex-basis:50%\">\n<p>Willkommen im Hotel Tivoli, einem familiengef\u00fchrten Hotel im Herzen von Venedig, das seit 70 Jahren mit Leidenschaft und Hingabe von unserer Familie gef\u00fchrt wird und Sie mit gro\u00dfer Freude empf\u00e4ngt.<br>Unser Team steht Ihnen mit Rat und Tat zur Seite und sorgt daf\u00fcr, dass sich jeder Gast bei uns wohlf\u00fchlt.<br>Wir freuen uns daher, Sie in unserem Hotel begr\u00fc\u00dfen zu d\u00fcrfen.<\/p>\n<\/div>\n<\/div>\n","protected":false},"excerpt":{"rendered":"<p>Willkommen im Hotel Tivoli, einem familiengef\u00fchrten Hotel im Herzen von Venedig, das seit 70 Jahren mit Leidenschaft und Hingabe von unserer Familie gef\u00fchrt wird und Sie mit gro\u00dfer Freude empf\u00e4ngt.Unser Team steht Ihnen mit Rat und Tat zur Seite und sorgt daf\u00fcr, dass sich jeder Gast bei uns wohlf\u00fchlt.Wir freuen uns daher, Sie in unserem [&hellip;]<\/p>\n","protected":false},"author":1,"featured_media":0,"parent":0,"menu_order":0,"comment_status":"closed","ping_status":"closed","template":"","meta":{"_acf_changed":false,"footnotes":""},"class_list":["post-837","page","type-page","status-publish","hentry"],"acf":[],"_links":{"self":[{"href":"https:\/\/hoteltivoli.it\/de\/wp-json\/wp\/v2\/pages\/837","targetHints":{"allow":["GET"]}}],"collection":[{"href":"https:\/\/hoteltivoli.it\/de\/wp-json\/wp\/v2\/pages"}],"about":[{"href":"https:\/\/hoteltivoli.it\/de\/wp-json\/wp\/v2\/types\/page"}],"author":[{"embeddable":true,"href":"https:\/\/hoteltivoli.it\/de\/wp-json\/wp\/v2\/users\/1"}],"replies":[{"embeddable":true,"href":"https:\/\/hoteltivoli.it\/de\/wp-json\/wp\/v2\/comments?post=837"}],"version-history":[{"count":2,"href":"https:\/\/hoteltivoli.it\/de\/wp-json\/wp\/v2\/pages\/837\/revisions"}],"predecessor-version":[{"id":982,"href":"https:\/\/hoteltivoli.it\/de\/wp-json\/wp\/v2\/pages\/837\/revisions\/982"}],"wp:attachment":[{"href":"https:\/\/hoteltivoli.it\/de\/wp-json\/wp\/v2\/media?parent=837"}],"curies":[{"name":"wp","href":"https:\/\/api.w.org\/{rel}","templated":true}]}}