{"id":847,"date":"2024-03-15T14:03:41","date_gmt":"2024-03-15T14:03:41","guid":{"rendered":"https:\/\/staging.hoteltivoli.it\/contacts\/"},"modified":"2025-05-08T10:30:19","modified_gmt":"2025-05-08T10:30:19","slug":"kontakte","status":"publish","type":"page","link":"https:\/\/hoteltivoli.it\/de\/kontakte\/","title":{"rendered":"Kontakte"},"content":{"rendered":"\n<div class=\"wp-block-columns is-layout-flex wp-container-core-columns-is-layout-9d6595d7 wp-block-columns-is-layout-flex\">\n<div class=\"wp-block-column is-layout-flow wp-block-column-is-layout-flow\">\n<h4 class=\"wp-block-heading\"><strong>Hotel Tivoli <\/strong><\/h4>\n\n\n\n<p>Dorsoduro, 3838<br>Venezia<br><a href=\"http:\/\/staging.hoteltivoli.it\/location\/\">View Map<\/a><\/p>\n<\/div>\n\n\n\n<div class=\"wp-block-column is-layout-flow wp-block-column-is-layout-flow\">\n<p><strong>Empfang:<\/strong> 7 Uhr bis 21 Uhr (nach 21 Uhr sind die Mitarbeiter unter der Nummer +39 041 5242460 erreichbar)<\/p>\n\n\n\n<p><strong>Check-in:<\/strong> 13.00 Uhr; Sie k\u00f6nnen Ihre Sachen im Hotel lassen, wenn Sie vor der angegebenen Zeit ankommen.<\/p>\n\n\n\n<p><strong>Self Chek-in:<\/strong>\u00a0Wenn Sie nach 21.00 Uhr ankommen, setzen Sie sich bitte per E-Mail mit uns in Verbindung (info@hoteltivoli.it), damit wir Ihnen alle Informationen zusenden k\u00f6nnen, die Sie ben\u00f6tigen, um Ihr Zimmer in Besitz zu nehmen.<\/p>\n\n\n\n<p><strong>Check-out:\u00a0<\/strong>10:30 Uhr, Sie k\u00f6nnen Ihre pers\u00f6nlichen Gegenst\u00e4nde bis zu Ihrer Abreise im Hotel lassen.<\/p>\n<\/div>\n<\/div>\n","protected":false},"excerpt":{"rendered":"<p>Hotel Tivoli Dorsoduro, 3838VeneziaView Map Empfang: 7 Uhr bis 21 Uhr (nach 21 Uhr sind die Mitarbeiter unter der Nummer +39 041 5242460 erreichbar) Check-in: 13.00 Uhr; Sie k\u00f6nnen Ihre Sachen im Hotel lassen, wenn Sie vor der angegebenen Zeit ankommen. Self Chek-in:\u00a0Wenn Sie nach 21.00 Uhr ankommen, setzen Sie sich bitte per E-Mail mit [&hellip;]<\/p>\n","protected":false},"author":1,"featured_media":616,"parent":0,"menu_order":0,"comment_status":"closed","ping_status":"closed","template":"templates\/contatti.php","meta":{"_acf_changed":false,"footnotes":""},"class_list":["post-847","page","type-page","status-publish","has-post-thumbnail","hentry"],"acf":[],"_links":{"self":[{"href":"https:\/\/hoteltivoli.it\/de\/wp-json\/wp\/v2\/pages\/847","targetHints":{"allow":["GET"]}}],"collection":[{"href":"https:\/\/hoteltivoli.it\/de\/wp-json\/wp\/v2\/pages"}],"about":[{"href":"https:\/\/hoteltivoli.it\/de\/wp-json\/wp\/v2\/types\/page"}],"author":[{"embeddable":true,"href":"https:\/\/hoteltivoli.it\/de\/wp-json\/wp\/v2\/users\/1"}],"replies":[{"embeddable":true,"href":"https:\/\/hoteltivoli.it\/de\/wp-json\/wp\/v2\/comments?post=847"}],"version-history":[{"count":3,"href":"https:\/\/hoteltivoli.it\/de\/wp-json\/wp\/v2\/pages\/847\/revisions"}],"predecessor-version":[{"id":981,"href":"https:\/\/hoteltivoli.it\/de\/wp-json\/wp\/v2\/pages\/847\/revisions\/981"}],"wp:featuredmedia":[{"embeddable":true,"href":"https:\/\/hoteltivoli.it\/de\/wp-json\/wp\/v2\/media\/616"}],"wp:attachment":[{"href":"https:\/\/hoteltivoli.it\/de\/wp-json\/wp\/v2\/media?parent=847"}],"curies":[{"name":"wp","href":"https:\/\/api.w.org\/{rel}","templated":true}]}}