{"id":1188,"date":"2025-05-07T08:49:55","date_gmt":"2025-05-07T08:49:55","guid":{"rendered":"https:\/\/hoteltivoli.it\/?page_id=1188"},"modified":"2025-06-04T07:38:49","modified_gmt":"2025-06-04T07:38:49","slug":"hotel-economico-scuola-grande-di-san-rocco-venecia","status":"publish","type":"page","link":"https:\/\/hoteltivoli.it\/es\/hotel-economico-scuola-grande-di-san-rocco-venecia\/","title":{"rendered":"\u00bfD\u00f3nde encontrar un hotel econ\u00f3mico cerca de la Scuola Grande di San Rocco en Venecia?"},"content":{"rendered":"\n<p>Si est\u00e1s buscando un hotel c\u00f3modo para visitar la <em>Scuola<strong> Grande di San Rocco<\/strong><\/em> en Venecia, el Hotel Tivoli es la soluci\u00f3n ideal. Situado a menos de tres minutos a pie de esta obra maestra del Renacimiento, el hotel ofrece una estancia confortable en el coraz\u00f3n del barrio de <strong><em>Dorsoduro<\/em><\/strong>, a pocos pasos tambi\u00e9n de la <a href=\"https:\/\/hoteltivoli.it\/es\/alojarse-la-basilica-dei-frari-en-venecia\/\" data-type=\"link\" data-id=\"https:\/\/hoteltivoli.it\/es\/alojarse-la-basilica-dei-frari-en-venecia\/\">Bas\u00edlica dei Frari<\/a>. Gracias a su ubicaci\u00f3n estrat\u00e9gica, su gesti\u00f3n familiar y su ambiente relajado, el Hotel Tivoli es perfecto para quienes desean descubrir los tesoros art\u00edsticos de la ciudad de la laguna a pie y sin estr\u00e9s.<\/p>\n\n\n\n<h2 class=\"wp-block-heading\">Una obra maestra veneciana a pocos pasos del hotel<\/h2>\n\n\n\n<p>La <em>Scuola Grande di San Rocco<\/em> es considerada la \u201c<strong>Capilla Sixtina<\/strong>\u201d de <strong>Venecia<\/strong> por los extraordinarios ciclos pict\u00f3ricos realizados por Jacopo Tintoretto. El edificio, sede de una cofrad\u00eda laica fundada en el siglo XV, es hoy uno de los museos de arte m\u00e1s fascinantes de la ciudad. En su interior se encuentran decenas de lienzos de <strong>Tintoretto<\/strong>, distribuidos entre la planta baja, la sala capitular y la sala del albergo. Cada estancia est\u00e1 decorada con suelos de m\u00e1rmol policromado, estucos y maderas talladas, convirtiendo la visita en una experiencia inmersiva del Renacimiento veneciano tard\u00edo.<\/p>\n\n\n\n<p>Alojarse a menos de tres minutos permite no solo visitarla c\u00f3modamente, sino tambi\u00e9n regresar en distintos momentos del d\u00eda para apreciar mejor sus detalles con diferentes luces.<\/p>\n\n\n\n<h2 class=\"wp-block-heading\">Hotel Tivoli: ubicaci\u00f3n ideal para amantes del arte<\/h2>\n\n\n\n<p>El Hotel Tivoli se encuentra en la <strong><em>Crosera San Pantalon<\/em><\/strong>, una calle peque\u00f1a, tranquila y t\u00edpicamente veneciana que conecta <strong><em>San Rocco<\/em> con el<\/strong> <em><strong>Campo Santa Margherita<\/strong><\/em>. Esta ubicaci\u00f3n permite a los hu\u00e9spedes llegar f\u00e1cilmente no solo a la Scuola Grande di San Rocco, sino tambi\u00e9n a otros lugares emblem\u00e1ticos como la Bas\u00edlica dei Frari, las Galer\u00edas de la Academia, el <a href=\"https:\/\/hoteltivoli.it\/es\/hotel-economico-cerca-del-puente-de-rialto\/\" data-type=\"link\" data-id=\"https:\/\/hoteltivoli.it\/es\/hotel-economico-cerca-del-puente-de-rialto\/\">Puente de Rialt<\/a>o y la <a href=\"https:\/\/hoteltivoli.it\/es\/hotel-economico-plaza-de-san-marcos\/\" data-type=\"link\" data-id=\"https:\/\/hoteltivoli.it\/es\/hotel-economico-plaza-de-san-marcos\/\">Plaza de San Marcos<\/a>. Adem\u00e1s, la parada del <em><a href=\"https:\/\/actv.avmspa.it\/en\" data-type=\"link\" data-id=\"https:\/\/actv.avmspa.it\/en\" rel=\"nofollow noopener\" target=\"_blank\">vaporetto <strong>San Tom\u00e0<\/strong><\/a><\/em> est\u00e1 a solo 4 minutos, lo que facilita los desplazamientos a las islas o al Lido.<\/p>\n\n\n\n<p>La estaci\u00f3n de tren de Santa Luc\u00eda y <em>Piazzale Roma<\/em> se encuentran a menos de 10 minutos a pie, lo que hace que el hotel sea f\u00e1cilmente accesible incluso con equipaje.<\/p>\n\n\n\n<h2 class=\"wp-block-heading\">Silencio y comodidad en pleno centro<\/h2>\n\n\n\n<p>Aunque se encuentra en una de las zonas art\u00edsticamente m\u00e1s vivas de la ciudad, el Hotel Tivoli es valorado por su <strong><a href=\"https:\/\/hoteltivoli.it\/es\/hotel-tranquilo-en-el-centro-de-venecia\/\" data-type=\"link\" data-id=\"https:\/\/hoteltivoli.it\/es\/hotel-tranquilo-en-el-centro-de-venecia\/\">tranquilidad<\/a><\/strong>. Las <a href=\"https:\/\/hoteltivoli.it\/es\/habitaciones\/\" data-type=\"link\" data-id=\"https:\/\/hoteltivoli.it\/es\/habitaciones\/\">habitaciones<\/a> dan a una calle lateral o al patio interior y cuentan con todo lo necesario para una estancia <strong>confortable<\/strong>: aire acondicionado, ba\u00f1o privado, wifi gratuito y r\u00e1pido, secador de pelo, caja fuerte (en algunas habitaciones) y televisi\u00f3n. Algunas habitaciones tambi\u00e9n disponen de minibar.<\/p>\n\n\n\n<p>Muchos hu\u00e9spedes elogian la limpieza, la tranquilidad nocturna y el ambiente relajado, factores importantes tras un d\u00eda entre museos, iglesias y palacios.<\/p>\n\n\n\n<h2 class=\"wp-block-heading\">Desayuno incluido, tambi\u00e9n al aire libre<\/h2>\n\n\n\n<p>Cada ma\u00f1ana el hotel ofrece un <strong><a href=\"https:\/\/hoteltivoli.it\/es\/desayunar-al-aire-libre-en-un-hotel-en-venecia\/\" data-type=\"link\" data-id=\"https:\/\/hoteltivoli.it\/es\/desayunar-al-aire-libre-en-un-hotel-en-venecia\/\">desayuno<\/a> variado y abundante<\/strong>, incluido en la estancia. El buf\u00e9 incluye opciones dulces y saladas: cruasanes, pan, tartas, mermeladas, cereales, yogur, embutidos, quesos, zumos y bebidas calientes preparadas al momento. Durante los meses m\u00e1s c\u00e1lidos, se puede disfrutar del desayuno en <strong>el <a href=\"https:\/\/hoteltivoli.it\/es\/hotel-economico-con-patio-interior-en-venecia\/\" data-type=\"link\" data-id=\"https:\/\/hoteltivoli.it\/es\/hotel-economico-con-patio-interior-en-venecia\/\">patio interior<\/a><\/strong>, un peque\u00f1o rinc\u00f3n verde con mesas al aire libre para comenzar el d\u00eda con tranquilidad.<\/p>\n\n\n\n<p>Muchos hu\u00e9spedes describen esta experiencia como uno de los momentos m\u00e1s agradables de su estancia.<\/p>\n\n\n\n<h2 class=\"wp-block-heading\">Una acogida aut\u00e9ntica con gesti\u00f3n familiar<\/h2>\n\n\n\n<p>El Hotel Tivoli ha sido <strong>gestionado por la misma <a href=\"https:\/\/hoteltivoli.it\/es\/venecia-hotel-economico-de-gestion-familiar\/\" data-type=\"link\" data-id=\"https:\/\/hoteltivoli.it\/es\/venecia-hotel-economico-de-gestion-familiar\/\">familia<\/a> durante tres generaciones<\/strong>. Esto se refleja en la atenci\u00f3n personalizada a cada hu\u00e9sped, en la disponibilidad del personal y en el ambiente acogedor. El equipo habla varios idiomas, entre ellos ingl\u00e9s, franc\u00e9s y espa\u00f1ol, y siempre est\u00e1 dispuesto a recomendar rutas personalizadas, restaurantes t\u00edpicos y rincones poco conocidos.<\/p>\n\n\n\n<p>Tanto si viajas solo, en pareja o con amigos, encontrar\u00e1s en el hotel un equilibrio perfecto entre sencillez y atenci\u00f3n.<\/p>\n\n\n\n<h2 class=\"wp-block-heading\">Descubre Venecia a pie desde San Rocco<\/h2>\n\n\n\n<p>Alojarse junto a la <em>Scuola Grande di San Rocco<\/em> ofrece un acceso privilegiado no solo a la cultura, sino tambi\u00e9n a la Venecia m\u00e1s aut\u00e9ntica. A pocos minutos se encuentra el <em>Campo Santa Margherita<\/em>, lugar de encuentro habitual de los venecianos, la zona universitaria de <em>Ca\u2019 Foscari<\/em> y algunas de las mejores osterias de la ciudad.<\/p>\n\n\n\n<p>Lejos de los flujos tur\u00edsticos m\u00e1s intensos pero cerca de todo, el Hotel Tivoli es la base perfecta para explorar Venecia <strong>sin necesidad de transporte p\u00fablico<\/strong>.<\/p>\n\n\n\n<p><strong><a href=\"https:\/\/hoteltivoli.it\/es\/\" data-type=\"link\" data-id=\"https:\/\/hoteltivoli.it\/es\/\">Reserva tu estancia directamente en la web oficial del Hotel Tivoli<\/a> para obtener la mejor tarifa garantizada y disfrutar del arte de Venecia con toda calma.<\/strong><\/p>\n","protected":false},"excerpt":{"rendered":"<p>Si est\u00e1s buscando un hotel c\u00f3modo para visitar la Scuola Grande di San Rocco en Venecia, el Hotel Tivoli es la soluci\u00f3n ideal. Situado a menos de tres minutos a pie de esta obra maestra del Renacimiento, el hotel ofrece una estancia confortable en el coraz\u00f3n del barrio de Dorsoduro, a pocos pasos tambi\u00e9n de [&hellip;]<\/p>\n","protected":false},"author":1,"featured_media":1184,"parent":0,"menu_order":0,"comment_status":"closed","ping_status":"closed","template":"","meta":{"_acf_changed":false,"footnotes":""},"class_list":["post-1188","page","type-page","status-publish","has-post-thumbnail","hentry"],"acf":[],"_links":{"self":[{"href":"https:\/\/hoteltivoli.it\/es\/wp-json\/wp\/v2\/pages\/1188","targetHints":{"allow":["GET"]}}],"collection":[{"href":"https:\/\/hoteltivoli.it\/es\/wp-json\/wp\/v2\/pages"}],"about":[{"href":"https:\/\/hoteltivoli.it\/es\/wp-json\/wp\/v2\/types\/page"}],"author":[{"embeddable":true,"href":"https:\/\/hoteltivoli.it\/es\/wp-json\/wp\/v2\/users\/1"}],"replies":[{"embeddable":true,"href":"https:\/\/hoteltivoli.it\/es\/wp-json\/wp\/v2\/comments?post=1188"}],"version-history":[{"count":10,"href":"https:\/\/hoteltivoli.it\/es\/wp-json\/wp\/v2\/pages\/1188\/revisions"}],"predecessor-version":[{"id":2013,"href":"https:\/\/hoteltivoli.it\/es\/wp-json\/wp\/v2\/pages\/1188\/revisions\/2013"}],"wp:featuredmedia":[{"embeddable":true,"href":"https:\/\/hoteltivoli.it\/es\/wp-json\/wp\/v2\/media\/1184"}],"wp:attachment":[{"href":"https:\/\/hoteltivoli.it\/es\/wp-json\/wp\/v2\/media?parent=1188"}],"curies":[{"name":"wp","href":"https:\/\/api.w.org\/{rel}","templated":true}]}}