{"id":1255,"date":"2025-05-07T10:23:56","date_gmt":"2025-05-07T10:23:56","guid":{"rendered":"https:\/\/hoteltivoli.it\/hotel-tranquillo-economico-nel-centro-di-venezia\/"},"modified":"2025-05-12T09:48:37","modified_gmt":"2025-05-12T09:48:37","slug":"hotel-tranquilo-en-el-centro-de-venecia","status":"publish","type":"page","link":"https:\/\/hoteltivoli.it\/es\/hotel-tranquilo-en-el-centro-de-venecia\/","title":{"rendered":"\u00bfD\u00f3nde encontrar un hotel tranquilo en el centro de Venecia?"},"content":{"rendered":"\n<p>Encontrar un hotel tranquilo en pleno centro de Venecia puede parecer un reto, pero el Hotel Tivoli es una feliz excepci\u00f3n. Situado en el barrio de <strong><em>Dorsoduro<\/em><\/strong>, a pocos pasos de la <a href=\"https:\/\/hoteltivoli.it\/es\/hotel-economico-basilica-dei-frari-en-venecia\/\" data-type=\"link\" data-id=\"https:\/\/hoteltivoli.it\/es\/hotel-economico-basilica-dei-frari-en-venecia\/\">Bas\u00edlica dei Frari<\/a> y de la <a href=\"https:\/\/hoteltivoli.it\/es\/hotel-economico-scuola-grande-di-san-rocco-venecia\/\" data-type=\"link\" data-id=\"https:\/\/hoteltivoli.it\/es\/hotel-economico-scuola-grande-di-san-rocco-venecia\/\"><em>Scuola Grande di San Rocco<\/em><\/a>, este hotel de dos estrellas y gesti\u00f3n familiar es muy apreciado por su ubicaci\u00f3n c\u00e9ntrica y, al mismo tiempo, por el ambiente sereno y relajado que ofrece a sus hu\u00e9spedes. Ideal para quienes desean descansar bien tras un d\u00eda recorriendo calles y canales, el Tivoli es la elecci\u00f3n adecuada para quienes buscan paz sin renunciar a la comodidad.<\/p>\n\n\n\n<h2 class=\"wp-block-heading\">Un oasis de calma en el coraz\u00f3n de la ciudad<\/h2>\n\n\n\n<p>Muchos visitantes se sorprenden al encontrar un hotel tranquilo en una zona tan c\u00e9ntrica. El Hotel Tivoli da a una <strong>calle poco transitada<\/strong> y cuenta con un <strong><a href=\"https:\/\/hoteltivoli.it\/es\/hotel-economico-con-patio-interior-en-venecia\/\" data-type=\"link\" data-id=\"https:\/\/hoteltivoli.it\/es\/hotel-economico-con-patio-interior-en-venecia\/\">patio interior<\/a><\/strong> donde se puede desayunar, leer o simplemente relajarse lejos del bullicio tur\u00edstico. Esta caracter\u00edstica lo hace especialmente adecuado para parejas, familias y viajeros que buscan una estancia reparadora.<\/p>\n\n\n\n<p>Los comentarios de hu\u00e9spedes de todo el mundo destacan que, a pesar de la cercan\u00eda a los lugares m\u00e1s visitados de la ciudad, el hotel garantiza <strong>noches silenciosas<\/strong> y despertares tranquilos, gracias tambi\u00e9n al buen aislamiento ac\u00fastico de las habitaciones.<\/p>\n\n\n\n<h2 class=\"wp-block-heading\">Hotel tranquilo: ubicaci\u00f3n c\u00e9ntrica sin caos<\/h2>\n\n\n\n<p>El Hotel Tivoli goza de una <strong>ubicaci\u00f3n estrat\u00e9gica pero discreta<\/strong>, a menos de 10 minutos a pie de la estaci\u00f3n de tren Santa Luc\u00eda y de Piazzale Roma, y a pocos minutos de las paradas de <strong><em><a href=\"https:\/\/actv.avmspa.it\/en\" data-type=\"link\" data-id=\"https:\/\/actv.avmspa.it\/en\" rel=\"nofollow noopener\" target=\"_blank\">vaporetto<\/a><\/em><\/strong> <em>San Tom\u00e0<\/em> y <em>Riva di Biasio<\/em>. En menos de 15 minutos a pie se puede llegar al <em>Puente de Rialto, al Campo Santa Margherita y a las Galer\u00edas de la Academia<\/em>. Tambi\u00e9n la <a href=\"https:\/\/hoteltivoli.it\/es\/hotel-economico-plaza-de-san-marcos\/\" data-type=\"link\" data-id=\"https:\/\/hoteltivoli.it\/es\/hotel-economico-plaza-de-san-marcos\/\">Plaza de San Marcos<\/a> es f\u00e1cilmente accesible atravesando algunos de los barrios m\u00e1s pintorescos de Venecia.<\/p>\n\n\n\n<p>Sin embargo, una vez cruzada la puerta del Tivoli, se deja atr\u00e1s el bullicio urbano para entrar en un espacio <strong>\u00edntimo y relajado<\/strong>, cuidado hasta en los m\u00e1s peque\u00f1os detalles.<\/p>\n\n\n\n<h2 class=\"wp-block-heading\">Habitaciones sencillas, c\u00f3modas y silenciosas<\/h2>\n\n\n\n<p>Las <strong>22 <a href=\"https:\/\/hoteltivoli.it\/es\/habitaciones\/\" data-type=\"link\" data-id=\"https:\/\/hoteltivoli.it\/es\/habitaciones\/\">habitaciones<\/a><\/strong> del hotel est\u00e1n amuebladas con sencillez y funcionalidad, y ofrecen todo lo necesario para una estancia <strong>c\u00f3moda<\/strong>: ba\u00f1o privado, aire acondicionado, televisi\u00f3n, wifi gratuito y, en algunas, caja fuerte y minibar. Las habitaciones que dan al patio son especialmente tranquilas, ideales para quienes tienen el sue\u00f1o ligero o desean descansar con total privacidad.<\/p>\n\n\n\n<p>Los hu\u00e9spedes destacan en sus rese\u00f1as la <strong>limpieza impecable<\/strong>, la comodidad de las camas y, sobre todo, el <strong>silencio nocturno<\/strong>, considerado un verdadero lujo en Venecia.<\/p>\n\n\n\n<h2 class=\"wp-block-heading\">Una acogida familiar c\u00e1lida y discreta<\/h2>\n\n\n\n<p>Desde 1955, el Hotel Tivoli est\u00e1 gestionado por la misma <a href=\"https:\/\/hoteltivoli.it\/es\/venecia-hotel-economico-de-gestion-familiar\/\" data-type=\"link\" data-id=\"https:\/\/hoteltivoli.it\/es\/venecia-hotel-economico-de-gestion-familiar\/\">familia<\/a>, que ha sabido mantener un estilo de hospitalidad c\u00e1lido pero no invasivo. El personal es <strong>servicial<\/strong>, <strong>atento a las necesidades<\/strong> de los clientes y siempre dispuesto a ofrecer consejos pr\u00e1cticos para visitar la ciudad, con sugerencias para descubrir lugares aut\u00e9nticos y menos tur\u00edsticos.<\/p>\n\n\n\n<p>La <strong>amabilidad del personal<\/strong> es una de las cualidades m\u00e1s mencionadas en las opiniones: \u201camables pero nunca invasivos\u201d, \u201cdiscretos y siempre dispuestos a ayudar\u201d, \u201cuna acogida sincera y atenta\u201d.<\/p>\n\n\n\n<h2 class=\"wp-block-heading\">Desayuno relajante, tambi\u00e9n al aire libre<\/h2>\n\n\n\n<p>Cada d\u00eda comienza con un <strong><a href=\"https:\/\/hoteltivoli.it\/es\/desayunar-al-aire-libre-en-un-hotel-en-venecia\/\" data-type=\"link\" data-id=\"https:\/\/hoteltivoli.it\/es\/desayunar-al-aire-libre-en-un-hotel-en-venecia\/\">desayuno<\/a> tipo buf\u00e9<\/strong>, servido en la sala interior o, cuando hace buen tiempo, <strong>en el patio sombreado<\/strong>. Croissants reci\u00e9n horneados, pan, mantequilla, mermeladas, pasteles, cereales, yogur, zumos, embutidos, quesos y bebidas calientes preparadas al momento permiten empezar el d\u00eda con tranquilidad.<\/p>\n\n\n\n<p>La posibilidad de desayunar al aire libre, en un entorno verde y reservado, refuerza la sensaci\u00f3n de <strong>relajaci\u00f3n y bienestar<\/strong> que acompa\u00f1a toda la estancia en el Tivoli.<\/p>\n\n\n\n<h2 class=\"wp-block-heading\">\u00bfA qui\u00e9n est\u00e1 recomendado el Hotel Tivoli?<\/h2>\n\n\n\n<p>Gracias a su ambiente tranquilo y a su ubicaci\u00f3n c\u00e9ntrica pero apartada, el Hotel Tivoli es especialmente recomendable para:<\/p>\n\n\n\n<ul class=\"wp-block-list\">\n<li><strong><a href=\"https:\/\/hoteltivoli.it\/es\/hotel-economico-escapada-romantica-venecia\/\" data-type=\"link\" data-id=\"https:\/\/hoteltivoli.it\/es\/hotel-economico-escapada-romantica-venecia\/\">Parejas<\/a> en busca de intimidad<\/strong><\/li>\n\n\n\n<li><strong>Viajeros solitarios que valoran la seguridad y la tranquilidad<\/strong><\/li>\n\n\n\n<li><strong><a href=\"https:\/\/hoteltivoli.it\/es\/hotel-economico-en-venecia-familias\/\" data-type=\"link\" data-id=\"https:\/\/hoteltivoli.it\/es\/hotel-economico-en-venecia-familias\/\">Familias<\/a> con ni\u00f1os peque\u00f1os<\/strong><\/li>\n\n\n\n<li><strong>Personas sensibles al ruido<\/strong><\/li>\n\n\n\n<li><strong>Turistas que desean explorar Venecia a pie y volver a un entorno sereno y descansado<\/strong><\/li>\n<\/ul>\n\n\n\n<p>Adem\u00e1s, es una excelente opci\u00f3n para estancias m\u00e1s largas, gracias a su ambiente hogare\u00f1o y su gesti\u00f3n cercana.<\/p>\n\n\n\n<h2 class=\"wp-block-heading\">Hotel tranquilo: cerca de todo, lejos del ruido<\/h2>\n\n\n\n<p>Una de las grandes ventajas del Hotel Tivoli es su raro equilibrio: <strong>estar en el coraz\u00f3n de Venecia<\/strong>, cerca de las principales atracciones, y a la vez <strong>protegido del ruido y la confusi\u00f3n<\/strong>. Es una soluci\u00f3n ideal para quienes desean disfrutar de la ciudad a su propio ritmo, sin prisas, sumergidos en su belleza pero alejados de su ritmo fren\u00e9tico.<\/p>\n\n\n\n<p><strong><a href=\"https:\/\/hoteltivoli.it\/es\/\" data-type=\"link\" data-id=\"https:\/\/hoteltivoli.it\/es\/\">Reserva tu estancia directamente en la web oficial del Hotel Tivoli<\/a> para obtener la mejor tarifa garantizada y disfrutar del lado m\u00e1s tranquilo y aut\u00e9ntico de Venecia.<\/strong><\/p>\n","protected":false},"excerpt":{"rendered":"<p>Encontrar un hotel tranquilo en pleno centro de Venecia puede parecer un reto, pero el Hotel Tivoli es una feliz excepci\u00f3n. Situado en el barrio de Dorsoduro, a pocos pasos de la Bas\u00edlica dei Frari y de la Scuola Grande di San Rocco, este hotel de dos estrellas y gesti\u00f3n familiar es muy apreciado por [&hellip;]<\/p>\n","protected":false},"author":1,"featured_media":1250,"parent":0,"menu_order":0,"comment_status":"closed","ping_status":"closed","template":"","meta":{"_acf_changed":false,"footnotes":""},"class_list":["post-1255","page","type-page","status-publish","has-post-thumbnail","hentry"],"acf":[],"_links":{"self":[{"href":"https:\/\/hoteltivoli.it\/es\/wp-json\/wp\/v2\/pages\/1255","targetHints":{"allow":["GET"]}}],"collection":[{"href":"https:\/\/hoteltivoli.it\/es\/wp-json\/wp\/v2\/pages"}],"about":[{"href":"https:\/\/hoteltivoli.it\/es\/wp-json\/wp\/v2\/types\/page"}],"author":[{"embeddable":true,"href":"https:\/\/hoteltivoli.it\/es\/wp-json\/wp\/v2\/users\/1"}],"replies":[{"embeddable":true,"href":"https:\/\/hoteltivoli.it\/es\/wp-json\/wp\/v2\/comments?post=1255"}],"version-history":[{"count":2,"href":"https:\/\/hoteltivoli.it\/es\/wp-json\/wp\/v2\/pages\/1255\/revisions"}],"predecessor-version":[{"id":1691,"href":"https:\/\/hoteltivoli.it\/es\/wp-json\/wp\/v2\/pages\/1255\/revisions\/1691"}],"wp:featuredmedia":[{"embeddable":true,"href":"https:\/\/hoteltivoli.it\/es\/wp-json\/wp\/v2\/media\/1250"}],"wp:attachment":[{"href":"https:\/\/hoteltivoli.it\/es\/wp-json\/wp\/v2\/media?parent=1255"}],"curies":[{"name":"wp","href":"https:\/\/api.w.org\/{rel}","templated":true}]}}