{"id":1281,"date":"2025-05-07T12:07:43","date_gmt":"2025-05-07T12:07:43","guid":{"rendered":"https:\/\/hoteltivoli.it\/?page_id=1281"},"modified":"2025-05-12T10:04:37","modified_gmt":"2025-05-12T10:04:37","slug":"hotel-economico-estacion-de-tren-santa-lucia","status":"publish","type":"page","link":"https:\/\/hoteltivoli.it\/es\/hotel-economico-estacion-de-tren-santa-lucia\/","title":{"rendered":"\u00bfD\u00f3nde encontrar un hotel econ\u00f3mico cerca de la estaci\u00f3n de tren Santa Luc\u00eda de Venecia?"},"content":{"rendered":"\n<p>Si llegas a Venecia en tren y deseas explorar la ciudad caminando, encontrar un hotel cerca de la estaci\u00f3n de tren Santa Luc\u00eda pero alejado del bullicio no siempre es sencillo. El Hotel Tivoli representa una elecci\u00f3n estrat\u00e9gica: est\u00e1 ubicado a <strong>menos de 10 minutos a pie<\/strong> de la estaci\u00f3n de tren Santa Luc\u00eda, en una zona <a href=\"https:\/\/hoteltivoli.it\/es\/hotel-tranquilo-en-el-centro-de-venecia\/\" data-type=\"link\" data-id=\"https:\/\/hoteltivoli.it\/es\/hotel-tranquilo-en-el-centro-de-venecia\/\">tranquila<\/a> y c\u00e9ntrica del barrio de <em>Dorsoduro<\/em>. Desde aqu\u00ed, puedes llegar f\u00e1cilmente a las principales atracciones de la ciudad sin necesidad de desplazamientos largos ni de transporte p\u00fablico. Un equilibrio perfecto entre comodidad y encanto veneciano.<\/p>\n\n\n\n<h2 class=\"wp-block-heading\">A pocos pasos de la estaci\u00f3n de tren Santa Luc\u00eda, sin el estr\u00e9s del turismo masivo<\/h2>\n\n\n\n<p>La estaci\u00f3n de tren Santa Luc\u00eda es el principal punto de acceso a la ciudad para quienes llegan en tren. Sin embargo, la zona circundante suele estar llena de gente y ser ruidosa. El Hotel Tivoli, aunque est\u00e1 muy cerca, se encuentra <strong>en una calle lateral tranquila<\/strong>, lejos del tr\u00e1fico peatonal intenso de Strada Nova y Lista di Spagna.<\/p>\n\n\n\n<p>El trayecto es sencillo: menos de diez minutos a pie y solo dos puentes por cruzar, ideal incluso con equipaje. Por eso, es muy apreciado por familias, parejas y viajeros en solitario que desean <strong>evitar el estr\u00e9s de la llegada<\/strong> y comenzar de inmediato a disfrutar de la belleza de Venecia.<\/p>\n\n\n\n<h2 class=\"wp-block-heading\">Perfecto para descubrir la ciudad caminando<\/h2>\n\n\n\n<p>Una vez hayas dejado tu equipaje en la habitaci\u00f3n, podr\u00e1s salir a descubrir la ciudad a pie: el <strong>Puente de Rialto<\/strong> est\u00e1 a unos 12 minutos, el <strong><em>Campo Santa Margherita<\/em><\/strong> a solo 5 y la <strong><a href=\"https:\/\/hoteltivoli.it\/es\/hotel-economico-basilica-dei-frari-en-venecia\/\" data-type=\"link\" data-id=\"https:\/\/hoteltivoli.it\/es\/hotel-economico-basilica-dei-frari-en-venecia\/\">Bas\u00edlica dei Frari<\/a><\/strong> y <a href=\"https:\/\/hoteltivoli.it\/es\/hotel-economico-scuola-grande-di-san-rocco-venecia\/\" data-type=\"link\" data-id=\"https:\/\/hoteltivoli.it\/es\/hotel-economico-scuola-grande-di-san-rocco-venecia\/\">Scuola Grande di San Rocco<\/a> a menos de 3 minutos. Incluso la <strong><a href=\"https:\/\/hoteltivoli.it\/es\/hotel-economico-plaza-de-san-marcos\/\" data-type=\"link\" data-id=\"https:\/\/hoteltivoli.it\/es\/hotel-economico-plaza-de-san-marcos\/\">Plaza de San Marcos<\/a><\/strong> se alcanza con un paseo de unos 20 minutos a trav\u00e9s de algunos de los rincones m\u00e1s encantadores de la ciudad.<\/p>\n\n\n\n<p>La zona tambi\u00e9n est\u00e1 bien conectada con los <a href=\"https:\/\/actv.avmspa.it\/en\" data-type=\"link\" data-id=\"https:\/\/actv.avmspa.it\/en\" rel=\"nofollow noopener\" target=\"_blank\">vaporettos<\/a>: la parada <strong><em>San Tom\u00e0<\/em><\/strong> est\u00e1 a solo 4 minutos, ideal para visitar Murano, Burano o el Lido. Pero lo mejor del Hotel Tivoli es que <strong>no necesitar\u00e1s transporte<\/strong>: todo est\u00e1 al alcance caminando, disfrutando del ritmo \u00fanico de Venecia.<\/p>\n\n\n\n<h2 class=\"wp-block-heading\">Un punto de partida ideal para cualquier itinerario<\/h2>\n\n\n\n<p>La ubicaci\u00f3n del Hotel Tivoli permite acceder tanto a <strong>las zonas m\u00e1s tur\u00edsticas como a las m\u00e1s aut\u00e9nticas<\/strong> de la ciudad. Ya sea que quieras visitar museos importantes, descubrir iglesias escondidas o simplemente perderte entre puentes y canales, estar\u00e1s en el lugar adecuado. Adem\u00e1s, la cercan\u00eda con la universidad <em>Ca\u2019 Foscari<\/em> y con la zona estudiantil convierte al barrio en un lugar <strong>animado pero no ca\u00f3tico<\/strong>, con osterias y bares frecuentados por los propios venecianos.<\/p>\n\n\n\n<p>Para quienes llegan y se van en tren, tambi\u00e9n es f\u00e1cil organizar excursiones de un d\u00eda fuera de Venecia: Padua, Vicenza, Verona y Treviso est\u00e1n bien conectadas y se alcanzan en menos de una hora.<\/p>\n\n\n\n<h2 class=\"wp-block-heading\">Un hotel silencioso para recargar energ\u00edas<\/h2>\n\n\n\n<p>Despu\u00e9s de un d\u00eda entero caminando entre canales y callejones, el silencio es esencial. A pesar de su proximidad a la estaci\u00f3n y al centro, el Hotel Tivoli ofrece <strong>habitaciones tranquilas y bien insonorizadas<\/strong>. Situado en una calle serena y con patio interior, garantiza noches de verdadero descanso.<\/p>\n\n\n\n<p>Las <strong><a href=\"https:\/\/hoteltivoli.it\/es\/habitaciones\/\" data-type=\"link\" data-id=\"https:\/\/hoteltivoli.it\/es\/habitaciones\/\">habitaciones<\/a><\/strong>, sencillas pero funcionales, est\u00e1n equipadas con aire acondicionado, ba\u00f1o privado, wifi gratuito, TV y, en algunas categor\u00edas, caja fuerte y minibar. <strong>La limpieza y la comodidad<\/strong> son dos de los aspectos m\u00e1s valorados por los hu\u00e9spedes.<\/p>\n\n\n\n<h2 class=\"wp-block-heading\">Desayuno incluido, tambi\u00e9n al aire libre<\/h2>\n\n\n\n<p>Cada ma\u00f1ana, el hotel ofrece un <strong><a href=\"https:\/\/hoteltivoli.it\/es\/desayunar-al-aire-libre-en-un-hotel-en-venecia\/\" data-type=\"link\" data-id=\"https:\/\/hoteltivoli.it\/es\/desayunar-al-aire-libre-en-un-hotel-en-venecia\/\">desayuno<\/a> buffet incluido<\/strong>, con opciones dulces y saladas: pan fresco, croissants, mantequilla, mermeladas, yogur, cereales, zumos, embutidos, quesos y bebidas calientes preparadas en el momento. Cuando el clima lo permite, se puede desayunar en el <strong><a href=\"https:\/\/hoteltivoli.it\/es\/hotel-economico-con-patio-interior-en-venecia\/\" data-type=\"link\" data-id=\"https:\/\/hoteltivoli.it\/es\/hotel-economico-con-patio-interior-en-venecia\/\">patio interior<\/a><\/strong>, un espacio verde y tranquilo en el coraz\u00f3n de Venecia.<\/p>\n\n\n\n<p>Una forma perfecta de comenzar el d\u00eda con calma, lejos de las multitudes y con el ritmo ideal para disfrutar de la ciudad.<\/p>\n\n\n\n<h2 class=\"wp-block-heading\">Acogida familiar desde 1955<\/h2>\n\n\n\n<p>Gestionado por la misma <a href=\"https:\/\/hoteltivoli.it\/es\/venecia-hotel-economico-de-gestion-familiar\/\" data-type=\"link\" data-id=\"https:\/\/hoteltivoli.it\/es\/venecia-hotel-economico-de-gestion-familiar\/\">familia<\/a> desde hace m\u00e1s de sesenta a\u00f1os, el Hotel Tivoli acoge a cada hu\u00e9sped con <strong>calidez y atenci\u00f3n<\/strong>. El personal habla varios idiomas (ingl\u00e9s, franc\u00e9s, espa\u00f1ol) y siempre est\u00e1 dispuesto a ofrecer consejos personalizados sobre qu\u00e9 visitar, d\u00f3nde comer y c\u00f3mo moverse.<\/p>\n\n\n\n<p>Muchos de los que se alojan por primera vez, vuelven gracias a la <strong>atm\u00f3sfera cercana y relajada<\/strong> que diferencia al Tivoli de los hoteles m\u00e1s impersonales.<\/p>\n\n\n\n<h2 class=\"wp-block-heading\">Estaci\u00f3n de tren Santa Luc\u00eda: el equilibrio perfecto entre comodidad y autenticidad<\/h2>\n\n\n\n<p>Elegir el Hotel Tivoli significa disfrutar de una ubicaci\u00f3n <strong>perfecta para quienes llegan en tren<\/strong>, sin renunciar al encanto de la Venecia m\u00e1s aut\u00e9ntica. Sin esperas para el <em>vaporetto<\/em>, sin carreras para hacer el check-in: solo hay que cruzar un par de puentes y ya est\u00e1s en casa. Un lugar sencillo, tranquilo y bien cuidado desde el que comenzar a descubrir la ciudad.<\/p>\n\n\n\n<p><strong><a href=\"https:\/\/hoteltivoli.it\/es\/\" data-type=\"link\" data-id=\"https:\/\/hoteltivoli.it\/es\/\">Reserva tu estancia directamente en la web oficial<\/a> del Hotel Tivoli y consigue la mejor tarifa garantizada para explorar Venecia a tu ritmo y caminando.<\/strong><\/p>\n","protected":false},"excerpt":{"rendered":"<p>Si llegas a Venecia en tren y deseas explorar la ciudad caminando, encontrar un hotel cerca de la estaci\u00f3n de tren Santa Luc\u00eda pero alejado del bullicio no siempre es sencillo. El Hotel Tivoli representa una elecci\u00f3n estrat\u00e9gica: est\u00e1 ubicado a menos de 10 minutos a pie de la estaci\u00f3n de tren Santa Luc\u00eda, en [&hellip;]<\/p>\n","protected":false},"author":1,"featured_media":1274,"parent":0,"menu_order":0,"comment_status":"closed","ping_status":"closed","template":"","meta":{"_acf_changed":false,"footnotes":""},"class_list":["post-1281","page","type-page","status-publish","has-post-thumbnail","hentry"],"acf":[],"_links":{"self":[{"href":"https:\/\/hoteltivoli.it\/es\/wp-json\/wp\/v2\/pages\/1281","targetHints":{"allow":["GET"]}}],"collection":[{"href":"https:\/\/hoteltivoli.it\/es\/wp-json\/wp\/v2\/pages"}],"about":[{"href":"https:\/\/hoteltivoli.it\/es\/wp-json\/wp\/v2\/types\/page"}],"author":[{"embeddable":true,"href":"https:\/\/hoteltivoli.it\/es\/wp-json\/wp\/v2\/users\/1"}],"replies":[{"embeddable":true,"href":"https:\/\/hoteltivoli.it\/es\/wp-json\/wp\/v2\/comments?post=1281"}],"version-history":[{"count":6,"href":"https:\/\/hoteltivoli.it\/es\/wp-json\/wp\/v2\/pages\/1281\/revisions"}],"predecessor-version":[{"id":1702,"href":"https:\/\/hoteltivoli.it\/es\/wp-json\/wp\/v2\/pages\/1281\/revisions\/1702"}],"wp:featuredmedia":[{"embeddable":true,"href":"https:\/\/hoteltivoli.it\/es\/wp-json\/wp\/v2\/media\/1274"}],"wp:attachment":[{"href":"https:\/\/hoteltivoli.it\/es\/wp-json\/wp\/v2\/media?parent=1281"}],"curies":[{"name":"wp","href":"https:\/\/api.w.org\/{rel}","templated":true}]}}