{"id":1525,"date":"2025-05-09T08:51:36","date_gmt":"2025-05-09T08:51:36","guid":{"rendered":"https:\/\/hoteltivoli.it\/?page_id=1525"},"modified":"2025-06-04T08:13:08","modified_gmt":"2025-06-04T08:13:08","slug":"venecia-hotel-economico-de-gestion-familiar","status":"publish","type":"page","link":"https:\/\/hoteltivoli.it\/es\/venecia-hotel-economico-de-gestion-familiar\/","title":{"rendered":"\u00bfD\u00f3nde dormir en Venecia en un hotel econ\u00f3mico de gesti\u00f3n familiar?"},"content":{"rendered":"\n<p>Encontrar un hotel en Venecia que sea <strong>c\u00e9ntrico, acogedor, econ\u00f3mico y de gesti\u00f3n familiar<\/strong> puede parecer dif\u00edcil. Sin embargo, el <strong>Hotel Tivoli<\/strong>, ubicado en el barrio de Dorsoduro, re\u00fane todas estas caracter\u00edsticas. Es la opci\u00f3n ideal para quienes buscan una estancia sencilla, bien cuidada y con una atenci\u00f3n cercana, en una zona aut\u00e9ntica y tranquila de la ciudad.<\/p>\n\n\n\n<h2 class=\"wp-block-heading\">\u00bfPor qu\u00e9 elegir un hotel familiar en Venecia?<\/h2>\n\n\n\n<p>Alojarse en un hotel de gesti\u00f3n familiar significa disfrutar de una <strong>hospitalidad cercana, humana y personalizada<\/strong>. En el Hotel Tivoli, la misma familia lleva gestionando el alojamiento desde hace tres generaciones, con dedicaci\u00f3n y cari\u00f1o. Esto se refleja en cada detalle: desde el recibimiento, hasta la limpieza, pasando por los consejos honestos para explorar la ciudad como un local.<\/p>\n\n\n\n<p>Desde el momento del check-in, el trato es amable, sin formalidades innecesarias, pero con toda la profesionalidad de quien sabe c\u00f3mo hacer sentir bien a sus hu\u00e9spedes.<\/p>\n\n\n\n<h2 class=\"wp-block-heading\">Hotel de gesti\u00f3n familiar: ubicaci\u00f3n c\u00e9ntrica y tranquila<\/h2>\n\n\n\n<p>El Hotel Tivoli se encuentra en <strong><em>Crosera San Pantalon<\/em><\/strong>, a pocos minutos a pie de la estaci\u00f3n de <a href=\"https:\/\/hoteltivoli.it\/es\/hotel-economico-estacion-de-tren-santa-lucia\/\" data-type=\"link\" data-id=\"https:\/\/hoteltivoli.it\/es\/hotel-economico-estacion-de-tren-santa-lucia\/\">tren Santa Luc\u00eda<\/a> y de <em>Piazzale Roma<\/em>. Esta <strong>ubicaci\u00f3n estrat\u00e9gica<\/strong> permite llegar f\u00e1cilmente al hotel al llegar a la ciudad y desplazarse caminando por todo el centro hist\u00f3rico:<\/p>\n\n\n\n<ul class=\"wp-block-list\">\n<li><a href=\"https:\/\/hoteltivoli.it\/es\/hotel-economico-basilica-dei-frari-en-venecia\/\" data-type=\"link\" data-id=\"https:\/\/hoteltivoli.it\/es\/hotel-economico-basilica-dei-frari-en-venecia\/\">Bas\u00edlica dei Frari<\/a> y <em><a href=\"https:\/\/hoteltivoli.it\/es\/hotel-economico-scuola-grande-di-san-rocco-venecia\/\" data-type=\"link\" data-id=\"https:\/\/hoteltivoli.it\/es\/hotel-economico-scuola-grande-di-san-rocco-venecia\/\">Scuola Grande di San Rocco<\/a><\/em> (3 minutos)<\/li>\n\n\n\n<li>Campo Santa Margherita (4 minutos)<\/li>\n\n\n\n<li><a href=\"https:\/\/hoteltivoli.it\/es\/hotel-economico-cerca-del-puente-de-rialto\/\" data-type=\"link\" data-id=\"https:\/\/hoteltivoli.it\/es\/hotel-economico-cerca-del-puente-de-rialto\/\">Puente de Rialto<\/a> (12 minutos)<\/li>\n\n\n\n<li>Galer\u00edas de la Academia (10 minutos)<\/li>\n\n\n\n<li><a href=\"https:\/\/hoteltivoli.it\/es\/hotel-economico-plaza-de-san-marcos\/\" data-type=\"link\" data-id=\"https:\/\/hoteltivoli.it\/es\/hotel-economico-plaza-de-san-marcos\/\">Plaza de San Marcos<\/a> (20 minutos)<\/li>\n<\/ul>\n\n\n\n<p>Aunque est\u00e1 muy bien ubicado, el barrio es <strong>tranquilo y aut\u00e9ntico<\/strong>, perfecto para quienes desean vivir una Venecia m\u00e1s relajada.<\/p>\n\n\n\n<h2 class=\"wp-block-heading\">Habitaciones sencillas, limpias y confortables<\/h2>\n\n\n\n<p>El Hotel Tivoli ofrece <strong><a href=\"https:\/\/hoteltivoli.it\/es\/habitaciones\/\" data-type=\"link\" data-id=\"https:\/\/hoteltivoli.it\/es\/habitaciones\/\">habitaciones<\/a> simples pero c\u00f3modas<\/strong>, ideales para quienes quieren descansar bien sin gastar demasiado. Todas disponen de ba\u00f1o privado, aire acondicionado, wifi gratuito, televisor y, en algunas categor\u00edas, caja fuerte y minibar.<\/p>\n\n\n\n<p>Los hu\u00e9spedes valoran especialmente la <strong>limpieza impecable<\/strong> y el <strong>ambiente <a href=\"https:\/\/hoteltivoli.it\/es\/hotel-tranquilo-en-el-centro-de-venecia\/\" data-type=\"link\" data-id=\"https:\/\/hoteltivoli.it\/es\/hotel-tranquilo-en-el-centro-de-venecia\/\">tranquilo<\/a><\/strong>, ideales para relajarse despu\u00e9s de recorrer la ciudad.<\/p>\n\n\n\n<h2 class=\"wp-block-heading\">Un patio interior con mucho encanto<\/h2>\n\n\n\n<p>Uno de los elementos m\u00e1s destacados del hotel es su <strong><a href=\"https:\/\/hoteltivoli.it\/es\/hotel-economico-con-patio-interior-en-venecia\/\" data-type=\"link\" data-id=\"https:\/\/hoteltivoli.it\/es\/hotel-economico-con-patio-interior-en-venecia\/\">patio interior<\/a><\/strong>, donde se sirve el desayuno cuando hace buen tiempo. Se trata de un espacio verde y silencioso, algo muy poco com\u00fan en los alojamientos del centro de Venecia, donde se puede descansar, leer o simplemente desconectar del bullicio urbano.<\/p>\n\n\n\n<p>Tomar un caf\u00e9 al aire libre, en medio de las plantas y el pavimento veneciano, es una experiencia que muchos viajeros valoran como un lujo inesperado.<\/p>\n\n\n\n<h2 class=\"wp-block-heading\">Desayuno incluido \u2013 fresco, variado y abundante<\/h2>\n\n\n\n<p>El <strong><a href=\"https:\/\/hoteltivoli.it\/es\/desayunar-al-aire-libre-en-un-hotel-en-venecia\/\" data-type=\"link\" data-id=\"https:\/\/hoteltivoli.it\/es\/desayunar-al-aire-libre-en-un-hotel-en-venecia\/\">desayuno<\/a> tipo buffet est\u00e1 incluido<\/strong> en el precio y ofrece cada ma\u00f1ana una selecci\u00f3n de productos frescos:<\/p>\n\n\n\n<ul class=\"wp-block-list\">\n<li>pan, croissants y pasteles<\/li>\n\n\n\n<li>mermeladas, mantequilla y miel<\/li>\n\n\n\n<li>yogur, cereales y zumos<\/li>\n\n\n\n<li>embutidos y quesos<\/li>\n\n\n\n<li>caf\u00e9, t\u00e9, capuchino y otras bebidas calientes<\/li>\n<\/ul>\n\n\n\n<p>Una forma pr\u00e1ctica, sabrosa y econ\u00f3mica de comenzar el d\u00eda sin tener que buscar un caf\u00e9 fuera.<\/p>\n\n\n\n<h2 class=\"wp-block-heading\">Hotel de gesti\u00f3n familiar: precios justos y sin sorpresas<\/h2>\n\n\n\n<p>Una de las grandes ventajas del Hotel Tivoli es su <strong>excelente relaci\u00f3n calidad-precio<\/strong>. Las tarifas est\u00e1n entre las m\u00e1s convenientes del centro hist\u00f3rico, especialmente si se tienen en cuenta los servicios y la ubicaci\u00f3n. No hay costes ocultos, y reservando directamente en la web oficial se obtiene <strong>el mejor precio garantizado<\/strong>.<\/p>\n\n\n\n<p>Es una opci\u00f3n perfecta para estudiantes, parejas j\u00f3venes, familias o viajeros independientes que quieren <strong>vivir Venecia sin derroches<\/strong>, pero sin renunciar al confort.<\/p>\n\n\n\n<h2 class=\"wp-block-heading\">Un punto de partida ideal para descubrir la Venecia aut\u00e9ntica<\/h2>\n\n\n\n<p>Gracias a los consejos del personal y a su ubicaci\u00f3n, el Tivoli es una base excelente para descubrir la <strong>Venecia m\u00e1s real<\/strong>. El barrio est\u00e1 lleno de estudiantes, residentes y viajeros curiosos. Muy cerca encontrar\u00e1s bacari (bares t\u00edpicos), librer\u00edas independientes, peque\u00f1as galer\u00edas y mercados locales.<\/p>\n\n\n\n<p>Quienes se alojan aqu\u00ed no solo visitan Venecia: <strong>la viven como un veneciano m\u00e1s<\/strong>, con su ritmo pausado y sus rincones \u00fanicos.<\/p>\n\n\n\n<p><strong><a href=\"https:\/\/hoteltivoli.it\/es\/\" data-type=\"link\" data-id=\"https:\/\/hoteltivoli.it\/es\/\">Reserva tu estancia directamente en la web oficial del Hotel Tivoli<\/a> y descubre una Venecia aut\u00e9ntica, asequible y familiar, sin renunciar a la calidad ni al calor humano.re.<\/strong><\/p>\n","protected":false},"excerpt":{"rendered":"<p>Encontrar un hotel en Venecia que sea c\u00e9ntrico, acogedor, econ\u00f3mico y de gesti\u00f3n familiar puede parecer dif\u00edcil. Sin embargo, el Hotel Tivoli, ubicado en el barrio de Dorsoduro, re\u00fane todas estas caracter\u00edsticas. Es la opci\u00f3n ideal para quienes buscan una estancia sencilla, bien cuidada y con una atenci\u00f3n cercana, en una zona aut\u00e9ntica y tranquila [&hellip;]<\/p>\n","protected":false},"author":1,"featured_media":1518,"parent":0,"menu_order":0,"comment_status":"closed","ping_status":"closed","template":"","meta":{"_acf_changed":false,"footnotes":""},"class_list":["post-1525","page","type-page","status-publish","has-post-thumbnail","hentry"],"acf":[],"_links":{"self":[{"href":"https:\/\/hoteltivoli.it\/es\/wp-json\/wp\/v2\/pages\/1525","targetHints":{"allow":["GET"]}}],"collection":[{"href":"https:\/\/hoteltivoli.it\/es\/wp-json\/wp\/v2\/pages"}],"about":[{"href":"https:\/\/hoteltivoli.it\/es\/wp-json\/wp\/v2\/types\/page"}],"author":[{"embeddable":true,"href":"https:\/\/hoteltivoli.it\/es\/wp-json\/wp\/v2\/users\/1"}],"replies":[{"embeddable":true,"href":"https:\/\/hoteltivoli.it\/es\/wp-json\/wp\/v2\/comments?post=1525"}],"version-history":[{"count":10,"href":"https:\/\/hoteltivoli.it\/es\/wp-json\/wp\/v2\/pages\/1525\/revisions"}],"predecessor-version":[{"id":2027,"href":"https:\/\/hoteltivoli.it\/es\/wp-json\/wp\/v2\/pages\/1525\/revisions\/2027"}],"wp:featuredmedia":[{"embeddable":true,"href":"https:\/\/hoteltivoli.it\/es\/wp-json\/wp\/v2\/media\/1518"}],"wp:attachment":[{"href":"https:\/\/hoteltivoli.it\/es\/wp-json\/wp\/v2\/media?parent=1525"}],"curies":[{"name":"wp","href":"https:\/\/api.w.org\/{rel}","templated":true}]}}