{"id":1648,"date":"2025-05-12T07:30:04","date_gmt":"2025-05-12T07:30:04","guid":{"rendered":"https:\/\/hoteltivoli.it\/hotel-economico-vicino-al-ponte-di-rialto\/"},"modified":"2025-05-12T09:04:55","modified_gmt":"2025-05-12T09:04:55","slug":"hotel-economico-cerca-del-puente-de-rialto","status":"publish","type":"page","link":"https:\/\/hoteltivoli.it\/es\/hotel-economico-cerca-del-puente-de-rialto\/","title":{"rendered":"\u00bfD\u00f3nde encontrar un hotel econ\u00f3mico cerca del Puente de Rialto?"},"content":{"rendered":"\n<p>El Puente de Rialto es uno de los monumentos m\u00e1s emblem\u00e1ticos de Venecia. Con su estructura hist\u00f3rica de piedra, las tiendas incrustadas en sus arcos y la espectacular vista sobre el Gran Canal, es una visita obligada para cualquier viajero. Alojarse cerca puede parecer un lujo reservado para unos pocos, pero existe una alternativa que combina <strong>proximidad al Puente de Rialto, precios accesibles y confort esencial<\/strong>: el <strong>Hotel Tivoli<\/strong>, situado en el coraz\u00f3n del barrio de Dorsoduro. A menos de 15 minutos a pie del puente, es una opci\u00f3n inteligente para vivir Venecia de cerca sin gastar demasiado.<\/p>\n\n\n\n<h2 class=\"wp-block-heading\">Una ubicaci\u00f3n perfecta para caminar<\/h2>\n\n\n\n<p>El Hotel Tivoli est\u00e1 situado en una zona c\u00e9ntrica pero tranquila, <strong>alejada del bullicio, pero cerca de todo lo importante<\/strong>. Para llegar al Puente de Rialto, basta con cruzar el <em>Campo Santa Margherita <\/em>y luego el <em>Campo San Polo<\/em>, llegando al puente a trav\u00e9s de callejones pintorescos llenos de tiendas artesanales, panader\u00edas y rincones aut\u00e9nticos.<\/p>\n\n\n\n<p>Este recorrido no solo es agradable y seguro, tambi\u00e9n te permite <strong>evitar las zonas m\u00e1s tur\u00edsticas<\/strong> y descubrir la Venecia m\u00e1s genuina, lejos de las multitudes.<\/p>\n\n\n\n<h2 class=\"wp-block-heading\">Conexi\u00f3n excelente en vaporetto<\/h2>\n\n\n\n<p>Si prefieres no caminar o llevas equipaje, la parada de <em><a href=\"https:\/\/actv.avmspa.it\/en\" data-type=\"link\" data-id=\"https:\/\/actv.avmspa.it\/en\" rel=\"nofollow noopener\" target=\"_blank\">vaporetto<\/a><\/em> <strong>San Tom\u00e0<\/strong> se encuentra a solo tres minutos del hotel. Desde all\u00ed, puedes llegar al Puente de Rialto en cuesti\u00f3n de minutos navegando por el Gran Canal o continuar hacia San Marcos, la estaci\u00f3n de tren o las islas. Esto convierte al Hotel Tivoli en <strong>una base pr\u00e1ctica para explorar tanto el centro como la laguna<\/strong>.<\/p>\n\n\n\n<h2 class=\"wp-block-heading\">Habitaciones limpias, funcionales y tranquilas<\/h2>\n\n\n\n<p>Las <a href=\"https:\/\/hoteltivoli.it\/es\/habitaciones\/\" data-type=\"link\" data-id=\"https:\/\/hoteltivoli.it\/es\/habitaciones\/\">habitaciones<\/a> del Hotel Tivoli ofrecen lo esencial para una estancia c\u00f3moda. Est\u00e1n decoradas de manera sencilla pero cuidada, y cuentan con:<\/p>\n\n\n\n<ul class=\"wp-block-list\">\n<li>ba\u00f1o privado<\/li>\n\n\n\n<li>aire acondicionado<\/li>\n\n\n\n<li>wifi gratuito<\/li>\n\n\n\n<li>televisi\u00f3n<\/li>\n\n\n\n<li>caja fuerte y minibar en algunas categor\u00edas<\/li>\n<\/ul>\n\n\n\n<p>Los hu\u00e9spedes valoran especialmente <strong>la tranquilidad, la limpieza y la comodidad de las camas<\/strong>, elementos fundamentales para descansar bien despu\u00e9s de un d\u00eda recorriendo la ciudad.<\/p>\n\n\n\n<h2 class=\"wp-block-heading\">Desayuno incluido: una ventaja importante<\/h2>\n\n\n\n<p>A diferencia de muchos hoteles en Venecia donde el <a href=\"https:\/\/hoteltivoli.it\/es\/desayunar-al-aire-libre-en-un-hotel-en-venecia\/\" data-type=\"link\" data-id=\"https:\/\/hoteltivoli.it\/es\/desayunar-al-aire-libre-en-un-hotel-en-venecia\/\">desayuno<\/a> es de pago, en el <strong>Hotel Tivoli est\u00e1 siempre incluido<\/strong>. Cada ma\u00f1ana se sirve un buffet con:<\/p>\n\n\n\n<ul class=\"wp-block-list\">\n<li>pan, cruasanes y pasteles<\/li>\n\n\n\n<li>mermeladas, miel y mantequilla<\/li>\n\n\n\n<li>yogur, cereales y fruta fresca<\/li>\n\n\n\n<li>embutidos y quesos<\/li>\n\n\n\n<li>caf\u00e9, t\u00e9, leche y capuchino<\/li>\n<\/ul>\n\n\n\n<p>Durante los meses m\u00e1s c\u00e1lidos, se puede desayunar en el <strong><a href=\"https:\/\/hoteltivoli.it\/es\/hotel-economico-con-patio-interior-en-venecia\/\" data-type=\"link\" data-id=\"https:\/\/hoteltivoli.it\/es\/hotel-economico-con-patio-interior-en-venecia\/\">patio interior<\/a> ajardinado<\/strong>, un espacio sereno donde empezar el d\u00eda con buen pie.<\/p>\n\n\n\n<h2 class=\"wp-block-heading\">Cerca del Rialto y de muchos otros lugares clave<\/h2>\n\n\n\n<p>Desde el Hotel Tivoli no solo se llega f\u00e1cilmente al Puente de Rialto, tambi\u00e9n est\u00e1s cerca de:<\/p>\n\n\n\n<ul class=\"wp-block-list\">\n<li>la <em><a href=\"https:\/\/hoteltivoli.it\/es\/hotel-economico-scuola-grande-di-san-rocco-venecia\/\" data-type=\"link\" data-id=\"https:\/\/hoteltivoli.it\/es\/hotel-economico-scuola-grande-di-san-rocco-venecia\/\">Scuola Grande di San Rocco<\/a><\/em><\/li>\n\n\n\n<li>la <a href=\"https:\/\/hoteltivoli.it\/es\/hotel-economico-basilica-dei-frari-en-venecia\/\" data-type=\"link\" data-id=\"https:\/\/hoteltivoli.it\/es\/hotel-economico-basilica-dei-frari-en-venecia\/\">Bas\u00edlica dei Frari<\/a><\/li>\n\n\n\n<li>las Galer\u00edas de la Academia<\/li>\n\n\n\n<li>el Campo Santa Margherita<\/li>\n\n\n\n<li>el Teatro La Fenice<\/li>\n\n\n\n<li>la Colecci\u00f3n Peggy Guggenheim<\/li>\n<\/ul>\n\n\n\n<p><strong>Todo est\u00e1 a pocos minutos a pie<\/strong>, por lo que no es necesario depender del transporte p\u00fablico para explorar los principales atractivos.<\/p>\n\n\n\n<h2 class=\"wp-block-heading\">Ideal para cualquier tipo de viajero<\/h2>\n\n\n\n<p>El Hotel Tivoli es ideal para:<\/p>\n\n\n\n<ul class=\"wp-block-list\">\n<li>parejas que buscan una <a href=\"https:\/\/hoteltivoli.it\/es\/hotel-economico-escapada-romantica-venecia\/\" data-type=\"link\" data-id=\"https:\/\/hoteltivoli.it\/es\/hotel-economico-escapada-romantica-venecia\/\">escapada rom\u00e1ntica<\/a> a buen precio<\/li>\n\n\n\n<li>viajeros en solitario que valoran la seguridad y la tranquilidad<\/li>\n\n\n\n<li><a href=\"https:\/\/hoteltivoli.it\/es\/hotel-economico-en-venecia-familias\/\" data-type=\"link\" data-id=\"https:\/\/hoteltivoli.it\/es\/hotel-economico-en-venecia-familias\/\">familias<\/a> que quieren moverse sin complicaciones<\/li>\n\n\n\n<li>grupos de amigos que desean libertad para moverse<\/li>\n\n\n\n<li>estudiantes o profesionales que visitan Venecia por trabajo o eventos<\/li>\n<\/ul>\n\n\n\n<p>La combinaci\u00f3n de ubicaci\u00f3n, precio y calidad lo convierte en <strong>una opci\u00f3n pr\u00e1ctica y vers\u00e1til para todo tipo de estancias<\/strong>.<\/p>\n\n\n\n<h2 class=\"wp-block-heading\">Hospitalidad familiar y precios claros<\/h2>\n\n\n\n<p>Con m\u00e1s de 60 a\u00f1os de gesti\u00f3n familiar, el Hotel Tivoli ofrece <strong>una hospitalidad cercana y profesional<\/strong>. El equipo est\u00e1 siempre dispuesto a ayudar con consejos sobre restaurantes, rutas menos concurridas y actividades aut\u00e9nticas para disfrutar Venecia como un local.<\/p>\n\n\n\n<p>Adem\u00e1s, los <strong>precios son totalmente transparentes<\/strong>, sin cargos ocultos. Al reservar desde la web oficial, obtienes:<\/p>\n\n\n\n<ul class=\"wp-block-list\">\n<li><strong>el mejor precio garantizado<\/strong><\/li>\n\n\n\n<li><strong>desayuno incluido<\/strong><\/li>\n\n\n\n<li><strong>cancelaci\u00f3n gratuita<\/strong> en muchas tarifas<\/li>\n<\/ul>\n\n\n\n<p><strong><a href=\"https:\/\/hoteltivoli.it\/es\/\" data-type=\"link\" data-id=\"https:\/\/hoteltivoli.it\/es\/\">Reserva ahora directamente en la web oficial del Hotel Tivoli <\/a>y descubre lo f\u00e1cil que es alojarte cerca del Puente de Rialto: comodidad, ahorro y autenticidad en el coraz\u00f3n de Venecia.<\/strong><\/p>\n","protected":false},"excerpt":{"rendered":"<p>El Puente de Rialto es uno de los monumentos m\u00e1s emblem\u00e1ticos de Venecia. Con su estructura hist\u00f3rica de piedra, las tiendas incrustadas en sus arcos y la espectacular vista sobre el Gran Canal, es una visita obligada para cualquier viajero. Alojarse cerca puede parecer un lujo reservado para unos pocos, pero existe una alternativa que [&hellip;]<\/p>\n","protected":false},"author":1,"featured_media":1643,"parent":0,"menu_order":0,"comment_status":"closed","ping_status":"closed","template":"","meta":{"_acf_changed":false,"footnotes":""},"class_list":["post-1648","page","type-page","status-publish","has-post-thumbnail","hentry"],"acf":[],"_links":{"self":[{"href":"https:\/\/hoteltivoli.it\/es\/wp-json\/wp\/v2\/pages\/1648","targetHints":{"allow":["GET"]}}],"collection":[{"href":"https:\/\/hoteltivoli.it\/es\/wp-json\/wp\/v2\/pages"}],"about":[{"href":"https:\/\/hoteltivoli.it\/es\/wp-json\/wp\/v2\/types\/page"}],"author":[{"embeddable":true,"href":"https:\/\/hoteltivoli.it\/es\/wp-json\/wp\/v2\/users\/1"}],"replies":[{"embeddable":true,"href":"https:\/\/hoteltivoli.it\/es\/wp-json\/wp\/v2\/comments?post=1648"}],"version-history":[{"count":1,"href":"https:\/\/hoteltivoli.it\/es\/wp-json\/wp\/v2\/pages\/1648\/revisions"}],"predecessor-version":[{"id":1658,"href":"https:\/\/hoteltivoli.it\/es\/wp-json\/wp\/v2\/pages\/1648\/revisions\/1658"}],"wp:featuredmedia":[{"embeddable":true,"href":"https:\/\/hoteltivoli.it\/es\/wp-json\/wp\/v2\/media\/1643"}],"wp:attachment":[{"href":"https:\/\/hoteltivoli.it\/es\/wp-json\/wp\/v2\/media?parent=1648"}],"curies":[{"name":"wp","href":"https:\/\/api.w.org\/{rel}","templated":true}]}}