{"id":1769,"date":"2025-05-12T12:46:08","date_gmt":"2025-05-12T12:46:08","guid":{"rendered":"https:\/\/hoteltivoli.it\/?page_id=1769"},"modified":"2025-07-10T10:12:59","modified_gmt":"2025-07-10T10:12:59","slug":"faq","status":"publish","type":"page","link":"https:\/\/hoteltivoli.it\/es\/faq\/","title":{"rendered":"FAQ"},"content":{"rendered":"\n<p>\u00bfEst\u00e1s organizando tu viaje al Hotel Tivoli y necesitas m\u00e1s <strong>informaci\u00f3n<\/strong>? En esta secci\u00f3n encontrar\u00e1s respuestas a las <strong>preguntas m\u00e1s comunes<\/strong> que nos hacen nuestros hu\u00e9spedes: desde los horarios de entrada y salida, hasta el servicio de consigna de equipaje, el desayuno, los servicios disponibles en las habitaciones y la cercan\u00eda con los <strong>principales puntos tur\u00edsticos <\/strong>de Venecia. El hotel est\u00e1 ubicado en el encantador barrio de Dorsoduro, a pocos pasos de la Bas\u00edlica dei Frari, el Puente de Rialto y a una corta distancia de la <strong>Plaza de San Marcos<\/strong> y la estaci\u00f3n. Con esta gu\u00eda queremos ayudarte a planificar mejor tu estancia y hacer que tu llegada sea lo m\u00e1s tranquila posible. Si necesitas m\u00e1s ayuda, nuestro <strong>equipo<\/strong> estar\u00e1 encantado de asistirte.<\/p>\n\n\n\n<p><\/p>\n\n\n<div id=\"rank-math-faq\" class=\"rank-math-block\">\n<div class=\"rank-math-list \">\n<div id=\"faq-question-1747050006975\" class=\"rank-math-list-item\">\n<h3 class=\"rank-math-question \">\u00bfD\u00f3nde encontrar un hotel econ\u00f3mico cerca de la Bas\u00edlica dei Frari en Venecia?<\/h3>\n<div class=\"rank-math-answer \">\n<img loading=\"lazy\" decoding=\"async\" width=\"150\" height=\"150\" src=\"https:\/\/hoteltivoli.it\/wp-content\/uploads\/2025\/05\/Dormire-vicino-alla-Basilica-dei-Frari-150x150.webp\" class=\"alignright\" alt=\"Dormire vicino alla Basilica dei Frari\" \/>\n<p>Si planeas visitar Venecia y alojarte cerca de la Bas\u00edlica dei Frari, el Hotel Tivoli es una elecci\u00f3n ideal.<br \/><a href=\"https:\/\/hoteltivoli.it\/es\/hotel-economico-basilica-dei-frari-en-venecia\/\" data-type=\"link\" data-id=\"https:\/\/hoteltivoli.it\/es\/hotel-economico-basilica-dei-frari-en-venecia\/\">Lee m\u00e1s para obtener m\u00e1s informaci\u00f3n<\/a>.<\/p>\n\n<\/div>\n<\/div>\n<div id=\"faq-question-1747050788100\" class=\"rank-math-list-item\">\n<h3 class=\"rank-math-question \"><br>\u00bfD\u00f3nde encontrar un hotel econ\u00f3mico cerca de la Scuola Grande di San Rocco en Venecia?<\/h3>\n<div class=\"rank-math-answer \">\n<img loading=\"lazy\" decoding=\"async\" width=\"150\" height=\"150\" src=\"https:\/\/hoteltivoli.it\/wp-content\/uploads\/2025\/05\/Dormire-vicino-alla-Scuola-Grande-di-San-Rocco-150x150.webp\" class=\"alignright\" alt=\"Dormire vicino alla Scuola Grande di San Rocco\" \/>\n<p>Si est\u00e1s buscando un hotel c\u00f3modo para visitar la\u00a0<em>Scuola<strong>\u00a0Grande di San Rocco<\/strong><\/em>\u00a0en Venecia, el Hotel Tivoli es la soluci\u00f3n ideal.<br \/><a href=\"https:\/\/hoteltivoli.it\/es\/hotel-economico-scuola-grande-di-san-rocco-venecia\/\" data-type=\"link\" data-id=\"https:\/\/hoteltivoli.it\/es\/hotel-economico-scuola-grande-di-san-rocco-venecia\/\">Lee m\u00e1s para obtener m\u00e1s informaci\u00f3n<\/a><a href=\"https:\/\/hoteltivoli.it\/it\/hotel-economico-scuola-grande-di-san-rocco-venezia\/\" data-type=\"link\" data-id=\"https:\/\/hoteltivoli.it\/it\/hotel-economico-scuola-grande-di-san-rocco-venezia\/\">.<\/a><\/p>\n\n<\/div>\n<\/div>\n<div id=\"faq-question-1747051142322\" class=\"rank-math-list-item\">\n<h3 class=\"rank-math-question \"><br>\u00bfD\u00f3nde encontrar un hotel tranquilo en el centro de Venecia?<\/h3>\n<div class=\"rank-math-answer \">\n<img loading=\"lazy\" decoding=\"async\" width=\"150\" height=\"150\" src=\"https:\/\/hoteltivoli.it\/wp-content\/uploads\/2025\/05\/Hotel-tranquillo-nel-centro-di-Venezia-150x150.webp\" class=\"alignright\" alt=\"Hotel tranquillo nel centro di Venezia\" \/>\n<p>Encontrar un hotel tranquilo en pleno centro de Venecia puede parecer un reto, pero el Hotel Tivoli es una feliz excepci\u00f3n.\u00a0<br \/><a href=\"https:\/\/hoteltivoli.it\/es\/hotel-tranquilo-en-el-centro-de-venecia\/\" data-type=\"link\" data-id=\"https:\/\/hoteltivoli.it\/es\/hotel-tranquilo-en-el-centro-de-venecia\/\">Lee m\u00e1s para obtener m\u00e1s informaci\u00f3n<\/a><a href=\"https:\/\/hoteltivoli.it\/it\/hotel-tranquillo-economico-nel-centro-di-venezia\/\" data-type=\"link\" data-id=\"https:\/\/hoteltivoli.it\/it\/hotel-tranquillo-economico-nel-centro-di-venezia\/\"><a href=\"https:\/\/hoteltivoli.it\/it\/hotel-economico-scuola-grande-di-san-rocco-venezia\/\" data-type=\"link\" data-id=\"https:\/\/hoteltivoli.it\/it\/hotel-economico-scuola-grande-di-san-rocco-venezia\/\">.<\/a><\/a><\/p>\n\n<\/div>\n<\/div>\n<div id=\"faq-question-1747051228960\" class=\"rank-math-list-item\">\n<h3 class=\"rank-math-question \"><br>\u00bfD\u00f3nde encontrar un hotel econ\u00f3mico cerca de la estaci\u00f3n de tren Santa Luc\u00eda de Venecia?<\/h3>\n<div class=\"rank-math-answer \">\n<img loading=\"lazy\" decoding=\"async\" width=\"150\" height=\"150\" src=\"https:\/\/hoteltivoli.it\/wp-content\/uploads\/2025\/05\/Dormire-vicino-la-stazione-di-Venezia-Santa-Lucia-1920x840-1-150x150.webp\" class=\"alignright\" alt=\"Hotel economico vicino la stazione di Santa Lucia\" \/>\n<p>Si llegas a Venecia en tren y deseas explorar la ciudad caminando, encontrar un hotel cerca de la estaci\u00f3n de tren Santa Luc\u00eda pero alejado del bullicio no siempre es sencillo.<br \/><a href=\"https:\/\/hoteltivoli.it\/es\/hotel-economico-estacion-de-tren-santa-lucia\/\" data-type=\"link\" data-id=\"https:\/\/hoteltivoli.it\/es\/hotel-economico-estacion-de-tren-santa-lucia\/\">Lee m\u00e1s para obtener m\u00e1s informaci\u00f3n<\/a><a href=\"https:\/\/hoteltivoli.it\/it\/hotel-tranquillo-economico-nel-centro-di-venezia\/\" data-type=\"link\" data-id=\"https:\/\/hoteltivoli.it\/it\/hotel-tranquillo-economico-nel-centro-di-venezia\/\"><\/a><a href=\"https:\/\/hoteltivoli.it\/it\/hotel-economico-scuola-grande-di-san-rocco-venezia\/\" data-type=\"link\" data-id=\"https:\/\/hoteltivoli.it\/it\/hotel-economico-scuola-grande-di-san-rocco-venezia\/\">.<\/a><\/p>\n\n<\/div>\n<\/div>\n<div id=\"faq-question-1747051306484\" class=\"rank-math-list-item\">\n<h3 class=\"rank-math-question \"><br>\u00bfD\u00f3nde desayunar al aire libre en un hotel en Venecia?<\/h3>\n<div class=\"rank-math-answer \">\n<img loading=\"lazy\" decoding=\"async\" width=\"150\" height=\"150\" src=\"https:\/\/hoteltivoli.it\/wp-content\/uploads\/2025\/05\/Colazione-allaperto-in-hotel-economico-150x150.webp\" class=\"alignright\" alt=\"Colazione all&#039;aperto in hotel economico\" \/>\n<p>Muchos viajeros buscan un hotel donde puedan\u00a0<strong>desayunar al aire libre<\/strong>, rodeados de la\u00a0tranquilidad\u00a0de un patio veneciano.\u00a0<br \/><a href=\"https:\/\/hoteltivoli.it\/es\/desayunar-al-aire-libre-en-un-hotel-en-venecia\/\" data-type=\"link\" data-id=\"https:\/\/hoteltivoli.it\/es\/desayunar-al-aire-libre-en-un-hotel-en-venecia\/\">Lee m\u00e1s para obtener m\u00e1s informaci\u00f3n<\/a><a href=\"https:\/\/hoteltivoli.it\/it\/hotel-tranquillo-economico-nel-centro-di-venezia\/\" data-type=\"link\" data-id=\"https:\/\/hoteltivoli.it\/it\/hotel-tranquillo-economico-nel-centro-di-venezia\/\"><\/a><a href=\"https:\/\/hoteltivoli.it\/it\/hotel-economico-scuola-grande-di-san-rocco-venezia\/\" data-type=\"link\" data-id=\"https:\/\/hoteltivoli.it\/it\/hotel-economico-scuola-grande-di-san-rocco-venezia\/\">.<\/a><\/p>\n\n<\/div>\n<\/div>\n<div id=\"faq-question-1747051409957\" class=\"rank-math-list-item\">\n<h3 class=\"rank-math-question \"><br>\u00bfCu\u00e1l es el mejor hotel para alojarse en Venecia si quieres moverte a pie?<\/h3>\n<div class=\"rank-math-answer \">\n<img loading=\"lazy\" decoding=\"async\" width=\"150\" height=\"150\" src=\"https:\/\/hoteltivoli.it\/wp-content\/uploads\/2025\/05\/1920x840-19-articolo-copia-150x150.jpg\" class=\"alignright\" alt=\"Hotel economico per muoversi a piedi\" \/>\n<p>El\u00a0<strong>Hotel Tivoli<\/strong>, situado en el barrio de\u00a0<em>Dorsoduro<\/em>, es una de las mejores opciones para quienes desean moverse sin necesidad de vaporetto (excepto para las islas) y disfrutar de la Venecia m\u00e1s aut\u00e9ntica.<br \/><a href=\"https:\/\/hoteltivoli.it\/es\/mejor-hotel-venecia-a-pie\/\" data-type=\"link\" data-id=\"https:\/\/hoteltivoli.it\/es\/mejor-hotel-venecia-a-pie\/\">Lee m\u00e1s para obtener m\u00e1s informaci\u00f3n<\/a><a href=\"https:\/\/hoteltivoli.it\/it\/hotel-tranquillo-economico-nel-centro-di-venezia\/\" data-type=\"link\" data-id=\"https:\/\/hoteltivoli.it\/it\/hotel-tranquillo-economico-nel-centro-di-venezia\/\"><\/a><a href=\"https:\/\/hoteltivoli.it\/it\/hotel-economico-scuola-grande-di-san-rocco-venezia\/\" data-type=\"link\" data-id=\"https:\/\/hoteltivoli.it\/it\/hotel-economico-scuola-grande-di-san-rocco-venezia\/\">.<\/a><\/p>\n\n<\/div>\n<\/div>\n<div id=\"faq-question-1747051490304\" class=\"rank-math-list-item\">\n<h3 class=\"rank-math-question \"><br>\u00bfD\u00f3nde encontrar un hotel econ\u00f3mico con patio interior en Venecia?<\/h3>\n<div class=\"rank-math-answer \">\n<img loading=\"lazy\" decoding=\"async\" width=\"150\" height=\"150\" src=\"https:\/\/hoteltivoli.it\/wp-content\/uploads\/2025\/05\/Hotel-economico-con-cortile-interno-a-Venezia-150x150.webp\" class=\"alignright\" alt=\"Hotel economico con cortile interno a Venezia\" \/>\n<p>En una ciudad tan viva y fascinante, disponer de un\u00a0<strong>patio interior\u00a0silencioso<\/strong>, donde desayunar por la ma\u00f1ana o relajarse al atardecer, es un peque\u00f1o lujo que marca la diferencia. Si buscas un hotel en Venecia con estas caracter\u00edsticas, el\u00a0<strong>Hotel Tivoli<\/strong>\u00a0es la elecci\u00f3n ideal.<br \/><a href=\"https:\/\/hoteltivoli.it\/es\/hotel-economico-con-patio-interior-en-venecia\/\" data-type=\"link\" data-id=\"https:\/\/hoteltivoli.it\/es\/hotel-economico-con-patio-interior-en-venecia\/\">Lee m\u00e1s para obtener m\u00e1s informaci\u00f3n<\/a><a href=\"https:\/\/hoteltivoli.it\/it\/hotel-tranquillo-economico-nel-centro-di-venezia\/\" data-type=\"link\" data-id=\"https:\/\/hoteltivoli.it\/it\/hotel-tranquillo-economico-nel-centro-di-venezia\/\"><\/a><a href=\"https:\/\/hoteltivoli.it\/it\/hotel-economico-scuola-grande-di-san-rocco-venezia\/\" data-type=\"link\" data-id=\"https:\/\/hoteltivoli.it\/it\/hotel-economico-scuola-grande-di-san-rocco-venezia\/\">.<\/a><\/p>\n\n<\/div>\n<\/div>\n<div id=\"faq-question-1747051542167\" class=\"rank-math-list-item\">\n<h3 class=\"rank-math-question \"><br>\u00bfCu\u00e1l es un hotel economico en Venecia para familias?<\/h3>\n<div class=\"rank-math-answer \">\n<img loading=\"lazy\" decoding=\"async\" width=\"150\" height=\"150\" src=\"https:\/\/hoteltivoli.it\/wp-content\/uploads\/2025\/05\/Hotel-economico-per-famiglie-con-bambini-150x150.webp\" class=\"alignright\" alt=\"Hotel economico per famiglie con bambini\" \/>\n<p>Si te est\u00e1s preguntando\u00a0<strong>cu\u00e1l es un buen hotel en Venecia para familias con ni\u00f1os<\/strong>, el\u00a0<strong>Hotel Tivoli<\/strong>\u00a0es una de las mejores opciones.<br \/><a href=\"https:\/\/hoteltivoli.it\/es\/hotel-economico-en-venecia-familias\/\" data-type=\"link\" data-id=\"https:\/\/hoteltivoli.it\/es\/hotel-economico-en-venecia-familias\/\">Lee m\u00e1s para obtener m\u00e1s informaci\u00f3n<\/a><a href=\"https:\/\/hoteltivoli.it\/it\/hotel-tranquillo-economico-nel-centro-di-venezia\/\" data-type=\"link\" data-id=\"https:\/\/hoteltivoli.it\/it\/hotel-tranquillo-economico-nel-centro-di-venezia\/\"><\/a><a href=\"https:\/\/hoteltivoli.it\/it\/hotel-economico-scuola-grande-di-san-rocco-venezia\/\" data-type=\"link\" data-id=\"https:\/\/hoteltivoli.it\/it\/hotel-economico-scuola-grande-di-san-rocco-venezia\/\">.<\/a><\/p>\n\n<\/div>\n<\/div>\n<div id=\"faq-question-1747051599177\" class=\"rank-math-list-item\">\n<h3 class=\"rank-math-question \"><br>\u00bfD\u00f3nde encontrar un hotel econ\u00f3mico para una escapada rom\u00e1ntica en Venecia?<\/h3>\n<div class=\"rank-math-answer \">\n<img loading=\"lazy\" decoding=\"async\" width=\"150\" height=\"150\" src=\"https:\/\/hoteltivoli.it\/wp-content\/uploads\/2025\/05\/Hotel-economico-per-una-fuga-romantica-150x150.webp\" class=\"alignright\" alt=\"Hotel economico per una fuga romantica\" \/>\n<p>Pero si sue\u00f1as con una\u00a0<strong>escapada rom\u00e1ntica en Venecia<\/strong>\u00a0que sea aut\u00e9ntico, relajado y sin las formalidades de los hoteles de lujo, el\u00a0<strong>Hotel Tivoli<\/strong>\u00a0es la elecci\u00f3n ideal.<br \/><a href=\"https:\/\/hoteltivoli.it\/es\/hotel-economico-escapada-romantica-venecia\/\" data-type=\"link\" data-id=\"https:\/\/hoteltivoli.it\/es\/hotel-economico-escapada-romantica-venecia\/\">Lee m\u00e1s para obtener m\u00e1s informaci\u00f3n<\/a><a href=\"https:\/\/hoteltivoli.it\/it\/hotel-tranquillo-economico-nel-centro-di-venezia\/\" data-type=\"link\" data-id=\"https:\/\/hoteltivoli.it\/it\/hotel-tranquillo-economico-nel-centro-di-venezia\/\"><\/a><a href=\"https:\/\/hoteltivoli.it\/it\/hotel-economico-scuola-grande-di-san-rocco-venezia\/\" data-type=\"link\" data-id=\"https:\/\/hoteltivoli.it\/it\/hotel-economico-scuola-grande-di-san-rocco-venezia\/\">.<\/a><\/p>\n\n<\/div>\n<\/div>\n<div id=\"faq-question-1747051678520\" class=\"rank-math-list-item\">\n<h3 class=\"rank-math-question \"><br>\u00bfD\u00f3nde dormir en Venecia en un hotel econ\u00f3mico de gesti\u00f3n familiar?<\/h3>\n<div class=\"rank-math-answer \">\n<img loading=\"lazy\" decoding=\"async\" width=\"150\" height=\"150\" src=\"https:\/\/hoteltivoli.it\/wp-content\/uploads\/2025\/05\/Hotel-economico-a-gestione-familiare-150x150.webp\" class=\"alignright\" alt=\"Hotel economico a gestione familiare\" \/>\n<p>Encontrar un hotel en Venecia que sea\u00a0<strong>c\u00e9ntrico, acogedor, econ\u00f3mico y de gesti\u00f3n familiar<\/strong>\u00a0puede parecer dif\u00edcil. Sin embargo, el\u00a0<strong>Hotel Tivoli<\/strong>, ubicado en el barrio de Dorsoduro, re\u00fane todas estas caracter\u00edsticas.<br \/><a href=\"https:\/\/hoteltivoli.it\/es\/venecia-hotel-economico-de-gestion-familiar\/\" data-type=\"link\" data-id=\"https:\/\/hoteltivoli.it\/es\/venecia-hotel-economico-de-gestion-familiar\/\">Lee m\u00e1s para obtener m\u00e1s informaci\u00f3n<\/a><a href=\"https:\/\/hoteltivoli.it\/it\/hotel-tranquillo-economico-nel-centro-di-venezia\/\" data-type=\"link\" data-id=\"https:\/\/hoteltivoli.it\/it\/hotel-tranquillo-economico-nel-centro-di-venezia\/\"><\/a><a href=\"https:\/\/hoteltivoli.it\/it\/hotel-economico-scuola-grande-di-san-rocco-venezia\/\" data-type=\"link\" data-id=\"https:\/\/hoteltivoli.it\/it\/hotel-economico-scuola-grande-di-san-rocco-venezia\/\">.<\/a><\/p>\n\n<\/div>\n<\/div>\n<div id=\"faq-question-1747051737578\" class=\"rank-math-list-item\">\n<h3 class=\"rank-math-question \"><br>\u00bfD\u00f3nde dormir en un hotel econ\u00f3mico con una excelente relaci\u00f3n calidad-precio en Venecia?<\/h3>\n<div class=\"rank-math-answer \">\n<img loading=\"lazy\" decoding=\"async\" width=\"150\" height=\"150\" src=\"https:\/\/hoteltivoli.it\/wp-content\/uploads\/2025\/05\/Hotel-economico-con-ottimo-rapporto-qualita-prezzo-150x150.webp\" class=\"alignright\" alt=\"Hotel economico con ottimo rapporto qualita\u0300-prezzo\" \/>\n<p>Si te preguntas d\u00f3nde dormir en un hotel econ\u00f3mico con una excelente relaci\u00f3n calidad-precio en Venecia, el\u00a0<strong>Hotel Tivoli<\/strong>\u00a0es la respuesta ideal.<br \/><a href=\"https:\/\/hoteltivoli.it\/es\/hotel-excelente-relacion-calidad-precio-venecia\/\" data-type=\"link\" data-id=\"https:\/\/hoteltivoli.it\/es\/hotel-excelente-relacion-calidad-precio-venecia\/\">Lee m\u00e1s para obtener m\u00e1s informaci\u00f3n<\/a><a href=\"https:\/\/hoteltivoli.it\/it\/hotel-tranquillo-economico-nel-centro-di-venezia\/\" data-type=\"link\" data-id=\"https:\/\/hoteltivoli.it\/it\/hotel-tranquillo-economico-nel-centro-di-venezia\/\"><\/a><a href=\"https:\/\/hoteltivoli.it\/it\/hotel-economico-scuola-grande-di-san-rocco-venezia\/\" data-type=\"link\" data-id=\"https:\/\/hoteltivoli.it\/it\/hotel-economico-scuola-grande-di-san-rocco-venezia\/\">.<\/a><\/p>\n\n<\/div>\n<\/div>\n<div id=\"faq-question-1747051797821\" class=\"rank-math-list-item\">\n<h3 class=\"rank-math-question \"><br>\u00bfD\u00f3nde encontrar un hotel econ\u00f3mico cerca de la Plaza de San Marcos?<\/h3>\n<div class=\"rank-math-answer \">\n<img loading=\"lazy\" decoding=\"async\" width=\"150\" height=\"150\" src=\"https:\/\/hoteltivoli.it\/wp-content\/uploads\/2025\/05\/Hotel-economico-vicino-a-Piazza-San-Marco-150x150.webp\" class=\"alignright\" alt=\"Hotel economico vicino a Piazza San Marco\" \/>\n<p>En realidad, existe una opci\u00f3n que combina\u00a0<strong>cercan\u00eda a la Plaza de San Marcos, precios accesibles y confort esencial<\/strong>: el\u00a0<strong>Hotel Tivoli<\/strong>, situado en el barrio de Dorsoduro.<br \/><a href=\"https:\/\/hoteltivoli.it\/es\/hotel-economico-plaza-de-san-marcos\/\" data-type=\"link\" data-id=\"https:\/\/hoteltivoli.it\/es\/hotel-economico-plaza-de-san-marcos\/\">Lee m\u00e1s para obtener m\u00e1s informaci\u00f3n<\/a><a href=\"https:\/\/hoteltivoli.it\/it\/hotel-tranquillo-economico-nel-centro-di-venezia\/\" data-type=\"link\" data-id=\"https:\/\/hoteltivoli.it\/it\/hotel-tranquillo-economico-nel-centro-di-venezia\/\"><\/a><a href=\"https:\/\/hoteltivoli.it\/it\/hotel-economico-scuola-grande-di-san-rocco-venezia\/\" data-type=\"link\" data-id=\"https:\/\/hoteltivoli.it\/it\/hotel-economico-scuola-grande-di-san-rocco-venezia\/\">.<\/a><\/p>\n\n<\/div>\n<\/div>\n<div id=\"faq-question-1747051847951\" class=\"rank-math-list-item\">\n<h3 class=\"rank-math-question \"><br>\u00bfD\u00f3nde encontrar un hotel econ\u00f3mico cerca del Puente de Rialto?<\/h3>\n<div class=\"rank-math-answer \">\n<img loading=\"lazy\" decoding=\"async\" width=\"150\" height=\"150\" src=\"https:\/\/hoteltivoli.it\/wp-content\/uploads\/2025\/05\/1920x840-21-articolo-150x150.jpg\" class=\"alignright\" alt=\"Hotel economico vicino al Ponte di Rialto\" \/>\n<p>Alojarse cerca puede parecer un lujo reservado para unos pocos, pero existe una alternativa que combina\u00a0<strong>proximidad al Puente de Rialto, precios accesibles y confort esencial<\/strong>: el\u00a0<strong>Hotel Tivoli<\/strong>, situado en el coraz\u00f3n del barrio de Dorsoduro.\u00a0<br \/><a href=\"https:\/\/hoteltivoli.it\/es\/hotel-economico-cerca-del-puente-de-rialto\/\" data-type=\"link\" data-id=\"https:\/\/hoteltivoli.it\/es\/hotel-economico-cerca-del-puente-de-rialto\/\">Lee m\u00e1s para obtener m\u00e1s informaci\u00f3n<\/a><a href=\"https:\/\/hoteltivoli.it\/it\/hotel-economico-vicino-al-ponte-di-rialto\/\" data-type=\"link\" data-id=\"https:\/\/hoteltivoli.it\/it\/hotel-economico-vicino-al-ponte-di-rialto\/\"><a href=\"https:\/\/hoteltivoli.it\/it\/hotel-tranquillo-economico-nel-centro-di-venezia\/\" data-type=\"link\" data-id=\"https:\/\/hoteltivoli.it\/it\/hotel-tranquillo-economico-nel-centro-di-venezia\/\"><\/a><a href=\"https:\/\/hoteltivoli.it\/it\/hotel-economico-scuola-grande-di-san-rocco-venezia\/\" data-type=\"link\" data-id=\"https:\/\/hoteltivoli.it\/it\/hotel-economico-scuola-grande-di-san-rocco-venezia\/\">.<\/a><\/a><\/p>\n\n<\/div>\n<\/div>\n<div id=\"faq-question-1747388349967\" class=\"rank-math-list-item\">\n<h3 class=\"rank-math-question \">\u00bfD\u00f3nde encontrar un hotel econ\u00f3mico cerca de Campo Santa Margherita en Venecia?<\/h3>\n<div class=\"rank-math-answer \">\n<img loading=\"lazy\" decoding=\"async\" width=\"150\" height=\"150\" src=\"https:\/\/hoteltivoli.it\/wp-content\/uploads\/2025\/05\/Hotel-economico-vicino-a-Campo-Santa-Margherita-150x150.webp\" class=\"alignright\" alt=\"hotel econ\u00f3mico cerca de Campo Santa Margherita en Venecia\" \/>\n<p>Alojarse cerca de Campo Santa Margherita es una opci\u00f3n excelente para quienes desean vivir Venecia desde una perspectiva aut\u00e9ntica, c\u00e9ntrica y al mismo tiempo accesible en cuanto a precio. <br \/><a href=\"https:\/\/hoteltivoli.it\/es\/hotel-economico-campo-santa-margherita-venecia\/\" data-type=\"link\" data-id=\"https:\/\/hoteltivoli.it\/es\/hotel-economico-campo-santa-margherita-venecia\/\">Lee m\u00e1s para obtener m\u00e1s informaci\u00f3n<\/a><a href=\"https:\/\/hoteltivoli.it\/it\/hotel-economico-vicino-al-ponte-di-rialto\/\" data-type=\"link\" data-id=\"https:\/\/hoteltivoli.it\/it\/hotel-economico-vicino-al-ponte-di-rialto\/\"><\/a><a href=\"https:\/\/hoteltivoli.it\/it\/hotel-tranquillo-economico-nel-centro-di-venezia\/\" data-type=\"link\" data-id=\"https:\/\/hoteltivoli.it\/it\/hotel-tranquillo-economico-nel-centro-di-venezia\/\"><\/a>.<\/p>\n\n<\/div>\n<\/div>\n<div id=\"faq-question-1747401572050\" class=\"rank-math-list-item\">\n<h3 class=\"rank-math-question \">\u00bfD\u00f3nde alojarse en un hotel econ\u00f3mico en el barrio de Dorsoduro en Venecia?<\/h3>\n<div class=\"rank-math-answer \">\n<img loading=\"lazy\" decoding=\"async\" width=\"150\" height=\"150\" src=\"https:\/\/hoteltivoli.it\/wp-content\/uploads\/2025\/05\/Hotel-economico-a-Dorsoduro-150x150.webp\" class=\"alignright\" alt=\"Hotel economico a Dorsoduro\" \/>\n<p>Venecia es una de las ciudades m\u00e1s fascinantes del mundo, pero elegir d\u00f3nde alojarse puede resultar complicado. Si buscas un barrio aut\u00e9ntico, tranquilo y rico en arte y cultura, el\u00a0<strong>sestiere de Dorsoduro<\/strong>\u00a0es la elecci\u00f3n perfecta.<br \/><a href=\"https:\/\/hoteltivoli.it\/es\/hotel-economico-barrio-de-dorsoduro-en-venecia\/\" data-type=\"link\" data-id=\"https:\/\/hoteltivoli.it\/es\/hotel-economico-barrio-de-dorsoduro-en-venecia\/\">Lee m\u00e1s para obtener m\u00e1s informaci\u00f3n<a href=\"https:\/\/hoteltivoli.it\/it\/hotel-economico-vicino-al-ponte-di-rialto\/\" data-type=\"link\" data-id=\"https:\/\/hoteltivoli.it\/it\/hotel-economico-vicino-al-ponte-di-rialto\/\"><\/a><a href=\"https:\/\/hoteltivoli.it\/it\/hotel-tranquillo-economico-nel-centro-di-venezia\/\" data-type=\"link\" data-id=\"https:\/\/hoteltivoli.it\/it\/hotel-tranquillo-economico-nel-centro-di-venezia\/\"><\/a>.<br \/><\/a><\/p>\n\n<\/div>\n<\/div>\n<\/div>\n<\/div>","protected":false},"excerpt":{"rendered":"<p>\u00bfEst\u00e1s organizando tu viaje al Hotel Tivoli y necesitas m\u00e1s informaci\u00f3n? En esta secci\u00f3n encontrar\u00e1s respuestas a las preguntas m\u00e1s comunes que nos hacen nuestros hu\u00e9spedes: desde los horarios de entrada y salida, hasta el servicio de consigna de equipaje, el desayuno, los servicios disponibles en las habitaciones y la cercan\u00eda con los principales puntos [&hellip;]<\/p>\n","protected":false},"author":1,"featured_media":0,"parent":0,"menu_order":0,"comment_status":"closed","ping_status":"closed","template":"","meta":{"_acf_changed":false,"footnotes":""},"class_list":["post-1769","page","type-page","status-publish","hentry"],"acf":[],"_links":{"self":[{"href":"https:\/\/hoteltivoli.it\/es\/wp-json\/wp\/v2\/pages\/1769","targetHints":{"allow":["GET"]}}],"collection":[{"href":"https:\/\/hoteltivoli.it\/es\/wp-json\/wp\/v2\/pages"}],"about":[{"href":"https:\/\/hoteltivoli.it\/es\/wp-json\/wp\/v2\/types\/page"}],"author":[{"embeddable":true,"href":"https:\/\/hoteltivoli.it\/es\/wp-json\/wp\/v2\/users\/1"}],"replies":[{"embeddable":true,"href":"https:\/\/hoteltivoli.it\/es\/wp-json\/wp\/v2\/comments?post=1769"}],"version-history":[{"count":33,"href":"https:\/\/hoteltivoli.it\/es\/wp-json\/wp\/v2\/pages\/1769\/revisions"}],"predecessor-version":[{"id":2062,"href":"https:\/\/hoteltivoli.it\/es\/wp-json\/wp\/v2\/pages\/1769\/revisions\/2062"}],"wp:attachment":[{"href":"https:\/\/hoteltivoli.it\/es\/wp-json\/wp\/v2\/media?parent=1769"}],"curies":[{"name":"wp","href":"https:\/\/api.w.org\/{rel}","templated":true}]}}