{"id":838,"date":"2024-03-20T16:40:21","date_gmt":"2024-03-20T16:40:21","guid":{"rendered":"https:\/\/staging.hoteltivoli.it\/about-us\/"},"modified":"2025-05-08T10:42:31","modified_gmt":"2025-05-08T10:42:31","slug":"quienes-somos","status":"publish","type":"page","link":"https:\/\/hoteltivoli.it\/es\/quienes-somos\/","title":{"rendered":"Qui\u00e9nes Somos"},"content":{"rendered":"\n<div class=\"wp-block-columns is-layout-flex wp-container-core-columns-is-layout-9d6595d7 wp-block-columns-is-layout-flex\">\n<div class=\"wp-block-column is-layout-flow wp-block-column-is-layout-flow\" style=\"flex-basis:50%\">\n<figure class=\"wp-block-image size-large\"><img loading=\"lazy\" decoding=\"async\" width=\"1024\" height=\"569\" src=\"https:\/\/hoteltivoli.it\/wp-content\/uploads\/2024\/03\/Team_1-1024x569.jpg\" alt=\"\" class=\"wp-image-614\" srcset=\"https:\/\/hoteltivoli.it\/wp-content\/uploads\/2024\/03\/Team_1-1024x569.jpg 1024w, https:\/\/hoteltivoli.it\/wp-content\/uploads\/2024\/03\/Team_1-300x167.jpg 300w, https:\/\/hoteltivoli.it\/wp-content\/uploads\/2024\/03\/Team_1-768x427.jpg 768w, https:\/\/hoteltivoli.it\/wp-content\/uploads\/2024\/03\/Team_1-1536x853.jpg 1536w, https:\/\/hoteltivoli.it\/wp-content\/uploads\/2024\/03\/Team_1-2048x1138.jpg 2048w\" sizes=\"auto, (max-width: 1024px) 100vw, 1024px\" \/><\/figure>\n<\/div>\n\n\n\n<div class=\"wp-block-column is-layout-flow wp-block-column-is-layout-flow\" style=\"flex-basis:50%\">\n<p>Bienvenidos al Hotel Tivoli, un hotel familiar en el coraz\u00f3n de Venecia, dirigido con pasi\u00f3n y dedicaci\u00f3n por nuestra familia desde hace 70 a\u00f1os y listo para recibirles con gran placer.<\/p>\n\n\n\n<p>Nuestro equipo trabaja con nosotros para garantizar que cada estancia sea confortable, ofreciendo asistencia, apoyo y asesoramiento en todo momento y asegur\u00e1ndose de que cada hu\u00e9sped se sienta en su casa.<\/p>\n\n\n\n<p>As\u00ed que, estamos encantados de darle la bienvenida a nuestro hotel.<\/p>\n<\/div>\n<\/div>\n","protected":false},"excerpt":{"rendered":"<p>Bienvenidos al Hotel Tivoli, un hotel familiar en el coraz\u00f3n de Venecia, dirigido con pasi\u00f3n y dedicaci\u00f3n por nuestra familia desde hace 70 a\u00f1os y listo para recibirles con gran placer. Nuestro equipo trabaja con nosotros para garantizar que cada estancia sea confortable, ofreciendo asistencia, apoyo y asesoramiento en todo momento y asegur\u00e1ndose de que [&hellip;]<\/p>\n","protected":false},"author":1,"featured_media":0,"parent":0,"menu_order":0,"comment_status":"closed","ping_status":"closed","template":"","meta":{"_acf_changed":false,"footnotes":""},"class_list":["post-838","page","type-page","status-publish","hentry"],"acf":[],"_links":{"self":[{"href":"https:\/\/hoteltivoli.it\/es\/wp-json\/wp\/v2\/pages\/838","targetHints":{"allow":["GET"]}}],"collection":[{"href":"https:\/\/hoteltivoli.it\/es\/wp-json\/wp\/v2\/pages"}],"about":[{"href":"https:\/\/hoteltivoli.it\/es\/wp-json\/wp\/v2\/types\/page"}],"author":[{"embeddable":true,"href":"https:\/\/hoteltivoli.it\/es\/wp-json\/wp\/v2\/users\/1"}],"replies":[{"embeddable":true,"href":"https:\/\/hoteltivoli.it\/es\/wp-json\/wp\/v2\/comments?post=838"}],"version-history":[{"count":1,"href":"https:\/\/hoteltivoli.it\/es\/wp-json\/wp\/v2\/pages\/838\/revisions"}],"predecessor-version":[{"id":842,"href":"https:\/\/hoteltivoli.it\/es\/wp-json\/wp\/v2\/pages\/838\/revisions\/842"}],"wp:attachment":[{"href":"https:\/\/hoteltivoli.it\/es\/wp-json\/wp\/v2\/media?parent=838"}],"curies":[{"name":"wp","href":"https:\/\/api.w.org\/{rel}","templated":true}]}}