{"id":849,"date":"2024-03-15T14:03:41","date_gmt":"2024-03-15T14:03:41","guid":{"rendered":"https:\/\/staging.hoteltivoli.it\/contacts\/"},"modified":"2025-05-08T10:30:45","modified_gmt":"2025-05-08T10:30:45","slug":"contactos","status":"publish","type":"page","link":"https:\/\/hoteltivoli.it\/es\/contactos\/","title":{"rendered":"Contactos"},"content":{"rendered":"\n<div class=\"wp-block-columns is-layout-flex wp-container-core-columns-is-layout-9d6595d7 wp-block-columns-is-layout-flex\">\n<div class=\"wp-block-column is-layout-flow wp-block-column-is-layout-flow\">\n<h4 class=\"wp-block-heading\"><strong>Hotel Tivoli <\/strong><\/h4>\n\n\n\n<p>Dorsoduro, 3838<br>Venezia<br><a href=\"http:\/\/staging.hoteltivoli.it\/location\/\">View Map<\/a><\/p>\n<\/div>\n\n\n\n<div class=\"wp-block-column is-layout-flow wp-block-column-is-layout-flow\">\n<p><strong>Front Desk:<\/strong> 7 a.m. a 9 p.m. (despu\u00e9s de las 9 p.m. el personal estar\u00e1 disponible al +39 041 5242460)<\/p>\n\n\n\n<p><strong>Check-in:<\/strong> 13:00 horas; puede dejar su equipaje en las instalaciones si llega antes de la hora indicada.<\/p>\n\n\n\n<p><strong>Self Check-in:<\/strong>&lt;&nbsp;Si llega despu\u00e9s de las 21:00 horas, p\u00f3ngase en contacto con nosotros por e-mail info@hoteltivoli.it para que podamos enviarle toda la informaci\u00f3n necesaria para tomar posesi\u00f3n de su habitaci\u00f3n.<\/p>\n\n\n\n<p><strong>Check out:\u00a0<\/strong>10:30 horas, podr\u00e1 dejar su equipaje en las instalaciones hasta su salida.<\/p>\n<\/div>\n<\/div>\n","protected":false},"excerpt":{"rendered":"<p>Hotel Tivoli Dorsoduro, 3838VeneziaView Map Front Desk: 7 a.m. a 9 p.m. (despu\u00e9s de las 9 p.m. el personal estar\u00e1 disponible al +39 041 5242460) Check-in: 13:00 horas; puede dejar su equipaje en las instalaciones si llega antes de la hora indicada. Self Check-in:&lt;&nbsp;Si llega despu\u00e9s de las 21:00 horas, p\u00f3ngase en contacto con nosotros [&hellip;]<\/p>\n","protected":false},"author":1,"featured_media":618,"parent":0,"menu_order":0,"comment_status":"closed","ping_status":"closed","template":"templates\/contatti.php","meta":{"_acf_changed":false,"footnotes":""},"class_list":["post-849","page","type-page","status-publish","has-post-thumbnail","hentry"],"acf":[],"_links":{"self":[{"href":"https:\/\/hoteltivoli.it\/es\/wp-json\/wp\/v2\/pages\/849","targetHints":{"allow":["GET"]}}],"collection":[{"href":"https:\/\/hoteltivoli.it\/es\/wp-json\/wp\/v2\/pages"}],"about":[{"href":"https:\/\/hoteltivoli.it\/es\/wp-json\/wp\/v2\/types\/page"}],"author":[{"embeddable":true,"href":"https:\/\/hoteltivoli.it\/es\/wp-json\/wp\/v2\/users\/1"}],"replies":[{"embeddable":true,"href":"https:\/\/hoteltivoli.it\/es\/wp-json\/wp\/v2\/comments?post=849"}],"version-history":[{"count":1,"href":"https:\/\/hoteltivoli.it\/es\/wp-json\/wp\/v2\/pages\/849\/revisions"}],"predecessor-version":[{"id":855,"href":"https:\/\/hoteltivoli.it\/es\/wp-json\/wp\/v2\/pages\/849\/revisions\/855"}],"wp:featuredmedia":[{"embeddable":true,"href":"https:\/\/hoteltivoli.it\/es\/wp-json\/wp\/v2\/media\/618"}],"wp:attachment":[{"href":"https:\/\/hoteltivoli.it\/es\/wp-json\/wp\/v2\/media?parent=849"}],"curies":[{"name":"wp","href":"https:\/\/api.w.org\/{rel}","templated":true}]}}