{"id":1186,"date":"2025-05-07T08:49:55","date_gmt":"2025-05-07T08:49:55","guid":{"rendered":"https:\/\/hoteltivoli.it\/?page_id=1186"},"modified":"2025-06-04T07:36:17","modified_gmt":"2025-06-04T07:36:17","slug":"hotel-economique-scuola-grande-di-san-rocco-venise","status":"publish","type":"page","link":"https:\/\/hoteltivoli.it\/fr\/hotel-economique-scuola-grande-di-san-rocco-venise\/","title":{"rendered":"O\u00f9 trouver un h\u00f4tel \u00e9conomique pr\u00e8s de la Scuola Grande di San Rocco?"},"content":{"rendered":"\n<p>Si vous cherchez un h\u00f4tel confortable pour visiter la <strong><em>Scuola<\/em><\/strong><em><strong> Grande di San Rocco<\/strong><\/em> \u00e0 Venise, l\u2019H\u00f4tel Tivoli est la solution id\u00e9ale. Situ\u00e9 \u00e0 moins de trois minutes \u00e0 pied de ce chef-d\u2019\u0153uvre de la Renaissance, l\u2019h\u00f4tel offre un s\u00e9jour agr\u00e9able au c\u0153ur du quartier <em><strong>Dorsoduro<\/strong><\/em>, \u00e0 deux pas de la <a href=\"https:\/\/hoteltivoli.it\/fr\/ou-dormir-pres-basilique-dei-frari-a-venise\/\" data-type=\"link\" data-id=\"https:\/\/hoteltivoli.it\/fr\/ou-dormir-pres-basilique-dei-frari-a-venise\/\">Basilique dei Frari<\/a>. Gr\u00e2ce \u00e0 son emplacement strat\u00e9gique, sa gestion familiale et son atmosph\u00e8re d\u00e9tendue, l\u2019H\u00f4tel Tivoli est parfait pour ceux qui souhaitent d\u00e9couvrir les tr\u00e9sors artistiques de la ville lagunaire \u00e0 pied et sans stress.<\/p>\n\n\n\n<h2 class=\"wp-block-heading\">Un chef-d\u2019\u0153uvre v\u00e9nitien \u00e0 deux pas de l\u2019h\u00f4tel<\/h2>\n\n\n\n<p>La <em>Scuola Grande di San Rocco<\/em> est consid\u00e9r\u00e9e comme la \u201c<strong>Chapelle Sixtine<\/strong>\u201d de <strong>Venise<\/strong>, en raison des extraordinaires cycles picturaux r\u00e9alis\u00e9s par Jacopo Tintoret. Le b\u00e2timent, si\u00e8ge d\u2019une confr\u00e9rie la\u00efque fond\u00e9e au XVe si\u00e8cle, est aujourd\u2019hui l\u2019un des mus\u00e9es d\u2019art les plus fascinants de la ville. \u00c0 l\u2019int\u00e9rieur, on trouve des dizaines de toiles du <strong>Tintoret<\/strong>, r\u00e9parties entre le rez-de-chauss\u00e9e, la salle capitulaire et la <em>salle de l\u2019albergo<\/em>. Chaque pi\u00e8ce est d\u00e9cor\u00e9e de sols en marbre polychrome, de stucs et de boiseries sculpt\u00e9es, rendant la visite totalement immersive dans la Venise de la fin de la Renaissance.<\/p>\n\n\n\n<p>S\u00e9journer \u00e0 moins de trois minutes permet non seulement de visiter facilement <em>la Scuola<\/em>, mais aussi d\u2019y retourner \u00e0 diff\u00e9rents moments de la journ\u00e9e pour en appr\u00e9cier les d\u00e9tails \u00e0 la lumi\u00e8re changeante.<\/p>\n\n\n\n<h2 class=\"wp-block-heading\">H\u00f4tel Tivoli: l\u2019emplacement id\u00e9al pour les amateurs d\u2019art<\/h2>\n\n\n\n<p>L\u2019H\u00f4tel Tivoli est situ\u00e9 <strong><em>Crosera San Pantalon<\/em><\/strong>, une petite rue tranquille et typiquement v\u00e9nitienne qui relie San Rocco \u00e0 <em>Campo Santa Margherita<\/em>. Depuis l\u2019h\u00f4tel, il est facile de rejoindre \u00e0 pied non seulement la Scuola Grande di San Rocco, mais aussi d\u2019autres lieux embl\u00e9matiques comme la <em>Basilique dei Frari<\/em>, les <em>Galeries de l\u2019Acad\u00e9mie<\/em>, le <em><a href=\"https:\/\/hoteltivoli.it\/fr\/hotel-economique-pres-du-pont-du-rialto\/\" data-type=\"link\" data-id=\"https:\/\/hoteltivoli.it\/fr\/hotel-economique-pres-du-pont-du-rialto\/\">Pont du Rialto<\/a><\/em> et la <a href=\"https:\/\/hoteltivoli.it\/fr\/hotel-economique-pres-de-la-place-saint-marc\/\" data-type=\"link\" data-id=\"https:\/\/hoteltivoli.it\/fr\/hotel-economique-pres-de-la-place-saint-marc\/\">Place Saint-Marc<\/a>. L\u2019arr\u00eat de <em><a href=\"https:\/\/actv.avmspa.it\/en\" data-type=\"link\" data-id=\"https:\/\/actv.avmspa.it\/en\" rel=\"nofollow noopener\" target=\"_blank\">vaporetto <strong>San Tom\u00e0<\/strong><\/a><\/em> se trouve \u00e0 seulement 4 minutes, pratique pour les excursions vers les \u00eeles ou le Lido.<\/p>\n\n\n\n<p>La gare Santa Lucia et <em>Piazzale Roma<\/em> sont accessibles \u00e0 pied en moins de 10 minutes, ce qui rend l\u2019h\u00f4tel facilement accessible, m\u00eame avec des bagages.<\/p>\n\n\n\n<h2 class=\"wp-block-heading\">Calme et confort en plein centre-ville<\/h2>\n\n\n\n<p>Bien qu\u2019il se trouve dans l\u2019un des quartiers les plus artistiques de Venise, l\u2019H\u00f4tel Tivoli est appr\u00e9ci\u00e9 pour son <strong>cadre <a href=\"https:\/\/hoteltivoli.it\/fr\/hotel-calme-dans-le-centre-de-venise\/\" data-type=\"link\" data-id=\"https:\/\/hoteltivoli.it\/fr\/hotel-calme-dans-le-centre-de-venise\/\">paisible<\/a><\/strong>. Les <a href=\"https:\/\/hoteltivoli.it\/fr\/chambres\/\" data-type=\"link\" data-id=\"https:\/\/hoteltivoli.it\/fr\/chambres\/\">chambres<\/a> donnent sur une ruelle calme ou sur la cour int\u00e9rieure et sont \u00e9quip\u00e9es de tout le <strong>confort n\u00e9cessaire<\/strong>: climatisation, salle de bain priv\u00e9e, Wi-Fi rapide et gratuit, s\u00e8che-cheveux, coffre-fort (dans certaines chambres) et t\u00e9l\u00e9vision. Certaines chambres disposent \u00e9galement d\u2019un minibar.<\/p>\n\n\n\n<p>De nombreux clients appr\u00e9cient la propret\u00e9, le calme nocturne et l\u2019atmosph\u00e8re d\u00e9tendue \u2014 des \u00e9l\u00e9ments essentiels apr\u00e8s une journ\u00e9e bien remplie entre mus\u00e9es, \u00e9glises et palais.<\/p>\n\n\n\n<h2 class=\"wp-block-heading\">Petit-d\u00e9jeuner inclus, m\u00eame en plein air<\/h2>\n\n\n\n<p>Chaque matin, l\u2019h\u00f4tel propose un <strong><a href=\"https:\/\/hoteltivoli.it\/fr\/petit-dejeuner-en-plein-air-hotel-economique-a-venise\/\" data-type=\"link\" data-id=\"https:\/\/hoteltivoli.it\/fr\/petit-dejeuner-en-plein-air-hotel-economique-a-venise\/\">petit-d\u00e9jeuner<\/a> vari\u00e9 et copieux<\/strong>, inclus dans le s\u00e9jour. Le buffet offre des options sucr\u00e9es et sal\u00e9es: croissants, pain, g\u00e2teaux, confitures, c\u00e9r\u00e9ales, yaourts, charcuterie, fromages, jus de fruits et boissons chaudes pr\u00e9par\u00e9es \u00e0 la demande. Pendant les mois plus doux, il est possible de prendre le petit-d\u00e9jeuner dans <strong>la <a href=\"https:\/\/hoteltivoli.it\/fr\/hotel-economique-avec-cour-interieure-a-venise\/\" data-type=\"link\" data-id=\"https:\/\/hoteltivoli.it\/fr\/hotel-economique-avec-cour-interieure-a-venise\/\">cour int\u00e9rieure<\/a><\/strong>, un petit espace vert avec des tables en plein air, id\u00e9al pour commencer la journ\u00e9e en toute s\u00e9r\u00e9nit\u00e9.<\/p>\n\n\n\n<p>De nombreux clients d\u00e9crivent ce moment comme l\u2019un des plus agr\u00e9ables de leur s\u00e9jour.<\/p>\n\n\n\n<h2 class=\"wp-block-heading\">Un accueil authentique avec une gestion familiale<\/h2>\n\n\n\n<p>L\u2019H\u00f4tel Tivoli est <strong>g\u00e9r\u00e9 par la m\u00eame <a href=\"https:\/\/hoteltivoli.it\/fr\/hotel-economique-a-gestion-familiale-venise\/\" data-type=\"link\" data-id=\"https:\/\/hoteltivoli.it\/fr\/hotel-economique-a-gestion-familiale-venise\/\">famille<\/a> depuis trois g\u00e9n\u00e9rations<\/strong>. Cela se refl\u00e8te dans l\u2019attention port\u00e9e \u00e0 chaque client, la disponibilit\u00e9 du personnel et l\u2019atmosph\u00e8re chaleureuse. L\u2019\u00e9quipe parle plusieurs langues, dont l\u2019anglais, le fran\u00e7ais et l\u2019espagnol, et se tient toujours pr\u00eate \u00e0 recommander des itin\u00e9raires personnalis\u00e9s, des restaurants locaux et des coins m\u00e9connus de la ville.<\/p>\n\n\n\n<p>Que vous voyagiez seul, en couple ou entre amis, l\u2019h\u00f4tel offre un \u00e9quilibre parfait entre simplicit\u00e9 et qualit\u00e9 de service.<\/p>\n\n\n\n<h2 class=\"wp-block-heading\">D\u00e9couvrez Venise \u00e0 pied en partant de San Rocco<\/h2>\n\n\n\n<p>S\u00e9journer \u00e0 c\u00f4t\u00e9 de la <em>Scuola Grande di San Rocco<\/em> offre un acc\u00e8s privil\u00e9gi\u00e9 non seulement \u00e0 la culture, mais aussi \u00e0 la Venise la plus authentique. \u00c0 quelques minutes se trouvent le <em>Campo Santa Margherit<\/em>a, lieu de rencontre pris\u00e9 des V\u00e9nitiens, la zone universitaire de <em>Ca\u2019 Foscari<\/em> et quelques-unes des meilleures <em>osterie<\/em> de la ville.<\/p>\n\n\n\n<p>\u00c9loign\u00e9 des flux touristiques les plus intenses mais proche de tout, l\u2019H\u00f4tel Tivoli est la base id\u00e9ale pour d\u00e9couvrir Venise <strong>sans avoir besoin des transports publics<\/strong>.<\/p>\n\n\n\n<p><strong><a href=\"https:\/\/hoteltivoli.it\/fr\/\" data-type=\"link\" data-id=\"https:\/\/hoteltivoli.it\/fr\/\">R\u00e9servez votre s\u00e9jour directement sur le site officiel de l\u2019H\u00f4tel Tivoli<\/a> pour b\u00e9n\u00e9ficier du meilleur tarif garanti et d\u00e9couvrir l\u2019art de Venise en toute tranquillit\u00e9.<\/strong><\/p>\n","protected":false},"excerpt":{"rendered":"<p>Si vous cherchez un h\u00f4tel confortable pour visiter la Scuola Grande di San Rocco \u00e0 Venise, l\u2019H\u00f4tel Tivoli est la solution id\u00e9ale. Situ\u00e9 \u00e0 moins de trois minutes \u00e0 pied de ce chef-d\u2019\u0153uvre de la Renaissance, l\u2019h\u00f4tel offre un s\u00e9jour agr\u00e9able au c\u0153ur du quartier Dorsoduro, \u00e0 deux pas de la Basilique dei Frari. Gr\u00e2ce [&hellip;]<\/p>\n","protected":false},"author":1,"featured_media":1182,"parent":0,"menu_order":0,"comment_status":"closed","ping_status":"closed","template":"","meta":{"_acf_changed":false,"footnotes":""},"class_list":["post-1186","page","type-page","status-publish","has-post-thumbnail","hentry"],"acf":[],"_links":{"self":[{"href":"https:\/\/hoteltivoli.it\/fr\/wp-json\/wp\/v2\/pages\/1186","targetHints":{"allow":["GET"]}}],"collection":[{"href":"https:\/\/hoteltivoli.it\/fr\/wp-json\/wp\/v2\/pages"}],"about":[{"href":"https:\/\/hoteltivoli.it\/fr\/wp-json\/wp\/v2\/types\/page"}],"author":[{"embeddable":true,"href":"https:\/\/hoteltivoli.it\/fr\/wp-json\/wp\/v2\/users\/1"}],"replies":[{"embeddable":true,"href":"https:\/\/hoteltivoli.it\/fr\/wp-json\/wp\/v2\/comments?post=1186"}],"version-history":[{"count":11,"href":"https:\/\/hoteltivoli.it\/fr\/wp-json\/wp\/v2\/pages\/1186\/revisions"}],"predecessor-version":[{"id":2011,"href":"https:\/\/hoteltivoli.it\/fr\/wp-json\/wp\/v2\/pages\/1186\/revisions\/2011"}],"wp:featuredmedia":[{"embeddable":true,"href":"https:\/\/hoteltivoli.it\/fr\/wp-json\/wp\/v2\/media\/1182"}],"wp:attachment":[{"href":"https:\/\/hoteltivoli.it\/fr\/wp-json\/wp\/v2\/media?parent=1186"}],"curies":[{"name":"wp","href":"https:\/\/api.w.org\/{rel}","templated":true}]}}