{"id":1253,"date":"2025-05-07T10:23:56","date_gmt":"2025-05-07T10:23:56","guid":{"rendered":"https:\/\/hoteltivoli.it\/hotel-tranquillo-economico-nel-centro-di-venezia\/"},"modified":"2025-05-12T09:42:45","modified_gmt":"2025-05-12T09:42:45","slug":"hotel-calme-dans-le-centre-de-venise","status":"publish","type":"page","link":"https:\/\/hoteltivoli.it\/fr\/hotel-calme-dans-le-centre-de-venise\/","title":{"rendered":"O\u00f9 trouver un h\u00f4tel calme dans le centre de Venise?"},"content":{"rendered":"\n<p>Trouver un h\u00f4tel calme au c\u0153ur de Venise peut sembler difficile, mais l\u2019H\u00f4tel Tivoli est une heureuse exception. Situ\u00e9 dans le quartier de <strong><em>Dorsoduro<\/em><\/strong>, \u00e0 deux pas de la <a href=\"https:\/\/hoteltivoli.it\/fr\/hotel-economique-basilique-dei-frari-a-venise\/\" data-type=\"link\" data-id=\"https:\/\/hoteltivoli.it\/fr\/hotel-economique-basilique-dei-frari-a-venise\/\">Basilique des Frari<\/a> et de la <em><a href=\"https:\/\/hoteltivoli.it\/fr\/hotel-economique-scuola-grande-di-san-rocco-venise\/\" data-type=\"link\" data-id=\"https:\/\/hoteltivoli.it\/fr\/hotel-economique-scuola-grande-di-san-rocco-venise\/\">Scuola Grande di San Rocco<\/a><\/em>, cet h\u00f4tel deux \u00e9toiles \u00e0 gestion familiale est appr\u00e9ci\u00e9 pour son emplacement central et, en m\u00eame temps, pour l\u2019atmosph\u00e8re paisible et d\u00e9tendue qu\u2019il offre \u00e0 ses h\u00f4tes. Parfait pour ceux qui souhaitent se reposer apr\u00e8s une journ\u00e9e dans les ruelles et le long des canaux, le Tivoli est le bon choix pour qui recherche le calme sans renoncer au confort.<\/p>\n\n\n\n<h2 class=\"wp-block-heading\">Un havre de paix au c\u0153ur de la ville<\/h2>\n\n\n\n<p>De nombreux visiteurs sont surpris de d\u00e9couvrir un h\u00f4tel <strong>calme<\/strong> dans un quartier <strong>central<\/strong>. L\u2019H\u00f4tel Tivoli donne sur une <strong>petite rue peu fr\u00e9quent\u00e9e<\/strong> et dispose d\u2019un <strong><a href=\"https:\/\/hoteltivoli.it\/fr\/hotel-economique-a-gestion-familiale-venise\/\" data-type=\"link\" data-id=\"https:\/\/hoteltivoli.it\/cheap-family-run-hotel-venice\/\">patio int\u00e9rieur<\/a><\/strong> o\u00f9 l\u2019on peut prendre le petit-d\u00e9jeuner, lire ou simplement se d\u00e9tendre, loin de l\u2019agitation touristique. Cette caract\u00e9ristique en fait un lieu particuli\u00e8rement adapt\u00e9 aux couples, familles et voyageurs en qu\u00eate de repos.<\/p>\n\n\n\n<p>Les avis du monde entier soulignent qu\u2019en d\u00e9pit de la proximit\u00e9 des sites les plus visit\u00e9s, l\u2019h\u00f4tel garantit <strong>des nuits calmes<\/strong> et des r\u00e9veils paisibles, gr\u00e2ce aussi \u00e0 la bonne insonorisation des chambres.<\/p>\n\n\n\n<h2 class=\"wp-block-heading\">H\u00f4tel calme: un emplacement central mais sans agitation<\/h2>\n\n\n\n<p>L\u2019H\u00f4tel Tivoli b\u00e9n\u00e9ficie d\u2019un <strong>emplacement strat\u00e9gique mais discret<\/strong>, \u00e0 moins de 10 minutes \u00e0 pied de la gare Santa Lucia et de <em>Piazzale Roma<\/em>, et \u00e0 quelques minutes des arr\u00eats de <em><a href=\"https:\/\/actv.avmspa.it\/en\" data-type=\"link\" data-id=\"https:\/\/actv.avmspa.it\/en\" rel=\"nofollow noopener\" target=\"_blank\">vaporetto San Tom\u00e0<\/a><\/em> et <em>Riva di Biasio<\/em>. En moins de 15 minutes \u00e0 pied, vous pouvez rejoindre le <em>Pont du Rialto, le Campo Santa Margherita et les Galeries de l\u2019Acad\u00e9mie<\/em>. La <strong><a href=\"https:\/\/hoteltivoli.it\/fr\/hotel-economique-pres-de-la-place-saint-marc\/\" data-type=\"link\" data-id=\"https:\/\/hoteltivoli.it\/fr\/hotel-economique-pres-de-la-place-saint-marc\/\">Place Saint-Marc<\/a><\/strong> est \u00e9galement accessible facilement, en traversant certains des quartiers les plus pittoresques de Venise.<\/p>\n\n\n\n<p>Mais d\u00e8s que vous franchissez la porte du Tivoli, vous laissez derri\u00e8re vous l\u2019agitation de la ville pour entrer dans un espace <strong>intime et serein<\/strong>, soign\u00e9 dans les moindres d\u00e9tails.<\/p>\n\n\n\n<h2 class=\"wp-block-heading\">Des chambres simples, confortables et silencieuses<\/h2>\n\n\n\n<p>Les <strong>22 chambres<\/strong> de l\u2019h\u00f4tel sont am\u00e9nag\u00e9es avec simplicit\u00e9 et fonctionnalit\u00e9, et disposent de tout le n\u00e9cessaire pour un s\u00e9jour <strong>agr\u00e9able<\/strong>: salle de bain priv\u00e9e, climatisation, t\u00e9l\u00e9vision, Wi-Fi gratuit et, dans certaines chambres, coffre-fort et minibar. Les <a href=\"https:\/\/hoteltivoli.it\/fr\/chambres\/\" data-type=\"link\" data-id=\"https:\/\/hoteltivoli.it\/fr\/chambres\/\">chambres<\/a> donnant sur le patio sont particuli\u00e8rement silencieuses, id\u00e9ales pour ceux qui ont le sommeil l\u00e9ger ou recherchent une totale intimit\u00e9.<\/p>\n\n\n\n<p>Les clients mentionnent souvent dans leurs avis la <strong>propret\u00e9 irr\u00e9prochable<\/strong>, le confort des lits, et surtout le <strong>calme nocturne<\/strong>, consid\u00e9r\u00e9 comme un v\u00e9ritable luxe \u00e0 Venise.<\/p>\n\n\n\n<h2 class=\"wp-block-heading\">H\u00f4tel calme: un accueil familial chaleureux et discret<\/h2>\n\n\n\n<p>Depuis 1955, l\u2019H\u00f4tel Tivoli est g\u00e9r\u00e9 par la m\u00eame <a href=\"https:\/\/hoteltivoli.it\/fr\/hotel-economique-a-gestion-familiale-venise\/\" data-type=\"link\" data-id=\"https:\/\/hoteltivoli.it\/fr\/hotel-economique-a-gestion-familiale-venise\/\">famille<\/a>, qui a su pr\u00e9server un style d\u2019hospitalit\u00e9 chaleureux mais discret. Le personnel est disponible, attentif aux besoins des clients et pr\u00eat \u00e0 fournir des conseils pratiques pour visiter la ville, avec des recommandations personnalis\u00e9es pour d\u00e9couvrir des lieux authentiques et moins touristiques.<\/p>\n\n\n\n<p>La <strong>gentillesse du personnel<\/strong> est l\u2019un des aspects les plus mentionn\u00e9s dans les avis: \u201caccueillants mais jamais intrusifs\u201d, \u201cdiscrets et toujours pr\u00eats \u00e0 aider\u201d, \u201cun accueil sinc\u00e8re et attentionn\u00e9\u201d.<\/p>\n\n\n\n<h2 class=\"wp-block-heading\">Petit-d\u00e9jeuner relaxant, m\u00eame en plein air<\/h2>\n\n\n\n<p>Chaque jour commence par un <strong><a href=\"https:\/\/hoteltivoli.it\/fr\/petit-dejeuner-en-plein-air-hotel-economique-a-venise\/\" data-type=\"link\" data-id=\"https:\/\/hoteltivoli.it\/fr\/petit-dejeuner-en-plein-air-hotel-economique-a-venise\/\">petit-d\u00e9jeuner<\/a> buffet<\/strong>, servi dans la salle pr\u00e9vue \u00e0 cet effet ou, par beau temps, <strong>dans le patio ombrag\u00e9<\/strong>. Croissants frais, pain, beurre, confitures, g\u00e2teaux, c\u00e9r\u00e9ales, yaourts, jus, charcuterie, fromages et boissons chaudes pr\u00e9par\u00e9es \u00e0 la demande permettent de commencer la journ\u00e9e en douceur.<\/p>\n\n\n\n<p>La possibilit\u00e9 de prendre le petit-d\u00e9jeuner en plein air, dans un cadre verdoyant et priv\u00e9, renforce la sensation de <strong>bien-\u00eatre et de d\u00e9tente<\/strong> qui caract\u00e9rise tout le s\u00e9jour au Tivoli.<\/p>\n\n\n\n<h2 class=\"wp-block-heading\">\u00c0 qui s\u2019adresse l\u2019H\u00f4tel Tivoli?<\/h2>\n\n\n\n<p>Gr\u00e2ce \u00e0 son atmosph\u00e8re paisible et \u00e0 son emplacement central mais retir\u00e9, l\u2019H\u00f4tel Tivoli est particuli\u00e8rement recommand\u00e9 pour:<\/p>\n\n\n\n<ul class=\"wp-block-list\">\n<li><strong>Les <a href=\"https:\/\/hoteltivoli.it\/fr\/hotel-economique-escapade-romantique-a-venise\/\" data-type=\"link\" data-id=\"https:\/\/hoteltivoli.it\/fr\/hotel-economique-escapade-romantique-a-venise\/\">couples<\/a> en qu\u00eate d\u2019intimit\u00e9<\/strong><\/li>\n\n\n\n<li><strong>Les voyageurs seuls \u00e0 la recherche de s\u00e9curit\u00e9 et de calme<\/strong><\/li>\n\n\n\n<li><strong>Les <a href=\"https:\/\/hoteltivoli.it\/fr\/hotel-economique-familles-venise\/\" data-type=\"link\" data-id=\"https:\/\/hoteltivoli.it\/fr\/hotel-economique-familles-venise\/\">familles<\/a> avec enfants en bas \u00e2ge<\/strong><\/li>\n\n\n\n<li><strong>Les personnes sensibles au bruit<\/strong><\/li>\n\n\n\n<li><strong>Les touristes souhaitant d\u00e9couvrir Venise \u00e0 pied et rentrer au calme<\/strong><\/li>\n<\/ul>\n\n\n\n<p>C\u2019est \u00e9galement une excellente option pour les s\u00e9jours plus longs, gr\u00e2ce \u00e0 son ambiance conviviale et sa gestion accueillante.<\/p>\n\n\n\n<h2 class=\"wp-block-heading\">Pr\u00e8s de tout, loin du bruit<\/h2>\n\n\n\n<p>L\u2019un des atouts de l\u2019H\u00f4tel Tivoli r\u00e9side dans cet \u00e9quilibre rare: <strong>\u00eatre au c\u0153ur de Venise<\/strong>, proche de toutes les principales attractions, tout en <strong>\u00e9tant prot\u00e9g\u00e9 du bruit et de la foule<\/strong>. C\u2019est la solution id\u00e9ale pour ceux qui veulent profiter de la ville \u00e0 leur propre rythme, sans pr\u00e9cipitation, immerg\u00e9s dans sa beaut\u00e9 mais loin de son rythme effr\u00e9n\u00e9.<\/p>\n\n\n\n<p><strong><a href=\"https:\/\/hoteltivoli.it\/fr\/\" data-type=\"link\" data-id=\"https:\/\/hoteltivoli.it\/fr\/\">R\u00e9servez votre s\u00e9jour directement sur le site officiel de l\u2019H\u00f4tel Tivoli<\/a> pour b\u00e9n\u00e9ficier du meilleur tarif garanti et d\u00e9couvrir la Venise la plus paisible et authentique.<\/strong><\/p>\n","protected":false},"excerpt":{"rendered":"<p>Trouver un h\u00f4tel calme au c\u0153ur de Venise peut sembler difficile, mais l\u2019H\u00f4tel Tivoli est une heureuse exception. Situ\u00e9 dans le quartier de Dorsoduro, \u00e0 deux pas de la Basilique des Frari et de la Scuola Grande di San Rocco, cet h\u00f4tel deux \u00e9toiles \u00e0 gestion familiale est appr\u00e9ci\u00e9 pour son emplacement central et, en [&hellip;]<\/p>\n","protected":false},"author":1,"featured_media":1248,"parent":0,"menu_order":0,"comment_status":"closed","ping_status":"closed","template":"","meta":{"_acf_changed":false,"footnotes":""},"class_list":["post-1253","page","type-page","status-publish","has-post-thumbnail","hentry"],"acf":[],"_links":{"self":[{"href":"https:\/\/hoteltivoli.it\/fr\/wp-json\/wp\/v2\/pages\/1253","targetHints":{"allow":["GET"]}}],"collection":[{"href":"https:\/\/hoteltivoli.it\/fr\/wp-json\/wp\/v2\/pages"}],"about":[{"href":"https:\/\/hoteltivoli.it\/fr\/wp-json\/wp\/v2\/types\/page"}],"author":[{"embeddable":true,"href":"https:\/\/hoteltivoli.it\/fr\/wp-json\/wp\/v2\/users\/1"}],"replies":[{"embeddable":true,"href":"https:\/\/hoteltivoli.it\/fr\/wp-json\/wp\/v2\/comments?post=1253"}],"version-history":[{"count":5,"href":"https:\/\/hoteltivoli.it\/fr\/wp-json\/wp\/v2\/pages\/1253\/revisions"}],"predecessor-version":[{"id":1686,"href":"https:\/\/hoteltivoli.it\/fr\/wp-json\/wp\/v2\/pages\/1253\/revisions\/1686"}],"wp:featuredmedia":[{"embeddable":true,"href":"https:\/\/hoteltivoli.it\/fr\/wp-json\/wp\/v2\/media\/1248"}],"wp:attachment":[{"href":"https:\/\/hoteltivoli.it\/fr\/wp-json\/wp\/v2\/media?parent=1253"}],"curies":[{"name":"wp","href":"https:\/\/api.w.org\/{rel}","templated":true}]}}