{"id":1329,"date":"2025-05-08T07:21:41","date_gmt":"2025-05-08T07:21:41","guid":{"rendered":"https:\/\/hoteltivoli.it\/colazione-aperto-hotel-economico-a-venezia\/"},"modified":"2025-05-12T10:09:20","modified_gmt":"2025-05-12T10:09:20","slug":"petit-dejeuner-en-plein-air-hotel-economique-a-venise","status":"publish","type":"page","link":"https:\/\/hoteltivoli.it\/fr\/petit-dejeuner-en-plein-air-hotel-economique-a-venise\/","title":{"rendered":"O\u00f9 prendre le petit-d\u00e9jeuner en plein air dans un h\u00f4tel \u00e9conomique \u00e0 Venise?"},"content":{"rendered":"\n<p>Venise est une ville qui se vit avec tous les sens: la beaut\u00e9 de ses palais, le son de l\u2019eau dans les canaux, l\u2019ar\u00f4me du caf\u00e9 le matin. Pour bien commencer la journ\u00e9e, de nombreux voyageurs recherchent un h\u00f4tel o\u00f9 ils peuvent <strong>prendre leur petit-d\u00e9jeuner en plein air<\/strong>, dans le calme d\u2019une cour v\u00e9nitienne. <strong>L\u2019H\u00f4tel Tivoli<\/strong> est un excellent choix pour ceux qui souhaitent vivre cette exp\u00e9rience: ici, le petit-d\u00e9jeuner n\u2019est pas un simple service, c\u2019est un vrai moment de plaisir, \u00e0 savourer dans un espace vert priv\u00e9, loin de l\u2019agitation urbaine.<\/p>\n\n\n\n<h2 class=\"wp-block-heading\">Un coin de verdure au c\u0153ur de Venise<\/h2>\n\n\n\n<p>L\u2019H\u00f4tel Tivoli se trouve dans le quartier de Dorsoduro, l\u2019un des plus authentiques et centraux de la ville. Bien que sa position soit strat\u00e9gique \u2013 \u00e0 quelques pas du <em>Campo Santa Margherita<\/em>, de la <a href=\"https:\/\/hoteltivoli.it\/fr\/hotel-economique-basilique-dei-frari-a-venise\/\" data-type=\"link\" data-id=\"https:\/\/hoteltivoli.it\/fr\/hotel-economique-basilique-dei-frari-a-venise\/\">Basilique dei Frari<\/a> et de la gare \u2013 l\u2019h\u00f4tel est <strong>entour\u00e9 de <a href=\"https:\/\/hoteltivoli.it\/fr\/hotel-calme-dans-le-centre-de-venise\/\" data-type=\"link\" data-id=\"https:\/\/hoteltivoli.it\/fr\/hotel-calme-dans-le-centre-de-venise\/\">tranquillit\u00e9<\/a><\/strong>, gr\u00e2ce \u00e0 sa cour int\u00e9rieure priv\u00e9e. Chaque matin, les clients peuvent choisir de prendre leur petit-d\u00e9jeuner dehors, assis \u00e0 des tables dispos\u00e9es entre les plantes, les parasols et le dallage en pierre, dans une atmosph\u00e8re simple mais soign\u00e9e.<\/p>\n\n\n\n<p>Cette possibilit\u00e9 est tr\u00e8s appr\u00e9ci\u00e9e des couples, des familles avec enfants et de tous ceux qui aiment <strong>commencer la journ\u00e9e en douceur<\/strong>, en sirotant un cappuccino au soleil ou en lisant un livre \u00e0 l\u2019ombre.<\/p>\n\n\n\n<h2 class=\"wp-block-heading\">Petit-d\u00e9jeuner en plein air inclus et complet<\/h2>\n\n\n\n<p>Le s\u00e9jour \u00e0 l\u2019H\u00f4tel Tivoli comprend toujours un <strong><a href=\"https:\/\/hoteltivoli.it\/fr\/petit-dejeuner-en-plein-air-hotel-economique-a-venise\/\" data-type=\"link\" data-id=\"https:\/\/hoteltivoli.it\/fr\/petit-dejeuner-en-plein-air-hotel-economique-a-venise\/\">petit-d\u00e9jeuner<\/a> buffet<\/strong>, servi de 8h00 \u00e0 10h00, avec un large choix de produits pour satisfaire tous les go\u00fbts. Le buffet propose:<\/p>\n\n\n\n<ul class=\"wp-block-list\">\n<li><strong>croissants frais<\/strong><\/li>\n\n\n\n<li><strong>pain et petits pains<\/strong><\/li>\n\n\n\n<li><strong>beurre, confitures et miel<\/strong><\/li>\n\n\n\n<li><strong>yaourts et c\u00e9r\u00e9ales<\/strong><\/li>\n\n\n\n<li><strong>g\u00e2teaux faits maison<\/strong><\/li>\n\n\n\n<li><strong>jus de fruits<\/strong><\/li>\n\n\n\n<li><strong>caf\u00e9, cappuccino, th\u00e9 et autres boissons chaudes pr\u00e9par\u00e9es \u00e0 la demande<\/strong><\/li>\n\n\n\n<li><strong>charcuterie et fromages<\/strong><\/li>\n<\/ul>\n\n\n\n<p>Ce m\u00e9lange d\u2019options sucr\u00e9es et sal\u00e9es permet de commencer la journ\u00e9e avec \u00e9nergie, sans avoir \u00e0 chercher imm\u00e9diatement un bar ou une p\u00e2tisserie.<\/p>\n\n\n\n<p>Pendant les mois les plus doux, la majorit\u00e9 des clients choisit de <strong>prendre le petit-d\u00e9jeuner dans la <a href=\"https:\/\/hoteltivoli.it\/fr\/hotel-economique-avec-cour-interieure-a-venise\/\" data-type=\"link\" data-id=\"https:\/\/hoteltivoli.it\/fr\/hotel-economique-avec-cour-interieure-a-venise\/\">cour ext\u00e9rieure<\/a><\/strong>, profitant de la fra\u00eecheur matinale et du calme d\u2019un espace prot\u00e9g\u00e9, \u00e0 l\u2019\u00e9cart des foules.<\/p>\n\n\n\n<h2 class=\"wp-block-heading\">Une exp\u00e9rience relaxante et authentique<\/h2>\n\n\n\n<p>Tous les h\u00f4tels de Venise ne peuvent pas offrir un espace ext\u00e9rieur paisible pour le petit-d\u00e9jeuner. La pr\u00e9sence d\u2019une <strong>cour int\u00e9rieure priv\u00e9e<\/strong> rend l\u2019H\u00f4tel Tivoli particuli\u00e8rement attrayant pour ceux qui recherchent <strong>une exp\u00e9rience v\u00e9nitienne plus intime et authentique<\/strong>. Dans une ville o\u00f9 chaque m\u00e8tre carr\u00e9 est pr\u00e9cieux, avoir la possibilit\u00e9 de d\u00e9buter la journ\u00e9e en plein air, dans le calme d\u2019un jardin int\u00e9rieur, est un vrai privil\u00e8ge.<\/p>\n\n\n\n<p>De nombreux clients mentionnent ce d\u00e9tail dans leurs avis: pouvoir prendre le petit-d\u00e9jeuner dehors a rendu leur s\u00e9jour plus agr\u00e9able, plus personnel, et leur a offert <strong>un moment de d\u00e9tente avant de plonger dans la beaut\u00e9 et l\u2019\u00e9nergie de la ville.<\/strong><\/p>\n\n\n\n<h2 class=\"wp-block-heading\">Id\u00e9al pour les couples, les familles et les voyageurs solos<\/h2>\n\n\n\n<p>La cour de l\u2019H\u00f4tel Tivoli est am\u00e9nag\u00e9e simplement mais avec soin: tables, chaises, parasols et verdure cr\u00e9ent un environnement agr\u00e9able o\u00f9 <strong>chacun se sent bien<\/strong>. Les couples l\u2019aiment pour sa tranquillit\u00e9, les familles pour la possibilit\u00e9 de prendre leur petit-d\u00e9jeuner sans stress, les voyageurs seuls pour l\u2019occasion de se d\u00e9tendre avant de partir explorer.<\/p>\n\n\n\n<p>Les voyageurs d\u2019affaires ou ceux qui participent \u00e0 des \u00e9v\u00e9nements trouvent aussi appr\u00e9ciable de pouvoir profiter d\u2019un <strong>petit-d\u00e9jeuner ponctuel, complet et serein<\/strong>.<\/p>\n\n\n\n<h2 class=\"wp-block-heading\">Un emplacement id\u00e9al pour commencer \u00e0 explorer<\/h2>\n\n\n\n<p>Une fois le petit-d\u00e9jeuner termin\u00e9, pas besoin de transport ni de longues marches: l\u2019h\u00f4tel se trouve \u00e0 <strong>moins de 10 minutes de la <a href=\"https:\/\/hoteltivoli.it\/fr\/hotel-economique-la-gare-santa-lucia-a-venise\/\" data-type=\"link\" data-id=\"https:\/\/hoteltivoli.it\/fr\/hotel-economique-la-gare-santa-lucia-a-venise\/\">gare Santa Lucia<\/a><\/strong>, \u00e0 proximit\u00e9 de <strong><em>Piazzale Roma<\/em><\/strong>, de l\u2019arr\u00eat de <a href=\"https:\/\/actv.avmspa.it\/en\" data-type=\"link\" data-id=\"https:\/\/actv.avmspa.it\/en\" rel=\"nofollow noopener\" target=\"_blank\">vaporetto<\/a> <strong><em>San Tom\u00e0<\/em><\/strong>, du <strong><a href=\"https:\/\/hoteltivoli.it\/fr\/hotel-economique-pres-du-pont-du-rialto\/\" data-type=\"link\" data-id=\"https:\/\/hoteltivoli.it\/fr\/hotel-economique-pres-du-pont-du-rialto\/\">Pont du Rialto<\/a><\/strong>, de la <strong>Basilique dei Frari<\/strong> et de bien d\u2019autres sites incontournables. Vous pouvez donc sortir directement et <strong>vous plonger dans l\u2019atmosph\u00e8re de Venise<\/strong>, en commen\u00e7ant votre journ\u00e9e du bon pied.<\/p>\n\n\n\n<h2 class=\"wp-block-heading\">Un rituel quotidien pour de nombreux voyageurs<\/h2>\n\n\n\n<p>\u00c0 l\u2019H\u00f4tel Tivoli, le petit-d\u00e9jeuner en plein air devient souvent <strong>un petit rituel quotidien<\/strong>. S\u2019asseoir sous un parasol, \u00e9couter les cloches au loin, regarder la lumi\u00e8re du matin filtrer entre les toits v\u00e9nitiens: des moments simples, mais qui marquent les esprits.<\/p>\n\n\n\n<p>C\u2019est pourquoi de nombreux voyageurs choisissent <strong>d\u2019y revenir<\/strong>: pas seulement pour l\u2019emplacement ou le prix raisonnable, mais pour ce petit coin de s\u00e9r\u00e9nit\u00e9 qui rend chaque matin v\u00e9nitien si sp\u00e9cial.<\/p>\n\n\n\n<p><strong><a href=\"https:\/\/hoteltivoli.it\/fr\/\" data-type=\"link\" data-id=\"https:\/\/hoteltivoli.it\/fr\/\">R\u00e9servez votre s\u00e9jour directement sur le site officiel de l\u2019H\u00f4tel Tivoli<\/a> pour savourer chaque matin un petit-d\u00e9jeuner en plein air au c\u0153ur de Venise, au meilleur tarif garanti.<\/strong><\/p>\n","protected":false},"excerpt":{"rendered":"<p>Venise est une ville qui se vit avec tous les sens: la beaut\u00e9 de ses palais, le son de l\u2019eau dans les canaux, l\u2019ar\u00f4me du caf\u00e9 le matin. Pour bien commencer la journ\u00e9e, de nombreux voyageurs recherchent un h\u00f4tel o\u00f9 ils peuvent prendre leur petit-d\u00e9jeuner en plein air, dans le calme d\u2019une cour v\u00e9nitienne. L\u2019H\u00f4tel [&hellip;]<\/p>\n","protected":false},"author":1,"featured_media":1322,"parent":0,"menu_order":0,"comment_status":"closed","ping_status":"closed","template":"","meta":{"_acf_changed":false,"footnotes":""},"class_list":["post-1329","page","type-page","status-publish","has-post-thumbnail","hentry"],"acf":[],"_links":{"self":[{"href":"https:\/\/hoteltivoli.it\/fr\/wp-json\/wp\/v2\/pages\/1329","targetHints":{"allow":["GET"]}}],"collection":[{"href":"https:\/\/hoteltivoli.it\/fr\/wp-json\/wp\/v2\/pages"}],"about":[{"href":"https:\/\/hoteltivoli.it\/fr\/wp-json\/wp\/v2\/types\/page"}],"author":[{"embeddable":true,"href":"https:\/\/hoteltivoli.it\/fr\/wp-json\/wp\/v2\/users\/1"}],"replies":[{"embeddable":true,"href":"https:\/\/hoteltivoli.it\/fr\/wp-json\/wp\/v2\/comments?post=1329"}],"version-history":[{"count":2,"href":"https:\/\/hoteltivoli.it\/fr\/wp-json\/wp\/v2\/pages\/1329\/revisions"}],"predecessor-version":[{"id":1708,"href":"https:\/\/hoteltivoli.it\/fr\/wp-json\/wp\/v2\/pages\/1329\/revisions\/1708"}],"wp:featuredmedia":[{"embeddable":true,"href":"https:\/\/hoteltivoli.it\/fr\/wp-json\/wp\/v2\/media\/1322"}],"wp:attachment":[{"href":"https:\/\/hoteltivoli.it\/fr\/wp-json\/wp\/v2\/media?parent=1329"}],"curies":[{"name":"wp","href":"https:\/\/api.w.org\/{rel}","templated":true}]}}