{"id":1469,"date":"2025-05-09T07:20:11","date_gmt":"2025-05-09T07:20:11","guid":{"rendered":"https:\/\/hoteltivoli.it\/?page_id=1469"},"modified":"2025-06-04T07:48:35","modified_gmt":"2025-06-04T07:48:35","slug":"hotel-economique-escapade-romantique-a-venise","status":"publish","type":"page","link":"https:\/\/hoteltivoli.it\/fr\/hotel-economique-escapade-romantique-a-venise\/","title":{"rendered":"O\u00f9 s\u00e9journer dans un h\u00f4tel \u00e9conomique pour une escapade romantique \u00e0 Venise?"},"content":{"rendered":"\n<p>Venise est l\u2019une des villes les plus romantiques au monde, une destination id\u00e9ale pour les couples en qu\u00eate d\u2019\u00e9motions, de beaut\u00e9 et de moments \u00e0 partager. Mais pour vivre une <strong>escapade romantique \u00e0 Venise<\/strong> sans exc\u00e8s ni formalit\u00e9s, dans la simplicit\u00e9 et l\u2019authenticit\u00e9, il faut choisir un h\u00f4tel accueillant, bien situ\u00e9 et \u00e0 l\u2019ambiance d\u00e9tendue. L\u2019<strong>H\u00f4tel Tivoli<\/strong>, au c\u0153ur du quartier <em>Dorsoduro<\/em>, est le choix parfait pour un s\u00e9jour romantique mais informel, loin de l\u2019aust\u00e9rit\u00e9 des h\u00f4tels de luxe mais proche de tout ce qui rend Venise inoubliable.<\/p>\n\n\n\n<h2 class=\"wp-block-heading\">Escapade romantique: une position strat\u00e9gique et paisible<\/h2>\n\n\n\n<p>L\u2019H\u00f4tel Tivoli est situ\u00e9 <strong><em>Crosera San Pantalon<\/em><\/strong>, une petite rue lat\u00e9rale calme qui relie le <em>Campo Santa Margherita<\/em> \u00e0 la zone dei <em>Frari<\/em>. Depuis l\u2019h\u00f4tel, on peut rejoindre \u00e0 pied les lieux les plus embl\u00e9matiques de la ville: la <a href=\"https:\/\/hoteltivoli.it\/fr\/hotel-economique-basilique-dei-frari-a-venise\/\" data-type=\"link\" data-id=\"https:\/\/hoteltivoli.it\/fr\/hotel-economique-basilique-dei-frari-a-venise\/\">Basilique dei Frari<\/a>, la <a href=\"https:\/\/hoteltivoli.it\/fr\/hotel-economique-scuola-grande-di-san-rocco-venise\/\" data-type=\"link\" data-id=\"https:\/\/hoteltivoli.it\/fr\/hotel-economique-scuola-grande-di-san-rocco-venise\/\">Scuola Grande di San Rocco<\/a>, le Pont du Rialto et m\u00eame la Place Saint-Marc, en traversant des ruelles et des ponts pleins de charme.<\/p>\n\n\n\n<p>La <strong>proximit\u00e9 de la <a href=\"https:\/\/hoteltivoli.it\/fr\/hotel-economique-la-gare-santa-lucia-a-venise\/\" data-type=\"link\" data-id=\"https:\/\/hoteltivoli.it\/fr\/hotel-economique-la-gare-santa-lucia-a-venise\/\">gare Santa Lucia<\/a><\/strong> et du <em>Piazzale Roma<\/em> (moins de 10 minutes \u00e0 pied) rend l\u2019h\u00f4tel tr\u00e8s pratique pour ceux qui arrivent en train ou en bus, permettant de commencer imm\u00e9diatement leur escapade v\u00e9nitienne.<\/p>\n\n\n\n<h2 class=\"wp-block-heading\">Une atmosph\u00e8re intime, parfaite pour deux<\/h2>\n\n\n\n<p>L\u2019H\u00f4tel Tivoli est une <strong>structure \u00e0 gestion familiale<\/strong>, avec une atmosph\u00e8re chaleureuse et d\u00e9tendue, tr\u00e8s appr\u00e9ci\u00e9e de ceux qui souhaitent se sentir chez eux, m\u00eame en voyage. Pas de superflu, mais beaucoup d\u2019attention : le personnel est discret, sympathique et toujours pr\u00eat \u00e0 sugg\u00e9rer des itin\u00e9raires originaux, des restaurants typiques, des expositions temporaires ou des coins romantiques loin de la foule.<\/p>\n\n\n\n<p>Cette ambiance fait de l\u2019h\u00f4tel un lieu parfait pour <strong>les jeunes couples, les voyageurs attentifs \u00e0 leur budget ou ceux qui recherchent une exp\u00e9rience authentique<\/strong>, sans chichis ni contraintes.<\/p>\n\n\n\n<h2 class=\"wp-block-heading\">Des chambres simples mais accueillantes<\/h2>\n\n\n\n<p>Les <strong><a href=\"https:\/\/hoteltivoli.it\/fr\/chambres\/\" data-type=\"link\" data-id=\"https:\/\/hoteltivoli.it\/fr\/chambres\/\">chambres<\/a> doubles<\/strong> de l\u2019h\u00f4tel sont am\u00e9nag\u00e9es avec simplicit\u00e9, mais disposent de tout le n\u00e9cessaire pour un s\u00e9jour confortable: salle de bain priv\u00e9e, climatisation, Wi-Fi gratuit, t\u00e9l\u00e9vision et, selon la cat\u00e9gorie, coffre-fort et minibar. La <strong>propret\u00e9 irr\u00e9prochable<\/strong> et le calme de l\u2019\u00e9tablissement cr\u00e9ent une atmosph\u00e8re id\u00e9ale pour se reposer apr\u00e8s une journ\u00e9e \u00e0 arpenter les ruelles de Venise.<\/p>\n\n\n\n<p>Certaines chambres donnent sur <strong>la cour int\u00e9rieure<\/strong>, garantissant un r\u00e9veil en douceur et un calme absolu.<\/p>\n\n\n\n<h2 class=\"wp-block-heading\">Escapade romantique: le plaisir d\u2019un petit-d\u00e9jeuner en plein air<\/h2>\n\n\n\n<p>La <strong><a href=\"https:\/\/hoteltivoli.it\/fr\/hotel-economique-avec-cour-interieure-a-venise\/\" data-type=\"link\" data-id=\"https:\/\/hoteltivoli.it\/fr\/hotel-economique-avec-cour-interieure-a-venise\/\">cour int\u00e9rieure<\/a><\/strong> de l\u2019h\u00f4tel est l\u2019un des \u00e9l\u00e9ments les plus appr\u00e9ci\u00e9s par les clients. Lors des belles journ\u00e9es, le <strong><a href=\"https:\/\/hoteltivoli.it\/fr\/petit-dejeuner-en-plein-air-hotel-economique-a-venise\/\" data-type=\"link\" data-id=\"https:\/\/hoteltivoli.it\/fr\/petit-dejeuner-en-plein-air-hotel-economique-a-venise\/\">petit-d\u00e9jeuner<\/a> buffet<\/strong>, toujours inclus dans la r\u00e9servation, y est servi. Croissants, pain frais, g\u00e2teaux maison, yaourts, confitures, jus de fruits, caf\u00e9 et une s\u00e9lection de produits sal\u00e9s accompagnent parfaitement un d\u00e9but de journ\u00e9e en douceur.<\/p>\n\n\n\n<p>Prendre son petit-d\u00e9jeuner \u00e0 deux, \u00e0 l\u2019ombre d\u2019un parasol, entour\u00e9s de verdure et de pav\u00e9s anciens, est <strong>un moment particuli\u00e8rement romantique<\/strong>, surtout au printemps ou en \u00e9t\u00e9.<\/p>\n\n\n\n<h2 class=\"wp-block-heading\">\u00c0 proximit\u00e9 des lieux les plus romantiques de Venise<\/h2>\n\n\n\n<p>S\u00e9journer \u00e0 l\u2019H\u00f4tel Tivoli signifie \u00eatre <strong>\u00e0 deux pas de certains des coins les plus romantiques de la ville<\/strong>, sans subir la pression des lieux trop touristiques. Le <em>Campo Santa Margherita<\/em> est parfait pour un ap\u00e9ritif au coucher du soleil, les quais le long du <em>Rio de San Barnaba<\/em> offrent des panoramas enchanteurs, et le Ghetto Juif, tout proche, propose une atmosph\u00e8re intime et hors du temps.<\/p>\n\n\n\n<p>En quelques minutes, vous rejoignez \u00e9galement l\u2019arr\u00eat de <em><a href=\"https:\/\/actv.avmspa.it\/en\" data-type=\"link\" data-id=\"https:\/\/actv.avmspa.it\/en\" rel=\"nofollow noopener\" target=\"_blank\">vaporetto San Tom\u00e0<\/a><\/em>, id\u00e9al pour une <strong>balade sur le Grand Canal<\/strong> ou une excursion romantique vers Murano ou Burano.<\/p>\n\n\n\n<h2 class=\"wp-block-heading\">Une Venise \u00e0 vivre avec simplicit\u00e9<\/h2>\n\n\n\n<p>Une <strong>escapade romantique r\u00e9ussi<\/strong> ne n\u00e9cessite pas forc\u00e9ment des h\u00f4tels cinq \u00e9toiles. Il faut du temps, de la complicit\u00e9, des promenades sans but pr\u00e9cis et des silences partag\u00e9s au bord d\u2019un canal. \u00c0 l\u2019H\u00f4tel Tivoli, tout cela est possible: l\u2019environnement est propice \u00e0 la d\u00e9tente, l\u2019emplacement permet de tout faire \u00e0 pied, et le personnel est toujours pr\u00eat \u00e0 recommander quelque chose de sp\u00e9cial \u00e0 d\u00e9couvrir.<\/p>\n\n\n\n<p>Qu\u2019il s\u2019agisse d\u2019un premier voyage en couple, d\u2019un anniversaire ou tout simplement d\u2019un moment \u00e0 deux, le Tivoli est <strong>un point de d\u00e9part simple, accueillant et enracin\u00e9 dans l\u2019\u00e2me la plus authentique de Venise<\/strong>.<\/p>\n\n\n\n<p><strong><a href=\"https:\/\/hoteltivoli.it\/fr\/\" data-type=\"link\" data-id=\"https:\/\/hoteltivoli.it\/fr\/\">R\u00e9servez votre week-end romantique directement sur le site officiel de l\u2019H\u00f4tel Tivoli<\/a> et d\u00e9couvrez Venise avec le regard de ceux qui la vivent avec lenteur, sinc\u00e9rit\u00e9 et passion.<\/strong><\/p>\n","protected":false},"excerpt":{"rendered":"<p>Venise est l\u2019une des villes les plus romantiques au monde, une destination id\u00e9ale pour les couples en qu\u00eate d\u2019\u00e9motions, de beaut\u00e9 et de moments \u00e0 partager. Mais pour vivre une escapade romantique \u00e0 Venise sans exc\u00e8s ni formalit\u00e9s, dans la simplicit\u00e9 et l\u2019authenticit\u00e9, il faut choisir un h\u00f4tel accueillant, bien situ\u00e9 et \u00e0 l\u2019ambiance d\u00e9tendue. [&hellip;]<\/p>\n","protected":false},"author":1,"featured_media":1464,"parent":0,"menu_order":0,"comment_status":"closed","ping_status":"closed","template":"","meta":{"_acf_changed":false,"footnotes":""},"class_list":["post-1469","page","type-page","status-publish","has-post-thumbnail","hentry"],"acf":[],"_links":{"self":[{"href":"https:\/\/hoteltivoli.it\/fr\/wp-json\/wp\/v2\/pages\/1469","targetHints":{"allow":["GET"]}}],"collection":[{"href":"https:\/\/hoteltivoli.it\/fr\/wp-json\/wp\/v2\/pages"}],"about":[{"href":"https:\/\/hoteltivoli.it\/fr\/wp-json\/wp\/v2\/types\/page"}],"author":[{"embeddable":true,"href":"https:\/\/hoteltivoli.it\/fr\/wp-json\/wp\/v2\/users\/1"}],"replies":[{"embeddable":true,"href":"https:\/\/hoteltivoli.it\/fr\/wp-json\/wp\/v2\/comments?post=1469"}],"version-history":[{"count":6,"href":"https:\/\/hoteltivoli.it\/fr\/wp-json\/wp\/v2\/pages\/1469\/revisions"}],"predecessor-version":[{"id":2021,"href":"https:\/\/hoteltivoli.it\/fr\/wp-json\/wp\/v2\/pages\/1469\/revisions\/2021"}],"wp:featuredmedia":[{"embeddable":true,"href":"https:\/\/hoteltivoli.it\/fr\/wp-json\/wp\/v2\/media\/1464"}],"wp:attachment":[{"href":"https:\/\/hoteltivoli.it\/fr\/wp-json\/wp\/v2\/media?parent=1469"}],"curies":[{"name":"wp","href":"https:\/\/api.w.org\/{rel}","templated":true}]}}