{"id":1523,"date":"2025-05-09T08:51:36","date_gmt":"2025-05-09T08:51:36","guid":{"rendered":"https:\/\/hoteltivoli.it\/?page_id=1523"},"modified":"2025-06-04T08:11:50","modified_gmt":"2025-06-04T08:11:50","slug":"hotel-economique-a-gestion-familiale-venise","status":"publish","type":"page","link":"https:\/\/hoteltivoli.it\/fr\/hotel-economique-a-gestion-familiale-venise\/","title":{"rendered":"O\u00f9 dormir \u00e0 Venise dans un h\u00f4tel \u00e9conomique \u00e0 gestion familiale?"},"content":{"rendered":"\n<p>Trouver un h\u00f4tel \u00e0 Venise qui soit \u00e0 la fois <strong>central, accueillant, \u00e9conomique et \u00e0 gestion familiale<\/strong> peut sembler difficile, mais il existe une adresse qui r\u00e9unit toutes ces qualit\u00e9s: <strong>l\u2019H\u00f4tel Tivoli<\/strong>. Situ\u00e9 dans le quartier de <em>Dorsoduro<\/em>, dans une zone authentique et agr\u00e9able de la ville, le Tivoli est parfait pour les voyageurs \u00e0 la recherche d\u2019un h\u00e9bergement simple, soign\u00e9, avec une ambiance chaleureuse et des services pens\u00e9s pour faire sentir chaque client comme chez lui.<\/p>\n\n\n\n<h2 class=\"wp-block-heading\">Pourquoi choisir un h\u00f4tel \u00e0 gestion familiale \u00e0 Venise?<\/h2>\n\n\n\n<p>Dans un h\u00f4tel \u00e0 gestion familiale, <strong>l\u2019hospitalit\u00e9 prend un visage humain<\/strong>. Vous n\u2019\u00eates pas un num\u00e9ro de chambre, mais un invit\u00e9 accueilli avec gentillesse et attention. \u00c0 l\u2019H\u00f4tel Tivoli, la m\u00eame famille dirige l\u2019\u00e9tablissement depuis trois g\u00e9n\u00e9rations, avec passion et constance. Cela se refl\u00e8te dans le soin apport\u00e9 aux d\u00e9tails, la disponibilit\u00e9 du personnel et leur capacit\u00e9 \u00e0 offrir <strong>des conseils authentiques et personnalis\u00e9s<\/strong> pour d\u00e9couvrir Venise autrement.<\/p>\n\n\n\n<p>La diff\u00e9rence se ressent d\u00e8s l\u2019arriv\u00e9e: un accueil chaleureux, sans formalit\u00e9s inutiles, mais avec tout le professionnalisme de ceux qui savent ce que signifie recevoir.<\/p>\n\n\n\n<h2 class=\"wp-block-heading\">Un emplacement central mais tranquille<\/h2>\n\n\n\n<p>L\u2019H\u00f4tel Tivoli se trouve <strong><em>Crosera San Pantalon<\/em><\/strong>, \u00e0 quelques minutes \u00e0 pied de la <a href=\"https:\/\/hoteltivoli.it\/fr\/hotel-economique-la-gare-santa-lucia-a-venise\/\" data-type=\"link\" data-id=\"https:\/\/hoteltivoli.it\/fr\/hotel-economique-la-gare-santa-lucia-a-venise\/\">gare Santa Lucia<\/a> et de Piazzale Roma. Cette <strong>position strat\u00e9gique<\/strong> permet de rejoindre facilement l\u2019h\u00f4tel \u00e0 l\u2019arriv\u00e9e et de visiter toute la ville \u00e0 pied:<\/p>\n\n\n\n<ul class=\"wp-block-list\">\n<li><a href=\"https:\/\/hoteltivoli.it\/fr\/hotel-economique-basilique-dei-frari-a-venise\/\">Basilique dei Frari<\/a> et <a href=\"https:\/\/hoteltivoli.it\/fr\/hotel-economique-scuola-grande-di-san-rocco-venise\/\" data-type=\"link\" data-id=\"https:\/\/hoteltivoli.it\/fr\/hotel-economique-scuola-grande-di-san-rocco-venise\/\"><em>Scuola Grande di San Rocco<\/em><\/a> (3 min)<\/li>\n\n\n\n<li>Campo Santa Margherita (4 min)<\/li>\n\n\n\n<li><a href=\"https:\/\/hoteltivoli.it\/fr\/hotel-economique-pres-du-pont-du-rialto\/\" data-type=\"link\" data-id=\"https:\/\/hoteltivoli.it\/fr\/hotel-economique-pres-du-pont-du-rialto\/\">Pont du Rialto <\/a>(12 min)<\/li>\n\n\n\n<li>Galeries de l\u2019Acad\u00e9mie (10 min)<\/li>\n\n\n\n<li><a href=\"https:\/\/hoteltivoli.it\/fr\/hotel-economique-pres-de-la-place-saint-marc\/\" data-type=\"link\" data-id=\"https:\/\/hoteltivoli.it\/fr\/hotel-economique-pres-de-la-place-saint-marc\/\">Place Saint-Marc<\/a> (20 min)<\/li>\n<\/ul>\n\n\n\n<p>Malgr\u00e9 sa centralit\u00e9, le quartier est <strong>calme et authentique<\/strong>, id\u00e9al pour ceux qui cherchent la tranquillit\u00e9 dans un cadre typiquement v\u00e9nitien.<\/p>\n\n\n\n<h2 class=\"wp-block-heading\">Hotel \u00e0 gestion familiale: un cadre simple, propre et confortable<\/h2>\n\n\n\n<p>L\u2019\u00e9tablissement propose des chambres <strong>simples mais confortables<\/strong>, parfaites pour les voyageurs qui souhaitent <strong>bien dormir sans trop d\u00e9penser<\/strong>. Toutes les chambres sont \u00e9quip\u00e9es d\u2019une salle de bain priv\u00e9e, climatisation, Wi-Fi gratuit, t\u00e9l\u00e9vision, et dans certaines cat\u00e9gories, coffre-fort et minibar.<\/p>\n\n\n\n<p>Les clients appr\u00e9cient particuli\u00e8rement la <strong>propret\u00e9 irr\u00e9prochable<\/strong> et le <strong><a href=\"https:\/\/hoteltivoli.it\/fr\/hotel-calme-dans-le-centre-de-venise\/\" data-type=\"link\" data-id=\"https:\/\/hoteltivoli.it\/fr\/hotel-calme-dans-le-centre-de-venise\/\">calme<\/a> des lieux<\/strong>, deux \u00e9l\u00e9ments essentiels pour bien se reposer apr\u00e8s une journ\u00e9e de d\u00e9couverte.<\/p>\n\n\n\n<h2 class=\"wp-block-heading\">Un atout rare : la cour int\u00e9rieure<\/h2>\n\n\n\n<p>L\u2019un des points forts de l\u2019H\u00f4tel Tivoli est sa <strong><a href=\"https:\/\/hoteltivoli.it\/fr\/hotel-economique-avec-cour-interieure-a-venise\/\" data-type=\"link\" data-id=\"https:\/\/hoteltivoli.it\/fr\/hotel-economique-avec-cour-interieure-a-venise\/\">cour int\u00e9rieure<\/a><\/strong>, o\u00f9 il est possible de prendre le petit-d\u00e9jeuner en plein air pendant les beaux jours. Cet espace vert et paisible est rare \u00e0 Venise, et tr\u00e8s appr\u00e9ci\u00e9 de ceux qui cherchent un moment de d\u00e9tente loin des flux touristiques.<\/p>\n\n\n\n<p>En \u00e9t\u00e9, c\u2019est \u00e9galement un endroit agr\u00e9able pour lire, boire un caf\u00e9 ou simplement se relaxer.<\/p>\n\n\n\n<h2 class=\"wp-block-heading\">Petit-d\u00e9jeuner inclus, vari\u00e9 et copieux<\/h2>\n\n\n\n<p>Le <strong><a href=\"https:\/\/hoteltivoli.it\/fr\/petit-dejeuner-en-plein-air-hotel-economique-a-venise\/\" data-type=\"link\" data-id=\"https:\/\/hoteltivoli.it\/fr\/petit-dejeuner-en-plein-air-hotel-economique-a-venise\/\">petit-d\u00e9jeuner<\/a> buffet est toujours inclus<\/strong> dans le tarif et propose chaque jour une s\u00e9lection de produits frais adapt\u00e9s \u00e0 tous les go\u00fbts:<\/p>\n\n\n\n<ul class=\"wp-block-list\">\n<li>croissants, pain, g\u00e2teaux<\/li>\n\n\n\n<li>confitures, beurre, miel<\/li>\n\n\n\n<li>yaourts, c\u00e9r\u00e9ales, jus de fruits<\/li>\n\n\n\n<li>charcuterie et fromages<\/li>\n\n\n\n<li>caf\u00e9, th\u00e9, cappuccino et boissons chaudes pr\u00e9par\u00e9es \u00e0 la demande<\/li>\n<\/ul>\n\n\n\n<p>Un excellent moyen de <strong>commencer la journ\u00e9e du bon pied<\/strong>, sans avoir \u00e0 chercher une boulangerie ou un caf\u00e9 \u00e0 l\u2019ext\u00e9rieur.<\/p>\n\n\n\n<h2 class=\"wp-block-heading\">Des tarifs abordables, sans surprises<\/h2>\n\n\n\n<p>L\u2019un des grands atouts de l\u2019H\u00f4tel Tivoli est son <strong>excellent rapport qualit\u00e9\/prix<\/strong>. Les tarifs font partie des plus int\u00e9ressants du centre historique, surtout compte tenu des services propos\u00e9s et de l\u2019emplacement. Il n\u2019y a <strong>aucun co\u00fbt cach\u00e9<\/strong>, et en r\u00e9servant directement sur le site officiel, vous obtenez <strong>le meilleur tarif garanti<\/strong>.<\/p>\n\n\n\n<p>C\u2019est l\u2019option id\u00e9ale pour les \u00e9tudiants, les jeunes couples, les familles ou les voyageurs ind\u00e9pendants qui souhaitent d\u00e9couvrir Venise <strong>sans se ruiner<\/strong>, mais sans sacrifier le confort.<\/p>\n\n\n\n<h2 class=\"wp-block-heading\">Une base id\u00e9ale pour vivre Venise comme un local<\/h2>\n\n\n\n<p>Gr\u00e2ce aux recommandations de l\u2019\u00e9quipe et \u00e0 son emplacement, l\u2019H\u00f4tel Tivoli est aussi le point de d\u00e9part parfait pour explorer <strong>la Venise des V\u00e9nitiens<\/strong>. Le quartier est fr\u00e9quent\u00e9 par des \u00e9tudiants, des habitants et des voyageurs curieux. On y trouve des bacari typiques, des librairies ind\u00e9pendantes, de petites galeries d\u2019art et des march\u00e9s locaux.<\/p>\n\n\n\n<p>En s\u00e9journant ici, on ne se contente pas de visiter Venise: <strong>on la vit de l\u2019int\u00e9rieur<\/strong>, \u00e0 son rythme.<\/p>\n\n\n\n<p><strong>R\u00e9servez votre s\u00e9jour directement sur le site officiel de l\u2019H\u00f4tel Tivoli et d\u00e9couvrez Venise de fa\u00e7on authentique, en \u00e9conomisant sans renoncer \u00e0 la qualit\u00e9 ni \u00e0 la chaleur d\u2019un accueil familial.<\/strong><strong>tione familiare.<\/strong><\/p>\n","protected":false},"excerpt":{"rendered":"<p>Trouver un h\u00f4tel \u00e0 Venise qui soit \u00e0 la fois central, accueillant, \u00e9conomique et \u00e0 gestion familiale peut sembler difficile, mais il existe une adresse qui r\u00e9unit toutes ces qualit\u00e9s: l\u2019H\u00f4tel Tivoli. Situ\u00e9 dans le quartier de Dorsoduro, dans une zone authentique et agr\u00e9able de la ville, le Tivoli est parfait pour les voyageurs \u00e0 [&hellip;]<\/p>\n","protected":false},"author":1,"featured_media":1516,"parent":0,"menu_order":0,"comment_status":"closed","ping_status":"closed","template":"","meta":{"_acf_changed":false,"footnotes":""},"class_list":["post-1523","page","type-page","status-publish","has-post-thumbnail","hentry"],"acf":[],"_links":{"self":[{"href":"https:\/\/hoteltivoli.it\/fr\/wp-json\/wp\/v2\/pages\/1523","targetHints":{"allow":["GET"]}}],"collection":[{"href":"https:\/\/hoteltivoli.it\/fr\/wp-json\/wp\/v2\/pages"}],"about":[{"href":"https:\/\/hoteltivoli.it\/fr\/wp-json\/wp\/v2\/types\/page"}],"author":[{"embeddable":true,"href":"https:\/\/hoteltivoli.it\/fr\/wp-json\/wp\/v2\/users\/1"}],"replies":[{"embeddable":true,"href":"https:\/\/hoteltivoli.it\/fr\/wp-json\/wp\/v2\/comments?post=1523"}],"version-history":[{"count":6,"href":"https:\/\/hoteltivoli.it\/fr\/wp-json\/wp\/v2\/pages\/1523\/revisions"}],"predecessor-version":[{"id":2026,"href":"https:\/\/hoteltivoli.it\/fr\/wp-json\/wp\/v2\/pages\/1523\/revisions\/2026"}],"wp:featuredmedia":[{"embeddable":true,"href":"https:\/\/hoteltivoli.it\/fr\/wp-json\/wp\/v2\/media\/1516"}],"wp:attachment":[{"href":"https:\/\/hoteltivoli.it\/fr\/wp-json\/wp\/v2\/media?parent=1523"}],"curies":[{"name":"wp","href":"https:\/\/api.w.org\/{rel}","templated":true}]}}