{"id":1566,"date":"2025-05-09T10:15:05","date_gmt":"2025-05-09T10:15:05","guid":{"rendered":"https:\/\/hoteltivoli.it\/?page_id=1566"},"modified":"2025-06-04T08:15:31","modified_gmt":"2025-06-04T08:15:31","slug":"hotel-economique-rapport-qualite-prix-a-venise","status":"publish","type":"page","link":"https:\/\/hoteltivoli.it\/fr\/hotel-economique-rapport-qualite-prix-a-venise\/","title":{"rendered":"O\u00f9 dormir dans un h\u00f4tel \u00e9conomique avec un excellent rapport qualit\u00e9-prix \u00e0 Venise?"},"content":{"rendered":"\n<p>Venise est l\u2019une des villes les plus fascinantes au monde, mais elle est souvent per\u00e7ue comme une destination co\u00fbteuse, peu accessible aux voyageurs au budget limit\u00e9. En r\u00e9alit\u00e9, il existe des h\u00e9bergements qui offrent une combinaison id\u00e9ale entre <strong>confort, emplacement central et prix abordable<\/strong>. Si vous vous demandez o\u00f9 dormir dans un h\u00f4tel \u00e9conomique avec un excellent rapport qualit\u00e9-prix \u00e0 Venise, <strong>l\u2019H\u00f4tel Tivoli<\/strong> est la r\u00e9ponse parfaite. Situ\u00e9 au c\u0153ur du quartier de <em>Dorsoduro<\/em>, cet h\u00f4tel familial propose une hospitalit\u00e9 simple mais soign\u00e9e, des services essentiels et une position strat\u00e9gique qui permet de visiter toute la ville \u00e0 pied.<\/p>\n\n\n\n<h2 class=\"wp-block-heading\">Un h\u00f4tel abordable avec tout le n\u00e9cessaire<\/h2>\n\n\n\n<p>L\u2019H\u00f4tel Tivoli prouve qu\u2019il n\u2019est pas n\u00e9cessaire de d\u00e9penser une fortune pour trouver un h\u00e9bergement <strong>propre, fonctionnel et accueillant<\/strong>. Les <a href=\"https:\/\/hoteltivoli.it\/fr\/chambres\/\" data-type=\"link\" data-id=\"https:\/\/hoteltivoli.it\/fr\/chambres\/\">chambres<\/a> sont meubl\u00e9es de mani\u00e8re sobre et pratique. Elles disposent toutes d\u2019une salle de bain priv\u00e9e, de la climatisation, d\u2019une connexion Wi-Fi gratuite, d\u2019une t\u00e9l\u00e9vision, et dans certaines cat\u00e9gories, d\u2019un coffre-fort et d\u2019un minibar.<\/p>\n\n\n\n<p>Que vous voyagiez seul, en couple ou entre amis, vous trouverez un <strong>logement confortable et <a href=\"https:\/\/hoteltivoli.it\/fr\/hotel-calme-dans-le-centre-de-venise\/\" data-type=\"link\" data-id=\"https:\/\/hoteltivoli.it\/fr\/hotel-calme-dans-le-centre-de-venise\/\">calme<\/a><\/strong>, dans un cadre informel et bien entretenu. De nombreux clients appr\u00e9cient particuli\u00e8rement <strong>le calme de l\u2019\u00e9tablissement<\/strong> et <strong>la qualit\u00e9 du sommeil<\/strong>, favoris\u00e9e par l\u2019emplacement discret, \u00e0 l\u2019\u00e9cart des zones les plus fr\u00e9quent\u00e9es.<\/p>\n\n\n\n<h2 class=\"wp-block-heading\">Petit-d\u00e9jeuner inclus: un vrai plus<\/h2>\n\n\n\n<p>L\u2019un des avantages qui renforcent le rapport qualit\u00e9-prix de l\u2019H\u00f4tel Tivoli est le <strong><a href=\"https:\/\/hoteltivoli.it\/fr\/petit-dejeuner-en-plein-air-hotel-economique-a-venise\/\" data-type=\"link\" data-id=\"https:\/\/hoteltivoli.it\/fr\/petit-dejeuner-en-plein-air-hotel-economique-a-venise\/\">petit-d\u00e9jeuner<\/a> buffet inclus dans le tarif<\/strong> \u2013 un service souvent en suppl\u00e9ment dans de nombreux \u00e9tablissements du centre historique de Venise. Chaque matin, une s\u00e9lection de produits sucr\u00e9s et sal\u00e9s est propos\u00e9e: croissants, pain frais, beurre, confitures, g\u00e2teaux faits maison, yaourts, c\u00e9r\u00e9ales, jus de fruits, charcuterie, fromages, ainsi que caf\u00e9, th\u00e9 et cappuccino pr\u00e9par\u00e9s \u00e0 la demande.<\/p>\n\n\n\n<p>Par beau temps, il est possible de prendre son petit-d\u00e9jeuner \u00e0 l\u2019ext\u00e9rieur, dans la <strong>cour int\u00e9rieure de l\u2019h\u00f4tel<\/strong>, un espace calme et verdoyant qui rend le d\u00e9but de journ\u00e9e encore plus agr\u00e9able.<\/p>\n\n\n\n<h2 class=\"wp-block-heading\">Emplacement central, parfait pour visiter \u00e0 pied<\/h2>\n\n\n\n<p>L\u2019H\u00f4tel Tivoli est situ\u00e9 <strong><em>Crosera San Pantalon<\/em><\/strong>, \u00e0 quelques minutes \u00e0 pied de la gare Santa Lucia et du Piazzale Roma. Cet emplacement est id\u00e9al pour ceux qui arrivent en train ou en bus, mais aussi pour ceux qui souhaitent visiter Venise <strong>sans avoir besoin des transports publics<\/strong>. \u00c0 proximit\u00e9 imm\u00e9diate, on trouve:<\/p>\n\n\n\n<ul class=\"wp-block-list\">\n<li>la <a href=\"https:\/\/hoteltivoli.it\/fr\/hotel-economique-basilique-dei-frari-a-venise\/\" data-type=\"link\" data-id=\"https:\/\/hoteltivoli.it\/fr\/hotel-economique-basilique-dei-frari-a-venise\/\">Basilique dei Frari<\/a><\/li>\n\n\n\n<li>la <em><a href=\"https:\/\/hoteltivoli.it\/fr\/hotel-economique-scuola-grande-di-san-rocco-venise\/\" data-type=\"link\" data-id=\"https:\/\/hoteltivoli.it\/fr\/hotel-economique-scuola-grande-di-san-rocco-venise\/\">Scuola Grande di San Rocco<\/a><\/em><\/li>\n\n\n\n<li>le Campo Santa Margherita<\/li>\n\n\n\n<li><a href=\"https:\/\/hoteltivoli.it\/fr\/hotel-economique-pres-du-pont-du-rialto\/\" data-type=\"link\" data-id=\"https:\/\/hoteltivoli.it\/fr\/hotel-economique-pres-du-pont-du-rialto\/\">le Pont du Rialto<\/a><\/li>\n\n\n\n<li>les Galeries de l\u2019Acad\u00e9mie<\/li>\n\n\n\n<li>l\u2019arr\u00eat de <a href=\"https:\/\/actv.avmspa.it\/en\" data-type=\"link\" data-id=\"https:\/\/actv.avmspa.it\/en\" rel=\"nofollow noopener\" target=\"_blank\"><em>vaporetto<\/em><\/a> San Tom\u00e0<\/li>\n<\/ul>\n\n\n\n<p>La place Saint-Marc est \u00e9galement accessible \u00e0 pied en environ 20 minutes, en traversant certains des quartiers les plus charmants et authentiques de la ville.<\/p>\n\n\n\n<h2 class=\"wp-block-heading\">Accueil familial, discret et chaleureux<\/h2>\n\n\n\n<p>L\u2019H\u00f4tel Tivoli est g\u00e9r\u00e9 par la m\u00eame famille depuis plus de soixante ans. Cela garantit un <strong>service attentionn\u00e9 et personnalis\u00e9<\/strong>, avec un personnel toujours pr\u00eat \u00e0 sugg\u00e9rer des restaurants, des itin\u00e9raires alternatifs, des \u00e9v\u00e9nements culturels ou des excursions vers les \u00eeles.<\/p>\n\n\n\n<p>L\u2019ambiance g\u00e9n\u00e9rale est <strong>amicale mais discr\u00e8te<\/strong>, parfaite pour ceux qui recherchent un point de chute calme et fiable apr\u00e8s une journ\u00e9e de d\u00e9couverte \u00e0 travers les ruelles de Venise.<\/p>\n\n\n\n<h2 class=\"wp-block-heading\">Id\u00e9al pour tout type de voyageur<\/h2>\n\n\n\n<p>Gr\u00e2ce \u00e0 son excellent rapport qualit\u00e9-prix, l\u2019H\u00f4tel Tivoli convient \u00e0 une grande vari\u00e9t\u00e9 de voyageurs:<\/p>\n\n\n\n<ul class=\"wp-block-list\">\n<li><strong>jeunes couples<\/strong> \u00e0 la recherche d\u2019un s\u00e9jour <a href=\"https:\/\/hoteltivoli.it\/fr\/hotel-economique-escapade-romantique-a-venise\/\" data-type=\"link\" data-id=\"https:\/\/hoteltivoli.it\/fr\/hotel-economique-escapade-romantique-a-venise\/\">romantique<\/a> et abordable<\/li>\n\n\n\n<li><strong><a href=\"https:\/\/hoteltivoli.it\/fr\/hotel-economique-familles-venise\/\" data-type=\"link\" data-id=\"https:\/\/hoteltivoli.it\/fr\/hotel-economique-familles-venise\/\">familles<\/a><\/strong> souhaitant un h\u00e9bergement pratique en centre-ville<\/li>\n\n\n\n<li><strong>voyageurs seuls<\/strong> appr\u00e9ciant la s\u00e9curit\u00e9 et la tranquillit\u00e9<\/li>\n\n\n\n<li><strong>groupes d\u2019amis<\/strong> d\u00e9sirant visiter Venise en toute libert\u00e9<\/li>\n\n\n\n<li><strong>\u00e9tudiants ou professionnels<\/strong> en d\u00e9placement pour un \u00e9v\u00e9nement ou un examen<\/li>\n<\/ul>\n\n\n\n<p>Son emplacement et ses tarifs honn\u00eates font du Tivoli un <strong>choix intelligent pour vivre Venise de mani\u00e8re authentique et accessible<\/strong>.<\/p>\n\n\n\n<h2 class=\"wp-block-heading\">Pas de surprises, juste de la transparence<\/h2>\n\n\n\n<p>Contrairement \u00e0 d\u2019autres h\u00f4tels qui affichent des prix de base attractifs mais ajoutent ensuite des frais pour le petit-d\u00e9jeuner, le Wi-Fi ou le m\u00e9nage, l\u2019H\u00f4tel Tivoli propose <strong>des tarifs clairs, tout compris<\/strong>. En r\u00e9servant via le site officiel, vous avez la <strong>garantie du meilleur prix disponible<\/strong>, sans frais cach\u00e9s ni commissions.<\/p>\n\n\n\n<p><strong><a href=\"https:\/\/hoteltivoli.it\/fr\/\" data-type=\"link\" data-id=\"https:\/\/hoteltivoli.it\/fr\/\">R\u00e9servez d\u00e8s maintenant votre s\u00e9jour sur le site officiel de l\u2019H\u00f4tel Tivoli<\/a> et d\u00e9couvrez Venise avec le meilleur rapport qualit\u00e9-prix: central, authentique, accueillant et abordable.<\/strong><\/p>\n","protected":false},"excerpt":{"rendered":"<p>Venise est l\u2019une des villes les plus fascinantes au monde, mais elle est souvent per\u00e7ue comme une destination co\u00fbteuse, peu accessible aux voyageurs au budget limit\u00e9. En r\u00e9alit\u00e9, il existe des h\u00e9bergements qui offrent une combinaison id\u00e9ale entre confort, emplacement central et prix abordable. Si vous vous demandez o\u00f9 dormir dans un h\u00f4tel \u00e9conomique avec [&hellip;]<\/p>\n","protected":false},"author":1,"featured_media":1562,"parent":0,"menu_order":0,"comment_status":"closed","ping_status":"closed","template":"","meta":{"_acf_changed":false,"footnotes":""},"class_list":["post-1566","page","type-page","status-publish","has-post-thumbnail","hentry"],"acf":[],"_links":{"self":[{"href":"https:\/\/hoteltivoli.it\/fr\/wp-json\/wp\/v2\/pages\/1566","targetHints":{"allow":["GET"]}}],"collection":[{"href":"https:\/\/hoteltivoli.it\/fr\/wp-json\/wp\/v2\/pages"}],"about":[{"href":"https:\/\/hoteltivoli.it\/fr\/wp-json\/wp\/v2\/types\/page"}],"author":[{"embeddable":true,"href":"https:\/\/hoteltivoli.it\/fr\/wp-json\/wp\/v2\/users\/1"}],"replies":[{"embeddable":true,"href":"https:\/\/hoteltivoli.it\/fr\/wp-json\/wp\/v2\/comments?post=1566"}],"version-history":[{"count":6,"href":"https:\/\/hoteltivoli.it\/fr\/wp-json\/wp\/v2\/pages\/1566\/revisions"}],"predecessor-version":[{"id":2030,"href":"https:\/\/hoteltivoli.it\/fr\/wp-json\/wp\/v2\/pages\/1566\/revisions\/2030"}],"wp:featuredmedia":[{"embeddable":true,"href":"https:\/\/hoteltivoli.it\/fr\/wp-json\/wp\/v2\/media\/1562"}],"wp:attachment":[{"href":"https:\/\/hoteltivoli.it\/fr\/wp-json\/wp\/v2\/media?parent=1566"}],"curies":[{"name":"wp","href":"https:\/\/api.w.org\/{rel}","templated":true}]}}