{"id":1646,"date":"2025-05-12T07:30:04","date_gmt":"2025-05-12T07:30:04","guid":{"rendered":"https:\/\/hoteltivoli.it\/hotel-economico-vicino-al-ponte-di-rialto\/"},"modified":"2025-05-12T07:58:43","modified_gmt":"2025-05-12T07:58:43","slug":"hotel-economique-pres-du-pont-du-rialto","status":"publish","type":"page","link":"https:\/\/hoteltivoli.it\/fr\/hotel-economique-pres-du-pont-du-rialto\/","title":{"rendered":"O\u00f9 trouver un h\u00f4tel \u00e9conomique pr\u00e8s du Pont du Rialto?"},"content":{"rendered":"\n<p>Le pont du Rialto est l\u2019un des monuments les plus embl\u00e9matiques de Venise. Avec sa structure historique en pierre, ses boutiques int\u00e9gr\u00e9es dans les arches et sa vue spectaculaire sur le Grand Canal, c\u2019est une \u00e9tape incontournable pour tout visiteur. S\u00e9journer \u00e0 proximit\u00e9 peut sembler un luxe r\u00e9serv\u00e9 \u00e0 quelques-uns, mais il existe une solution qui allie <strong>proximit\u00e9 avec le pont du Rialto, prix abordables et confort essentiel<\/strong>: <strong>l\u2019H\u00f4tel Tivoli<\/strong>, situ\u00e9 au c\u0153ur du quartier de <em>Dorsoduro<\/em>. \u00c0 moins de 15 minutes \u00e0 pied du pont, c\u2019est un choix judicieux pour profiter du c\u0153ur de Venise sans d\u00e9passer son budget.<\/p>\n\n\n\n<h2 class=\"wp-block-heading\">Une position parfaite pour explorer \u00e0 pied<\/h2>\n\n\n\n<p>L\u2019H\u00f4tel Tivoli est situ\u00e9 dans une zone centrale et calme, \u00e0 l\u2019\u00e9cart de l\u2019agitation mais <strong>proche de tout ce qui compte<\/strong>. Rejoindre le pont du Rialto est tr\u00e8s simple: il suffit de traverser le <em>Campo Santa Margherita<\/em>, puis le <em>Campo San Polo<\/em> pour atteindre directement le c\u00e9l\u00e8bre pont, en d\u00e9couvrant des coins authentiques et des ruelles pittoresques.<\/p>\n\n\n\n<p>Cet itin\u00e9raire vous permet <strong>d\u2019\u00e9viter les zones les plus bond\u00e9es<\/strong>, tout en vous immergeant dans la Venise authentique, faite de boutiques artisanales, de <em>bacari<\/em> et de petits clo\u00eetres paisibles.<\/p>\n\n\n\n<h2 class=\"wp-block-heading\">Tr\u00e8s bien desservi par le vaporetto<\/h2>\n\n\n\n<p>Si vous pr\u00e9f\u00e9rez les transports en commun ou si vous voyagez avec des bagages, l\u2019arr\u00eat de <em><a href=\"https:\/\/actv.avmspa.it\/en\" data-type=\"link\" data-id=\"https:\/\/actv.avmspa.it\/en\" rel=\"nofollow noopener\" target=\"_blank\">vaporetto<\/a><\/em> <strong>San Tom\u00e0<\/strong> se trouve \u00e0 seulement 3 minutes de l\u2019h\u00f4tel. De l\u00e0, vous pouvez rejoindre le pont du Rialto en quelques minutes ou continuer vers Saint-Marc, Murano ou la gare. Cela fait de l\u2019H\u00f4tel Tivoli <strong>une base pratique pour explorer non seulement le centre mais aussi la lagune<\/strong>.<\/p>\n\n\n\n<h2 class=\"wp-block-heading\">Des chambres simples, propres et confortables<\/h2>\n\n\n\n<p>Les <a href=\"https:\/\/hoteltivoli.it\/fr\/chambres\/\" data-type=\"link\" data-id=\"https:\/\/hoteltivoli.it\/fr\/chambres\/\">chambres<\/a> de l\u2019H\u00f4tel Tivoli offrent tout ce qu\u2019il faut pour un s\u00e9jour agr\u00e9able. Elles sont meubl\u00e9es simplement, mais bien entretenues, et disposent de:<\/p>\n\n\n\n<ul class=\"wp-block-list\">\n<li>salle de bain priv\u00e9e<\/li>\n\n\n\n<li>climatisation<\/li>\n\n\n\n<li>Wi-Fi gratuit<\/li>\n\n\n\n<li>t\u00e9l\u00e9vision \u00e0 \u00e9cran plat<\/li>\n\n\n\n<li>coffre-fort et minibar dans certaines chambres<\/li>\n<\/ul>\n\n\n\n<p>Les clients appr\u00e9cient la <strong>propret\u00e9 irr\u00e9prochable, le calme et la qualit\u00e9 de la literie<\/strong>, autant d\u2019\u00e9l\u00e9ments qui assurent un bon repos apr\u00e8s une journ\u00e9e \u00e0 marcher dans la ville.<\/p>\n\n\n\n<h2 class=\"wp-block-heading\">Petit-d\u00e9jeuner inclus \u2013 un vrai plus<\/h2>\n\n\n\n<p>Contrairement \u00e0 de nombreux h\u00f4tels de Venise o\u00f9 <a href=\"https:\/\/hoteltivoli.it\/fr\/petit-dejeuner-en-plein-air-hotel-economique-a-venise\/\" data-type=\"link\" data-id=\"https:\/\/hoteltivoli.it\/fr\/petit-dejeuner-en-plein-air-hotel-economique-a-venise\/\">le petit-d\u00e9jeuner<\/a> est en suppl\u00e9ment, <strong>le buffet du matin est toujours inclus<\/strong> dans le tarif \u00e0 l\u2019H\u00f4tel Tivoli. Vous y trouverez:<\/p>\n\n\n\n<ul class=\"wp-block-list\">\n<li>pain frais, croissants, g\u00e2teaux<\/li>\n\n\n\n<li>confitures, miel, beurre<\/li>\n\n\n\n<li>yaourts, c\u00e9r\u00e9ales, fruits frais<\/li>\n\n\n\n<li>charcuterie et fromages<\/li>\n\n\n\n<li>caf\u00e9, th\u00e9, cappuccino, chocolat chaud<\/li>\n<\/ul>\n\n\n\n<p>En saison, le petit-d\u00e9jeuner est servi dans la <strong><a href=\"https:\/\/hoteltivoli.it\/fr\/hotel-economique-avec-cour-interieure-a-venise\/\" data-type=\"link\" data-id=\"https:\/\/hoteltivoli.it\/fr\/hotel-economique-avec-cour-interieure-a-venise\/\">cour int\u00e9rieure<\/a> verdoyante<\/strong>, un cadre paisible et ombrag\u00e9 pour bien commencer la journ\u00e9e.<\/p>\n\n\n\n<h2 class=\"wp-block-heading\">\u00c0 deux pas du Rialto et bien plus<\/h2>\n\n\n\n<p>L\u2019H\u00f4tel Tivoli n\u2019est pas seulement proche du pont du Rialto: il offre \u00e9galement un acc\u00e8s facile \u00e0 de nombreuses attractions majeures:<\/p>\n\n\n\n<ul class=\"wp-block-list\">\n<li>la <em><a href=\"https:\/\/hoteltivoli.it\/fr\/hotel-economique-scuola-grande-di-san-rocco-venise\/\" data-type=\"link\" data-id=\"https:\/\/hoteltivoli.it\/fr\/hotel-economique-scuola-grande-di-san-rocco-venise\/\">Scuola Grande di San Rocco<\/a><\/em><\/li>\n\n\n\n<li><a href=\"https:\/\/hoteltivoli.it\/fr\/hotel-economique-basilique-dei-frari-a-venise\/\" data-type=\"link\" data-id=\"https:\/\/hoteltivoli.it\/fr\/hotel-economique-basilique-dei-frari-a-venise\/\">la Basilique dei Frari<\/a><\/li>\n\n\n\n<li>les Galeries de l\u2019Acad\u00e9mie<\/li>\n\n\n\n<li>le Campo Santa Margherita<\/li>\n\n\n\n<li>le Th\u00e9\u00e2tre La Fenice<\/li>\n\n\n\n<li>la Collection Peggy Guggenheim<\/li>\n<\/ul>\n\n\n\n<p><strong>Tout est accessible \u00e0 pied<\/strong>, sans avoir \u00e0 prendre de transport.<\/p>\n\n\n\n<h2 class=\"wp-block-heading\">Un h\u00f4tel adapt\u00e9 \u00e0 tous les voyageurs<\/h2>\n\n\n\n<p>L\u2019H\u00f4tel Tivoli convient parfaitement:<\/p>\n\n\n\n<ul class=\"wp-block-list\">\n<li>aux couples en escapade <a href=\"https:\/\/hoteltivoli.it\/fr\/hotel-economique-escapade-romantique-a-venise\/\" data-type=\"link\" data-id=\"https:\/\/hoteltivoli.it\/fr\/hotel-economique-escapade-romantique-a-venise\/\">romantique<\/a> avec un budget ma\u00eetris\u00e9<\/li>\n\n\n\n<li>aux voyageurs solo \u00e0 la recherche de calme et de s\u00e9curit\u00e9<\/li>\n\n\n\n<li>aux <a href=\"https:\/\/hoteltivoli.it\/fr\/hotel-economique-familles-venise\/\" data-type=\"link\" data-id=\"https:\/\/hoteltivoli.it\/fr\/hotel-economique-familles-venise\/\">familles<\/a> souhaitant visiter les lieux \u00e0 pied<\/li>\n\n\n\n<li>aux groupes d\u2019amis en week-end<\/li>\n\n\n\n<li>aux \u00e9tudiants ou professionnels participant \u00e0 un \u00e9v\u00e9nement \u00e0 Venise<\/li>\n<\/ul>\n\n\n\n<p>Sa flexibilit\u00e9 et ses tarifs raisonnables en font <strong>un excellent choix pour tous les styles de voyage<\/strong>.<\/p>\n\n\n\n<h2 class=\"wp-block-heading\">Accueil familial et transparence tarifaire<\/h2>\n\n\n\n<p>Dirig\u00e9 par la m\u00eame famille depuis plus de 60 ans, l\u2019H\u00f4tel Tivoli offre une <strong>hospitalit\u00e9 sinc\u00e8re et professionnelle<\/strong>. Le personnel est toujours disponible pour sugg\u00e9rer des itin\u00e9raires hors des sentiers battus, recommander des restaurants locaux et partager des conseils utiles.<\/p>\n\n\n\n<p>Autre avantage: <strong>les tarifs sont clairs et sans frais cach\u00e9s<\/strong>. En r\u00e9servant directement sur le site officiel, vous b\u00e9n\u00e9ficiez:<\/p>\n\n\n\n<ul class=\"wp-block-list\">\n<li>du <strong>meilleur tarif garanti<\/strong><\/li>\n\n\n\n<li>du <strong>petit-d\u00e9jeuner inclus<\/strong><\/li>\n\n\n\n<li>de <strong>l\u2019annulation gratuite<\/strong> sur de nombreuses formules<\/li>\n<\/ul>\n\n\n\n<p><strong><a href=\"https:\/\/hoteltivoli.it\/fr\/\" data-type=\"link\" data-id=\"https:\/\/hoteltivoli.it\/fr\/\">R\u00e9servez d\u00e8s maintenant sur le site officiel de l\u2019H\u00f4tel Tivoli<\/a> et profitez d\u2019un s\u00e9jour pr\u00e8s du pont du Rialto, sans sacrifier votre budget ni votre confort.<\/strong><\/p>\n","protected":false},"excerpt":{"rendered":"<p>Le pont du Rialto est l\u2019un des monuments les plus embl\u00e9matiques de Venise. Avec sa structure historique en pierre, ses boutiques int\u00e9gr\u00e9es dans les arches et sa vue spectaculaire sur le Grand Canal, c\u2019est une \u00e9tape incontournable pour tout visiteur. S\u00e9journer \u00e0 proximit\u00e9 peut sembler un luxe r\u00e9serv\u00e9 \u00e0 quelques-uns, mais il existe une solution [&hellip;]<\/p>\n","protected":false},"author":1,"featured_media":1641,"parent":0,"menu_order":0,"comment_status":"closed","ping_status":"closed","template":"","meta":{"_acf_changed":false,"footnotes":""},"class_list":["post-1646","page","type-page","status-publish","has-post-thumbnail","hentry"],"acf":[],"_links":{"self":[{"href":"https:\/\/hoteltivoli.it\/fr\/wp-json\/wp\/v2\/pages\/1646","targetHints":{"allow":["GET"]}}],"collection":[{"href":"https:\/\/hoteltivoli.it\/fr\/wp-json\/wp\/v2\/pages"}],"about":[{"href":"https:\/\/hoteltivoli.it\/fr\/wp-json\/wp\/v2\/types\/page"}],"author":[{"embeddable":true,"href":"https:\/\/hoteltivoli.it\/fr\/wp-json\/wp\/v2\/users\/1"}],"replies":[{"embeddable":true,"href":"https:\/\/hoteltivoli.it\/fr\/wp-json\/wp\/v2\/comments?post=1646"}],"version-history":[{"count":2,"href":"https:\/\/hoteltivoli.it\/fr\/wp-json\/wp\/v2\/pages\/1646\/revisions"}],"predecessor-version":[{"id":1654,"href":"https:\/\/hoteltivoli.it\/fr\/wp-json\/wp\/v2\/pages\/1646\/revisions\/1654"}],"wp:featuredmedia":[{"embeddable":true,"href":"https:\/\/hoteltivoli.it\/fr\/wp-json\/wp\/v2\/media\/1641"}],"wp:attachment":[{"href":"https:\/\/hoteltivoli.it\/fr\/wp-json\/wp\/v2\/media?parent=1646"}],"curies":[{"name":"wp","href":"https:\/\/api.w.org\/{rel}","templated":true}]}}