{"id":1767,"date":"2025-05-12T12:46:08","date_gmt":"2025-05-12T12:46:08","guid":{"rendered":"https:\/\/hoteltivoli.it\/?page_id=1767"},"modified":"2025-07-10T10:12:16","modified_gmt":"2025-07-10T10:12:16","slug":"faq","status":"publish","type":"page","link":"https:\/\/hoteltivoli.it\/fr\/faq\/","title":{"rendered":"FAQ"},"content":{"rendered":"\n<p>Vous pr\u00e9parez votre s\u00e9jour \u00e0 l\u2019H\u00f4tel Tivoli et vous avez des <strong>questions<\/strong>? Dans cette section, nous avons regroup\u00e9 les r\u00e9ponses aux <strong>interrogations les plus fr\u00e9quentes<\/strong> de nos clients: horaires d\u2019arriv\u00e9e et de d\u00e9part, service de consigne des bagages, informations sur le petit d\u00e9jeuner, \u00e9quipements des chambres et proximit\u00e9 avec les <strong>principaux sites<\/strong> touristiques de Venise. Situ\u00e9 dans le quartier authentique de Dorsoduro, notre h\u00f4tel permet d\u2019acc\u00e9der facilement \u00e0 la Basilique dei Frari, au Pont du Rialto, \u00e0 la <strong>Place Saint-Marc<\/strong> et \u00e0 la gare. Cette page a pour but de vous aider \u00e0 organiser sereinement votre s\u00e9jour et \u00e0 <strong>profiter<\/strong> <strong>pleinement<\/strong> de votre exp\u00e9rience v\u00e9nitienne. Et bien s\u00fbr, notre \u00e9quipe reste \u00e0 votre enti\u00e8re <strong>disposition<\/strong> pour toute autre question.<\/p>\n\n\n\n<p><\/p>\n\n\n<div id=\"rank-math-faq\" class=\"rank-math-block\">\n<div class=\"rank-math-list \">\n<div id=\"faq-question-1747050006975\" class=\"rank-math-list-item\">\n<h3 class=\"rank-math-question \">O\u00f9 trouver un h\u00f4tel \u00e9conomique pr\u00e8s de la basilique dei Frari \u00e0 Venise?<\/h3>\n<div class=\"rank-math-answer \">\n<img loading=\"lazy\" decoding=\"async\" width=\"150\" height=\"150\" src=\"https:\/\/hoteltivoli.it\/wp-content\/uploads\/2025\/05\/Dormire-vicino-alla-Basilica-dei-Frari-150x150.webp\" class=\"alignright\" alt=\"Dormire vicino alla Basilica dei Frari\" \/>\n<p>Si vous souhaitez visiter Venise et s\u00e9journer \u00e0 proximit\u00e9 de la Basilique dei Frari, l\u2019H\u00f4tel Tivoli est un excellent choix. <br \/><a href=\"https:\/\/hoteltivoli.it\/fr\/hotel-economique-basilique-dei-frari-a-venise\/\" data-type=\"link\" data-id=\"https:\/\/hoteltivoli.it\/fr\/hotel-economique-basilique-dei-frari-a-venise\/\">Lire pour plus d&rsquo;informations<\/a>.<\/p>\n\n<\/div>\n<\/div>\n<div id=\"faq-question-1747050788100\" class=\"rank-math-list-item\">\n<h3 class=\"rank-math-question \"><br>O\u00f9 trouver un h\u00f4tel \u00e9conomique pr\u00e8s de la Scuola Grande di San Rocco?<\/h3>\n<div class=\"rank-math-answer \">\n<img loading=\"lazy\" decoding=\"async\" width=\"150\" height=\"150\" src=\"https:\/\/hoteltivoli.it\/wp-content\/uploads\/2025\/05\/Dormire-vicino-alla-Scuola-Grande-di-San-Rocco-150x150.webp\" class=\"alignright\" alt=\"Dormire vicino alla Scuola Grande di San Rocco\" \/>\n<p>Si vous cherchez un h\u00f4tel confortable pour visiter la\u00a0<strong><em>Scuola<\/em><\/strong><em><strong>\u00a0Grande di San Rocco<\/strong><\/em>\u00a0\u00e0 Venise, l\u2019H\u00f4tel Tivoli est la solution id\u00e9ale. Situ\u00e9 \u00e0 moins de trois minutes \u00e0 pied de ce chef-d\u2019\u0153uvre de la Renaissance, l\u2019h\u00f4tel offre un s\u00e9jour agr\u00e9able au c\u0153ur du quartier\u00a0<em><strong>Dorsoduro<\/strong><\/em>, \u00e0 deux pas de la\u00a0Basilique dei Frari.<br \/><a href=\"https:\/\/hoteltivoli.it\/fr\/hotel-economique-scuola-grande-di-san-rocco-venise\/\" data-type=\"link\" data-id=\"https:\/\/hoteltivoli.it\/fr\/hotel-economique-scuola-grande-di-san-rocco-venise\/\">Lire pour plus d&rsquo;informations<\/a><a href=\"https:\/\/hoteltivoli.it\/it\/hotel-economico-scuola-grande-di-san-rocco-venezia\/\" data-type=\"link\" data-id=\"https:\/\/hoteltivoli.it\/it\/hotel-economico-scuola-grande-di-san-rocco-venezia\/\">.<\/a><\/p>\n\n<\/div>\n<\/div>\n<div id=\"faq-question-1747051142322\" class=\"rank-math-list-item\">\n<h3 class=\"rank-math-question \"><br>O\u00f9 trouver un h\u00f4tel calme dans le centre de Venise?<\/h3>\n<div class=\"rank-math-answer \">\n<img loading=\"lazy\" decoding=\"async\" width=\"150\" height=\"150\" src=\"https:\/\/hoteltivoli.it\/wp-content\/uploads\/2025\/05\/Hotel-tranquillo-nel-centro-di-Venezia-150x150.webp\" class=\"alignright\" alt=\"Hotel tranquillo nel centro di Venezia\" \/>\n<p>Trouver un h\u00f4tel calme au c\u0153ur de Venise peut sembler difficile, mais l\u2019H\u00f4tel Tivoli est une heureuse exception.<br \/><a href=\"https:\/\/hoteltivoli.it\/fr\/hotel-calme-dans-le-centre-de-venise\/\" data-type=\"link\" data-id=\"https:\/\/hoteltivoli.it\/fr\/hotel-calme-dans-le-centre-de-venise\/\">Lire pour plus d&rsquo;informations<\/a><a href=\"https:\/\/hoteltivoli.it\/it\/hotel-tranquillo-economico-nel-centro-di-venezia\/\" data-type=\"link\" data-id=\"https:\/\/hoteltivoli.it\/it\/hotel-tranquillo-economico-nel-centro-di-venezia\/\"><a href=\"https:\/\/hoteltivoli.it\/it\/hotel-economico-scuola-grande-di-san-rocco-venezia\/\" data-type=\"link\" data-id=\"https:\/\/hoteltivoli.it\/it\/hotel-economico-scuola-grande-di-san-rocco-venezia\/\">.<\/a><\/a><\/p>\n\n<\/div>\n<\/div>\n<div id=\"faq-question-1747051228960\" class=\"rank-math-list-item\">\n<h3 class=\"rank-math-question \"><br>O\u00f9 trouver un h\u00f4tel \u00e9conomique pr\u00e8s de la gare Santa Lucia \u00e0 Venise?<\/h3>\n<div class=\"rank-math-answer \">\n<img loading=\"lazy\" decoding=\"async\" width=\"150\" height=\"150\" src=\"https:\/\/hoteltivoli.it\/wp-content\/uploads\/2025\/05\/Dormire-vicino-la-stazione-di-Venezia-Santa-Lucia-1920x840-1-150x150.webp\" class=\"alignright\" alt=\"Hotel economico vicino la stazione di Santa Lucia\" \/>\n<p>Si vous arrivez \u00e0 Venise en train et souhaitez explorer la ville \u00e0 pied, trouver un h\u00f4tel proche de la gare Santa Lucia mais \u00e0 l\u2019\u00e9cart du tumulte peut s\u2019av\u00e9rer difficile. L\u2019H\u00f4tel Tivoli est un choix strat\u00e9gique.<br \/><a href=\"https:\/\/hoteltivoli.it\/fr\/hotel-economique-la-gare-santa-lucia-a-venise\/\" data-type=\"link\" data-id=\"https:\/\/hoteltivoli.it\/fr\/hotel-economique-la-gare-santa-lucia-a-venise\/\">Lire pour plus d&rsquo;informations<\/a><a href=\"https:\/\/hoteltivoli.it\/it\/hotel-tranquillo-economico-nel-centro-di-venezia\/\" data-type=\"link\" data-id=\"https:\/\/hoteltivoli.it\/it\/hotel-tranquillo-economico-nel-centro-di-venezia\/\"><\/a><a href=\"https:\/\/hoteltivoli.it\/it\/hotel-economico-scuola-grande-di-san-rocco-venezia\/\" data-type=\"link\" data-id=\"https:\/\/hoteltivoli.it\/it\/hotel-economico-scuola-grande-di-san-rocco-venezia\/\">.<\/a><\/p>\n\n<\/div>\n<\/div>\n<div id=\"faq-question-1747051306484\" class=\"rank-math-list-item\">\n<h3 class=\"rank-math-question \"><br>O\u00f9 prendre le petit-d\u00e9jeuner en plein air dans un h\u00f4tel \u00e9conomique \u00e0 Venise?<\/h3>\n<div class=\"rank-math-answer \">\n<img loading=\"lazy\" decoding=\"async\" width=\"150\" height=\"150\" src=\"https:\/\/hoteltivoli.it\/wp-content\/uploads\/2025\/05\/Colazione-allaperto-in-hotel-economico-150x150.webp\" class=\"alignright\" alt=\"Colazione all&#039;aperto in hotel economico\" \/>\n<p>De nombreux voyageurs recherchent un h\u00f4tel o\u00f9 ils peuvent\u00a0<strong>prendre leur petit-d\u00e9jeuner en plein air<\/strong>, dans le calme d\u2019une cour v\u00e9nitienne.\u00a0<strong>L\u2019H\u00f4tel Tivoli<\/strong>\u00a0est un excellent choix pour ceux qui souhaitent vivre cette exp\u00e9rience.<br \/><a href=\"https:\/\/hoteltivoli.it\/fr\/petit-dejeuner-en-plein-air-hotel-economique-a-venise\/\" data-type=\"link\" data-id=\"https:\/\/hoteltivoli.it\/fr\/petit-dejeuner-en-plein-air-hotel-economique-a-venise\/\">Lire pour plus d&rsquo;informations<\/a><a href=\"https:\/\/hoteltivoli.it\/it\/hotel-tranquillo-economico-nel-centro-di-venezia\/\" data-type=\"link\" data-id=\"https:\/\/hoteltivoli.it\/it\/hotel-tranquillo-economico-nel-centro-di-venezia\/\"><\/a><a href=\"https:\/\/hoteltivoli.it\/it\/hotel-economico-scuola-grande-di-san-rocco-venezia\/\" data-type=\"link\" data-id=\"https:\/\/hoteltivoli.it\/it\/hotel-economico-scuola-grande-di-san-rocco-venezia\/\">.<\/a><\/p>\n\n<\/div>\n<\/div>\n<div id=\"faq-question-1747051409957\" class=\"rank-math-list-item\">\n<h3 class=\"rank-math-question \"><br>Quel est le meilleur hotel \u00e9conomique o\u00f9 loger \u00e0 Venise si vous souhaitez vous d\u00e9placer \u00e0 pied?<\/h3>\n<div class=\"rank-math-answer \">\n<img loading=\"lazy\" decoding=\"async\" width=\"150\" height=\"150\" src=\"https:\/\/hoteltivoli.it\/wp-content\/uploads\/2025\/05\/1920x840-19-articolo-copia-150x150.jpg\" class=\"alignright\" alt=\"Hotel economico per muoversi a piedi\" \/>\n<p>C\u2019est pourquoi choisir un h\u00f4tel dans un\u00a0<strong>quartier strat\u00e9gique mais\u00a0paisible<\/strong>\u00a0est essentiel pour explorer la ville \u00e0 pied.\u00a0<strong>L\u2019H\u00f4tel Tivoli<\/strong>, situ\u00e9 dans le quartier de\u00a0<em>Dorsoduro<\/em>, est l\u2019une des meilleures options pour ceux qui veulent se d\u00e9placer sans prendre le vaporetto<br \/><a href=\"https:\/\/hoteltivoli.it\/fr\/hotel-economique-a-venise-deplacer-a-pied\/\" data-type=\"link\" data-id=\"https:\/\/hoteltivoli.it\/fr\/hotel-economique-a-venise-deplacer-a-pied\/\">Lire pour plus d&rsquo;informations<\/a><a href=\"https:\/\/hoteltivoli.it\/it\/hotel-tranquillo-economico-nel-centro-di-venezia\/\" data-type=\"link\" data-id=\"https:\/\/hoteltivoli.it\/it\/hotel-tranquillo-economico-nel-centro-di-venezia\/\"><\/a><a href=\"https:\/\/hoteltivoli.it\/it\/hotel-economico-scuola-grande-di-san-rocco-venezia\/\" data-type=\"link\" data-id=\"https:\/\/hoteltivoli.it\/it\/hotel-economico-scuola-grande-di-san-rocco-venezia\/\">.<\/a><\/p>\n\n<\/div>\n<\/div>\n<div id=\"faq-question-1747051490304\" class=\"rank-math-list-item\">\n<h3 class=\"rank-math-question \"><br>O\u00f9 trouver un h\u00f4tel \u00e9conomique avec cour int\u00e9rieure \u00e0 Venise?<\/h3>\n<div class=\"rank-math-answer \">\n<img loading=\"lazy\" decoding=\"async\" width=\"150\" height=\"150\" src=\"https:\/\/hoteltivoli.it\/wp-content\/uploads\/2025\/05\/Hotel-economico-con-cortile-interno-a-Venezia-150x150.webp\" class=\"alignright\" alt=\"Hotel economico con cortile interno a Venezia\" \/>\n<p>Dans une ville aussi anim\u00e9e que fascinante, disposer d\u2019une\u00a0<strong>cour int\u00e9rieure\u00a0calme<\/strong>, o\u00f9 l\u2019on peut savourer le petit-d\u00e9jeuner le matin ou se d\u00e9tendre en soir\u00e9e, est un petit luxe qui fait toute la diff\u00e9rence.\u00a0<br \/><a href=\"https:\/\/hoteltivoli.it\/fr\/hotel-economique-avec-cour-interieure-a-venise\/\" data-type=\"link\" data-id=\"https:\/\/hoteltivoli.it\/fr\/hotel-economique-avec-cour-interieure-a-venise\/\">Lire pour plus d&rsquo;informations<\/a><a href=\"https:\/\/hoteltivoli.it\/it\/hotel-tranquillo-economico-nel-centro-di-venezia\/\" data-type=\"link\" data-id=\"https:\/\/hoteltivoli.it\/it\/hotel-tranquillo-economico-nel-centro-di-venezia\/\"><\/a><a href=\"https:\/\/hoteltivoli.it\/it\/hotel-economico-scuola-grande-di-san-rocco-venezia\/\" data-type=\"link\" data-id=\"https:\/\/hoteltivoli.it\/it\/hotel-economico-scuola-grande-di-san-rocco-venezia\/\">.<\/a><\/p>\n\n<\/div>\n<\/div>\n<div id=\"faq-question-1747051542167\" class=\"rank-math-list-item\">\n<h3 class=\"rank-math-question \"><br>Quel est un h\u00f4tel \u00e9conomique pour les familles \u00e0 Venise?<\/h3>\n<div class=\"rank-math-answer \">\n<img loading=\"lazy\" decoding=\"async\" width=\"150\" height=\"150\" src=\"https:\/\/hoteltivoli.it\/wp-content\/uploads\/2025\/05\/Hotel-economico-per-famiglie-con-bambini-150x150.webp\" class=\"alignright\" alt=\"Hotel economico per famiglie con bambini\" \/>\n<p>Si vous vous demandez\u00a0<strong>quel est un bon h\u00f4tel \u00e0 Venise pour les familles avec enfants<\/strong>,\u00a0<strong>l\u2019H\u00f4tel Tivoli<\/strong>\u00a0est l\u2019un des meilleurs choix.\u00a0<br \/><a href=\"https:\/\/hoteltivoli.it\/fr\/hotel-economique-familles-venise\/\" data-type=\"link\" data-id=\"https:\/\/hoteltivoli.it\/fr\/hotel-economique-familles-venise\/\">Lire pour plus d&rsquo;informations<\/a><a href=\"https:\/\/hoteltivoli.it\/it\/hotel-tranquillo-economico-nel-centro-di-venezia\/\" data-type=\"link\" data-id=\"https:\/\/hoteltivoli.it\/it\/hotel-tranquillo-economico-nel-centro-di-venezia\/\"><\/a><a href=\"https:\/\/hoteltivoli.it\/it\/hotel-economico-scuola-grande-di-san-rocco-venezia\/\" data-type=\"link\" data-id=\"https:\/\/hoteltivoli.it\/it\/hotel-economico-scuola-grande-di-san-rocco-venezia\/\">.<\/a><\/p>\n\n<\/div>\n<\/div>\n<div id=\"faq-question-1747051599177\" class=\"rank-math-list-item\">\n<h3 class=\"rank-math-question \"><br>O\u00f9 s\u00e9journer dans un h\u00f4tel \u00e9conomique pour une escapade romantique \u00e0 Venise?<\/h3>\n<div class=\"rank-math-answer \">\n<img loading=\"lazy\" decoding=\"async\" width=\"150\" height=\"150\" src=\"https:\/\/hoteltivoli.it\/wp-content\/uploads\/2025\/05\/Hotel-economico-per-una-fuga-romantica-150x150.webp\" class=\"alignright\" alt=\"Hotel economico per una fuga romantica\" \/>\n<p>L\u2019<strong>H\u00f4tel Tivoli<\/strong>, au c\u0153ur du quartier\u00a0<em>Dorsoduro<\/em>, est le choix parfait pour un s\u00e9jour romantique mais informel, loin de l\u2019aust\u00e9rit\u00e9 des h\u00f4tels de luxe mais proche de tout ce qui rend Venise inoubliable.<br \/><a href=\"https:\/\/hoteltivoli.it\/fr\/hotel-economique-escapade-romantique-a-venise\/\" data-type=\"link\" data-id=\"https:\/\/hoteltivoli.it\/fr\/hotel-economique-escapade-romantique-a-venise\/\">Lire pour plus d&rsquo;informations<\/a><a href=\"https:\/\/hoteltivoli.it\/it\/hotel-tranquillo-economico-nel-centro-di-venezia\/\" data-type=\"link\" data-id=\"https:\/\/hoteltivoli.it\/it\/hotel-tranquillo-economico-nel-centro-di-venezia\/\"><\/a><a href=\"https:\/\/hoteltivoli.it\/it\/hotel-economico-scuola-grande-di-san-rocco-venezia\/\" data-type=\"link\" data-id=\"https:\/\/hoteltivoli.it\/it\/hotel-economico-scuola-grande-di-san-rocco-venezia\/\">.<\/a><\/p>\n\n<\/div>\n<\/div>\n<div id=\"faq-question-1747051678520\" class=\"rank-math-list-item\">\n<h3 class=\"rank-math-question \"><br>O\u00f9 dormir \u00e0 Venise dans un h\u00f4tel \u00e9conomique \u00e0 gestion familiale?<\/h3>\n<div class=\"rank-math-answer \">\n<img loading=\"lazy\" decoding=\"async\" width=\"150\" height=\"150\" src=\"https:\/\/hoteltivoli.it\/wp-content\/uploads\/2025\/05\/Hotel-economico-a-gestione-familiare-150x150.webp\" class=\"alignright\" alt=\"Hotel economico a gestione familiare\" \/>\n<p>Trouver un h\u00f4tel \u00e0 Venise qui soit \u00e0 la fois\u00a0<strong>central, accueillant, \u00e9conomique et \u00e0 gestion familiale<\/strong>\u00a0peut sembler difficile, mais il existe une adresse qui r\u00e9unit toutes ces qualit\u00e9s:\u00a0<strong>l\u2019H\u00f4tel Tivoli<\/strong>.<br \/><a href=\"https:\/\/hoteltivoli.it\/fr\/hotel-economique-a-gestion-familiale-venise\/\" data-type=\"link\" data-id=\"https:\/\/hoteltivoli.it\/fr\/hotel-economique-a-gestion-familiale-venise\/\">Lire pour plus d&rsquo;informations<\/a><a href=\"https:\/\/hoteltivoli.it\/it\/hotel-tranquillo-economico-nel-centro-di-venezia\/\" data-type=\"link\" data-id=\"https:\/\/hoteltivoli.it\/it\/hotel-tranquillo-economico-nel-centro-di-venezia\/\"><\/a><a href=\"https:\/\/hoteltivoli.it\/it\/hotel-economico-scuola-grande-di-san-rocco-venezia\/\" data-type=\"link\" data-id=\"https:\/\/hoteltivoli.it\/it\/hotel-economico-scuola-grande-di-san-rocco-venezia\/\">.<\/a><\/p>\n\n<\/div>\n<\/div>\n<div id=\"faq-question-1747051737578\" class=\"rank-math-list-item\">\n<h3 class=\"rank-math-question \"><br>O\u00f9 dormir dans un h\u00f4tel \u00e9conomique avec un excellent rapport qualit\u00e9-prix \u00e0 Venise?<\/h3>\n<div class=\"rank-math-answer \">\n<img loading=\"lazy\" decoding=\"async\" width=\"150\" height=\"150\" src=\"https:\/\/hoteltivoli.it\/wp-content\/uploads\/2025\/05\/Hotel-economico-con-ottimo-rapporto-qualita-prezzo-150x150.webp\" class=\"alignright\" alt=\"Hotel economico con ottimo rapporto qualita\u0300-prezzo\" \/>\n<p>Si vous vous demandez o\u00f9 dormir dans un h\u00f4tel \u00e9conomique avec un excellent rapport qualit\u00e9-prix \u00e0 Venise,\u00a0<strong>l\u2019H\u00f4tel Tivoli<\/strong>\u00a0est la r\u00e9ponse parfaite. <br \/><a href=\"https:\/\/hoteltivoli.it\/fr\/hotel-economique-rapport-qualite-prix-a-venise\/\" data-type=\"link\" data-id=\"https:\/\/hoteltivoli.it\/fr\/hotel-economique-rapport-qualite-prix-a-venise\/\">Lire pour plus d&rsquo;informations<\/a><a href=\"https:\/\/hoteltivoli.it\/it\/hotel-tranquillo-economico-nel-centro-di-venezia\/\" data-type=\"link\" data-id=\"https:\/\/hoteltivoli.it\/it\/hotel-tranquillo-economico-nel-centro-di-venezia\/\"><\/a><a href=\"https:\/\/hoteltivoli.it\/it\/hotel-economico-scuola-grande-di-san-rocco-venezia\/\" data-type=\"link\" data-id=\"https:\/\/hoteltivoli.it\/it\/hotel-economico-scuola-grande-di-san-rocco-venezia\/\">.<\/a><\/p>\n\n<\/div>\n<\/div>\n<div id=\"faq-question-1747051797821\" class=\"rank-math-list-item\">\n<h3 class=\"rank-math-question \"><br>O\u00f9 trouver un h\u00f4tel \u00e9conomique pr\u00e8s de la place Saint-Marc?<\/h3>\n<div class=\"rank-math-answer \">\n<img loading=\"lazy\" decoding=\"async\" width=\"150\" height=\"150\" src=\"https:\/\/hoteltivoli.it\/wp-content\/uploads\/2025\/05\/Hotel-economico-vicino-a-Piazza-San-Marco-150x150.webp\" class=\"alignright\" alt=\"Hotel economico vicino a Piazza San Marco\" \/>\n<p>En r\u00e9alit\u00e9, il existe une solution qui combine\u00a0<strong>proximit\u00e9 avec la place Saint-Marc, tarifs accessibles et confort essentiel<\/strong>:\u00a0<strong>l\u2019H\u00f4tel Tivoli<\/strong>, situ\u00e9 dans le quartier de\u00a0<em>Dorsoduro<\/em>.\u00a0<br \/><a href=\"https:\/\/hoteltivoli.it\/fr\/hotel-economique-pres-de-la-place-saint-marc\/\" data-type=\"link\" data-id=\"https:\/\/hoteltivoli.it\/fr\/hotel-economique-pres-de-la-place-saint-marc\/\">Lire pour plus d&rsquo;informations<\/a><a href=\"https:\/\/hoteltivoli.it\/it\/hotel-tranquillo-economico-nel-centro-di-venezia\/\" data-type=\"link\" data-id=\"https:\/\/hoteltivoli.it\/it\/hotel-tranquillo-economico-nel-centro-di-venezia\/\"><\/a><a href=\"https:\/\/hoteltivoli.it\/it\/hotel-economico-scuola-grande-di-san-rocco-venezia\/\" data-type=\"link\" data-id=\"https:\/\/hoteltivoli.it\/it\/hotel-economico-scuola-grande-di-san-rocco-venezia\/\">.<\/a><\/p>\n\n<\/div>\n<\/div>\n<div id=\"faq-question-1747051847951\" class=\"rank-math-list-item\">\n<h3 class=\"rank-math-question \"><br>O\u00f9 trouver un h\u00f4tel \u00e9conomique pr\u00e8s du Pont du Rialto?<\/h3>\n<div class=\"rank-math-answer \">\n<img loading=\"lazy\" decoding=\"async\" width=\"150\" height=\"150\" src=\"https:\/\/hoteltivoli.it\/wp-content\/uploads\/2025\/05\/1920x840-21-articolo-150x150.jpg\" class=\"alignright\" alt=\"Hotel economico vicino al Ponte di Rialto\" \/>\n<p>S\u00e9journer \u00e0 proximit\u00e9 peut sembler un luxe r\u00e9serv\u00e9 \u00e0 quelques-uns, mais il existe une solution qui allie\u00a0<strong>proximit\u00e9 avec le pont du Rialto, prix abordables et confort essentiel<\/strong>:\u00a0<strong>l\u2019H\u00f4tel Tivoli<\/strong>, situ\u00e9 au c\u0153ur du quartier de\u00a0<em>Dorsoduro<\/em>.<br \/><a href=\"https:\/\/hoteltivoli.it\/fr\/hotel-economique-pres-du-pont-du-rialto\/\" data-type=\"link\" data-id=\"https:\/\/hoteltivoli.it\/fr\/hotel-economique-pres-du-pont-du-rialto\/\">Lire pour plus d&rsquo;informations<\/a><a href=\"https:\/\/hoteltivoli.it\/it\/hotel-economico-vicino-al-ponte-di-rialto\/\" data-type=\"link\" data-id=\"https:\/\/hoteltivoli.it\/it\/hotel-economico-vicino-al-ponte-di-rialto\/\"><a href=\"https:\/\/hoteltivoli.it\/it\/hotel-tranquillo-economico-nel-centro-di-venezia\/\" data-type=\"link\" data-id=\"https:\/\/hoteltivoli.it\/it\/hotel-tranquillo-economico-nel-centro-di-venezia\/\"><\/a><a href=\"https:\/\/hoteltivoli.it\/it\/hotel-economico-scuola-grande-di-san-rocco-venezia\/\" data-type=\"link\" data-id=\"https:\/\/hoteltivoli.it\/it\/hotel-economico-scuola-grande-di-san-rocco-venezia\/\">.<\/a><\/a><\/p>\n\n<\/div>\n<\/div>\n<div id=\"faq-question-1747388227441\" class=\"rank-math-list-item\">\n<h3 class=\"rank-math-question \">O\u00f9 trouver un h\u00f4tel \u00e9conomique pr\u00e8s de Campo Santa Margherita \u00e0 Venise?<\/h3>\n<div class=\"rank-math-answer \">\n<img loading=\"lazy\" decoding=\"async\" width=\"150\" height=\"150\" src=\"https:\/\/hoteltivoli.it\/wp-content\/uploads\/2025\/05\/Hotel-economico-vicino-a-Campo-Santa-Margherita-150x150.webp\" class=\"alignright\" alt=\"h\u00f4tel \u00e9conomique pr\u00e8s de Campo Santa Margherita \u00e0 Venise\" \/>\n<p>S\u00e9journer pr\u00e8s de Campo Santa Margherita est un excellent choix pour celles et ceux qui souhaitent d\u00e9couvrir Venise sous un angle authentique, central et\u2026 abordable. On pense souvent que dormir au c\u0153ur de la S\u00e9r\u00e9nissime implique des tarifs tr\u00e8s \u00e9lev\u00e9s, mais ce n\u2019est pas toujours le cas. Si vous recherchez un\u00a0<strong>h\u00f4tel \u00e9conomique proche de Campo Santa Margherita<\/strong>, l\u2019<strong>H\u00f4tel Tivoli<\/strong>\u00a0est sans doute une option \u00e0 envisager.<br \/><a href=\"https:\/\/hoteltivoli.it\/fr\/hotel-economique-campo-santa-margherita-venise\/\" data-type=\"link\" data-id=\"https:\/\/hoteltivoli.it\/fr\/hotel-economique-campo-santa-margherita-venise\/\">Lire pour plus d&rsquo;informations<a href=\"https:\/\/hoteltivoli.it\/it\/hotel-economico-vicino-al-ponte-di-rialto\/\" data-type=\"link\" data-id=\"https:\/\/hoteltivoli.it\/it\/hotel-economico-vicino-al-ponte-di-rialto\/\"><\/a><a href=\"https:\/\/hoteltivoli.it\/it\/hotel-tranquillo-economico-nel-centro-di-venezia\/\" data-type=\"link\" data-id=\"https:\/\/hoteltivoli.it\/it\/hotel-tranquillo-economico-nel-centro-di-venezia\/\"><\/a>.<br \/><\/a><\/p>\n\n<\/div>\n<\/div>\n<div id=\"faq-question-1747401438837\" class=\"rank-math-list-item\">\n<h3 class=\"rank-math-question \">O\u00f9 dormir dans un h\u00f4tel \u00e9conomique dans le quartier de Dorsoduro \u00e0 Venise?<\/h3>\n<div class=\"rank-math-answer \">\n<img loading=\"lazy\" decoding=\"async\" width=\"150\" height=\"150\" src=\"https:\/\/hoteltivoli.it\/wp-content\/uploads\/2025\/05\/Hotel-economico-a-Dorsoduro-150x150.webp\" class=\"alignright\" alt=\"Hotel economico a Dorsoduro\" \/>\n<p>Venise est l\u2019une des villes les plus fascinantes au monde, mais choisir o\u00f9 loger peut s\u2019av\u00e9rer d\u00e9licat. Si vous recherchez un quartier authentique, calme et riche en tr\u00e9sors artistiques, le\u00a0<strong>sestiere de Dorsoduro<\/strong>\u00a0est un excellent choix.<br \/><a href=\"https:\/\/hoteltivoli.it\/fr\/hotel-economique-quartier-de-dorsoduro-a-venise\/\" data-type=\"link\" data-id=\"https:\/\/hoteltivoli.it\/fr\/hotel-economique-quartier-de-dorsoduro-a-venise\/\">Lire pour plus d&rsquo;informations<a href=\"https:\/\/hoteltivoli.it\/it\/hotel-economico-vicino-al-ponte-di-rialto\/\" data-type=\"link\" data-id=\"https:\/\/hoteltivoli.it\/it\/hotel-economico-vicino-al-ponte-di-rialto\/\"><\/a><a href=\"https:\/\/hoteltivoli.it\/it\/hotel-tranquillo-economico-nel-centro-di-venezia\/\" data-type=\"link\" data-id=\"https:\/\/hoteltivoli.it\/it\/hotel-tranquillo-economico-nel-centro-di-venezia\/\"><\/a>.<br \/><\/a><\/p>\n\n<\/div>\n<\/div>\n<\/div>\n<\/div>","protected":false},"excerpt":{"rendered":"<p>Vous pr\u00e9parez votre s\u00e9jour \u00e0 l\u2019H\u00f4tel Tivoli et vous avez des questions? Dans cette section, nous avons regroup\u00e9 les r\u00e9ponses aux interrogations les plus fr\u00e9quentes de nos clients: horaires d\u2019arriv\u00e9e et de d\u00e9part, service de consigne des bagages, informations sur le petit d\u00e9jeuner, \u00e9quipements des chambres et proximit\u00e9 avec les principaux sites touristiques de Venise. [&hellip;]<\/p>\n","protected":false},"author":1,"featured_media":0,"parent":0,"menu_order":0,"comment_status":"closed","ping_status":"closed","template":"","meta":{"_acf_changed":false,"footnotes":""},"class_list":["post-1767","page","type-page","status-publish","hentry"],"acf":[],"_links":{"self":[{"href":"https:\/\/hoteltivoli.it\/fr\/wp-json\/wp\/v2\/pages\/1767","targetHints":{"allow":["GET"]}}],"collection":[{"href":"https:\/\/hoteltivoli.it\/fr\/wp-json\/wp\/v2\/pages"}],"about":[{"href":"https:\/\/hoteltivoli.it\/fr\/wp-json\/wp\/v2\/types\/page"}],"author":[{"embeddable":true,"href":"https:\/\/hoteltivoli.it\/fr\/wp-json\/wp\/v2\/users\/1"}],"replies":[{"embeddable":true,"href":"https:\/\/hoteltivoli.it\/fr\/wp-json\/wp\/v2\/comments?post=1767"}],"version-history":[{"count":30,"href":"https:\/\/hoteltivoli.it\/fr\/wp-json\/wp\/v2\/pages\/1767\/revisions"}],"predecessor-version":[{"id":2058,"href":"https:\/\/hoteltivoli.it\/fr\/wp-json\/wp\/v2\/pages\/1767\/revisions\/2058"}],"wp:attachment":[{"href":"https:\/\/hoteltivoli.it\/fr\/wp-json\/wp\/v2\/media?parent=1767"}],"curies":[{"name":"wp","href":"https:\/\/api.w.org\/{rel}","templated":true}]}}