{"id":1940,"date":"2025-05-16T12:16:42","date_gmt":"2025-05-16T12:16:42","guid":{"rendered":"https:\/\/hoteltivoli.it\/?page_id=1940"},"modified":"2025-05-16T12:49:17","modified_gmt":"2025-05-16T12:49:17","slug":"hotel-economique-quartier-de-dorsoduro-a-venise","status":"publish","type":"page","link":"https:\/\/hoteltivoli.it\/fr\/hotel-economique-quartier-de-dorsoduro-a-venise\/","title":{"rendered":"O\u00f9 dormir dans un h\u00f4tel \u00e9conomique dans le quartier de Dorsoduro \u00e0 Venise?"},"content":{"rendered":"\n<p>Venise est l&rsquo;une des villes les plus fascinantes au monde, mais choisir o\u00f9 loger peut s&rsquo;av\u00e9rer d\u00e9licat. Si vous recherchez un quartier authentique, calme et riche en tr\u00e9sors artistiques, le <strong>sestiere de Dorsoduro<\/strong> est un excellent choix. Et si vous souhaitez b\u00e9n\u00e9ficier d\u2019un bon emplacement sans vous ruiner, un <strong>h\u00f4tel \u00e9conomique \u00e0 Dorsoduro<\/strong> comme l\u2019<strong>H\u00f4tel Tivoli<\/strong> pourrait parfaitement r\u00e9pondre \u00e0 vos attentes.<\/p>\n\n\n\n<h3 class=\"wp-block-heading\">Pourquoi choisir le quartier de Dorsoduro?<\/h3>\n\n\n\n<p>Dorsoduro est l\u2019un des six quartiers (sestieri) de Venise et il est tr\u00e8s appr\u00e9ci\u00e9 des V\u00e9nitiens comme des voyageurs \u00e0 la recherche d\u2019une exp\u00e9rience plus authentique. Situ\u00e9 entre le canal de la Giudecca et le Grand Canal, ce quartier est central mais pr\u00e9serv\u00e9 de la foule touristique. L\u2019atmosph\u00e8re y est paisible, et les ruelles gardent une \u00e2me r\u00e9solument locale.<\/p>\n\n\n\n<p>Parmi ses nombreux atouts:<\/p>\n\n\n\n<ul class=\"wp-block-list\">\n<li>Une concentration exceptionnelle de mus\u00e9es et d\u2019\u00e9glises, comme les <strong>Galeries de l\u2019Acad\u00e9mie<\/strong>, l\u2019<strong>\u00e9glise des Carmini<\/strong>, la <strong><a href=\"https:\/\/hoteltivoli.it\/fr\/hotel-economique-basilique-dei-frari-a-venise\/\" data-type=\"link\" data-id=\"https:\/\/hoteltivoli.it\/fr\/hotel-economique-basilique-dei-frari-a-venise\/\">Basilique dei Frari<\/a><\/strong> ou la <strong><em><a href=\"https:\/\/hoteltivoli.it\/fr\/hotel-economique-scuola-grande-di-san-rocco-venise\/\" data-type=\"link\" data-id=\"https:\/\/hoteltivoli.it\/fr\/hotel-economique-scuola-grande-di-san-rocco-venise\/\">Scuola Grande di San Rocco<\/a><\/em><\/strong><\/li>\n\n\n\n<li>Une vie nocturne anim\u00e9e autour du <strong><em><a href=\"https:\/\/hoteltivoli.it\/fr\/hotel-economique-campo-santa-margherita-venise\/\" data-type=\"link\" data-id=\"https:\/\/hoteltivoli.it\/fr\/hotel-economique-campo-santa-margherita-venise\/\">Campo Santa Margherita<\/a><\/em><\/strong>, le c\u0153ur vivant du quartier, tr\u00e8s fr\u00e9quent\u00e9 par les \u00e9tudiants et les habitants<\/li>\n\n\n\n<li>Une proximit\u00e9 directe avec <strong>Piazzale Roma<\/strong> et la <strong><a href=\"https:\/\/hoteltivoli.it\/fr\/hotel-economique-la-gare-santa-lucia-a-venise\/\" data-type=\"link\" data-id=\"https:\/\/hoteltivoli.it\/fr\/hotel-economique-la-gare-santa-lucia-a-venise\/\">gare Santa Lucia<\/a><\/strong>, accessibles \u00e0 pied<\/li>\n<\/ul>\n\n\n\n<p>Dorsoduro est donc un excellent point de d\u00e9part pour <strong>visiter Venise <a href=\"https:\/\/hoteltivoli.it\/fr\/hotel-economique-a-venise-deplacer-a-pied\/\" data-type=\"link\" data-id=\"https:\/\/hoteltivoli.it\/fr\/hotel-economique-a-venise-deplacer-a-pied\/\">\u00e0 pied<\/a><\/strong>, en partant d\u2019un quartier \u00e0 la fois central et authentique.<\/p>\n\n\n\n<h3 class=\"wp-block-heading\">Un h\u00f4tel \u00e9conomique au c\u0153ur de Dorsoduro<\/h3>\n\n\n\n<p>L\u2019<strong>H\u00f4tel Tivoli<\/strong> est situ\u00e9 entre le <strong>Campo Santa Margherita<\/strong> et l\u2019arr\u00eat de vaporetto <strong>San Tom\u00e0<\/strong>, en plein c\u0153ur du quartier de Dorsoduro. C\u2019est un \u00e9tablissement simple mais bien entretenu, avec des chambres confortables, des espaces propres et un <strong><a href=\"https:\/\/hoteltivoli.it\/fr\/hotel-economique-avec-cour-interieure-a-venise\/\" data-type=\"link\" data-id=\"https:\/\/hoteltivoli.it\/fr\/hotel-economique-avec-cour-interieure-a-venise\/\">patio int\u00e9rieur<\/a><\/strong> o\u00f9 il est possible de prendre le petit-d\u00e9jeuner lors des journ\u00e9es ensoleill\u00e9es.<\/p>\n\n\n\n<p>Cet h\u00f4tel est id\u00e9al pour:<\/p>\n\n\n\n<ul class=\"wp-block-list\">\n<li>Les voyageurs arrivant en train ou en bus, gr\u00e2ce \u00e0 sa proximit\u00e9 avec la gare et Piazzale Roma<\/li>\n\n\n\n<li>Ceux qui souhaitent d\u00e9couvrir Venise depuis un quartier vivant mais non envahi par les touristes<\/li>\n\n\n\n<li>Ceux qui veulent rejoindre le <strong><a href=\"https:\/\/hoteltivoli.it\/fr\/hotel-economique-pres-du-pont-du-rialto\/\" data-type=\"link\" data-id=\"https:\/\/hoteltivoli.it\/fr\/hotel-economique-pres-du-pont-du-rialto\/\">Pont du Rialto<\/a><\/strong> ou la <strong><a href=\"https:\/\/hoteltivoli.it\/fr\/hotel-economique-pres-de-la-place-saint-marc\/\" data-type=\"link\" data-id=\"https:\/\/hoteltivoli.it\/fr\/hotel-economique-pres-de-la-place-saint-marc\/\">Place Saint-Marc<\/a><\/strong> en seulement 15 \u00e0 20 minutes de marche<\/li>\n\n\n\n<li>Ceux qui voyagent avec un budget limit\u00e9 et qui recherchent un <strong>h\u00f4tel \u00e9conomique avec petit-d\u00e9jeuner inclus<\/strong><\/li>\n<\/ul>\n\n\n\n<h3 class=\"wp-block-heading\">Ce que propose l\u2019H\u00f4tel Tivoli<\/h3>\n\n\n\n<p>Bien qu\u2019il soit class\u00e9 <strong>2 \u00e9toiles<\/strong>, l\u2019H\u00f4tel Tivoli offre une exp\u00e9rience compl\u00e8te et agr\u00e9able \u00e0 ceux qui recherchent un s\u00e9jour confortable au centre historique de Venise.<\/p>\n\n\n\n<p><strong>Services inclus:<\/strong><\/p>\n\n\n\n<ul class=\"wp-block-list\">\n<li><strong><a href=\"https:\/\/hoteltivoli.it\/fr\/chambres\/\" data-type=\"link\" data-id=\"https:\/\/hoteltivoli.it\/fr\/chambres\/\">Chambres<\/a> climatis\u00e9es et propres<\/strong>, certaines avec vue sur le patio<\/li>\n\n\n\n<li><strong>Petit-d\u00e9jeuner inclus<\/strong>, avec un choix sucr\u00e9 et sal\u00e9 (viennoiseries, g\u00e2teaux, pain, charcuterie, yaourt, c\u00e9r\u00e9ales\u2026)<\/li>\n\n\n\n<li><strong>Wi-Fi gratuit<\/strong> dans tout l\u2019\u00e9tablissement<\/li>\n\n\n\n<li><strong>Consigne \u00e0 bagages<\/strong> gratuite apr\u00e8s le check-out<\/li>\n\n\n\n<li>Chambres avec <strong>salle de bain privative ou partag\u00e9e<\/strong>, selon vos besoins<\/li>\n<\/ul>\n\n\n\n<p>Le personnel est toujours disponible pour recommander un restaurant, un itin\u00e9raire \u00e0 pied ou les horaires des vaporetti.<\/p>\n\n\n\n<h3 class=\"wp-block-heading\">D\u00e9couvrir Dorsoduro \u00e0 pied<\/h3>\n\n\n\n<p>L\u2019un des plus grands avantages pour nos h\u00f4tes est la possibilit\u00e9 de <strong>visiter toute la ville \u00e0 pied<\/strong>. Depuis l\u2019H\u00f4tel Tivoli, vous pouvez rejoindre facilement:<\/p>\n\n\n\n<ul class=\"wp-block-list\">\n<li>Le <strong>Campo Santa Margherita<\/strong> en 2 minutes<\/li>\n\n\n\n<li>La <strong>Scuola Grande di San Rocco<\/strong> et la <strong>Basilique dei Frari<\/strong> en moins de 5 minutes<\/li>\n\n\n\n<li>Le front de mer des <strong>Zattere<\/strong> et la <strong>Fondamenta delle Salute<\/strong> en 10 minutes<\/li>\n\n\n\n<li>Le <strong>Pont du Rialto<\/strong> en environ 15 minutes<\/li>\n\n\n\n<li>La <strong>Place Saint-Marc<\/strong> en moins de 25 minutes<\/li>\n<\/ul>\n\n\n\n<p>Cette libert\u00e9 de mouvement vous permet de d\u00e9couvrir la ville \u00e0 votre rythme, en profitant pleinement de l\u2019ambiance v\u00e9nitienne.<\/p>\n\n\n\n<h3 class=\"wp-block-heading\">\u00c0 qui s\u2019adresse cet h\u00f4tel&nbsp;?<\/h3>\n\n\n\n<p>L\u2019H\u00f4tel Tivoli convient parfaitement:<\/p>\n\n\n\n<ul class=\"wp-block-list\">\n<li>Aux <strong>jeunes <a href=\"https:\/\/hoteltivoli.it\/fr\/hotel-economique-escapade-romantique-a-venise\/\" data-type=\"link\" data-id=\"https:\/\/hoteltivoli.it\/fr\/hotel-economique-escapade-romantique-a-venise\/\">couples<\/a><\/strong> \u00e0 la recherche d\u2019un s\u00e9jour romantique sans trop d\u00e9penser<\/li>\n\n\n\n<li>Aux <strong><a href=\"https:\/\/hoteltivoli.it\/fr\/hotel-economique-familles-venise\/\" data-type=\"link\" data-id=\"https:\/\/hoteltivoli.it\/fr\/hotel-economique-familles-venise\/\">familles<\/a><\/strong> souhaitant visiter les mus\u00e9es et les \u00e9glises du quartier<\/li>\n\n\n\n<li>Aux <strong>\u00e9tudiants et voyageurs ind\u00e9pendants<\/strong> \u00e0 la recherche d\u2019une base simple et bien situ\u00e9e<\/li>\n\n\n\n<li>\u00c0 ceux qui souhaitent loger dans un <strong>quartier central mais tranquille<\/strong>, avec des restaurants et des commerces \u00e0 proximit\u00e9<\/li>\n<\/ul>\n\n\n\n<p>En r\u00e9sum\u00e9, si vous recherchez un h\u00f4tel \u00e9conomique \u00e0 Dorsoduro pour d\u00e9couvrir Venise facilement, confortablement et sans stress, l\u2019H\u00f4tel Tivoli est le bon choix.<\/p>\n\n\n\n<h3 class=\"wp-block-heading\">R\u00e9servez maintenant sur le site officiel<\/h3>\n\n\n\n<p>Pour b\u00e9n\u00e9ficier des <strong>meilleurs tarifs garantis<\/strong>, demander une chambre sp\u00e9cifique et recevoir une assistance directe de notre \u00e9quipe, <strong><a href=\"https:\/\/hoteltivoli.it\/fr\/\" data-type=\"link\" data-id=\"https:\/\/hoteltivoli.it\/fr\/\">r\u00e9servez d\u00e8s maintenant sur le site officiel de l\u2019H\u00f4tel Tivoli<\/a><\/strong>. Commencez votre s\u00e9jour v\u00e9nitien dans l\u2019un des quartiers les plus authentiques de la ville.<\/p>\n","protected":false},"excerpt":{"rendered":"<p>Venise est l&rsquo;une des villes les plus fascinantes au monde, mais choisir o\u00f9 loger peut s&rsquo;av\u00e9rer d\u00e9licat. Si vous recherchez un quartier authentique, calme et riche en tr\u00e9sors artistiques, le sestiere de Dorsoduro est un excellent choix. Et si vous souhaitez b\u00e9n\u00e9ficier d\u2019un bon emplacement sans vous ruiner, un h\u00f4tel \u00e9conomique \u00e0 Dorsoduro comme l\u2019H\u00f4tel [&hellip;]<\/p>\n","protected":false},"author":1,"featured_media":1936,"parent":0,"menu_order":0,"comment_status":"closed","ping_status":"closed","template":"","meta":{"_acf_changed":false,"footnotes":""},"class_list":["post-1940","page","type-page","status-publish","has-post-thumbnail","hentry"],"acf":[],"_links":{"self":[{"href":"https:\/\/hoteltivoli.it\/fr\/wp-json\/wp\/v2\/pages\/1940","targetHints":{"allow":["GET"]}}],"collection":[{"href":"https:\/\/hoteltivoli.it\/fr\/wp-json\/wp\/v2\/pages"}],"about":[{"href":"https:\/\/hoteltivoli.it\/fr\/wp-json\/wp\/v2\/types\/page"}],"author":[{"embeddable":true,"href":"https:\/\/hoteltivoli.it\/fr\/wp-json\/wp\/v2\/users\/1"}],"replies":[{"embeddable":true,"href":"https:\/\/hoteltivoli.it\/fr\/wp-json\/wp\/v2\/comments?post=1940"}],"version-history":[{"count":7,"href":"https:\/\/hoteltivoli.it\/fr\/wp-json\/wp\/v2\/pages\/1940\/revisions"}],"predecessor-version":[{"id":1962,"href":"https:\/\/hoteltivoli.it\/fr\/wp-json\/wp\/v2\/pages\/1940\/revisions\/1962"}],"wp:featuredmedia":[{"embeddable":true,"href":"https:\/\/hoteltivoli.it\/fr\/wp-json\/wp\/v2\/media\/1936"}],"wp:attachment":[{"href":"https:\/\/hoteltivoli.it\/fr\/wp-json\/wp\/v2\/media?parent=1940"}],"curies":[{"name":"wp","href":"https:\/\/api.w.org\/{rel}","templated":true}]}}