{"id":836,"date":"2024-03-20T16:40:21","date_gmt":"2024-03-20T16:40:21","guid":{"rendered":"https:\/\/staging.hoteltivoli.it\/about-us\/"},"modified":"2025-05-08T10:41:41","modified_gmt":"2025-05-08T10:41:41","slug":"a-propos-de-nous","status":"publish","type":"page","link":"https:\/\/hoteltivoli.it\/fr\/a-propos-de-nous\/","title":{"rendered":"\u00c0 propos de Nous"},"content":{"rendered":"\n<div class=\"wp-block-columns is-layout-flex wp-container-core-columns-is-layout-9d6595d7 wp-block-columns-is-layout-flex\">\n<div class=\"wp-block-column is-layout-flow wp-block-column-is-layout-flow\" style=\"flex-basis:50%\">\n<figure class=\"wp-block-image size-large\"><img loading=\"lazy\" decoding=\"async\" width=\"1024\" height=\"569\" src=\"https:\/\/hoteltivoli.it\/wp-content\/uploads\/2024\/03\/Team_1-1024x569.jpg\" alt=\"\" class=\"wp-image-614\" srcset=\"https:\/\/hoteltivoli.it\/wp-content\/uploads\/2024\/03\/Team_1-1024x569.jpg 1024w, https:\/\/hoteltivoli.it\/wp-content\/uploads\/2024\/03\/Team_1-300x167.jpg 300w, https:\/\/hoteltivoli.it\/wp-content\/uploads\/2024\/03\/Team_1-768x427.jpg 768w, https:\/\/hoteltivoli.it\/wp-content\/uploads\/2024\/03\/Team_1-1536x853.jpg 1536w, https:\/\/hoteltivoli.it\/wp-content\/uploads\/2024\/03\/Team_1-2048x1138.jpg 2048w\" sizes=\"auto, (max-width: 1024px) 100vw, 1024px\" \/><\/figure>\n<\/div>\n\n\n\n<div class=\"wp-block-column is-layout-flow wp-block-column-is-layout-flow\" style=\"flex-basis:50%\">\n<p>Bienvenue \u00e0 l&rsquo;h\u00f4tel Tivoli, un h\u00f4tel familial situ\u00e9 au c\u0153ur de Venise, g\u00e9r\u00e9 avec passion et d\u00e9vouement par notre famille depuis 70 ans et pr\u00eat \u00e0 vous accueillir avec grand plaisir.<\/p>\n\n\n\n<p>Notre \u00e9quipe travaille avec nous pour s&rsquo;assurer que chaque s\u00e9jour est confortable, en offrant assistance, soutien et conseils \u00e0 tout moment et en veillant \u00e0 ce que chaque client se sente \u00e0 l&rsquo;aise.<\/p>\n\n\n\n<p>Nous sommes donc ravis de vous accueillir dans notre h\u00f4tel.<\/p>\n<\/div>\n<\/div>\n","protected":false},"excerpt":{"rendered":"<p>Bienvenue \u00e0 l&rsquo;h\u00f4tel Tivoli, un h\u00f4tel familial situ\u00e9 au c\u0153ur de Venise, g\u00e9r\u00e9 avec passion et d\u00e9vouement par notre famille depuis 70 ans et pr\u00eat \u00e0 vous accueillir avec grand plaisir. Notre \u00e9quipe travaille avec nous pour s&rsquo;assurer que chaque s\u00e9jour est confortable, en offrant assistance, soutien et conseils \u00e0 tout moment et en veillant [&hellip;]<\/p>\n","protected":false},"author":1,"featured_media":0,"parent":0,"menu_order":0,"comment_status":"closed","ping_status":"closed","template":"","meta":{"_acf_changed":false,"footnotes":""},"class_list":["post-836","page","type-page","status-publish","hentry"],"acf":[],"_links":{"self":[{"href":"https:\/\/hoteltivoli.it\/fr\/wp-json\/wp\/v2\/pages\/836","targetHints":{"allow":["GET"]}}],"collection":[{"href":"https:\/\/hoteltivoli.it\/fr\/wp-json\/wp\/v2\/pages"}],"about":[{"href":"https:\/\/hoteltivoli.it\/fr\/wp-json\/wp\/v2\/types\/page"}],"author":[{"embeddable":true,"href":"https:\/\/hoteltivoli.it\/fr\/wp-json\/wp\/v2\/users\/1"}],"replies":[{"embeddable":true,"href":"https:\/\/hoteltivoli.it\/fr\/wp-json\/wp\/v2\/comments?post=836"}],"version-history":[{"count":1,"href":"https:\/\/hoteltivoli.it\/fr\/wp-json\/wp\/v2\/pages\/836\/revisions"}],"predecessor-version":[{"id":839,"href":"https:\/\/hoteltivoli.it\/fr\/wp-json\/wp\/v2\/pages\/836\/revisions\/839"}],"wp:attachment":[{"href":"https:\/\/hoteltivoli.it\/fr\/wp-json\/wp\/v2\/media?parent=836"}],"curies":[{"name":"wp","href":"https:\/\/api.w.org\/{rel}","templated":true}]}}