{"id":846,"date":"2024-03-15T14:03:41","date_gmt":"2024-03-15T14:03:41","guid":{"rendered":"https:\/\/staging.hoteltivoli.it\/contacts\/"},"modified":"2025-05-08T10:29:56","modified_gmt":"2025-05-08T10:29:56","slug":"contacts","status":"publish","type":"page","link":"https:\/\/hoteltivoli.it\/fr\/contacts\/","title":{"rendered":"Contacts"},"content":{"rendered":"\n<div class=\"wp-block-columns is-layout-flex wp-container-core-columns-is-layout-9d6595d7 wp-block-columns-is-layout-flex\">\n<div class=\"wp-block-column is-layout-flow wp-block-column-is-layout-flow\">\n<h4 class=\"wp-block-heading\"><strong>Hotel Tivoli <\/strong><\/h4>\n\n\n\n<p>Dorsoduro, 3838<br>Venezia<br><a href=\"http:\/\/staging.hoteltivoli.it\/location\/\">View Map<\/a><\/p>\n<\/div>\n\n\n\n<div class=\"wp-block-column is-layout-flow wp-block-column-is-layout-flow\">\n<p><strong>Front Desk:<\/strong> 7 heures \u00e0 21 heures (apr\u00e8s 21 heures, le personnel sera disponible au +39 041 5242460)<\/p>\n\n\n\n<p><strong>Check-in:<\/strong> 13 heures ; vous pouvez laisser vos bagages dans l&rsquo;\u00e9tablissement si vous arrivez avant l&rsquo;heure indiqu\u00e9e.<\/p>\n\n\n\n<p><strong>Self Check-in:<\/strong>&nbsp;Si vous arrivez apr\u00e8s 21 heures, veuillez nous contacter par e-mail info@hoteltivoli.it afin que nous puissions vous envoyer toutes les informations n\u00e9cessaires pour prendre possession de votre chambre.<\/p>\n\n\n\n<p><strong>Check out:\u00a0<\/strong>10h30, vous pouvez laisser vos bagages dans l&rsquo;\u00e9tablissement jusqu&rsquo;\u00e0 votre d\u00e9part.<\/p>\n<\/div>\n<\/div>\n","protected":false},"excerpt":{"rendered":"<p>Hotel Tivoli Dorsoduro, 3838VeneziaView Map Front Desk: 7 heures \u00e0 21 heures (apr\u00e8s 21 heures, le personnel sera disponible au +39 041 5242460) Check-in: 13 heures ; vous pouvez laisser vos bagages dans l&rsquo;\u00e9tablissement si vous arrivez avant l&rsquo;heure indiqu\u00e9e. Self Check-in:&nbsp;Si vous arrivez apr\u00e8s 21 heures, veuillez nous contacter par e-mail info@hoteltivoli.it afin que [&hellip;]<\/p>\n","protected":false},"author":1,"featured_media":615,"parent":0,"menu_order":0,"comment_status":"closed","ping_status":"closed","template":"templates\/contatti.php","meta":{"_acf_changed":false,"footnotes":""},"class_list":["post-846","page","type-page","status-publish","has-post-thumbnail","hentry"],"acf":[],"_links":{"self":[{"href":"https:\/\/hoteltivoli.it\/fr\/wp-json\/wp\/v2\/pages\/846","targetHints":{"allow":["GET"]}}],"collection":[{"href":"https:\/\/hoteltivoli.it\/fr\/wp-json\/wp\/v2\/pages"}],"about":[{"href":"https:\/\/hoteltivoli.it\/fr\/wp-json\/wp\/v2\/types\/page"}],"author":[{"embeddable":true,"href":"https:\/\/hoteltivoli.it\/fr\/wp-json\/wp\/v2\/users\/1"}],"replies":[{"embeddable":true,"href":"https:\/\/hoteltivoli.it\/fr\/wp-json\/wp\/v2\/comments?post=846"}],"version-history":[{"count":1,"href":"https:\/\/hoteltivoli.it\/fr\/wp-json\/wp\/v2\/pages\/846\/revisions"}],"predecessor-version":[{"id":852,"href":"https:\/\/hoteltivoli.it\/fr\/wp-json\/wp\/v2\/pages\/846\/revisions\/852"}],"wp:featuredmedia":[{"embeddable":true,"href":"https:\/\/hoteltivoli.it\/fr\/wp-json\/wp\/v2\/media\/615"}],"wp:attachment":[{"href":"https:\/\/hoteltivoli.it\/fr\/wp-json\/wp\/v2\/media?parent=846"}],"curies":[{"name":"wp","href":"https:\/\/api.w.org\/{rel}","templated":true}]}}