{"id":1931,"date":"2025-05-16T12:16:42","date_gmt":"2025-05-16T12:16:42","guid":{"rendered":"https:\/\/hoteltivoli.it\/?page_id=1931"},"modified":"2025-05-16T12:28:26","modified_gmt":"2025-05-16T12:28:26","slug":"hotel-economico-sestiere-dorsoduro-a-venezia","status":"publish","type":"page","link":"https:\/\/hoteltivoli.it\/it\/hotel-economico-sestiere-dorsoduro-a-venezia\/","title":{"rendered":"Dove dormire in un hotel economico nel sestiere di Dorsoduro a Venezia?"},"content":{"rendered":"\n<p>Venezia \u00e8 una delle citt\u00e0 pi\u00f9 affascinanti del mondo, ma anche una delle pi\u00f9 complesse quando si tratta di scegliere dove alloggiare. Se cerchi un quartiere autentico, tranquillo e ricco di bellezze artistiche, il sestiere di Dorsoduro \u00e8 la risposta perfetta. E se oltre alla posizione cerchi anche convenienza, allora un <strong>hotel economico a Dorsoduro<\/strong> come l\u2019<strong>Hotel Tivoli<\/strong> potrebbe essere la scelta giusta per te.<\/p>\n\n\n\n<h3 class=\"wp-block-heading\">Perch\u00e9 scegliere il sestiere di Dorsoduro?<\/h3>\n\n\n\n<p>Dorsoduro \u00e8 uno dei sei sestieri di Venezia, ed \u00e8 amato sia dai veneziani che dai viaggiatori pi\u00f9 curiosi. Situato lungo il Canale della Giudecca e il Canal Grande, \u00e8 una zona centrale ma lontana dal caos dei flussi turistici pi\u00f9 intensi. Qui puoi respirare un\u2019atmosfera pi\u00f9 rilassata, passeggiare in calli tranquille e affacciarti su fondamenta meno affollate, dove la vita scorre ancora con ritmi locali.<\/p>\n\n\n\n<p>Tra i suoi punti forti:<\/p>\n\n\n\n<ul class=\"wp-block-list\">\n<li>La presenza di musei e chiese straordinarie, come le Gallerie dell\u2019Accademia, la Chiesa dei Carmini, la <a href=\"https:\/\/hoteltivoli.it\/it\/hotel-economico-basilica-dei-frari-a-venezia\/\" data-type=\"link\" data-id=\"https:\/\/hoteltivoli.it\/it\/hotel-economico-basilica-dei-frari-a-venezia\/\">Basilica dei Frari<\/a> e la <a href=\"https:\/\/hoteltivoli.it\/it\/hotel-economico-scuola-grande-di-san-rocco-venezia\/\" data-type=\"link\" data-id=\"https:\/\/hoteltivoli.it\/it\/hotel-economico-scuola-grande-di-san-rocco-venezia\/\">Scuola Grande di San Rocco<\/a><\/li>\n\n\n\n<li>Una vivace vita serale concentrata intorno a <strong><a href=\"https:\/\/hoteltivoli.it\/it\/hotel-economico-campo-santa-margherita-venezia\/\" data-type=\"link\" data-id=\"https:\/\/hoteltivoli.it\/it\/hotel-economico-campo-santa-margherita-venezia\/\">Campo Santa Margherita<\/a><\/strong>, cuore del quartiere e punto di ritrovo per studenti e residenti<\/li>\n\n\n\n<li>La vicinanza a <strong>Piazzale Roma<\/strong> e alla <strong><a href=\"https:\/\/hoteltivoli.it\/it\/hotel-economico-stazione-di-venezia-santa-lucia\/\" data-type=\"page\" data-id=\"1269\">Stazione Santa Lucia<\/a><\/strong>, raggiungibili facilmente a piedi<\/li>\n<\/ul>\n\n\n\n<p>Dorsoduro \u00e8 quindi il punto ideale per chi vuole visitare Venezia <strong><a href=\"https:\/\/hoteltivoli.it\/it\/hotel-economico-a-venezia-per-muoversi-a-piedi\/\" data-type=\"link\" data-id=\"https:\/\/hoteltivoli.it\/it\/hotel-economico-a-venezia-per-muoversi-a-piedi\/\">a piedi<\/a><\/strong>, partendo da un quartiere autentico e centrale.<\/p>\n\n\n\n<h3 class=\"wp-block-heading\">Un hotel economico nel cuore di Dorsoduro<\/h3>\n\n\n\n<p>L\u2019<strong>Hotel Tivoli<\/strong> si trova in una posizione strategica, tra Campo Santa Margherita e la fermata del <a href=\"https:\/\/actv.avmspa.it\/it\" data-type=\"link\" data-id=\"https:\/\/actv.avmspa.it\/it\" rel=\"nofollow noopener\" target=\"_blank\">vaporetto San Tom\u00e0<\/a>, all\u2019interno del sestiere di Dorsoduro. \u00c8 una struttura semplice ma curata, con camere comode, ambienti puliti e uno <strong>spazio esterno con <a href=\"https:\/\/hoteltivoli.it\/it\/hotel-economico-con-cortile-interno-a-venezia\/\" data-type=\"link\" data-id=\"https:\/\/hoteltivoli.it\/it\/hotel-economico-con-cortile-interno-a-venezia\/\">cortile interno<\/a><\/strong> dove \u00e8 possibile fare colazione nelle giornate pi\u00f9 miti.<\/p>\n\n\n\n<p>L\u2019hotel \u00e8 perfetto per:<\/p>\n\n\n\n<ul class=\"wp-block-list\">\n<li>Chi arriva a Venezia in treno o autobus, grazie alla vicinanza con la stazione e Piazzale Roma<\/li>\n\n\n\n<li>Chi desidera vivere Venezia da una prospettiva pi\u00f9 autentica, lontano dalle zone eccessivamente turistiche<\/li>\n\n\n\n<li>Chi vuole raggiungere <strong><a href=\"https:\/\/hoteltivoli.it\/it\/hotel-economico-vicino-al-ponte-di-rialto\/\" data-type=\"link\" data-id=\"https:\/\/hoteltivoli.it\/it\/hotel-economico-vicino-al-ponte-di-rialto\/\">Ponte di Rialto<\/a><\/strong> e <strong><a href=\"https:\/\/hoteltivoli.it\/it\/hotel-economico-vicino-a-piazza-san-marco\/\" data-type=\"link\" data-id=\"https:\/\/hoteltivoli.it\/it\/hotel-economico-vicino-a-piazza-san-marco\/\">Piazza San Marco<\/a><\/strong> con una passeggiata di 15\u201320 minuti<\/li>\n\n\n\n<li>Chi viaggia con un budget contenuto e cerca un <strong>hotel economico con colazione inclusa<\/strong><\/li>\n<\/ul>\n\n\n\n<h3 class=\"wp-block-heading\">Cosa offre l\u2019Hotel Tivoli<\/h3>\n\n\n\n<p>Nonostante le sue due stelle, l\u2019Hotel Tivoli ha tutto ci\u00f2 che serve per un soggiorno confortevole nel centro storico di Venezia.<\/p>\n\n\n\n<p><strong>Servizi inclusi:<\/strong><\/p>\n\n\n\n<ul class=\"wp-block-list\">\n<li><strong><a href=\"https:\/\/hoteltivoli.it\/it\/camere\/\" data-type=\"link\" data-id=\"https:\/\/hoteltivoli.it\/it\/camere\/\">Camere<\/a> climatizzate<\/strong> e pulite, alcune con vista sul cortile interno<\/li>\n\n\n\n<li><strong>Colazione compresa<\/strong> nel prezzo, con un assortimento dolce e salato<\/li>\n\n\n\n<li><strong>Wi-Fi gratuito<\/strong> in tutta la struttura<\/li>\n\n\n\n<li><strong>Deposito bagagli<\/strong> gratuito per chi parte nel pomeriggio o in serata<\/li>\n\n\n\n<li>Camere con <strong>bagno privato o in comune<\/strong>, in base alle esigenze<\/li>\n<\/ul>\n\n\n\n<p>Inoltre, il personale \u00e8 sempre disponibile per consigli su ristoranti, itinerari alternativi e orari dei vaporetti.<\/p>\n\n\n\n<h3 class=\"wp-block-heading\">Vivere Dorsoduro a piedi<\/h3>\n\n\n\n<p>Una delle caratteristiche pi\u00f9 apprezzate dai nostri ospiti \u00e8 la possibilit\u00e0 di <strong>vivere Venezia interamente a piedi<\/strong>. Partendo dall\u2019Hotel Tivoli puoi raggiungere facilmente:<\/p>\n\n\n\n<ul class=\"wp-block-list\">\n<li><strong>Campo Santa Margherita<\/strong> in 2 minuti<\/li>\n\n\n\n<li><strong>Scuola Grande di San Rocco<\/strong> e <strong>Basilica dei Frari<\/strong> in meno di 5 minuti<\/li>\n\n\n\n<li><strong>Zattere<\/strong> e la Fondamenta delle Salute in 10 minuti<\/li>\n\n\n\n<li><strong>Ponte di Rialto<\/strong> in circa 15 minuti<\/li>\n\n\n\n<li><strong>Piazza San Marco<\/strong> in meno di 25 minuti<\/li>\n<\/ul>\n\n\n\n<p>Questa libert\u00e0 di movimento \u00e8 impagabile per chi vuole vivere la citt\u00e0 in modo autentico, godendo anche dei momenti meno affollati, come le prime ore del mattino o la sera tardi.<\/p>\n\n\n\n<h3 class=\"wp-block-heading\">A chi \u00e8 adatto questo hotel<\/h3>\n\n\n\n<p>L\u2019Hotel Tivoli \u00e8 perfetto per:<\/p>\n\n\n\n<ul class=\"wp-block-list\">\n<li><strong>Coppie <a href=\"https:\/\/hoteltivoli.it\/it\/hotel-economico-una-fuga-romantica-a-venezia\/\" data-type=\"link\" data-id=\"https:\/\/hoteltivoli.it\/it\/hotel-economico-una-fuga-romantica-a-venezia\/\">giovani<\/a><\/strong> in cerca di un soggiorno romantico ma non costoso<\/li>\n\n\n\n<li><strong><a href=\"https:\/\/hoteltivoli.it\/it\/hotel-economico-famiglie-venezia\/\" data-type=\"link\" data-id=\"https:\/\/hoteltivoli.it\/it\/hotel-economico-famiglie-venezia\/\">Famiglie<\/a><\/strong> che vogliono visitare i musei e le chiese del quartiere<\/li>\n\n\n\n<li><strong>Studenti e viaggiatori indipendenti<\/strong> che cercano una base comoda e accessibile<\/li>\n\n\n\n<li>Chi vuole una <strong>zona centrale ma silenziosa<\/strong>, con locali e ristoranti vicini ma senza rinunciare al riposo<\/li>\n<\/ul>\n\n\n\n<p>In breve, se cerchi un hotel economico a Dorsoduro per visitare Venezia in modo comodo, autentico e senza stress, l\u2019Hotel Tivoli \u00e8 la scelta ideale.<\/p>\n\n\n\n<h3 class=\"wp-block-heading\">Prenota ora dal sito ufficiale<\/h3>\n\n\n\n<p>Per usufruire delle <strong>tariffe pi\u00f9 convenienti<\/strong>, richiedere camere specifiche e ricevere assistenza diretta dal nostro staff, <strong><a href=\"https:\/\/hoteltivoli.it\/it\/\" data-type=\"link\" data-id=\"https:\/\/hoteltivoli.it\/it\/\">prenota subito dal sito ufficiale dell\u2019Hotel Tivoli<\/a><\/strong>. Scopri Venezia partendo da uno dei suoi quartieri pi\u00f9 autentici.<\/p>\n","protected":false},"excerpt":{"rendered":"<p>Venezia \u00e8 una delle citt\u00e0 pi\u00f9 affascinanti del mondo, ma anche una delle pi\u00f9 complesse quando si tratta di scegliere dove alloggiare. Se cerchi un quartiere autentico, tranquillo e ricco di bellezze artistiche, il sestiere di Dorsoduro \u00e8 la risposta perfetta. E se oltre alla posizione cerchi anche convenienza, allora un hotel economico a Dorsoduro [&hellip;]<\/p>\n","protected":false},"author":1,"featured_media":1934,"parent":0,"menu_order":0,"comment_status":"closed","ping_status":"closed","template":"","meta":{"_acf_changed":false,"footnotes":""},"class_list":["post-1931","page","type-page","status-publish","has-post-thumbnail","hentry"],"acf":[],"_links":{"self":[{"href":"https:\/\/hoteltivoli.it\/it\/wp-json\/wp\/v2\/pages\/1931","targetHints":{"allow":["GET"]}}],"collection":[{"href":"https:\/\/hoteltivoli.it\/it\/wp-json\/wp\/v2\/pages"}],"about":[{"href":"https:\/\/hoteltivoli.it\/it\/wp-json\/wp\/v2\/types\/page"}],"author":[{"embeddable":true,"href":"https:\/\/hoteltivoli.it\/it\/wp-json\/wp\/v2\/users\/1"}],"replies":[{"embeddable":true,"href":"https:\/\/hoteltivoli.it\/it\/wp-json\/wp\/v2\/comments?post=1931"}],"version-history":[{"count":3,"href":"https:\/\/hoteltivoli.it\/it\/wp-json\/wp\/v2\/pages\/1931\/revisions"}],"predecessor-version":[{"id":1954,"href":"https:\/\/hoteltivoli.it\/it\/wp-json\/wp\/v2\/pages\/1931\/revisions\/1954"}],"wp:featuredmedia":[{"embeddable":true,"href":"https:\/\/hoteltivoli.it\/it\/wp-json\/wp\/v2\/media\/1934"}],"wp:attachment":[{"href":"https:\/\/hoteltivoli.it\/it\/wp-json\/wp\/v2\/media?parent=1931"}],"curies":[{"name":"wp","href":"https:\/\/api.w.org\/{rel}","templated":true}]}}